{"id":5728,"date":"2021-07-13T11:33:38","date_gmt":"2021-07-13T08:33:38","guid":{"rendered":"https:\/\/portaltest.atauni.edu.tr\/bilgisayar-muhendisligi\/?page_id=5728"},"modified":"2022-06-07T19:45:08","modified_gmt":"2022-06-07T16:45:08","slug":"bolum-tanitimi","status":"publish","type":"page","link":"https:\/\/atauni.edu.tr\/biyoloji\/bolum-tanitimi\/","title":{"rendered":"B\u00f6l\u00fcm Tan\u0131t\u0131m\u0131"},"content":{"rendered":"\t\t<div data-elementor-type=\"wp-page\" data-elementor-id=\"5728\" class=\"elementor elementor-5728\" data-elementor-post-type=\"page\">\n\t\t\t\t\t\t<section class=\"elementor-section elementor-top-section elementor-element elementor-element-9be811a elementor-section-boxed elementor-section-height-default elementor-section-height-default\" data-id=\"9be811a\" data-element_type=\"section\">\n\t\t\t\t\t\t<div class=\"elementor-container elementor-column-gap-default\">\n\t\t\t\t\t<div class=\"elementor-column elementor-col-100 elementor-top-column elementor-element elementor-element-1ed847b7\" data-id=\"1ed847b7\" data-element_type=\"column\">\n\t\t\t<div class=\"elementor-widget-wrap elementor-element-populated\">\n\t\t\t\t\t\t<div class=\"elementor-element elementor-element-4ce0d07f elementor-widget elementor-widget-heading\" data-id=\"4ce0d07f\" data-element_type=\"widget\" data-widget_type=\"heading.default\">\n\t\t\t\t<div class=\"elementor-widget-container\">\n\t\t\t\t\t<h2 class=\"elementor-heading-title elementor-size-default\">B\u00f6l\u00fcm Tan\u0131t\u0131m\u0131<\/h2>\t\t\t\t<\/div>\n\t\t\t\t<\/div>\n\t\t\t\t<div class=\"elementor-element elementor-element-63260862 elementor-widget-divider--view-line elementor-widget elementor-widget-divider\" data-id=\"63260862\" data-element_type=\"widget\" data-widget_type=\"divider.default\">\n\t\t\t\t<div class=\"elementor-widget-container\">\n\t\t\t\t\t\t\t<div class=\"elementor-divider\">\n\t\t\t<span class=\"elementor-divider-separator\">\n\t\t\t\t\t\t<\/span>\n\t\t<\/div>\n\t\t\t\t\t\t<\/div>\n\t\t\t\t<\/div>\n\t\t\t\t\t<\/div>\n\t\t<\/div>\n\t\t\t\t\t<\/div>\n\t\t<\/section>\n\t\t\t\t<section class=\"elementor-section elementor-top-section elementor-element elementor-element-681db8b elementor-section-boxed elementor-section-height-default elementor-section-height-default\" data-id=\"681db8b\" data-element_type=\"section\">\n\t\t\t\t\t\t<div class=\"elementor-container elementor-column-gap-default\">\n\t\t\t\t\t<div class=\"elementor-column elementor-col-100 elementor-top-column elementor-element elementor-element-ad4dac5\" data-id=\"ad4dac5\" data-element_type=\"column\">\n\t\t\t<div class=\"elementor-widget-wrap elementor-element-populated\">\n\t\t\t\t\t\t<div class=\"elementor-element elementor-element-2f96b3d elementor-widget elementor-widget-text-editor\" data-id=\"2f96b3d\" data-element_type=\"widget\" data-widget_type=\"text-editor.default\">\n\t\t\t\t<div class=\"elementor-widget-container\">\n\t\t\t\t\t\t\t\t\t<div><h2>PROGRAMIN KISA TAR\u0130H\u00c7ES\u0130 VE DE\u011e\u0130\u015e\u0130KL\u0130KLER<\/h2><p>Atat\u00fcrk \u00dcniversitesi b\u00fcnyesinde 17 Kas\u0131m 1958 tarihinde Fen-Edebiyat Fak\u00fcltesi kurulmu\u015ftur. Fen Grubunda, Matematik-Fizik B\u00f6l\u00fcm\u00fc ve Tabii \u0130limler B\u00f6l\u00fcm\u00fc olmak \u00fczere iki b\u00f6l\u00fcm vard\u0131.<\/p><p>Fen Grubu Ziraat Fak\u00fcltesinin FKB derslerinin y\u00fcr\u00fct\u00fclmesini \u00fcstlenmi\u015fti. Kuruldu\u011fu y\u0131llarda, bug\u00fcnk\u00fc \u015eair Nefi Ortaokulunda faaliyetlerini s\u00fcrd\u00fcren Fen-Edebiyat Fak\u00fcltesi 1962-1963 \u00f6\u011fretim y\u0131l\u0131 ba\u015f\u0131nda \u015fu andaki kamp\u00fcs i\u00e7erisinde yer alan kendi binalar\u0131na ta\u015f\u0131nm\u0131\u015ft\u0131r.<\/p><p>1969 y\u0131l\u0131nda, Fen-Edebiyat Fak\u00fcltesi, Fen Fak\u00fcltesi, Edebiyat Fak\u00fcltesi ve \u0130\u015fletme Fak\u00fcltesi olmak \u00fczere \u00fc\u00e7 ayr\u0131 fak\u00fclteye ayr\u0131lm\u0131\u015ft\u0131r. Biyoloji, Jeoloji, Fizik, Kimya ve Matematik \u015feklinde be\u015f ayr\u0131 b\u00f6l\u00fcm halinde organize olan Fen Fak\u00fcltesi ise, 1970-1971 \u00f6\u011fretim y\u0131l\u0131nda da ilk kez Biyoloji B\u00f6l\u00fcm\u00fcne 37 \u00f6\u011frenci alarak lisans d\u00fczeyinde e\u011fitim ve \u00f6\u011fretime ba\u015flam\u0131\u015ft\u0131r.<\/p><\/div><div><h2>PROGRAM HAKKINDA<\/h2><p>B\u00f6l\u00fcm\u00fcm\u00fczde lisans ve lisans\u00fcst\u00fc e\u011fitim programlar\u0131 uygulanmaktad\u0131r.<\/p><p>Lisans program\u0131: \u00d6SYM taraf\u0131ndan yap\u0131lan \u00fcniversiteye se\u00e7me ve yerle\u015ftirme s\u0131navlar\u0131 (TYT ve AYT) sonucuna g\u00f6re yerle\u015ftirilen ve kay\u0131t yapt\u0131ran \u00f6\u011frencilerimizin 4 y\u0131ll\u0131k e\u011fitimden olu\u015fan k\u0131s\u0131md\u0131r. Bu program\u0131 ba\u015far\u0131 ile tamamlayan \u00f6\u011frenciler, lisans diplomas\u0131 almaya hak kazan\u0131r.<\/p><p>Lisans\u00fcst\u00fc e\u011fitim program\u0131, \u00fcniversitemizin Fen Bilimleri Enstit\u00fcs\u00fc Biyoloji Anabilim Dal\u0131 program\u0131 \u00e7er\u00e7evesinde b\u00f6l\u00fcm\u00fcm\u00fczce y\u00fcr\u00fct\u00fcl\u00fcr.<\/p><p>Bu program kapsam\u0131nda, Tezli Y\u00fcksek Lisans ve Doktora e\u011fitimleri uygulan\u0131r.<\/p><p>Tezli Y\u00fcksek Lisans e\u011fitimini ba\u015far\u0131 ile tamamlayan \u00f6\u011frencilere \u201cBilim Uzman\u0131\u201d Doktora e\u011fitimlerini ba\u015far\u0131 ile tamamlayan \u00f6\u011frencilere \u201cDoktor\u201d unvan\u0131 verilir.<\/p><\/div>\t\t\t\t\t\t\t\t<\/div>\n\t\t\t\t<\/div>\n\t\t\t\t\t<\/div>\n\t\t<\/div>\n\t\t\t\t\t<\/div>\n\t\t<\/section>\n\t\t\t\t<\/div>\n\t\t","protected":false},"excerpt":{"rendered":"<p>B\u00f6l\u00fcm Tan\u0131t\u0131m\u0131 PROGRAMIN KISA TAR\u0130H\u00c7ES\u0130 VE DE\u011e\u0130\u015e\u0130KL\u0130KLER Atat\u00fcrk \u00dcniversitesi b\u00fcnyesinde 17 Kas\u0131m 1958 tarihinde Fen-Edebiyat Fak\u00fcltesi kurulmu\u015ftur. Fen Grubunda, Matematik-Fizik B\u00f6l\u00fcm\u00fc ve Tabii \u0130limler B\u00f6l\u00fcm\u00fc olmak \u00fczere iki b\u00f6l\u00fcm vard\u0131. Fen Grubu Ziraat Fak\u00fcltesinin FKB derslerinin y\u00fcr\u00fct\u00fclmesini \u00fcstlenmi\u015fti. Kuruldu\u011fu y\u0131llarda, bug\u00fcnk\u00fc \u015eair Nefi Ortaokulunda faaliyetlerini s\u00fcrd\u00fcren Fen-Edebiyat Fak\u00fcltesi 1962-1963 \u00f6\u011fretim y\u0131l\u0131 ba\u015f\u0131nda \u015fu andaki kamp\u00fcs [&hellip;]<\/p>\n","protected":false},"author":1,"featured_media":0,"parent":0,"menu_order":0,"comment_status":"closed","ping_status":"closed","template":"elementor_header_footer","meta":{"footnotes":""},"class_list":["post-5728","page","type-page","status-publish","hentry"],"_links":{"self":[{"href":"https:\/\/atauni.edu.tr\/biyoloji\/wp-json\/wp\/v2\/pages\/5728","targetHints":{"allow":["GET"]}}],"collection":[{"href":"https:\/\/atauni.edu.tr\/biyoloji\/wp-json\/wp\/v2\/pages"}],"about":[{"href":"https:\/\/atauni.edu.tr\/biyoloji\/wp-json\/wp\/v2\/types\/page"}],"author":[{"embeddable":true,"href":"https:\/\/atauni.edu.tr\/biyoloji\/wp-json\/wp\/v2\/users\/1"}],"replies":[{"embeddable":true,"href":"https:\/\/atauni.edu.tr\/biyoloji\/wp-json\/wp\/v2\/comments?post=5728"}],"version-history":[{"count":17,"href":"https:\/\/atauni.edu.tr\/biyoloji\/wp-json\/wp\/v2\/pages\/5728\/revisions"}],"predecessor-version":[{"id":7116,"href":"https:\/\/atauni.edu.tr\/biyoloji\/wp-json\/wp\/v2\/pages\/5728\/revisions\/7116"}],"wp:attachment":[{"href":"https:\/\/atauni.edu.tr\/biyoloji\/wp-json\/wp\/v2\/media?parent=5728"}],"curies":[{"name":"wp","href":"https:\/\/api.w.org\/{rel}","templated":true}]}}