{"id":5734,"date":"2021-07-13T11:37:45","date_gmt":"2021-07-13T08:37:45","guid":{"rendered":"https:\/\/portaltest.atauni.edu.tr\/bilgisayar-muhendisligi\/?page_id=5734"},"modified":"2021-08-27T15:50:14","modified_gmt":"2021-08-27T12:50:14","slug":"ogrenci-deneyimi","status":"publish","type":"page","link":"https:\/\/atauni.edu.tr\/biyoloji\/ogrenci-deneyimi\/","title":{"rendered":"\u00d6\u011frenci Deneyimi"},"content":{"rendered":"\t\t<div data-elementor-type=\"wp-page\" data-elementor-id=\"5734\" class=\"elementor elementor-5734\" data-elementor-post-type=\"page\">\n\t\t\t\t\t\t<section class=\"elementor-section elementor-top-section elementor-element elementor-element-730d320 elementor-section-boxed elementor-section-height-default elementor-section-height-default\" data-id=\"730d320\" data-element_type=\"section\">\n\t\t\t\t\t\t<div class=\"elementor-container elementor-column-gap-default\">\n\t\t\t\t\t<div class=\"elementor-column elementor-col-100 elementor-top-column elementor-element elementor-element-753d0860\" data-id=\"753d0860\" data-element_type=\"column\">\n\t\t\t<div class=\"elementor-widget-wrap\">\n\t\t\t\t\t\t\t<\/div>\n\t\t<\/div>\n\t\t\t\t\t<\/div>\n\t\t<\/section>\n\t\t\t\t<section class=\"elementor-section elementor-top-section elementor-element elementor-element-9be811a elementor-section-boxed elementor-section-height-default elementor-section-height-default\" data-id=\"9be811a\" data-element_type=\"section\">\n\t\t\t\t\t\t<div class=\"elementor-container elementor-column-gap-default\">\n\t\t\t\t\t<div class=\"elementor-column elementor-col-100 elementor-top-column elementor-element elementor-element-1ed847b7\" data-id=\"1ed847b7\" data-element_type=\"column\">\n\t\t\t<div class=\"elementor-widget-wrap elementor-element-populated\">\n\t\t\t\t\t\t<div class=\"elementor-element elementor-element-4ce0d07f elementor-widget elementor-widget-heading\" data-id=\"4ce0d07f\" data-element_type=\"widget\" data-widget_type=\"heading.default\">\n\t\t\t\t<div class=\"elementor-widget-container\">\n\t\t\t\t\t<h2 class=\"elementor-heading-title elementor-size-default\">\u00d6\u011frenci Deneyimi<\/h2>\t\t\t\t<\/div>\n\t\t\t\t<\/div>\n\t\t\t\t<div class=\"elementor-element elementor-element-63260862 elementor-widget-divider--view-line elementor-widget elementor-widget-divider\" data-id=\"63260862\" data-element_type=\"widget\" data-widget_type=\"divider.default\">\n\t\t\t\t<div class=\"elementor-widget-container\">\n\t\t\t\t\t\t\t<div class=\"elementor-divider\">\n\t\t\t<span class=\"elementor-divider-separator\">\n\t\t\t\t\t\t<\/span>\n\t\t<\/div>\n\t\t\t\t\t\t<\/div>\n\t\t\t\t<\/div>\n\t\t\t\t\t<\/div>\n\t\t<\/div>\n\t\t\t\t\t<\/div>\n\t\t<\/section>\n\t\t\t\t<section class=\"elementor-section elementor-top-section elementor-element elementor-element-4debb41 elementor-section-boxed elementor-section-height-default elementor-section-height-default\" data-id=\"4debb41\" data-element_type=\"section\">\n\t\t\t\t\t\t<div class=\"elementor-container elementor-column-gap-default\">\n\t\t\t\t\t<div class=\"elementor-column elementor-col-100 elementor-top-column elementor-element elementor-element-28420b1\" data-id=\"28420b1\" data-element_type=\"column\">\n\t\t\t<div class=\"elementor-widget-wrap elementor-element-populated\">\n\t\t\t\t\t\t<div class=\"elementor-element elementor-element-e007b90 elementor-widget elementor-widget-ova_testimonial\" data-id=\"e007b90\" data-element_type=\"widget\" data-settings=\"{&quot;pause_on_hover&quot;:&quot;yes&quot;,&quot;infinite&quot;:&quot;yes&quot;,&quot;autoplay&quot;:&quot;yes&quot;,&quot;autoplay_speed&quot;:3000,&quot;dot_control&quot;:&quot;yes&quot;}\" data-widget_type=\"ova_testimonial.default\">\n\t\t\t\t<div class=\"elementor-widget-container\">\n\t\t\t\t\t\n\t\t\n\t\t\t<section class=\"ova-testimonial \">\n\t\t\t\t<div class=\"slide-testimonials owl-carousel owl-theme\" data-options=\"{&quot;items&quot;:3,&quot;slideBy&quot;:1,&quot;margin&quot;:30,&quot;autoplayHoverPause&quot;:true,&quot;loop&quot;:true,&quot;autoplay&quot;:true,&quot;autoplayTimeout&quot;:3000,&quot;smartSpeed&quot;:500,&quot;dots&quot;:true}\">\n\t\t\t\t\t\t\t\t\t\t\t<div class=\"item\">\n\t\t\t\t\t\t\t<div class=\"client_info\">\n\t\t\t\t\t\t\t\t\t\t\t\t\t\t\t\t\t<p class=\"evaluate\">&lt;html&gt;\n  &lt;body&gt;\n    &lt;h1&gt;\u00d6\u011frenci Deneyimi&lt;\/h1&gt;\n    &lt;p&gt;Biyoloji b\u00f6l\u00fcm\u00fcm\u00fcz, \u00f6\u011frencilerin akademik ve ki\u015fisel geli\u015fimlerini desteklemek amac\u0131yla \u00e7e\u015fitli aktiviteler d\u00fczenler. \u00d6\u011frencilere laboratuvar \u00e7al\u0131\u015fmalar\u0131, saha Ara\u015ft\u0131rmalar\u0131, proje \u00e7al\u0131\u015fmalar\u0131 gibi uygulamal\u0131 \u00f6\u011frenme f\u0131rsatlar\u0131 sunar.&lt;\/p&gt;\n    &lt;p&gt;\u00d6\u011frencilerimiz, alan\u0131nda uzman akademisyenler e\u015fli\u011finde bilimsel ara\u015ft\u0131rma ve projelerde yer al\u0131r. Bu deneyimler, \u00f6\u011frencilerin mesleki becerilerini geli\u015ftirerek gelecekteki kariyerlerine y\u00f6n vermesine yard\u0131mc\u0131 olur.&lt;\/p&gt;\n    &lt;p&gt;Biyoloji b\u00f6l\u00fcm\u00fcm\u00fczde sosyal sorumluluk projeieri de d\u00fczenlenmektedir. \u00d6\u011frencilerimiz \u00e7evre bilinci, do\u011fa koruma gibi konularda topluma hizmet vermeyi ama\u00e7layan projelerde aktif olarak rol al\u0131rlar.&lt;\/p&gt;\n  &lt;\/body&gt;\n&lt;\/html&gt;<\/p>\n\t\t\t\t\t\t\t\t\n\t\t\t\t\t\t\t\t<div class=\"info\">\n\t\t\t\t\t\t\t\t\t\t\t\t\t\t\t\t\t\t<div class=\"name-job\">\n\t\t\t\t\t\t\t\t\t\t\t\t\t\t\t\t\t\t\t\t\t<p class=\"name second_font\">&lt;html&gt;\n  &lt;body&gt;\n    &lt;h1&gt;\u00d6\u011frenci Deneyimi&lt;\/h1&gt;\n    &lt;p&gt;Biyoloji b\u00f6l\u00fcm\u00fcm\u00fcz, \u00f6\u011frencilerin akademik ve ki\u015fisel geli\u015fimlerini desteklemek amac\u0131yla \u00e7e\u015fitli aktiviteler d\u00fczenler. \u00d6\u011frencilere laboratuvar \u00e7al\u0131\u015fmalar\u0131, saha Ara\u015ft\u0131rmalar\u0131, proje \u00e7al\u0131\u015fmalar\u0131 gibi uygulamal\u0131 \u00f6\u011frenme f\u0131rsatlar\u0131 sunar.&lt;\/p&gt;\n    &lt;p&gt;\u00d6\u011frencilerimiz, alan\u0131nda uzman akademisyenler e\u015fli\u011finde bilimsel ara\u015ft\u0131rma ve projelerde yer al\u0131r. Bu deneyimler, \u00f6\u011frencilerin mesleki becerilerini geli\u015ftirerek gelecekteki kariyerlerine y\u00f6n vermesine yard\u0131mc\u0131 olur.&lt;\/p&gt;\n    &lt;p&gt;Biyoloji b\u00f6l\u00fcm\u00fcm\u00fczde sosyal sorumluluk projeieri de d\u00fczenlenmektedir. \u00d6\u011frencilerimiz \u00e7evre bilinci, do\u011fa koruma gibi konularda topluma hizmet vermeyi ama\u00e7layan projelerde aktif olarak rol al\u0131rlar.&lt;\/p&gt;\n  &lt;\/body&gt;\n&lt;\/html&gt;<\/p>\n\t\t\t\t\t\t\t\t\t\t\t\t\t\t\t\t\t\t\t\t\t\t\t\t\t\t\t\t\t\t\t<p class=\"job\">&lt;html&gt;\n  &lt;body&gt;\n    &lt;h1&gt;\u00d6\u011frenci Deneyimi&lt;\/h1&gt;\n    &lt;p&gt;Biyoloji b\u00f6l\u00fcm\u00fcm\u00fcz, \u00f6\u011frencilerin akademik ve ki\u015fisel geli\u015fimlerini desteklemek amac\u0131yla \u00e7e\u015fitli aktiviteler d\u00fczenler. \u00d6\u011frencilere laboratuvar \u00e7al\u0131\u015fmalar\u0131, saha Ara\u015ft\u0131rmalar\u0131, proje \u00e7al\u0131\u015fmalar\u0131 gibi uygulamal\u0131 \u00f6\u011frenme f\u0131rsatlar\u0131 sunar.&lt;\/p&gt;\n    &lt;p&gt;\u00d6\u011frencilerimiz, alan\u0131nda uzman akademisyenler e\u015fli\u011finde bilimsel ara\u015ft\u0131rma ve projelerde yer al\u0131r. Bu deneyimler, \u00f6\u011frencilerin mesleki becerilerini geli\u015ftirerek gelecekteki kariyerlerine y\u00f6n vermesine yard\u0131mc\u0131 olur.&lt;\/p&gt;\n    &lt;p&gt;Biyoloji b\u00f6l\u00fcm\u00fcm\u00fczde sosyal sorumluluk projeieri de d\u00fczenlenmektedir. \u00d6\u011frencilerimiz \u00e7evre bilinci, do\u011fa koruma gibi konularda topluma hizmet vermeyi ama\u00e7layan projelerde aktif olarak rol al\u0131rlar.&lt;\/p&gt;\n  &lt;\/body&gt;\n&lt;\/html&gt;<\/p>\n\t\t\t\t\t\t\t\t\t\t\t\t\t\t\t\t\t\t\t<\/div>\n\t\t\t\t\t\t\t\t<\/div>\n\t\t\t\t\t\t\t\t\n\t\t\t\t\t\t\t\t\t\t\t\t\t\t\t\t\t<div class=\"icon-quote\">\n\t\t\t\t\t\t\t\t\t\t<span class=\"flaticon-left-quote-1\"><\/span>\n\t\t\t\t\t\t\t\t\t<\/div>\n\t\t\t\t\t\t\t\t\t\t\t\t\t\t\t<\/div>\n\t\t\t\t\t\t<\/div>\n\t\t\t\t\t\t\t\t\t<\/div>\n\t\t\t<\/section>\n\n\t\t\t\t\n\t\t\t\t\t\t<\/div>\n\t\t\t\t<\/div>\n\t\t\t\t\t<\/div>\n\t\t<\/div>\n\t\t\t\t\t<\/div>\n\t\t<\/section>\n\t\t\t\t<\/div>\n\t\t","protected":false},"excerpt":{"rendered":"<p>\u00d6\u011frenci Deneyimi Biyoloji b\u00f6l\u00fcm\u00fcm\u00fczde \u00f6\u011frencilerin akademik e\u011fitimlerini tamamlaman\u0131n yan\u0131 s\u0131ra, pratik deneyim kazan\u0131p kendilerini geli\u015ftirebilmeleri i\u00e7in \u00e7e\u015fitli f\u0131rsatlar sunuyoruz. \u00d6\u011frencilerimiz, laboratuvar \u00e7al\u0131\u015fmalar\u0131nda aktif olarak yer alarak biyolojik s\u00fcre\u00e7leri daha yak\u0131ndan tan\u0131ma ve ara\u015ft\u0131rma tekniklerini \u00f6\u011frenme imkan\u0131na sahip oluyor. Ayr\u0131ca, \u00f6\u011frencilere mezuniyet sonras\u0131 kariyerlerine y\u00f6n verebilecek r\u00e9seau ve mentorluk olanaklar\u0131 sa\u011fl\u0131yoruz. Mezunlar\u0131m\u0131z, biyoloji alan\u0131nda \u00e7e\u015fitli sekt\u00f6rlerde [&hellip;]<\/p>\n","protected":false},"author":1,"featured_media":0,"parent":0,"menu_order":0,"comment_status":"closed","ping_status":"closed","template":"elementor_header_footer","meta":{"footnotes":""},"class_list":["post-5734","page","type-page","status-publish","hentry"],"_links":{"self":[{"href":"https:\/\/atauni.edu.tr\/biyoloji\/wp-json\/wp\/v2\/pages\/5734","targetHints":{"allow":["GET"]}}],"collection":[{"href":"https:\/\/atauni.edu.tr\/biyoloji\/wp-json\/wp\/v2\/pages"}],"about":[{"href":"https:\/\/atauni.edu.tr\/biyoloji\/wp-json\/wp\/v2\/types\/page"}],"author":[{"embeddable":true,"href":"https:\/\/atauni.edu.tr\/biyoloji\/wp-json\/wp\/v2\/users\/1"}],"replies":[{"embeddable":true,"href":"https:\/\/atauni.edu.tr\/biyoloji\/wp-json\/wp\/v2\/comments?post=5734"}],"version-history":[{"count":20,"href":"https:\/\/atauni.edu.tr\/biyoloji\/wp-json\/wp\/v2\/pages\/5734\/revisions"}],"predecessor-version":[{"id":6103,"href":"https:\/\/atauni.edu.tr\/biyoloji\/wp-json\/wp\/v2\/pages\/5734\/revisions\/6103"}],"wp:attachment":[{"href":"https:\/\/atauni.edu.tr\/biyoloji\/wp-json\/wp\/v2\/media?parent=5734"}],"curies":[{"name":"wp","href":"https:\/\/api.w.org\/{rel}","templated":true}]}}