{"id":5791,"date":"2021-07-13T13:07:15","date_gmt":"2021-07-13T10:07:15","guid":{"rendered":"https:\/\/portaltest.atauni.edu.tr\/bilgisayar-muhendisligi\/?page_id=5791"},"modified":"2022-05-10T17:12:39","modified_gmt":"2022-05-10T14:12:39","slug":"staj","status":"publish","type":"page","link":"https:\/\/atauni.edu.tr\/biyoloji\/staj\/","title":{"rendered":"Staj"},"content":{"rendered":"\t\t<div data-elementor-type=\"wp-page\" data-elementor-id=\"5791\" class=\"elementor elementor-5791\" data-elementor-post-type=\"page\">\n\t\t\t\t\t\t<section class=\"elementor-section elementor-top-section elementor-element elementor-element-9be811a elementor-section-boxed elementor-section-height-default elementor-section-height-default\" data-id=\"9be811a\" data-element_type=\"section\">\n\t\t\t\t\t\t<div class=\"elementor-container elementor-column-gap-default\">\n\t\t\t\t\t<div class=\"elementor-column elementor-col-100 elementor-top-column elementor-element elementor-element-1ed847b7\" data-id=\"1ed847b7\" data-element_type=\"column\">\n\t\t\t<div class=\"elementor-widget-wrap elementor-element-populated\">\n\t\t\t\t\t\t<div class=\"elementor-element elementor-element-4ce0d07f elementor-widget elementor-widget-heading\" data-id=\"4ce0d07f\" data-element_type=\"widget\" data-widget_type=\"heading.default\">\n\t\t\t\t<div class=\"elementor-widget-container\">\n\t\t\t\t\t<h2 class=\"elementor-heading-title elementor-size-default\">Staj<\/h2>\t\t\t\t<\/div>\n\t\t\t\t<\/div>\n\t\t\t\t<div class=\"elementor-element elementor-element-63260862 elementor-widget-divider--view-line elementor-widget elementor-widget-divider\" data-id=\"63260862\" data-element_type=\"widget\" data-widget_type=\"divider.default\">\n\t\t\t\t<div class=\"elementor-widget-container\">\n\t\t\t\t\t\t\t<div class=\"elementor-divider\">\n\t\t\t<span class=\"elementor-divider-separator\">\n\t\t\t\t\t\t<\/span>\n\t\t<\/div>\n\t\t\t\t\t\t<\/div>\n\t\t\t\t<\/div>\n\t\t\t\t\t<\/div>\n\t\t<\/div>\n\t\t\t\t\t<\/div>\n\t\t<\/section>\n\t\t\t\t<section class=\"elementor-section elementor-top-section elementor-element elementor-element-10e8347 elementor-section-boxed elementor-section-height-default elementor-section-height-default\" data-id=\"10e8347\" data-element_type=\"section\">\n\t\t\t\t\t\t<div class=\"elementor-container elementor-column-gap-default\">\n\t\t\t\t\t<div class=\"elementor-column elementor-col-100 elementor-top-column elementor-element elementor-element-795ab05\" data-id=\"795ab05\" data-element_type=\"column\">\n\t\t\t<div class=\"elementor-widget-wrap elementor-element-populated\">\n\t\t\t\t\t\t<div class=\"elementor-element elementor-element-4524745 elementor-widget elementor-widget-text-editor\" data-id=\"4524745\" data-element_type=\"widget\" data-widget_type=\"text-editor.default\">\n\t\t\t\t<div class=\"elementor-widget-container\">\n\t\t\t\t\t\t\t\t\t<div><h2>\u0130\u015f Yerinde Mesleki E\u011fitim<\/h2><p>\u00a0<\/p><\/div><div>Biyoloji b\u00f6l\u00fcm\u00fc lisans \u00f6\u011fretimindeki \u00f6\u011frenciler 8. yar\u0131y\u0131l se\u00e7meli &#8220;<b>\u0130\u015f Yerinde Mesleki E\u011fitim<\/b>&#8221; dersini alabilir ve istedikleri uygun kurum ve kurulu\u015flarda staj yapabilirler.<\/div><p style=\"margin: 0cm 0cm 0.0001pt;font-size: 9.5pt;font-family: 'Times New Roman';text-align: center;font-weight: bold;color: #000000;line-height: 12pt\"><span style=\"font-size: 9pt\">\u00a0<\/span><\/p><p style=\"margin: 0cm 0cm 0.0001pt;font-size: 9.5pt;font-family: 'Times New Roman';text-align: center;font-weight: bold;color: #000000;line-height: 12pt\"><a href=\"https:\/\/www.resmigazete.gov.tr\/eskiler\/2021\/06\/20210617-2.htm\" target=\"_blank\" rel=\"noopener\">Y\u00dcKSEK\u00d6\u011eRET\u0130MDE UYGULAMALI E\u011e\u0130T\u0130MLER \u00c7ER\u00c7EVE Y\u00d6NETMEL\u0130\u011e\u0130<\/a><\/p>\t\t\t\t\t\t\t\t<\/div>\n\t\t\t\t<\/div>\n\t\t\t\t\t<\/div>\n\t\t<\/div>\n\t\t\t\t\t<\/div>\n\t\t<\/section>\n\t\t\t\t<\/div>\n\t\t","protected":false},"excerpt":{"rendered":"<p>Staj \u0130\u015f Yerinde Mesleki E\u011fitim \u00a0 Biyoloji b\u00f6l\u00fcm\u00fc lisans \u00f6\u011fretimindeki \u00f6\u011frenciler 8. yar\u0131y\u0131l se\u00e7meli &#8220;\u0130\u015f Yerinde Mesleki E\u011fitim&#8221; dersini alabilir ve istedikleri uygun kurum ve kurulu\u015flarda staj yapabilirler. \u00a0 Y\u00dcKSEK\u00d6\u011eRET\u0130MDE UYGULAMALI E\u011e\u0130T\u0130MLER \u00c7ER\u00c7EVE Y\u00d6NETMEL\u0130\u011e\u0130<\/p>\n","protected":false},"author":1,"featured_media":0,"parent":0,"menu_order":0,"comment_status":"closed","ping_status":"closed","template":"elementor_header_footer","meta":{"footnotes":""},"class_list":["post-5791","page","type-page","status-publish","hentry"],"_links":{"self":[{"href":"https:\/\/atauni.edu.tr\/biyoloji\/wp-json\/wp\/v2\/pages\/5791","targetHints":{"allow":["GET"]}}],"collection":[{"href":"https:\/\/atauni.edu.tr\/biyoloji\/wp-json\/wp\/v2\/pages"}],"about":[{"href":"https:\/\/atauni.edu.tr\/biyoloji\/wp-json\/wp\/v2\/types\/page"}],"author":[{"embeddable":true,"href":"https:\/\/atauni.edu.tr\/biyoloji\/wp-json\/wp\/v2\/users\/1"}],"replies":[{"embeddable":true,"href":"https:\/\/atauni.edu.tr\/biyoloji\/wp-json\/wp\/v2\/comments?post=5791"}],"version-history":[{"count":11,"href":"https:\/\/atauni.edu.tr\/biyoloji\/wp-json\/wp\/v2\/pages\/5791\/revisions"}],"predecessor-version":[{"id":6773,"href":"https:\/\/atauni.edu.tr\/biyoloji\/wp-json\/wp\/v2\/pages\/5791\/revisions\/6773"}],"wp:attachment":[{"href":"https:\/\/atauni.edu.tr\/biyoloji\/wp-json\/wp\/v2\/media?parent=5791"}],"curies":[{"name":"wp","href":"https:\/\/api.w.org\/{rel}","templated":true}]}}