{"id":6986,"date":"2022-06-06T16:52:46","date_gmt":"2022-06-06T13:52:46","guid":{"rendered":"https:\/\/birimler.atauni.edu.tr\/biyoloji\/?page_id=6986"},"modified":"2022-06-06T16:59:07","modified_gmt":"2022-06-06T13:59:07","slug":"paydaslarimiz","status":"publish","type":"page","link":"https:\/\/atauni.edu.tr\/biyoloji\/paydaslarimiz\/","title":{"rendered":"Payda\u015flar\u0131m\u0131z"},"content":{"rendered":"\t\t<div data-elementor-type=\"wp-page\" data-elementor-id=\"6986\" class=\"elementor elementor-6986\" data-elementor-post-type=\"page\">\n\t\t\t\t\t\t<section class=\"elementor-section elementor-top-section elementor-element elementor-element-7b855b2 elementor-section-boxed elementor-section-height-default elementor-section-height-default\" data-id=\"7b855b2\" data-element_type=\"section\">\n\t\t\t\t\t\t<div class=\"elementor-container elementor-column-gap-default\">\n\t\t\t\t\t<div class=\"elementor-column elementor-col-100 elementor-top-column elementor-element elementor-element-086180f\" data-id=\"086180f\" data-element_type=\"column\">\n\t\t\t<div class=\"elementor-widget-wrap elementor-element-populated\">\n\t\t\t\t\t\t<div class=\"elementor-element elementor-element-826aede elementor-widget elementor-widget-text-editor\" data-id=\"826aede\" data-element_type=\"widget\" data-widget_type=\"text-editor.default\">\n\t\t\t\t<div class=\"elementor-widget-container\">\n\t\t\t\t\t\t\t\t\t<p><b>Program\u0131n \u0130\u00e7 Payda\u015flar\u0131<br><\/b><ul><li><span style=\"text-align: -webkit-match-parent;letter-spacing: 0px\">B\u00f6l\u00fcm \u00f6\u011fretim \u00fcye ve elemanlar\u0131<\/span><\/li><li>B\u00f6l\u00fcm \u00f6\u011frencileri<\/li><\/ul><\/p><ul><\/ul><p><b>Program\u0131n D\u0131\u015f Payda\u015flar\u0131<br><\/b><ul><li>Fen Fak\u00fcltesi<\/li><li>Ziraat Fak\u00fcltesi<\/li><li>Eczac\u0131l\u0131k Fak\u00fcltesi<\/li><li>T\u0131p Fak\u00fcltesi<\/li><li>Veterinerlik Fak\u00fcltesi<\/li><li>DAYTAM<\/li><li>Mezun \u00f6\u011frenciler<\/li><li>\u00d6\u011frenci Aileleri<\/li><li>Di\u011fer \u00dcniversiteler<\/li><li>K\u0131z\u0131lay Kan Merkezleri<\/li><li>Hastane ve Laboratuvarlar<\/li><li>Milli E\u011fitim Bakanl\u0131\u011f\u0131\u2019na ba\u011fl\u0131 okullar<\/li><li>T\u00dcB\u0130TAK<\/li><li>\u0130\u015eKUR<\/li><li>Teknokentler<\/li><\/ul><\/p>\t\t\t\t\t\t\t\t<\/div>\n\t\t\t\t<\/div>\n\t\t\t\t\t<\/div>\n\t\t<\/div>\n\t\t\t\t\t<\/div>\n\t\t<\/section>\n\t\t\t\t<\/div>\n\t\t","protected":false},"excerpt":{"rendered":"<p>Program\u0131n \u0130\u00e7 Payda\u015flar\u0131 B\u00f6l\u00fcm \u00f6\u011fretim \u00fcye ve elemanlar\u0131 B\u00f6l\u00fcm \u00f6\u011frencileri Program\u0131n D\u0131\u015f Payda\u015flar\u0131 Fen Fak\u00fcltesi Ziraat Fak\u00fcltesi Eczac\u0131l\u0131k Fak\u00fcltesi T\u0131p Fak\u00fcltesi Veterinerlik Fak\u00fcltesi DAYTAM Mezun \u00f6\u011frenciler \u00d6\u011frenci Aileleri Di\u011fer \u00dcniversiteler K\u0131z\u0131lay Kan Merkezleri Hastane ve Laboratuvarlar Milli E\u011fitim Bakanl\u0131\u011f\u0131\u2019na ba\u011fl\u0131 okullar T\u00dcB\u0130TAK \u0130\u015eKUR Teknokentler<\/p>\n","protected":false},"author":271,"featured_media":0,"parent":0,"menu_order":0,"comment_status":"closed","ping_status":"closed","template":"","meta":{"footnotes":""},"class_list":["post-6986","page","type-page","status-publish","hentry"],"_links":{"self":[{"href":"https:\/\/atauni.edu.tr\/biyoloji\/wp-json\/wp\/v2\/pages\/6986","targetHints":{"allow":["GET"]}}],"collection":[{"href":"https:\/\/atauni.edu.tr\/biyoloji\/wp-json\/wp\/v2\/pages"}],"about":[{"href":"https:\/\/atauni.edu.tr\/biyoloji\/wp-json\/wp\/v2\/types\/page"}],"author":[{"embeddable":true,"href":"https:\/\/atauni.edu.tr\/biyoloji\/wp-json\/wp\/v2\/users\/271"}],"replies":[{"embeddable":true,"href":"https:\/\/atauni.edu.tr\/biyoloji\/wp-json\/wp\/v2\/comments?post=6986"}],"version-history":[{"count":4,"href":"https:\/\/atauni.edu.tr\/biyoloji\/wp-json\/wp\/v2\/pages\/6986\/revisions"}],"predecessor-version":[{"id":6992,"href":"https:\/\/atauni.edu.tr\/biyoloji\/wp-json\/wp\/v2\/pages\/6986\/revisions\/6992"}],"wp:attachment":[{"href":"https:\/\/atauni.edu.tr\/biyoloji\/wp-json\/wp\/v2\/media?parent=6986"}],"curies":[{"name":"wp","href":"https:\/\/api.w.org\/{rel}","templated":true}]}}