{"id":6997,"date":"2022-06-06T17:07:24","date_gmt":"2022-06-06T14:07:24","guid":{"rendered":"https:\/\/birimler.atauni.edu.tr\/biyoloji\/?page_id=6997"},"modified":"2025-07-07T10:43:20","modified_gmt":"2025-07-07T07:43:20","slug":"program-ciktilari-2","status":"publish","type":"page","link":"https:\/\/atauni.edu.tr\/biyoloji\/program-ciktilari-2\/","title":{"rendered":"Program \u00c7\u0131kt\u0131lar\u0131"},"content":{"rendered":"\t\t<div data-elementor-type=\"wp-page\" data-elementor-id=\"6997\" class=\"elementor elementor-6997\" data-elementor-post-type=\"page\">\n\t\t\t\t\t\t<section class=\"elementor-section elementor-top-section elementor-element elementor-element-369c8e6 elementor-section-boxed elementor-section-height-default elementor-section-height-default\" data-id=\"369c8e6\" data-element_type=\"section\">\n\t\t\t\t\t\t<div class=\"elementor-container elementor-column-gap-default\">\n\t\t\t\t\t<div class=\"elementor-column elementor-col-100 elementor-top-column elementor-element elementor-element-9bed007\" data-id=\"9bed007\" data-element_type=\"column\">\n\t\t\t<div class=\"elementor-widget-wrap elementor-element-populated\">\n\t\t\t\t\t\t<div class=\"elementor-element elementor-element-e6b4649 elementor-widget elementor-widget-text-editor\" data-id=\"e6b4649\" data-element_type=\"widget\" data-widget_type=\"text-editor.default\">\n\t\t\t\t<div class=\"elementor-widget-container\">\n\t\t\t\t\t\t\t\t\t<p><b>B\u00f6l\u00fcm\u00fcm\u00fcz Program \u00c7\u0131kt\u0131lar\u0131:<\/b><br><ul><li>P\u00c7-1 Biyoloji ile ilgili alanlar\u0131nda yeterli bilgi birikimi ile kuramsal ve uygulamal\u0131 bilgilerini alan\u0131nda kullanabilme becerisi.<\/li><li>P\u00c7-2 Biyoloji alan\u0131ndaki problemleri saptama, tan\u0131mlama, form\u00fcle etme ve \u00e7\u00f6zme becerisi; bu ama\u00e7la uygun analiz ve modelleme y\u00f6ntemlerini se\u00e7me ve uygulama becerisi.<\/li><li>P\u00c7-3 Biyoloji ile ilgili bir sistemi, s\u00fcreci, donan\u0131m\u0131 veya \u00fcr\u00fcn\u00fc anlama, yorumlama, ilgili sorunlar\u0131 \u00e7\u00f6zme ve \u00e7a\u011fda\u015f y\u00f6ntemleri uygulama becerisi.<\/li><li>P\u00c7-4 Biyoloji \u00f6\u011fretim programlar\u0131nda alan d\u0131\u015f\u0131 ders alm\u0131\u015f olmas\u0131.<\/li><li>P\u00c7-5 Biyoloji alan uygulamalar\u0131 i\u00e7in gerekli olan \u00e7a\u011fda\u015f ara\u00e7lar\u0131 se\u00e7me, kullanma, geli\u015ftirme ve bili\u015fim teknolojilerini etkin bir \u015fekilde kullanma becerisi.<\/li><li>P\u00c7-6 Biyoloji alan\u0131na g\u00f6re tasarlama, deney yapma, veri toplama, sonu\u00e7lar\u0131 analiz etme, ar\u015fivleme, metin \u00e7\u00f6zme ve yorumlama becerisi.<\/li><li>P\u00c7-7 Bireysel olarak ve tak\u0131mlarda etkin bi\u00e7imde \u00e7al\u0131\u015fabilme becerisi.<\/li><li>P\u00c7-8 T\u00fcrk\u00e7e s\u00f6zl\u00fc ve yaz\u0131l\u0131 etkin ileti\u015fim kurma becerisi; en az bir yabanc\u0131 dil bilgisi.<\/li><li>P\u00c7-9 Ya\u015fam boyu \u00f6\u011frenme bilinci, bilgiye eri\u015febilme, bilim ve teknolojideki geli\u015fmeleri izleme becerisi.<\/li><li>P\u00c7-10 Mesleki etik ve sorumluluk bilinci.<\/li><\/ul><\/p>\t\t\t\t\t\t\t\t<\/div>\n\t\t\t\t<\/div>\n\t\t\t\t\t<\/div>\n\t\t<\/div>\n\t\t\t\t\t<\/div>\n\t\t<\/section>\n\t\t\t\t<section class=\"elementor-section elementor-top-section elementor-element elementor-element-6409c60 elementor-section-boxed elementor-section-height-default elementor-section-height-default\" data-id=\"6409c60\" data-element_type=\"section\">\n\t\t\t\t\t\t<div class=\"elementor-container elementor-column-gap-default\">\n\t\t\t\t\t<div class=\"elementor-column elementor-col-33 elementor-top-column elementor-element elementor-element-dab9194\" data-id=\"dab9194\" data-element_type=\"column\">\n\t\t\t<div class=\"elementor-widget-wrap elementor-element-populated\">\n\t\t\t\t\t\t<div class=\"elementor-element elementor-element-723e17f elementor-widget elementor-widget-text-editor\" data-id=\"723e17f\" data-element_type=\"widget\" data-widget_type=\"text-editor.default\">\n\t\t\t\t<div class=\"elementor-widget-container\">\n\t\t\t\t\t\t\t\t\t<p>Program \u00c7\u0131kt\u0131lar\u0131 FEDEK \u00c7\u0131kt\u0131lar\u0131na uygun olarak belirlendikten sonra de\u011fi\u015fiklik yapma gere\u011fi duyulmam\u0131\u015ft\u0131r.<\/p>\t\t\t\t\t\t\t\t<\/div>\n\t\t\t\t<\/div>\n\t\t\t\t\t<\/div>\n\t\t<\/div>\n\t\t\t\t<div class=\"elementor-column elementor-col-66 elementor-top-column elementor-element elementor-element-db46801\" data-id=\"db46801\" data-element_type=\"column\">\n\t\t\t<div class=\"elementor-widget-wrap elementor-element-populated\">\n\t\t\t\t\t\t<div class=\"elementor-element elementor-element-7a0e0c9 elementor-widget elementor-widget-pdf_viewer\" data-id=\"7a0e0c9\" data-element_type=\"widget\" data-widget_type=\"pdf_viewer.default\">\n\t\t\t\t<div class=\"elementor-widget-container\">\n\t\t\t\t\t<iframe src=\"https:\/\/docs.google.com\/viewer?url=http:\/\/birimler.atauni.edu.tr\/biyoloji\/wp-content\/uploads\/sites\/89\/2025\/07\/PROGRAM-OGRETIM-AMACLARI-ve-PROGRAM-CIKTILARI-DEGERLEND.pdf&amp;embedded=true\" style=\"display: block; margin-left: auto; margin-right: auto; width: 640px; height: 405px;\" frameborder=\"1\" marginheight=\"0px\" marginwidth=\"0px\" allowfullscreen><\/iframe>\t\t\t\t<\/div>\n\t\t\t\t<\/div>\n\t\t\t\t\t<\/div>\n\t\t<\/div>\n\t\t\t\t\t<\/div>\n\t\t<\/section>\n\t\t\t\t<\/div>\n\t\t","protected":false},"excerpt":{"rendered":"<p>B\u00f6l\u00fcm\u00fcm\u00fcz Program \u00c7\u0131kt\u0131lar\u0131: P\u00c7-1 Biyoloji ile ilgili alanlar\u0131nda yeterli bilgi birikimi ile kuramsal ve uygulamal\u0131 bilgilerini alan\u0131nda kullanabilme becerisi. P\u00c7-2 Biyoloji alan\u0131ndaki problemleri saptama, tan\u0131mlama, form\u00fcle etme ve \u00e7\u00f6zme becerisi; bu ama\u00e7la uygun analiz ve modelleme y\u00f6ntemlerini se\u00e7me ve uygulama becerisi. P\u00c7-3 Biyoloji ile ilgili bir sistemi, s\u00fcreci, donan\u0131m\u0131 veya \u00fcr\u00fcn\u00fc anlama, yorumlama, ilgili sorunlar\u0131 [&hellip;]<\/p>\n","protected":false},"author":271,"featured_media":0,"parent":0,"menu_order":0,"comment_status":"closed","ping_status":"closed","template":"","meta":{"footnotes":""},"class_list":["post-6997","page","type-page","status-publish","hentry"],"_links":{"self":[{"href":"https:\/\/atauni.edu.tr\/biyoloji\/wp-json\/wp\/v2\/pages\/6997","targetHints":{"allow":["GET"]}}],"collection":[{"href":"https:\/\/atauni.edu.tr\/biyoloji\/wp-json\/wp\/v2\/pages"}],"about":[{"href":"https:\/\/atauni.edu.tr\/biyoloji\/wp-json\/wp\/v2\/types\/page"}],"author":[{"embeddable":true,"href":"https:\/\/atauni.edu.tr\/biyoloji\/wp-json\/wp\/v2\/users\/271"}],"replies":[{"embeddable":true,"href":"https:\/\/atauni.edu.tr\/biyoloji\/wp-json\/wp\/v2\/comments?post=6997"}],"version-history":[{"count":13,"href":"https:\/\/atauni.edu.tr\/biyoloji\/wp-json\/wp\/v2\/pages\/6997\/revisions"}],"predecessor-version":[{"id":8998,"href":"https:\/\/atauni.edu.tr\/biyoloji\/wp-json\/wp\/v2\/pages\/6997\/revisions\/8998"}],"wp:attachment":[{"href":"https:\/\/atauni.edu.tr\/biyoloji\/wp-json\/wp\/v2\/media?parent=6997"}],"curies":[{"name":"wp","href":"https:\/\/api.w.org\/{rel}","templated":true}]}}