{"id":6998,"date":"2022-06-06T17:07:24","date_gmt":"2022-06-06T14:07:24","guid":{"rendered":"https:\/\/birimler.atauni.edu.tr\/biyoloji\/?page_id=6998"},"modified":"2026-01-16T10:47:31","modified_gmt":"2026-01-16T07:47:31","slug":"program-ogretim-amaclari-2","status":"publish","type":"page","link":"https:\/\/atauni.edu.tr\/biyoloji\/program-ogretim-amaclari-2\/","title":{"rendered":"Program \u00d6\u011fretim Ama\u00e7lar\u0131"},"content":{"rendered":"\t\t<div data-elementor-type=\"wp-page\" data-elementor-id=\"6998\" class=\"elementor elementor-6998\" data-elementor-post-type=\"page\">\n\t\t\t\t\t\t<section class=\"elementor-section elementor-top-section elementor-element elementor-element-7ea4af4 elementor-section-boxed elementor-section-height-default elementor-section-height-default\" data-id=\"7ea4af4\" data-element_type=\"section\">\n\t\t\t\t\t\t<div class=\"elementor-container elementor-column-gap-default\">\n\t\t\t\t\t<div class=\"elementor-column elementor-col-100 elementor-top-column elementor-element elementor-element-6002d5f\" data-id=\"6002d5f\" data-element_type=\"column\">\n\t\t\t<div class=\"elementor-widget-wrap elementor-element-populated\">\n\t\t\t\t\t\t<div class=\"elementor-element elementor-element-7a04a0c elementor-widget elementor-widget-text-editor\" data-id=\"7a04a0c\" data-element_type=\"widget\" data-widget_type=\"text-editor.default\">\n\t\t\t\t<div class=\"elementor-widget-container\">\n\t\t\t\t\t\t\t\t\t<ul><li><strong>P\u00d6A-1:<\/strong> Biyoloji alan\u0131nda temel kavramlar\u0131 bilen, kendini geli\u015ftiren, \u00e7\u00f6z\u00fcm \u00fcretebilen, sorgulay\u0131c\u0131 d\u00fc\u015f\u00fcnce yap\u0131s\u0131na sahip, mesleki ve bilimsel etik kurallar\u0131 \u00f6z\u00fcmsemi\u015f, sorumluluklar\u0131n\u0131n fark\u0131nda bilim insanlar\u0131 yeti\u015ftirmektir.<\/li><li><strong>P\u00d6A-2:<\/strong> E\u011fitim kurumlar\u0131nda biyoloji \u00f6\u011fretmeni olarak hizmet verecek donan\u0131ml\u0131 mezunlar yeti\u015ftirmek.<\/li><li><strong>P\u00d6A-3:<\/strong> \u00c7e\u015fitli kurum ve kurulu\u015flarda \u00e7al\u0131\u015facak, alan\u0131nda yetkin biyologlar yeti\u015ftirmek.<\/li><li><strong>P\u00d6A-4:<\/strong> Akademik kariyer s\u00fcre\u00e7lerinde ihtiya\u00e7 duyacaklar\u0131 bilgi ve beceriye sahip ara\u015ft\u0131r\u0131c\u0131lar yeti\u015ftirmek.<\/li><\/ul>\t\t\t\t\t\t\t\t<\/div>\n\t\t\t\t<\/div>\n\t\t\t\t\t<\/div>\n\t\t<\/div>\n\t\t\t\t\t<\/div>\n\t\t<\/section>\n\t\t\t\t<section class=\"elementor-section elementor-top-section elementor-element elementor-element-b9a4c20 elementor-section-boxed elementor-section-height-default elementor-section-height-default\" data-id=\"b9a4c20\" data-element_type=\"section\">\n\t\t\t\t\t\t<div class=\"elementor-container elementor-column-gap-default\">\n\t\t\t\t\t<div class=\"elementor-column elementor-col-33 elementor-top-column elementor-element elementor-element-76d6c97\" data-id=\"76d6c97\" data-element_type=\"column\">\n\t\t\t<div class=\"elementor-widget-wrap elementor-element-populated\">\n\t\t\t\t\t\t<div class=\"elementor-element elementor-element-13a1444 elementor-widget elementor-widget-text-editor\" data-id=\"13a1444\" data-element_type=\"widget\" data-widget_type=\"text-editor.default\">\n\t\t\t\t<div class=\"elementor-widget-container\">\n\t\t\t\t\t\t\t\t\t<p><strong>15.01.2026<\/strong> Tarihinde d\u0131\u015f payda\u015flar\u0131m\u0131z\u0131n kat\u0131l\u0131m\u0131yla online bir toplant\u0131 yap\u0131lm\u0131\u015f ve P\u00d6A de\u011ferlendirilmi\u015ftir.<\/p><p>Anket ile g\u00f6r\u00fc\u015f ve \u00f6neriler al\u0131nm\u0131\u015ft\u0131r.\u00a0<\/p><p><a href=\"http:\/\/birimler.atauni.edu.tr\/biyoloji\/wp-content\/uploads\/sites\/89\/2026\/01\/PROGRAM-OGRETIM-AMACLARI-DEGERLENDIRME-ANKETI-OCAK-2026.pdf\">PROGRAM \u00d6\u011eRET\u0130M AMA\u00c7LARI DE\u011eERLEND\u0130RME ANKET\u0130 (OCAK 2026)<\/a><\/p>\t\t\t\t\t\t\t\t<\/div>\n\t\t\t\t<\/div>\n\t\t\t\t\t<\/div>\n\t\t<\/div>\n\t\t\t\t<div class=\"elementor-column elementor-col-66 elementor-top-column elementor-element elementor-element-0f2bc81\" data-id=\"0f2bc81\" data-element_type=\"column\">\n\t\t\t<div class=\"elementor-widget-wrap elementor-element-populated\">\n\t\t\t\t\t\t<div class=\"elementor-element elementor-element-d087fcf elementor--h-position-center elementor--v-position-middle elementor-arrows-position-inside elementor-pagination-position-inside elementor-widget elementor-widget-slides\" data-id=\"d087fcf\" data-element_type=\"widget\" data-settings=\"{&quot;navigation&quot;:&quot;both&quot;,&quot;autoplay&quot;:&quot;yes&quot;,&quot;pause_on_hover&quot;:&quot;yes&quot;,&quot;pause_on_interaction&quot;:&quot;yes&quot;,&quot;autoplay_speed&quot;:5000,&quot;infinite&quot;:&quot;yes&quot;,&quot;transition&quot;:&quot;slide&quot;,&quot;transition_speed&quot;:500}\" data-widget_type=\"slides.default\">\n\t\t\t\t<div class=\"elementor-widget-container\">\n\t\t\t\t\t\t\t\t\t<div class=\"elementor-swiper\">\n\t\t\t\t\t<div class=\"elementor-slides-wrapper elementor-main-swiper swiper\" role=\"region\" aria-roledescription=\"carousel\" aria-label=\"Slides\" dir=\"ltr\" data-animation=\"fadeInUp\">\n\t\t\t\t<div class=\"swiper-wrapper elementor-slides\">\n\t\t\t\t\t\t\t\t\t\t<div class=\"elementor-repeater-item-cf27e55 swiper-slide\" role=\"group\" aria-roledescription=\"slide\"><div class=\"swiper-slide-bg\" role=\"img\" aria-label=\"Ads\u0131z\"><\/div><div class=\"swiper-slide-inner\" ><div class=\"swiper-slide-contents\"><\/div><\/div><\/div><div class=\"elementor-repeater-item-88a2312 swiper-slide\" role=\"group\" aria-roledescription=\"slide\"><div class=\"swiper-slide-bg\" role=\"img\" aria-label=\"77\"><\/div><div class=\"swiper-slide-inner\" ><div class=\"swiper-slide-contents\"><\/div><\/div><\/div><div class=\"elementor-repeater-item-8113e18 swiper-slide\" role=\"group\" aria-roledescription=\"slide\"><div class=\"swiper-slide-bg\" role=\"img\" aria-label=\"22\"><\/div><div class=\"swiper-slide-inner\" ><div class=\"swiper-slide-contents\"><\/div><\/div><\/div>\t\t\t\t<\/div>\n\t\t\t\t\t\t\t\t\t\t\t\t\t\t\t<div class=\"elementor-swiper-button elementor-swiper-button-prev\" role=\"button\" tabindex=\"0\" aria-label=\"Previous slide\">\n\t\t\t\t\t\t\t<i aria-hidden=\"true\" class=\"eicon-chevron-left\"><\/i>\t\t\t\t\t\t<\/div>\n\t\t\t\t\t\t<div class=\"elementor-swiper-button elementor-swiper-button-next\" role=\"button\" tabindex=\"0\" aria-label=\"Next slide\">\n\t\t\t\t\t\t\t<i aria-hidden=\"true\" class=\"eicon-chevron-right\"><\/i>\t\t\t\t\t\t<\/div>\n\t\t\t\t\t\t\t\t\t\t\t\t\t\t\t\t<div class=\"swiper-pagination\"><\/div>\n\t\t\t\t\t\t\t\t\t\t\t\t<\/div>\n\t\t\t\t<\/div>\n\t\t\t\t\t\t\t\t<\/div>\n\t\t\t\t<\/div>\n\t\t\t\t\t<\/div>\n\t\t<\/div>\n\t\t\t\t\t<\/div>\n\t\t<\/section>\n\t\t\t\t<section class=\"elementor-section elementor-top-section elementor-element elementor-element-15153e6 elementor-section-boxed elementor-section-height-default elementor-section-height-default\" data-id=\"15153e6\" data-element_type=\"section\">\n\t\t\t\t\t\t<div class=\"elementor-container elementor-column-gap-default\">\n\t\t\t\t\t<div class=\"elementor-column elementor-col-33 elementor-top-column elementor-element elementor-element-8f83bb1\" data-id=\"8f83bb1\" data-element_type=\"column\">\n\t\t\t<div class=\"elementor-widget-wrap elementor-element-populated\">\n\t\t\t\t\t\t<div class=\"elementor-element elementor-element-eb09259 elementor-widget elementor-widget-text-editor\" data-id=\"eb09259\" data-element_type=\"widget\" data-widget_type=\"text-editor.default\">\n\t\t\t\t<div class=\"elementor-widget-container\">\n\t\t\t\t\t\t\t\t\t<p>\u00dcniversitemiz Lisans E\u011fitim ve \u00d6\u011fretim Koordinat\u00f6rl\u00fc\u011f\u00fcn\u00fcn tavsiyesine g\u00f6re P\u00d6A g\u00fcncellendi \u00f6\u011fretim \u00fcyelerimizin g\u00f6r\u00fc\u015f\u00fcne sunuldu.<\/p>\t\t\t\t\t\t\t\t<\/div>\n\t\t\t\t<\/div>\n\t\t\t\t\t<\/div>\n\t\t<\/div>\n\t\t\t\t<div class=\"elementor-column elementor-col-66 elementor-top-column elementor-element elementor-element-524dbc9\" data-id=\"524dbc9\" data-element_type=\"column\">\n\t\t\t<div class=\"elementor-widget-wrap elementor-element-populated\">\n\t\t\t\t\t\t<div class=\"elementor-element elementor-element-1db2264 elementor-widget elementor-widget-pdf_viewer\" data-id=\"1db2264\" data-element_type=\"widget\" data-widget_type=\"pdf_viewer.default\">\n\t\t\t\t<div class=\"elementor-widget-container\">\n\t\t\t\t\t<iframe src=\"https:\/\/docs.google.com\/viewer?url=http:\/\/birimler.atauni.edu.tr\/biyoloji\/wp-content\/uploads\/sites\/89\/2025\/07\/PROGRAM-OGRETIM-AMACLARI-ve-PROGRAM-CIKTILARI-DEGERLEND.pdf&amp;embedded=true\" style=\"display: block; margin-left: auto; margin-right: auto; width: 640px; height: 1020px;\" frameborder=\"1\" marginheight=\"0px\" marginwidth=\"0px\" allowfullscreen><\/iframe>\t\t\t\t<\/div>\n\t\t\t\t<\/div>\n\t\t\t\t\t<\/div>\n\t\t<\/div>\n\t\t\t\t\t<\/div>\n\t\t<\/section>\n\t\t\t\t<\/div>\n\t\t","protected":false},"excerpt":{"rendered":"<p>P\u00d6A-1: Biyoloji alan\u0131nda temel kavramlar\u0131 bilen, kendini geli\u015ftiren, \u00e7\u00f6z\u00fcm \u00fcretebilen, sorgulay\u0131c\u0131 d\u00fc\u015f\u00fcnce yap\u0131s\u0131na sahip, mesleki ve bilimsel etik kurallar\u0131 \u00f6z\u00fcmsemi\u015f, sorumluluklar\u0131n\u0131n fark\u0131nda bilim insanlar\u0131 yeti\u015ftirmektir. P\u00d6A-2: E\u011fitim kurumlar\u0131nda biyoloji \u00f6\u011fretmeni olarak hizmet verecek donan\u0131ml\u0131 mezunlar yeti\u015ftirmek. P\u00d6A-3: \u00c7e\u015fitli kurum ve kurulu\u015flarda \u00e7al\u0131\u015facak, alan\u0131nda yetkin biyologlar yeti\u015ftirmek. P\u00d6A-4: Akademik kariyer s\u00fcre\u00e7lerinde ihtiya\u00e7 duyacaklar\u0131 bilgi ve beceriye [&hellip;]<\/p>\n","protected":false},"author":271,"featured_media":0,"parent":0,"menu_order":0,"comment_status":"closed","ping_status":"closed","template":"","meta":{"footnotes":""},"class_list":["post-6998","page","type-page","status-publish","hentry"],"_links":{"self":[{"href":"https:\/\/atauni.edu.tr\/biyoloji\/wp-json\/wp\/v2\/pages\/6998","targetHints":{"allow":["GET"]}}],"collection":[{"href":"https:\/\/atauni.edu.tr\/biyoloji\/wp-json\/wp\/v2\/pages"}],"about":[{"href":"https:\/\/atauni.edu.tr\/biyoloji\/wp-json\/wp\/v2\/types\/page"}],"author":[{"embeddable":true,"href":"https:\/\/atauni.edu.tr\/biyoloji\/wp-json\/wp\/v2\/users\/271"}],"replies":[{"embeddable":true,"href":"https:\/\/atauni.edu.tr\/biyoloji\/wp-json\/wp\/v2\/comments?post=6998"}],"version-history":[{"count":16,"href":"https:\/\/atauni.edu.tr\/biyoloji\/wp-json\/wp\/v2\/pages\/6998\/revisions"}],"predecessor-version":[{"id":9482,"href":"https:\/\/atauni.edu.tr\/biyoloji\/wp-json\/wp\/v2\/pages\/6998\/revisions\/9482"}],"wp:attachment":[{"href":"https:\/\/atauni.edu.tr\/biyoloji\/wp-json\/wp\/v2\/media?parent=6998"}],"curies":[{"name":"wp","href":"https:\/\/api.w.org\/{rel}","templated":true}]}}