{"id":7013,"date":"2022-06-06T17:21:16","date_gmt":"2022-06-06T14:21:16","guid":{"rendered":"https:\/\/birimler.atauni.edu.tr\/biyoloji\/?page_id=7013"},"modified":"2022-06-07T20:20:51","modified_gmt":"2022-06-07T17:20:51","slug":"botanik","status":"publish","type":"page","link":"https:\/\/atauni.edu.tr\/biyoloji\/botanik\/","title":{"rendered":"BOTAN\u0130K"},"content":{"rendered":"\t\t<div data-elementor-type=\"wp-page\" data-elementor-id=\"7013\" class=\"elementor elementor-7013\" data-elementor-post-type=\"page\">\n\t\t\t\t\t\t<section class=\"elementor-section elementor-top-section elementor-element elementor-element-bfdae23 elementor-section-boxed elementor-section-height-default elementor-section-height-default\" data-id=\"bfdae23\" data-element_type=\"section\">\n\t\t\t\t\t\t<div class=\"elementor-container elementor-column-gap-default\">\n\t\t\t\t\t<div class=\"elementor-column elementor-col-100 elementor-top-column elementor-element elementor-element-2ce91a5\" data-id=\"2ce91a5\" data-element_type=\"column\">\n\t\t\t<div class=\"elementor-widget-wrap elementor-element-populated\">\n\t\t\t\t\t\t<div class=\"elementor-element elementor-element-abd0dc7 elementor-widget elementor-widget-text-editor\" data-id=\"abd0dc7\" data-element_type=\"widget\" data-widget_type=\"text-editor.default\">\n\t\t\t\t<div class=\"elementor-widget-container\">\n\t\t\t\t\t\t\t\t\t<p><a style=\"background-color: #ffffff;letter-spacing: 0px\" href=\"https:\/\/avesis.atauni.edu.tr\/oatici\">Prof. Dr. \u00d6kke\u015f ATICI<\/a><\/p><p><a href=\"http:\/\/avesis.atauni.edu.tr\/ykaya\">Prof. Dr. Yusuf KAYA<\/a><\/p><p><a href=\"http:\/\/avesis.atauni.edu.tr\/rdumlu\">Prof. Dr. Rahmi DUMLUPINAR<\/a><\/p><p><a href=\"https:\/\/avesis.atauni.edu.tr\/sengulm\">Prof Dr. Meryem \u015eENG\u00dcL K\u00d6SEO\u011eLU<\/a><\/p><p><a href=\"http:\/\/avesis.atauni.edu.tr\/ferhunde.aysin\">Dr. \u00d6\u011fr. \u00dcyesi Ferhunde AYS\u0130N<\/a><\/p>\t\t\t\t\t\t\t\t<\/div>\n\t\t\t\t<\/div>\n\t\t\t\t\t<\/div>\n\t\t<\/div>\n\t\t\t\t\t<\/div>\n\t\t<\/section>\n\t\t\t\t<\/div>\n\t\t","protected":false},"excerpt":{"rendered":"<p>Prof. Dr. \u00d6kke\u015f ATICI Prof. Dr. Yusuf KAYA Prof. Dr. Rahmi DUMLUPINAR Prof Dr. Meryem \u015eENG\u00dcL K\u00d6SEO\u011eLU Dr. \u00d6\u011fr. \u00dcyesi Ferhunde AYS\u0130N<\/p>\n","protected":false},"author":271,"featured_media":0,"parent":0,"menu_order":0,"comment_status":"closed","ping_status":"closed","template":"","meta":{"footnotes":""},"class_list":["post-7013","page","type-page","status-publish","hentry"],"_links":{"self":[{"href":"https:\/\/atauni.edu.tr\/biyoloji\/wp-json\/wp\/v2\/pages\/7013","targetHints":{"allow":["GET"]}}],"collection":[{"href":"https:\/\/atauni.edu.tr\/biyoloji\/wp-json\/wp\/v2\/pages"}],"about":[{"href":"https:\/\/atauni.edu.tr\/biyoloji\/wp-json\/wp\/v2\/types\/page"}],"author":[{"embeddable":true,"href":"https:\/\/atauni.edu.tr\/biyoloji\/wp-json\/wp\/v2\/users\/271"}],"replies":[{"embeddable":true,"href":"https:\/\/atauni.edu.tr\/biyoloji\/wp-json\/wp\/v2\/comments?post=7013"}],"version-history":[{"count":4,"href":"https:\/\/atauni.edu.tr\/biyoloji\/wp-json\/wp\/v2\/pages\/7013\/revisions"}],"predecessor-version":[{"id":7136,"href":"https:\/\/atauni.edu.tr\/biyoloji\/wp-json\/wp\/v2\/pages\/7013\/revisions\/7136"}],"wp:attachment":[{"href":"https:\/\/atauni.edu.tr\/biyoloji\/wp-json\/wp\/v2\/media?parent=7013"}],"curies":[{"name":"wp","href":"https:\/\/api.w.org\/{rel}","templated":true}]}}