{"id":7014,"date":"2022-06-06T17:21:16","date_gmt":"2022-06-06T14:21:16","guid":{"rendered":"https:\/\/birimler.atauni.edu.tr\/biyoloji\/?page_id=7014"},"modified":"2022-06-07T20:43:24","modified_gmt":"2022-06-07T17:43:24","slug":"zooloji","status":"publish","type":"page","link":"https:\/\/atauni.edu.tr\/biyoloji\/zooloji\/","title":{"rendered":"ZOOLOJ\u0130"},"content":{"rendered":"\t\t<div data-elementor-type=\"wp-page\" data-elementor-id=\"7014\" class=\"elementor elementor-7014\" data-elementor-post-type=\"page\">\n\t\t\t\t\t\t<section class=\"elementor-section elementor-top-section elementor-element elementor-element-8c18265 elementor-section-boxed elementor-section-height-default elementor-section-height-default\" data-id=\"8c18265\" data-element_type=\"section\">\n\t\t\t\t\t\t<div class=\"elementor-container elementor-column-gap-default\">\n\t\t\t\t\t<div class=\"elementor-column elementor-col-100 elementor-top-column elementor-element elementor-element-743736b\" data-id=\"743736b\" data-element_type=\"column\">\n\t\t\t<div class=\"elementor-widget-wrap elementor-element-populated\">\n\t\t\t\t\t\t<div class=\"elementor-element elementor-element-b3c0f09 elementor-widget elementor-widget-text-editor\" data-id=\"b3c0f09\" data-element_type=\"widget\" data-widget_type=\"text-editor.default\">\n\t\t\t\t<div class=\"elementor-widget-container\">\n\t\t\t\t\t\t\t\t\t<p><a href=\"http:\/\/avesis.atauni.edu.tr\/okerman\">Prof. Dr. \u00d6mer K\u00f6ksal ERMAN<\/a><br \/><a href=\"http:\/\/avesis.atauni.edu.tr\/uincekara\">Prof. Dr. \u00dcmit \u0130NCEKARA<\/a><\/p>\t\t\t\t\t\t\t\t<\/div>\n\t\t\t\t<\/div>\n\t\t\t\t\t<\/div>\n\t\t<\/div>\n\t\t\t\t\t<\/div>\n\t\t<\/section>\n\t\t\t\t<\/div>\n\t\t","protected":false},"excerpt":{"rendered":"<p>Prof. Dr. \u00d6mer K\u00f6ksal ERMANProf. Dr. \u00dcmit \u0130NCEKARA<\/p>\n","protected":false},"author":271,"featured_media":0,"parent":0,"menu_order":0,"comment_status":"closed","ping_status":"closed","template":"","meta":{"footnotes":""},"class_list":["post-7014","page","type-page","status-publish","hentry"],"_links":{"self":[{"href":"https:\/\/atauni.edu.tr\/biyoloji\/wp-json\/wp\/v2\/pages\/7014","targetHints":{"allow":["GET"]}}],"collection":[{"href":"https:\/\/atauni.edu.tr\/biyoloji\/wp-json\/wp\/v2\/pages"}],"about":[{"href":"https:\/\/atauni.edu.tr\/biyoloji\/wp-json\/wp\/v2\/types\/page"}],"author":[{"embeddable":true,"href":"https:\/\/atauni.edu.tr\/biyoloji\/wp-json\/wp\/v2\/users\/271"}],"replies":[{"embeddable":true,"href":"https:\/\/atauni.edu.tr\/biyoloji\/wp-json\/wp\/v2\/comments?post=7014"}],"version-history":[{"count":4,"href":"https:\/\/atauni.edu.tr\/biyoloji\/wp-json\/wp\/v2\/pages\/7014\/revisions"}],"predecessor-version":[{"id":7154,"href":"https:\/\/atauni.edu.tr\/biyoloji\/wp-json\/wp\/v2\/pages\/7014\/revisions\/7154"}],"wp:attachment":[{"href":"https:\/\/atauni.edu.tr\/biyoloji\/wp-json\/wp\/v2\/media?parent=7014"}],"curies":[{"name":"wp","href":"https:\/\/api.w.org\/{rel}","templated":true}]}}