{"id":7015,"date":"2022-06-06T17:21:16","date_gmt":"2022-06-06T14:21:16","guid":{"rendered":"https:\/\/birimler.atauni.edu.tr\/biyoloji\/?page_id=7015"},"modified":"2022-06-07T20:34:18","modified_gmt":"2022-06-07T17:34:18","slug":"hidrobiyoloji","status":"publish","type":"page","link":"https:\/\/atauni.edu.tr\/biyoloji\/hidrobiyoloji\/","title":{"rendered":"H\u0130DROB\u0130YOLOJ\u0130"},"content":{"rendered":"\t\t<div data-elementor-type=\"wp-page\" data-elementor-id=\"7015\" class=\"elementor elementor-7015\" data-elementor-post-type=\"page\">\n\t\t\t\t\t\t<section class=\"elementor-section elementor-top-section elementor-element elementor-element-512621d elementor-section-boxed elementor-section-height-default elementor-section-height-default\" data-id=\"512621d\" data-element_type=\"section\">\n\t\t\t\t\t\t<div class=\"elementor-container elementor-column-gap-default\">\n\t\t\t\t\t<div class=\"elementor-column elementor-col-100 elementor-top-column elementor-element elementor-element-2ff02da\" data-id=\"2ff02da\" data-element_type=\"column\">\n\t\t\t<div class=\"elementor-widget-wrap elementor-element-populated\">\n\t\t\t\t\t\t<div class=\"elementor-element elementor-element-58a3b24 elementor-widget elementor-widget-text-editor\" data-id=\"58a3b24\" data-element_type=\"widget\" data-widget_type=\"text-editor.default\">\n\t\t\t\t<div class=\"elementor-widget-container\">\n\t\t\t\t\t\t\t\t\t<p><a href=\"http:\/\/avesis.atauni.edu.tr\/ahmetpolat\">Dr. \u00d6\u011fr. \u00dcyesi Ahmet POLAT<\/a><br \/><a href=\"http:\/\/avesis.atauni.edu.tr\/ytepe\">Dr. \u00d6\u011fr. \u00dcyesi Yahya TEPE<\/a><\/p>\t\t\t\t\t\t\t\t<\/div>\n\t\t\t\t<\/div>\n\t\t\t\t\t<\/div>\n\t\t<\/div>\n\t\t\t\t\t<\/div>\n\t\t<\/section>\n\t\t\t\t<\/div>\n\t\t","protected":false},"excerpt":{"rendered":"<p>Dr. \u00d6\u011fr. \u00dcyesi Ahmet POLATDr. \u00d6\u011fr. \u00dcyesi Yahya TEPE<\/p>\n","protected":false},"author":271,"featured_media":0,"parent":0,"menu_order":0,"comment_status":"closed","ping_status":"closed","template":"","meta":{"footnotes":""},"class_list":["post-7015","page","type-page","status-publish","hentry"],"_links":{"self":[{"href":"https:\/\/atauni.edu.tr\/biyoloji\/wp-json\/wp\/v2\/pages\/7015","targetHints":{"allow":["GET"]}}],"collection":[{"href":"https:\/\/atauni.edu.tr\/biyoloji\/wp-json\/wp\/v2\/pages"}],"about":[{"href":"https:\/\/atauni.edu.tr\/biyoloji\/wp-json\/wp\/v2\/types\/page"}],"author":[{"embeddable":true,"href":"https:\/\/atauni.edu.tr\/biyoloji\/wp-json\/wp\/v2\/users\/271"}],"replies":[{"embeddable":true,"href":"https:\/\/atauni.edu.tr\/biyoloji\/wp-json\/wp\/v2\/comments?post=7015"}],"version-history":[{"count":4,"href":"https:\/\/atauni.edu.tr\/biyoloji\/wp-json\/wp\/v2\/pages\/7015\/revisions"}],"predecessor-version":[{"id":7148,"href":"https:\/\/atauni.edu.tr\/biyoloji\/wp-json\/wp\/v2\/pages\/7015\/revisions\/7148"}],"wp:attachment":[{"href":"https:\/\/atauni.edu.tr\/biyoloji\/wp-json\/wp\/v2\/media?parent=7015"}],"curies":[{"name":"wp","href":"https:\/\/api.w.org\/{rel}","templated":true}]}}