{"id":7016,"date":"2022-06-06T17:21:16","date_gmt":"2022-06-06T14:21:16","guid":{"rendered":"https:\/\/birimler.atauni.edu.tr\/biyoloji\/?page_id=7016"},"modified":"2022-06-07T20:41:04","modified_gmt":"2022-06-07T17:41:04","slug":"molekuler-biyoloji","status":"publish","type":"page","link":"https:\/\/atauni.edu.tr\/biyoloji\/molekuler-biyoloji\/","title":{"rendered":"MOLEK\u00dcLER B\u0130YOLOJ\u0130"},"content":{"rendered":"\t\t<div data-elementor-type=\"wp-page\" data-elementor-id=\"7016\" class=\"elementor elementor-7016\" data-elementor-post-type=\"page\">\n\t\t\t\t\t\t<section class=\"elementor-section elementor-top-section elementor-element elementor-element-1404572 elementor-section-boxed elementor-section-height-default elementor-section-height-default\" data-id=\"1404572\" data-element_type=\"section\">\n\t\t\t\t\t\t<div class=\"elementor-container elementor-column-gap-default\">\n\t\t\t\t\t<div class=\"elementor-column elementor-col-100 elementor-top-column elementor-element elementor-element-f549266\" data-id=\"f549266\" data-element_type=\"column\">\n\t\t\t<div class=\"elementor-widget-wrap elementor-element-populated\">\n\t\t\t\t\t\t<div class=\"elementor-element elementor-element-a195c88 elementor-widget elementor-widget-text-editor\" data-id=\"a195c88\" data-element_type=\"widget\" data-widget_type=\"text-editor.default\">\n\t\t\t\t<div class=\"elementor-widget-container\">\n\t\t\t\t\t\t\t\t\t<p><a href=\"http:\/\/avesis.atauni.edu.tr\/gagar\">Prof. Dr. G\u00fcleray A\u011eAR<\/a><br \/><a href=\"http:\/\/avesis.atauni.edu.tr\/hauysal\">Prof. Dr. Handan UYSAL<\/a><br \/><a href=\"http:\/\/avesis.atauni.edu.tr\/ozkanaksakal\">Prof. Dr. \u00d6zkan AKSAKAL<\/a><br \/><a href=\"http:\/\/avesis.atauni.edu.tr\/mkaradayi\">Dr. \u00d6\u011fr. \u00dcyesi Mehmet KARADAYI<\/a><br \/><a href=\"http:\/\/avesis.atauni.edu.tr\/sgurkok\">Dr. \u00d6\u011fr. \u00dcyesi S\u00fcmeyra G\u00dcRK\u00d6K<\/a><\/p>\t\t\t\t\t\t\t\t<\/div>\n\t\t\t\t<\/div>\n\t\t\t\t\t<\/div>\n\t\t<\/div>\n\t\t\t\t\t<\/div>\n\t\t<\/section>\n\t\t\t\t<\/div>\n\t\t","protected":false},"excerpt":{"rendered":"<p>Prof. Dr. G\u00fcleray A\u011eARProf. Dr. Handan UYSALProf. Dr. \u00d6zkan AKSAKALDr. \u00d6\u011fr. \u00dcyesi Mehmet KARADAYIDr. \u00d6\u011fr. \u00dcyesi S\u00fcmeyra G\u00dcRK\u00d6K<\/p>\n","protected":false},"author":271,"featured_media":0,"parent":0,"menu_order":0,"comment_status":"closed","ping_status":"closed","template":"","meta":{"footnotes":""},"class_list":["post-7016","page","type-page","status-publish","hentry"],"_links":{"self":[{"href":"https:\/\/atauni.edu.tr\/biyoloji\/wp-json\/wp\/v2\/pages\/7016","targetHints":{"allow":["GET"]}}],"collection":[{"href":"https:\/\/atauni.edu.tr\/biyoloji\/wp-json\/wp\/v2\/pages"}],"about":[{"href":"https:\/\/atauni.edu.tr\/biyoloji\/wp-json\/wp\/v2\/types\/page"}],"author":[{"embeddable":true,"href":"https:\/\/atauni.edu.tr\/biyoloji\/wp-json\/wp\/v2\/users\/271"}],"replies":[{"embeddable":true,"href":"https:\/\/atauni.edu.tr\/biyoloji\/wp-json\/wp\/v2\/comments?post=7016"}],"version-history":[{"count":4,"href":"https:\/\/atauni.edu.tr\/biyoloji\/wp-json\/wp\/v2\/pages\/7016\/revisions"}],"predecessor-version":[{"id":7151,"href":"https:\/\/atauni.edu.tr\/biyoloji\/wp-json\/wp\/v2\/pages\/7016\/revisions\/7151"}],"wp:attachment":[{"href":"https:\/\/atauni.edu.tr\/biyoloji\/wp-json\/wp\/v2\/media?parent=7016"}],"curies":[{"name":"wp","href":"https:\/\/api.w.org\/{rel}","templated":true}]}}