{"id":7017,"date":"2022-06-06T17:21:16","date_gmt":"2022-06-06T14:21:16","guid":{"rendered":"https:\/\/birimler.atauni.edu.tr\/biyoloji\/?page_id=7017"},"modified":"2022-06-07T20:31:42","modified_gmt":"2022-06-07T17:31:42","slug":"genel-biyoloji","status":"publish","type":"page","link":"https:\/\/atauni.edu.tr\/biyoloji\/genel-biyoloji\/","title":{"rendered":"GENEL B\u0130YOLOJ\u0130"},"content":{"rendered":"\t\t<div data-elementor-type=\"wp-page\" data-elementor-id=\"7017\" class=\"elementor elementor-7017\" data-elementor-post-type=\"page\">\n\t\t\t\t\t\t<section class=\"elementor-section elementor-top-section elementor-element elementor-element-3129faa elementor-section-boxed elementor-section-height-default elementor-section-height-default\" data-id=\"3129faa\" data-element_type=\"section\">\n\t\t\t\t\t\t<div class=\"elementor-container elementor-column-gap-default\">\n\t\t\t\t\t<div class=\"elementor-column elementor-col-100 elementor-top-column elementor-element elementor-element-75ffdec\" data-id=\"75ffdec\" data-element_type=\"column\">\n\t\t\t<div class=\"elementor-widget-wrap elementor-element-populated\">\n\t\t\t\t\t\t<div class=\"elementor-element elementor-element-df62e13 elementor-widget elementor-widget-text-editor\" data-id=\"df62e13\" data-element_type=\"widget\" data-widget_type=\"text-editor.default\">\n\t\t\t\t<div class=\"elementor-widget-container\">\n\t\t\t\t\t\t\t\t\t<p><a href=\"http:\/\/avesis.atauni.edu.tr\/ebasaran\">Prof. Dr. Esabi Ba\u015faran KURBANO\u011eLU<\/a><br \/><a href=\"http:\/\/avesis.atauni.edu.tr\/fgeyik\">Prof. Dr. Fatime GEY\u0130KO\u011eLU<\/a><br \/><a href=\"http:\/\/avesis.atauni.edu.tr\/gullucem\">Prof. Dr. Medine G\u00dcLL\u00dcCE<\/a><br \/><a href=\"http:\/\/avesis.atauni.edu.tr\/mnaydogan\">Prof. Dr. Mehmet Nuri AYDO\u011eAN<\/a><br \/><a href=\"http:\/\/avesis.atauni.edu.tr\/baris\">Prof. Dr. \u00d6zlem BARI\u015e<\/a><br \/><a href=\"http:\/\/avesis.atauni.edu.tr\/mozdal\">Do\u00e7. Dr. Murat \u00d6ZDAL<\/a><br \/><a href=\"http:\/\/avesis.atauni.edu.tr\/aydan\">Dr. \u00d6\u011fr. \u00dcyesi Ay\u015fe Aydan KARA<\/a><br \/><a href=\"http:\/\/avesis.atauni.edu.tr\/nihal.ozek\">Dr. \u00d6\u011fr. \u00dcyesi\u00a0Nihal \u015e\u0130M\u015eEK \u00d6ZEK<\/a><\/p>\t\t\t\t\t\t\t\t<\/div>\n\t\t\t\t<\/div>\n\t\t\t\t\t<\/div>\n\t\t<\/div>\n\t\t\t\t\t<\/div>\n\t\t<\/section>\n\t\t\t\t<\/div>\n\t\t","protected":false},"excerpt":{"rendered":"<p>Prof. Dr. Esabi Ba\u015faran KURBANO\u011eLUProf. Dr. Fatime GEY\u0130KO\u011eLUProf. Dr. Medine G\u00dcLL\u00dcCEProf. Dr. Mehmet Nuri AYDO\u011eANProf. Dr. \u00d6zlem BARI\u015eDo\u00e7. Dr. Murat \u00d6ZDALDr. \u00d6\u011fr. \u00dcyesi Ay\u015fe Aydan KARADr. \u00d6\u011fr. \u00dcyesi\u00a0Nihal \u015e\u0130M\u015eEK \u00d6ZEK<\/p>\n","protected":false},"author":271,"featured_media":0,"parent":0,"menu_order":0,"comment_status":"closed","ping_status":"closed","template":"","meta":{"footnotes":""},"class_list":["post-7017","page","type-page","status-publish","hentry"],"_links":{"self":[{"href":"https:\/\/atauni.edu.tr\/biyoloji\/wp-json\/wp\/v2\/pages\/7017","targetHints":{"allow":["GET"]}}],"collection":[{"href":"https:\/\/atauni.edu.tr\/biyoloji\/wp-json\/wp\/v2\/pages"}],"about":[{"href":"https:\/\/atauni.edu.tr\/biyoloji\/wp-json\/wp\/v2\/types\/page"}],"author":[{"embeddable":true,"href":"https:\/\/atauni.edu.tr\/biyoloji\/wp-json\/wp\/v2\/users\/271"}],"replies":[{"embeddable":true,"href":"https:\/\/atauni.edu.tr\/biyoloji\/wp-json\/wp\/v2\/comments?post=7017"}],"version-history":[{"count":10,"href":"https:\/\/atauni.edu.tr\/biyoloji\/wp-json\/wp\/v2\/pages\/7017\/revisions"}],"predecessor-version":[{"id":7145,"href":"https:\/\/atauni.edu.tr\/biyoloji\/wp-json\/wp\/v2\/pages\/7017\/revisions\/7145"}],"wp:attachment":[{"href":"https:\/\/atauni.edu.tr\/biyoloji\/wp-json\/wp\/v2\/media?parent=7017"}],"curies":[{"name":"wp","href":"https:\/\/api.w.org\/{rel}","templated":true}]}}