{"id":8901,"date":"2025-06-13T14:32:29","date_gmt":"2025-06-13T11:32:29","guid":{"rendered":"https:\/\/birimler.atauni.edu.tr\/biyoloji\/?page_id=8901"},"modified":"2025-06-13T15:33:38","modified_gmt":"2025-06-13T12:33:38","slug":"yonetim-modeli","status":"publish","type":"page","link":"https:\/\/atauni.edu.tr\/biyoloji\/yonetim-modeli\/","title":{"rendered":"Y\u00f6netim Modeli"},"content":{"rendered":"\t\t<div data-elementor-type=\"wp-page\" data-elementor-id=\"8901\" class=\"elementor elementor-8901\" data-elementor-post-type=\"page\">\n\t\t\t\t\t\t<section class=\"elementor-section elementor-top-section elementor-element elementor-element-25b71a43 elementor-section-boxed elementor-section-height-default elementor-section-height-default\" data-id=\"25b71a43\" data-element_type=\"section\">\n\t\t\t\t\t\t<div class=\"elementor-container elementor-column-gap-default\">\n\t\t\t\t\t<div class=\"elementor-column elementor-col-100 elementor-top-column elementor-element elementor-element-5cc4cc61\" data-id=\"5cc4cc61\" data-element_type=\"column\">\n\t\t\t<div class=\"elementor-widget-wrap elementor-element-populated\">\n\t\t\t\t\t\t<div class=\"elementor-element elementor-element-8faa9a8 elementor-widget elementor-widget-heading\" data-id=\"8faa9a8\" data-element_type=\"widget\" data-widget_type=\"heading.default\">\n\t\t\t\t<div class=\"elementor-widget-container\">\n\t\t\t\t\t<h2 class=\"elementor-heading-title elementor-size-default\"><span style=\"font-weight: bolder;font-size: 16px\">AKADEM\u0130K B\u0130R\u0130M YAPILANMASI VE G\u00d6REV DA\u011eILIMI<\/span><\/h2>\t\t\t\t<\/div>\n\t\t\t\t<\/div>\n\t\t\t\t\t<\/div>\n\t\t<\/div>\n\t\t\t\t\t<\/div>\n\t\t<\/section>\n\t\t\t\t<section class=\"elementor-section elementor-top-section elementor-element elementor-element-235bc1f elementor-section-boxed elementor-section-height-default elementor-section-height-default\" data-id=\"235bc1f\" data-element_type=\"section\">\n\t\t\t\t\t\t<div class=\"elementor-container elementor-column-gap-default\">\n\t\t\t\t\t<div class=\"elementor-column elementor-col-33 elementor-top-column elementor-element elementor-element-dfc2148\" data-id=\"dfc2148\" data-element_type=\"column\">\n\t\t\t<div class=\"elementor-widget-wrap elementor-element-populated\">\n\t\t\t\t\t\t<div class=\"elementor-element elementor-element-8f946a3 elementor-widget elementor-widget-text-editor\" data-id=\"8f946a3\" data-element_type=\"widget\" data-widget_type=\"text-editor.default\">\n\t\t\t\t<div class=\"elementor-widget-container\">\n\t\t\t\t\t\t\t\t\t<p><strong>B\u00f6l\u00fcm Ba\u015fkan\u0131<\/strong><\/p>\n<ol>\n<li>Strateji\n<ul>\n<li>&#8211; Vizyon, Misyon<\/li>\n<li>&#8211; Stratejik Plan<\/li>\n<li>&#8211; Odak Alanlar<\/li>\n<li>&#8211; Ortakl\u0131klar<\/li>\n<li>&#8211; B\u00f6l\u00fcm Tarihi<\/li>\n<li>&#8211; B\u00f6l\u00fcm De\u011ferleri<\/li>\n<\/ul>\n<\/li>\n<li>Varl\u0131k Y\u00f6netimi<\/li>\n<li>BT ve Dijitalle\u015fme<\/li>\n<li>Kalite \/Akreditasyon<\/li>\n<li>\u0130leti\u015fim ve Marka<\/li>\n<li>Performans Y\u00f6netimi<\/li>\n<li>S\u0131ralama Kurulu\u015flar\u0131<\/li>\n<li>Bilimsel Dergiler<\/li>\n<li>Teknokent ile \u0130li\u015fkiler<\/li>\n<li>Kriz Y\u00f6netimi<\/li>\n<li>Etik<\/li>\n<\/ol>\t\t\t\t\t\t\t\t<\/div>\n\t\t\t\t<\/div>\n\t\t\t\t\t<\/div>\n\t\t<\/div>\n\t\t\t\t<div class=\"elementor-column elementor-col-33 elementor-top-column elementor-element elementor-element-9469b16\" data-id=\"9469b16\" data-element_type=\"column\">\n\t\t\t<div class=\"elementor-widget-wrap elementor-element-populated\">\n\t\t\t\t\t\t<div class=\"elementor-element elementor-element-b0ae581 elementor-widget elementor-widget-text-editor\" data-id=\"b0ae581\" data-element_type=\"widget\" data-widget_type=\"text-editor.default\">\n\t\t\t\t<div class=\"elementor-widget-container\">\n\t\t\t\t\t\t\t\t\t<p><strong>B\u00f6l\u00fcm Ba\u015fkan Yard\u0131mc\u0131s\u0131 -1<\/strong><\/p>\n<ul>\n<li>E\u011fitim-\u00d6\u011fretim Faaliyetleri<\/li>\n<li>Uluslararas\u0131la\u015fma<\/li>\n<li>\u00d6\u011frenci \u0130\u015fleri<\/li>\n<li>\u00d6\u011frenci Ya\u015fam\u0131<\/li>\n<li>Burslar<\/li>\n<li>Mezunlarla \u0130li\u015fkiler<\/li>\n<li>Kariyer Planlama<\/li>\n<\/ul>\t\t\t\t\t\t\t\t<\/div>\n\t\t\t\t<\/div>\n\t\t\t\t\t<\/div>\n\t\t<\/div>\n\t\t\t\t<div class=\"elementor-column elementor-col-33 elementor-top-column elementor-element elementor-element-61bbb3b\" data-id=\"61bbb3b\" data-element_type=\"column\">\n\t\t\t<div class=\"elementor-widget-wrap elementor-element-populated\">\n\t\t\t\t\t\t<div class=\"elementor-element elementor-element-5dc5644 elementor-widget elementor-widget-text-editor\" data-id=\"5dc5644\" data-element_type=\"widget\" data-widget_type=\"text-editor.default\">\n\t\t\t\t<div class=\"elementor-widget-container\">\n\t\t\t\t\t\t\t\t\t<p><strong>B\u00f6l\u00fcm Ba\u015fkan Yard\u0131mc\u0131s\u0131- 2<\/strong><\/p>\n<ul>\n<li>Ar-Ge ve Fon Kaynaklar\u0131n\u0131n \u00c7e\u015fitlendirilmesi<\/li>\n<li>Ara\u015ft\u0131rma \u0130\u015f birlikleri<\/li>\n<li>Sanayi ile \u0130li\u015fkiler<\/li>\n<li>Kamu-STK ve Giri\u015fimcilerle \u0130li\u015fkiler<\/li>\n<li>Ara\u015ft\u0131rmac\u0131 Geli\u015ftirme<\/li>\n<li>Toplumsal Duyarl\u0131l\u0131k Projeleri<\/li>\n<li>SDG Stratejileri<\/li>\n<li>Toplumsal Katk\u0131<\/li>\n<li>K\u00fclt\u00fcrel \u0130\u015fler<\/li>\n<li>Spor<\/li>\n<\/ul>\t\t\t\t\t\t\t\t<\/div>\n\t\t\t\t<\/div>\n\t\t\t\t\t<\/div>\n\t\t<\/div>\n\t\t\t\t\t<\/div>\n\t\t<\/section>\n\t\t\t\t<section class=\"elementor-section elementor-top-section elementor-element elementor-element-c2912a1 elementor-section-boxed elementor-section-height-default elementor-section-height-default\" data-id=\"c2912a1\" data-element_type=\"section\">\n\t\t\t\t\t\t<div class=\"elementor-container elementor-column-gap-default\">\n\t\t\t\t\t<div class=\"elementor-column elementor-col-100 elementor-top-column elementor-element elementor-element-18c53ea\" data-id=\"18c53ea\" data-element_type=\"column\">\n\t\t\t<div class=\"elementor-widget-wrap elementor-element-populated\">\n\t\t\t\t\t\t<div class=\"elementor-element elementor-element-955ecd8 elementor-widget elementor-widget-text-editor\" data-id=\"955ecd8\" data-element_type=\"widget\" data-widget_type=\"text-editor.default\">\n\t\t\t\t<div class=\"elementor-widget-container\">\n\t\t\t\t\t\t\t\t\t<p class=\"MsoNormal\"><i>Resm\u00ee Gazete Tarihi: 18.04.1986 Resm\u00ee Gazete Say\u0131s\u0131: 19082<\/i><\/p>\n<p class=\"MsoNormal\"><b>Y\u00dcKSEK\u00d6\u011eRET\u0130M KURUMLARINDA AKADEM\u0130K KURULLARIN OLU\u015eTURULMASI VE B\u0130L\u0130MSEL DENET\u0130M Y\u00d6NETMEL\u0130\u011e\u0130<\/b><\/p>\n<p class=\"MsoNormal\"><b>Akademik Kurullar<\/b><\/p>\n<ul>\n<li class=\"MsoNormal\">Akademik Genel Kurul<\/li>\n<li class=\"MsoNormal\">Akademik B\u00f6l\u00fcm Kurulu<\/li>\n<li class=\"MsoNormal\">Akademik Anabilim Kurulu<\/li>\n<\/ul>\n<p class=\"MsoNormal\"><b>Kurullar\u0131n G\u00f6revleri<\/b><\/p>\n<ol>\n<li class=\"MsoListParagraphCxSpFirst\" style=\"text-indent: -18.0pt\"><!-- [if !supportLists]--><span style=\"font-family: Symbol\">\u00b7<span style=\"font-size: 7pt;line-height: normal;font-family: 'Times New Roman'\">\u00a0\u00a0\u00a0\u00a0\u00a0\u00a0\u00a0\u00a0 <\/span><\/span><!--[endif]-->Akademik kurullar, ilgili birimin e\u011fitim-\u00f6\u011fretim ve ara\u015ft\u0131rma konular\u0131 ba\u015fta gelmek \u00fczere bilimsel faaliyetlerini g\u00f6zden ge\u00e7irir, \u00e7al\u0131\u015fmalar\u0131n daha verimli olmas\u0131 i\u00e7in konular\u0131 tart\u0131\u015farak \u00f6nerileri bir zab\u0131tla belirler.<\/li>\n<li class=\"MsoListParagraphCxSpMiddle\" style=\"text-indent: -18.0pt\"><!-- [if !supportLists]--><span style=\"font-family: Symbol\">\u00b7<span style=\"font-size: 7pt;line-height: normal;font-family: 'Times New Roman'\">\u00a0\u00a0\u00a0\u00a0\u00a0\u00a0\u00a0\u00a0 <\/span><\/span><!--[endif]-->Kurul ba\u015fkan\u0131 toplant\u0131da beliren \u00f6nerileri de g\u00f6z \u00f6n\u00fcnde tutarak \u00e7al\u0131\u015fmalar\u0131n daha verimli olmas\u0131 i\u00e7in gerekli tedbirleri al\u0131r ve sonu\u00e7lar\u0131 gelecek akademik kurul toplant\u0131s\u0131na sunar.<\/li>\n<li class=\"MsoListParagraphCxSpMiddle\" style=\"text-indent: -18.0pt\"><!-- [if !supportLists]--><span style=\"font-family: Symbol\">\u00b7<span style=\"font-size: 7pt;line-height: normal;font-family: 'Times New Roman'\">\u00a0\u00a0\u00a0\u00a0\u00a0\u00a0\u00a0\u00a0 <\/span><\/span><!--[endif]-->Al\u0131nmas\u0131 gereken tedbirler ba\u015fka kurum ve mercilerin yetkisinde oldu\u011fu hallerde, konu gerekli giri\u015fim i\u00e7in ilgili y\u00fcksek\u00f6\u011fretim kurumunun y\u00f6neticisi arac\u0131l\u0131\u011f\u0131yla rekt\u00f6rl\u00fc\u011fe iletilir.<\/li>\n<li class=\"MsoListParagraphCxSpMiddle\" style=\"text-indent: -18.0pt\"><!-- [if !supportLists]--><span style=\"font-family: Symbol\">\u00b7<span style=\"font-size: 7pt;line-height: normal;font-family: 'Times New Roman'\">\u00a0\u00a0\u00a0\u00a0\u00a0\u00a0\u00a0\u00a0 <\/span><\/span><!--[endif]-->Her \u00f6\u011fretim y\u0131l\u0131 sonunda b\u00f6l\u00fcm ba\u015fkanlar\u0131 akademik b\u00f6l\u00fcm, akademik anabilim (anasanat), varsa akademik bilim (sanat) kurullar\u0131n\u0131n g\u00f6r\u00fc\u015f ve \u00f6nerilerini de ekleyerek ge\u00e7mi\u015f y\u0131ldaki \u00e7al\u0131\u015fma plan\u0131n\u0131 belirten bir raporu ba\u011fl\u0131 bulundu\u011fu y\u00fcksek\u00f6\u011fretim kurumunun y\u00f6neticisine sunar.<\/li>\n<li class=\"MsoListParagraphCxSpLast\" style=\"text-indent: -18.0pt\"><!-- [if !supportLists]--><span style=\"font-family: Symbol\">\u00b7<span style=\"font-size: 7pt;line-height: normal;font-family: 'Times New Roman'\">\u00a0\u00a0\u00a0\u00a0\u00a0\u00a0\u00a0\u00a0 <\/span><\/span><!--[endif]-->Y\u00f6netici bu rapora kendi kanaatini de ekleyerek rekt\u00f6re g\u00f6nderir.<\/li>\n<\/ol>\n<p class=\"MsoNormal\"><a href=\"https:\/\/mevzuat.gov.tr\/mevzuat?MevzuatNo=10175&amp;MevzuatTur=7&amp;MevzuatTertip=5\">https:\/\/mevzuat.gov.tr\/mevzuat?MevzuatNo=10175&amp;MevzuatTur=7&amp;MevzuatTertip=5<\/a><\/p>\t\t\t\t\t\t\t\t<\/div>\n\t\t\t\t<\/div>\n\t\t\t\t\t<\/div>\n\t\t<\/div>\n\t\t\t\t\t<\/div>\n\t\t<\/section>\n\t\t\t\t<\/div>\n\t\t","protected":false},"excerpt":{"rendered":"<p>AKADEM\u0130K B\u0130R\u0130M YAPILANMASI VE G\u00d6REV DA\u011eILIMI B\u00f6l\u00fcm Ba\u015fkan\u0131 Strateji &#8211; Vizyon, Misyon &#8211; Stratejik Plan &#8211; Odak Alanlar &#8211; Ortakl\u0131klar &#8211; B\u00f6l\u00fcm Tarihi &#8211; B\u00f6l\u00fcm De\u011ferleri Varl\u0131k Y\u00f6netimi BT ve Dijitalle\u015fme Kalite \/Akreditasyon \u0130leti\u015fim ve Marka Performans Y\u00f6netimi S\u0131ralama Kurulu\u015flar\u0131 Bilimsel Dergiler Teknokent ile \u0130li\u015fkiler Kriz Y\u00f6netimi Etik B\u00f6l\u00fcm Ba\u015fkan Yard\u0131mc\u0131s\u0131 -1 E\u011fitim-\u00d6\u011fretim Faaliyetleri Uluslararas\u0131la\u015fma [&hellip;]<\/p>\n","protected":false},"author":271,"featured_media":0,"parent":0,"menu_order":0,"comment_status":"closed","ping_status":"closed","template":"","meta":{"footnotes":""},"class_list":["post-8901","page","type-page","status-publish","hentry"],"_links":{"self":[{"href":"https:\/\/atauni.edu.tr\/biyoloji\/wp-json\/wp\/v2\/pages\/8901","targetHints":{"allow":["GET"]}}],"collection":[{"href":"https:\/\/atauni.edu.tr\/biyoloji\/wp-json\/wp\/v2\/pages"}],"about":[{"href":"https:\/\/atauni.edu.tr\/biyoloji\/wp-json\/wp\/v2\/types\/page"}],"author":[{"embeddable":true,"href":"https:\/\/atauni.edu.tr\/biyoloji\/wp-json\/wp\/v2\/users\/271"}],"replies":[{"embeddable":true,"href":"https:\/\/atauni.edu.tr\/biyoloji\/wp-json\/wp\/v2\/comments?post=8901"}],"version-history":[{"count":10,"href":"https:\/\/atauni.edu.tr\/biyoloji\/wp-json\/wp\/v2\/pages\/8901\/revisions"}],"predecessor-version":[{"id":8912,"href":"https:\/\/atauni.edu.tr\/biyoloji\/wp-json\/wp\/v2\/pages\/8901\/revisions\/8912"}],"wp:attachment":[{"href":"https:\/\/atauni.edu.tr\/biyoloji\/wp-json\/wp\/v2\/media?parent=8901"}],"curies":[{"name":"wp","href":"https:\/\/api.w.org\/{rel}","templated":true}]}}