{"id":5638,"date":"2021-07-13T09:49:25","date_gmt":"2021-07-13T06:49:25","guid":{"rendered":"https:\/\/portaltest.atauni.edu.tr\/bilgisayar-muhendisligi\/?page_id=5638"},"modified":"2021-09-13T10:21:35","modified_gmt":"2021-09-13T07:21:35","slug":"tarihce","status":"publish","type":"page","link":"https:\/\/atauni.edu.tr\/biyoteknoloji\/tarihce\/","title":{"rendered":"Tarih\u00e7e"},"content":{"rendered":"\t\t<div data-elementor-type=\"wp-page\" data-elementor-id=\"5638\" class=\"elementor elementor-5638\" data-elementor-post-type=\"page\">\n\t\t\t\t\t\t<section class=\"elementor-section elementor-top-section elementor-element elementor-element-730d320 elementor-section-boxed elementor-section-height-default elementor-section-height-default\" data-id=\"730d320\" data-element_type=\"section\">\n\t\t\t\t\t\t<div class=\"elementor-container elementor-column-gap-default\">\n\t\t\t\t\t<div class=\"elementor-column elementor-col-100 elementor-top-column elementor-element elementor-element-753d0860\" data-id=\"753d0860\" data-element_type=\"column\">\n\t\t\t<div class=\"elementor-widget-wrap\">\n\t\t\t\t\t\t\t<\/div>\n\t\t<\/div>\n\t\t\t\t\t<\/div>\n\t\t<\/section>\n\t\t\t\t<section class=\"elementor-section elementor-top-section elementor-element elementor-element-9be811a elementor-section-boxed elementor-section-height-default elementor-section-height-default\" data-id=\"9be811a\" data-element_type=\"section\">\n\t\t\t\t\t\t<div class=\"elementor-container elementor-column-gap-default\">\n\t\t\t\t\t<div class=\"elementor-column elementor-col-100 elementor-top-column elementor-element elementor-element-1ed847b7\" data-id=\"1ed847b7\" data-element_type=\"column\">\n\t\t\t<div class=\"elementor-widget-wrap elementor-element-populated\">\n\t\t\t\t\t\t<div class=\"elementor-element elementor-element-4ce0d07f elementor-widget elementor-widget-heading\" data-id=\"4ce0d07f\" data-element_type=\"widget\" data-widget_type=\"heading.default\">\n\t\t\t\t<div class=\"elementor-widget-container\">\n\t\t\t\t\t<h2 class=\"elementor-heading-title elementor-size-default\">Tarih\u00e7e<\/h2>\t\t\t\t<\/div>\n\t\t\t\t<\/div>\n\t\t\t\t<div class=\"elementor-element elementor-element-63260862 elementor-widget-divider--view-line elementor-widget elementor-widget-divider\" data-id=\"63260862\" data-element_type=\"widget\" data-widget_type=\"divider.default\">\n\t\t\t\t<div class=\"elementor-widget-container\">\n\t\t\t\t\t\t\t<div class=\"elementor-divider\">\n\t\t\t<span class=\"elementor-divider-separator\">\n\t\t\t\t\t\t<\/span>\n\t\t<\/div>\n\t\t\t\t\t\t<\/div>\n\t\t\t\t<\/div>\n\t\t\t\t\t<\/div>\n\t\t<\/div>\n\t\t\t\t\t<\/div>\n\t\t<\/section>\n\t\t\t\t<section class=\"elementor-section elementor-top-section elementor-element elementor-element-681db8b elementor-section-boxed elementor-section-height-default elementor-section-height-default\" data-id=\"681db8b\" data-element_type=\"section\">\n\t\t\t\t\t\t<div class=\"elementor-container elementor-column-gap-default\">\n\t\t\t\t\t<div class=\"elementor-column elementor-col-100 elementor-top-column elementor-element elementor-element-ad4dac5\" data-id=\"ad4dac5\" data-element_type=\"column\">\n\t\t\t<div class=\"elementor-widget-wrap elementor-element-populated\">\n\t\t\t\t\t\t<div class=\"elementor-element elementor-element-2f96b3d elementor-widget elementor-widget-text-editor\" data-id=\"2f96b3d\" data-element_type=\"widget\" data-widget_type=\"text-editor.default\">\n\t\t\t\t<div class=\"elementor-widget-container\">\n\t\t\t\t\t\t\t\t\t<p>Atat&uuml;rk &Uuml;niversitesi Biyoteknoloji Anabilim Dal\u0131n\u0131n tarih&ccedil;esi, biyoteknolojinin t&uuml;m dallar\u0131nda &ouml;nc&uuml;l&uuml;k yapan ve &uuml;lkenin bu alanda &ouml;nde gelen kurulu\u015flar\u0131ndan biri olan Atat&uuml;rk &Uuml;niversitesinin biyoloji ve biyoteknoloji alan\u0131ndaki uzun s&uuml;reli birikim ve deneyimine dayan\u0131r.<\/p>\n<p>Anabilim dal\u0131n\u0131n kurulmas\u0131ndaki temel ama&ccedil;, biyoteknolojinin temellerini olu\u015fturan molek&uuml;ler biyoloji, genetik, mikrobiyoloji, biyokimya, biyofizik ve biyoistatistik gibi disiplinlerde &ouml;nc&uuml;l&uuml;k yapmak ve biyoteknolojinin t&uuml;m dallar\u0131nda &uuml;lke ihtiya&ccedil;lar\u0131na y&ouml;nelik &ccedil;&ouml;z&uuml;mler &uuml;retmektir.<\/p>\n<p>Bu ama&ccedil;la, anabilim dal\u0131 taraf\u0131ndan biyoteknoloji alan\u0131ndaki son geli\u015fmeleri izlemek, &uuml;lke ihtiya&ccedil;lar\u0131na y&ouml;nelik ara\u015ft\u0131rmalar yapmak ve bu alanda yeti\u015fmi\u015f insan g&uuml;c&uuml; yeti\u015ftirmek &uuml;zere &ccedil;al\u0131\u015fmalar yap\u0131lmaktad\u0131r.<\/p>\n<p>Anabilim dal\u0131n\u0131n tarih&ccedil;esi, Atat&uuml;rk &Uuml;niversitesinin biyoloji ve biyoteknoloji alan\u0131ndaki birikim ve deneyimine dayan\u0131r. Anabilim dal\u0131, biyoteknolojinin t&uuml;m dallar\u0131nda &ouml;nc&uuml;l&uuml;k yapan ve &uuml;lkenin bu alanda &ouml;nde gelen kurulu\u015flar\u0131ndan biri olmay\u0131 ama&ccedil;lamaktad\u0131r.<\/p>\t\t\t\t\t\t\t\t<\/div>\n\t\t\t\t<\/div>\n\t\t\t\t\t<\/div>\n\t\t<\/div>\n\t\t\t\t\t<\/div>\n\t\t<\/section>\n\t\t\t\t<\/div>\n\t\t","protected":false},"excerpt":{"rendered":"<p>Tarih\u00e7e Biyoteknolojinin tarihi, insan\u0131n do\u011fay\u0131 anlama ve d\u00f6n\u00fc\u015ft\u00fcrme \u00e7abalar\u0131n\u0131n ba\u015flad\u0131\u011f\u0131 zamanlara kadar uzan\u0131r. Ancak modern biyoteknoloji kavram\u0131, 20. y\u00fczy\u0131l\u0131n ikinci yar\u0131s\u0131nda molek\u00fcler biyoloji ve genetik alan\u0131ndaki geli\u015fmelerle \u015fekillenmi\u015ftir. \u0130nsanl\u0131k, binlerce y\u0131ld\u0131r bitkileri yeti\u015ftirme, hayvanlar\u0131 evcille\u015ftirme ve mikroorganizmalar\u0131 fermente etme yoluyla biyolojik sistemleri kullanmaktad\u0131r. Antik uygarl\u0131klar, ekmek yap\u0131m\u0131, bira \u00fcretimi ve peynir yap\u0131m\u0131 gibi temel biyoteknoloji [&hellip;]<\/p>\n","protected":false},"author":1,"featured_media":0,"parent":0,"menu_order":0,"comment_status":"closed","ping_status":"closed","template":"","meta":{"footnotes":""},"class_list":["post-5638","page","type-page","status-publish","hentry"],"_links":{"self":[{"href":"https:\/\/atauni.edu.tr\/biyoteknoloji\/wp-json\/wp\/v2\/pages\/5638","targetHints":{"allow":["GET"]}}],"collection":[{"href":"https:\/\/atauni.edu.tr\/biyoteknoloji\/wp-json\/wp\/v2\/pages"}],"about":[{"href":"https:\/\/atauni.edu.tr\/biyoteknoloji\/wp-json\/wp\/v2\/types\/page"}],"author":[{"embeddable":true,"href":"https:\/\/atauni.edu.tr\/biyoteknoloji\/wp-json\/wp\/v2\/users\/1"}],"replies":[{"embeddable":true,"href":"https:\/\/atauni.edu.tr\/biyoteknoloji\/wp-json\/wp\/v2\/comments?post=5638"}],"version-history":[{"count":22,"href":"https:\/\/atauni.edu.tr\/biyoteknoloji\/wp-json\/wp\/v2\/pages\/5638\/revisions"}],"predecessor-version":[{"id":6117,"href":"https:\/\/atauni.edu.tr\/biyoteknoloji\/wp-json\/wp\/v2\/pages\/5638\/revisions\/6117"}],"wp:attachment":[{"href":"https:\/\/atauni.edu.tr\/biyoteknoloji\/wp-json\/wp\/v2\/media?parent=5638"}],"curies":[{"name":"wp","href":"https:\/\/api.w.org\/{rel}","templated":true}]}}