{"id":5734,"date":"2021-07-13T11:37:45","date_gmt":"2021-07-13T08:37:45","guid":{"rendered":"https:\/\/portaltest.atauni.edu.tr\/bilgisayar-muhendisligi\/?page_id=5734"},"modified":"2021-08-27T15:50:14","modified_gmt":"2021-08-27T12:50:14","slug":"ogrenci-deneyimi","status":"publish","type":"page","link":"https:\/\/atauni.edu.tr\/biyoteknoloji\/ogrenci-deneyimi\/","title":{"rendered":"\u00d6\u011frenci Deneyimi"},"content":{"rendered":"\t\t<div data-elementor-type=\"wp-page\" data-elementor-id=\"5734\" class=\"elementor elementor-5734\" data-elementor-post-type=\"page\">\n\t\t\t\t\t\t<section class=\"elementor-section elementor-top-section elementor-element elementor-element-730d320 elementor-section-boxed elementor-section-height-default elementor-section-height-default\" data-id=\"730d320\" data-element_type=\"section\">\n\t\t\t\t\t\t<div class=\"elementor-container elementor-column-gap-default\">\n\t\t\t\t\t<div class=\"elementor-column elementor-col-100 elementor-top-column elementor-element elementor-element-753d0860\" data-id=\"753d0860\" data-element_type=\"column\">\n\t\t\t<div class=\"elementor-widget-wrap\">\n\t\t\t\t\t\t\t<\/div>\n\t\t<\/div>\n\t\t\t\t\t<\/div>\n\t\t<\/section>\n\t\t\t\t<section class=\"elementor-section elementor-top-section elementor-element elementor-element-9be811a elementor-section-boxed elementor-section-height-default elementor-section-height-default\" data-id=\"9be811a\" data-element_type=\"section\">\n\t\t\t\t\t\t<div class=\"elementor-container elementor-column-gap-default\">\n\t\t\t\t\t<div class=\"elementor-column elementor-col-100 elementor-top-column elementor-element elementor-element-1ed847b7\" data-id=\"1ed847b7\" data-element_type=\"column\">\n\t\t\t<div class=\"elementor-widget-wrap elementor-element-populated\">\n\t\t\t\t\t\t<div class=\"elementor-element elementor-element-4ce0d07f elementor-widget elementor-widget-heading\" data-id=\"4ce0d07f\" data-element_type=\"widget\" data-widget_type=\"heading.default\">\n\t\t\t\t<div class=\"elementor-widget-container\">\n\t\t\t\t\t<h2 class=\"elementor-heading-title elementor-size-default\">\u00d6\u011frenci Deneyimi<\/h2>\t\t\t\t<\/div>\n\t\t\t\t<\/div>\n\t\t\t\t<div class=\"elementor-element elementor-element-63260862 elementor-widget-divider--view-line elementor-widget elementor-widget-divider\" data-id=\"63260862\" data-element_type=\"widget\" data-widget_type=\"divider.default\">\n\t\t\t\t<div class=\"elementor-widget-container\">\n\t\t\t\t\t\t\t<div class=\"elementor-divider\">\n\t\t\t<span class=\"elementor-divider-separator\">\n\t\t\t\t\t\t<\/span>\n\t\t<\/div>\n\t\t\t\t\t\t<\/div>\n\t\t\t\t<\/div>\n\t\t\t\t\t<\/div>\n\t\t<\/div>\n\t\t\t\t\t<\/div>\n\t\t<\/section>\n\t\t\t\t<section class=\"elementor-section elementor-top-section elementor-element elementor-element-4debb41 elementor-section-boxed elementor-section-height-default elementor-section-height-default\" data-id=\"4debb41\" data-element_type=\"section\">\n\t\t\t\t\t\t<div class=\"elementor-container elementor-column-gap-default\">\n\t\t\t\t\t<div class=\"elementor-column elementor-col-100 elementor-top-column elementor-element elementor-element-28420b1\" data-id=\"28420b1\" data-element_type=\"column\">\n\t\t\t<div class=\"elementor-widget-wrap elementor-element-populated\">\n\t\t\t\t\t\t<div class=\"elementor-element elementor-element-e007b90 elementor-widget elementor-widget-ova_testimonial\" data-id=\"e007b90\" data-element_type=\"widget\" data-settings=\"{&quot;pause_on_hover&quot;:&quot;yes&quot;,&quot;infinite&quot;:&quot;yes&quot;,&quot;autoplay&quot;:&quot;yes&quot;,&quot;autoplay_speed&quot;:3000,&quot;dot_control&quot;:&quot;yes&quot;}\" data-widget_type=\"ova_testimonial.default\">\n\t\t\t\t<div class=\"elementor-widget-container\">\n\t\t\t\t\t\n\t\t\n\t\t\t<section class=\"ova-testimonial \">\n\t\t\t\t<div class=\"slide-testimonials owl-carousel owl-theme\" data-options=\"{&quot;items&quot;:3,&quot;slideBy&quot;:1,&quot;margin&quot;:30,&quot;autoplayHoverPause&quot;:true,&quot;loop&quot;:true,&quot;autoplay&quot;:true,&quot;autoplayTimeout&quot;:3000,&quot;smartSpeed&quot;:500,&quot;dots&quot;:true}\">\n\t\t\t\t\t\t\t\t\t\t\t<div class=\"item\">\n\t\t\t\t\t\t\t<div class=\"client_info\">\n\t\t\t\t\t\t\t\t\t\t\t\t\t\t\t\t\t<p class=\"evaluate\">&lt;p&gt;Atat\u00fcrk \u00dcniversitesi Biyoteknoloji b\u00f6l\u00fcm\u00fc \u00f6\u011frencileri i\u00e7in en \u00f6nemli \u00f6nceliklerden biri, kaliteli ve kapsaml\u0131 bir e\u011fitim almak ve bu s\u00fcre\u00e7te kendilerini geli\u015ftirebilmektir. \u00d6\u011frenci deneyimi, akademik hayat\u0131n merkezinde yer al\u0131r ve \u00f6\u011frencilerin \u00fcniversite ya\u015fam\u0131ndan ald\u0131klar\u0131 verimi do\u011frudan etkiler.&lt;\/p&gt;\n&lt;p&gt;Biyoteknoloji b\u00f6l\u00fcm\u00fcnde \u00f6\u011frenciler, modern laboratuvarlarda deneyim kazan\u0131rlar. Uygulamal\u0131 e\u011fitim sayesinde teorik bilgileri prati\u011fe d\u00f6kmeyi \u00f6\u011frenirler. Bu deneyimler, gelecekteki meslek ya\u015famlar\u0131nda ba\u015far\u0131l\u0131 olmalar\u0131n\u0131 sa\u011flar.&lt;\/p&gt;\n&lt;p&gt;\u00d6\u011frencilerin akademik geli\u015fimlerinin yan\u0131 s\u0131ra sosyal ve k\u00fclt\u00fcrel etkinliklere de kat\u0131lma f\u0131rsatlar\u0131 vard\u0131r. B\u00f6l\u00fcm\u00fcn d\u00fczenledi\u011fi seminerler, konferanslar ve projeler, \u00f6\u011frencilere yeni bak\u0131\u015f a\u00e7\u0131lar\u0131 kazand\u0131r\u0131r ve_network olu\u015fturmalar\u0131na yard\u0131mc\u0131 olur.&lt;\/p&gt;\n&lt;p&gt;Biyoteknoloji b\u00f6l\u00fcm\u00fcnde \u00f6\u011frenci kul\u00fcpleri ve topluluklar\u0131 da aktif olarak faaliyet g\u00f6sterir. Bu olu\u015fumlar, \u00f6\u011frencilerin ilgi alanlar\u0131na g\u00f6re bir araya gelmelerini sa\u011flar ve tak\u0131m \u00e7al\u0131\u015fmas\u0131 ruhunu geli\u015ftirir.&lt;\/p&gt;\n&lt;p&gt;\u00d6\u011frenci deneyiminin zenginle\u015ftirilmesi i\u00e7in b\u00f6l\u00fcm, \u00f6\u011frencilerle d\u00fczenli toplant\u0131lar d\u00fczenler. \u00d6\u011frencilerin g\u00f6r\u00fc\u015f ve \u00f6nerileri al\u0131n\u0131r ve e\u011fitim s\u00fcrecinin s\u00fcrekli iyile\u015ftirilmesi hedeflenir.&lt;\/p&gt;\n&lt;p&gt;Sonu\u00e7 olarak, Atat\u00fcrk \u00dcniversitesi Biyoteknoloji b\u00f6l\u00fcm\u00fc, \u00f6\u011frencilerine geni\u015f kapsaml\u0131 bir e\u011fitim deneyimi sunar. Akademik ba\u015far\u0131ya odaklan\u0131rken, sosyal ve k\u00fclt\u00fcrel geli\u015fimlerine de \u00f6nem verir. Bu approach, mezunlar\u0131n kendi alanlar\u0131nda yetkin ve donan\u0131ml\u0131 bireyler olarak yeti\u015fmelerini sa\u011flar.&lt;\/p&gt;<\/p>\n\t\t\t\t\t\t\t\t\n\t\t\t\t\t\t\t\t<div class=\"info\">\n\t\t\t\t\t\t\t\t\t\t\t\t\t\t\t\t\t\t<div class=\"name-job\">\n\t\t\t\t\t\t\t\t\t\t\t\t\t\t\t\t\t\t\t\t\t<p class=\"name second_font\">&lt;p&gt;Atat\u00fcrk \u00dcniversitesi Biyoteknoloji b\u00f6l\u00fcm\u00fc \u00f6\u011frencileri i\u00e7in en \u00f6nemli \u00f6nceliklerden biri, kaliteli ve kapsaml\u0131 bir e\u011fitim almak ve bu s\u00fcre\u00e7te kendilerini geli\u015ftirebilmektir. \u00d6\u011frenci deneyimi, akademik hayat\u0131n merkezinde yer al\u0131r ve \u00f6\u011frencilerin \u00fcniversite ya\u015fam\u0131ndan ald\u0131klar\u0131 verimi do\u011frudan etkiler.&lt;\/p&gt;\n&lt;p&gt;Biyoteknoloji b\u00f6l\u00fcm\u00fcnde \u00f6\u011frenciler, modern laboratuvarlarda deneyim kazan\u0131rlar. Uygulamal\u0131 e\u011fitim sayesinde teorik bilgileri prati\u011fe d\u00f6kmeyi \u00f6\u011frenirler. Bu deneyimler, gelecekteki meslek ya\u015famlar\u0131nda ba\u015far\u0131l\u0131 olmalar\u0131n\u0131 sa\u011flar.&lt;\/p&gt;\n&lt;p&gt;\u00d6\u011frencilerin akademik geli\u015fimlerinin yan\u0131 s\u0131ra sosyal ve k\u00fclt\u00fcrel etkinliklere de kat\u0131lma f\u0131rsatlar\u0131 vard\u0131r. B\u00f6l\u00fcm\u00fcn d\u00fczenledi\u011fi seminerler, konferanslar ve projeler, \u00f6\u011frencilere yeni bak\u0131\u015f a\u00e7\u0131lar\u0131 kazand\u0131r\u0131r ve_network olu\u015fturmalar\u0131na yard\u0131mc\u0131 olur.&lt;\/p&gt;\n&lt;p&gt;Biyoteknoloji b\u00f6l\u00fcm\u00fcnde \u00f6\u011frenci kul\u00fcpleri ve topluluklar\u0131 da aktif olarak faaliyet g\u00f6sterir. Bu olu\u015fumlar, \u00f6\u011frencilerin ilgi alanlar\u0131na g\u00f6re bir araya gelmelerini sa\u011flar ve tak\u0131m \u00e7al\u0131\u015fmas\u0131 ruhunu geli\u015ftirir.&lt;\/p&gt;\n&lt;p&gt;\u00d6\u011frenci deneyiminin zenginle\u015ftirilmesi i\u00e7in b\u00f6l\u00fcm, \u00f6\u011frencilerle d\u00fczenli toplant\u0131lar d\u00fczenler. \u00d6\u011frencilerin g\u00f6r\u00fc\u015f ve \u00f6nerileri al\u0131n\u0131r ve e\u011fitim s\u00fcrecinin s\u00fcrekli iyile\u015ftirilmesi hedeflenir.&lt;\/p&gt;\n&lt;p&gt;Sonu\u00e7 olarak, Atat\u00fcrk \u00dcniversitesi Biyoteknoloji b\u00f6l\u00fcm\u00fc, \u00f6\u011frencilerine geni\u015f kapsaml\u0131 bir e\u011fitim deneyimi sunar. Akademik ba\u015far\u0131ya odaklan\u0131rken, sosyal ve k\u00fclt\u00fcrel geli\u015fimlerine de \u00f6nem verir. Bu approach, mezunlar\u0131n kendi alanlar\u0131nda yetkin ve donan\u0131ml\u0131 bireyler olarak yeti\u015fmelerini sa\u011flar.&lt;\/p&gt;<\/p>\n\t\t\t\t\t\t\t\t\t\t\t\t\t\t\t\t\t\t\t\t\t\t\t\t\t\t\t\t\t\t\t<p class=\"job\">&lt;p&gt;Atat\u00fcrk \u00dcniversitesi Biyoteknoloji b\u00f6l\u00fcm\u00fc \u00f6\u011frencileri i\u00e7in en \u00f6nemli \u00f6nceliklerden biri, kaliteli ve kapsaml\u0131 bir e\u011fitim almak ve bu s\u00fcre\u00e7te kendilerini geli\u015ftirebilmektir. \u00d6\u011frenci deneyimi, akademik hayat\u0131n merkezinde yer al\u0131r ve \u00f6\u011frencilerin \u00fcniversite ya\u015fam\u0131ndan ald\u0131klar\u0131 verimi do\u011frudan etkiler.&lt;\/p&gt;\n&lt;p&gt;Biyoteknoloji b\u00f6l\u00fcm\u00fcnde \u00f6\u011frenciler, modern laboratuvarlarda deneyim kazan\u0131rlar. Uygulamal\u0131 e\u011fitim sayesinde teorik bilgileri prati\u011fe d\u00f6kmeyi \u00f6\u011frenirler. Bu deneyimler, gelecekteki meslek ya\u015famlar\u0131nda ba\u015far\u0131l\u0131 olmalar\u0131n\u0131 sa\u011flar.&lt;\/p&gt;\n&lt;p&gt;\u00d6\u011frencilerin akademik geli\u015fimlerinin yan\u0131 s\u0131ra sosyal ve k\u00fclt\u00fcrel etkinliklere de kat\u0131lma f\u0131rsatlar\u0131 vard\u0131r. B\u00f6l\u00fcm\u00fcn d\u00fczenledi\u011fi seminerler, konferanslar ve projeler, \u00f6\u011frencilere yeni bak\u0131\u015f a\u00e7\u0131lar\u0131 kazand\u0131r\u0131r ve_network olu\u015fturmalar\u0131na yard\u0131mc\u0131 olur.&lt;\/p&gt;\n&lt;p&gt;Biyoteknoloji b\u00f6l\u00fcm\u00fcnde \u00f6\u011frenci kul\u00fcpleri ve topluluklar\u0131 da aktif olarak faaliyet g\u00f6sterir. Bu olu\u015fumlar, \u00f6\u011frencilerin ilgi alanlar\u0131na g\u00f6re bir araya gelmelerini sa\u011flar ve tak\u0131m \u00e7al\u0131\u015fmas\u0131 ruhunu geli\u015ftirir.&lt;\/p&gt;\n&lt;p&gt;\u00d6\u011frenci deneyiminin zenginle\u015ftirilmesi i\u00e7in b\u00f6l\u00fcm, \u00f6\u011frencilerle d\u00fczenli toplant\u0131lar d\u00fczenler. \u00d6\u011frencilerin g\u00f6r\u00fc\u015f ve \u00f6nerileri al\u0131n\u0131r ve e\u011fitim s\u00fcrecinin s\u00fcrekli iyile\u015ftirilmesi hedeflenir.&lt;\/p&gt;\n&lt;p&gt;Sonu\u00e7 olarak, Atat\u00fcrk \u00dcniversitesi Biyoteknoloji b\u00f6l\u00fcm\u00fc, \u00f6\u011frencilerine geni\u015f kapsaml\u0131 bir e\u011fitim deneyimi sunar. Akademik ba\u015far\u0131ya odaklan\u0131rken, sosyal ve k\u00fclt\u00fcrel geli\u015fimlerine de \u00f6nem verir. Bu approach, mezunlar\u0131n kendi alanlar\u0131nda yetkin ve donan\u0131ml\u0131 bireyler olarak yeti\u015fmelerini sa\u011flar.&lt;\/p&gt;<\/p>\n\t\t\t\t\t\t\t\t\t\t\t\t\t\t\t\t\t\t\t<\/div>\n\t\t\t\t\t\t\t\t<\/div>\n\t\t\t\t\t\t\t\t\n\t\t\t\t\t\t\t\t\t\t\t\t\t\t\t\t\t<div class=\"icon-quote\">\n\t\t\t\t\t\t\t\t\t\t<span class=\"flaticon-left-quote-1\"><\/span>\n\t\t\t\t\t\t\t\t\t<\/div>\n\t\t\t\t\t\t\t\t\t\t\t\t\t\t\t<\/div>\n\t\t\t\t\t\t<\/div>\n\t\t\t\t\t\t\t\t\t<\/div>\n\t\t\t<\/section>\n\n\t\t\t\t\n\t\t\t\t\t\t<\/div>\n\t\t\t\t<\/div>\n\t\t\t\t\t<\/div>\n\t\t<\/div>\n\t\t\t\t\t<\/div>\n\t\t<\/section>\n\t\t\t\t<\/div>\n\t\t","protected":false},"excerpt":{"rendered":"<p>**\u00d6\u011frenci Deneyimi: Biyoteknolojinin Kalbine Yolculuk** Biyoteknoloji, ya\u015fam bilimleri ve teknolojinin kesi\u015fme noktas\u0131nda yer alan heyecan verici bir alan. \u00d6\u011frencilerimiz i\u00e7in bu alanda bir kariyer in\u015fa etmek, sadece profesyonel hedeflere ula\u015fmak de\u011fil, ayn\u0131 zamanda insanl\u0131\u011f\u0131n gelece\u011fini \u015fekillendirmek demektir. Biyoteknoloji web sitemizde, \u00f6\u011frencilerin bu b\u00fcy\u00fcleyici d\u00fcnyada nas\u0131l bir yolculu\u011fa \u00e7\u0131kabileceklerini ke\u015ffetmeye davet ediyoruz. **E\u011fitime Odaklanma** \u00d6\u011frenci deneyimi, [&hellip;]<\/p>\n","protected":false},"author":1,"featured_media":0,"parent":0,"menu_order":0,"comment_status":"closed","ping_status":"closed","template":"elementor_header_footer","meta":{"footnotes":""},"class_list":["post-5734","page","type-page","status-publish","hentry"],"_links":{"self":[{"href":"https:\/\/atauni.edu.tr\/biyoteknoloji\/wp-json\/wp\/v2\/pages\/5734","targetHints":{"allow":["GET"]}}],"collection":[{"href":"https:\/\/atauni.edu.tr\/biyoteknoloji\/wp-json\/wp\/v2\/pages"}],"about":[{"href":"https:\/\/atauni.edu.tr\/biyoteknoloji\/wp-json\/wp\/v2\/types\/page"}],"author":[{"embeddable":true,"href":"https:\/\/atauni.edu.tr\/biyoteknoloji\/wp-json\/wp\/v2\/users\/1"}],"replies":[{"embeddable":true,"href":"https:\/\/atauni.edu.tr\/biyoteknoloji\/wp-json\/wp\/v2\/comments?post=5734"}],"version-history":[{"count":20,"href":"https:\/\/atauni.edu.tr\/biyoteknoloji\/wp-json\/wp\/v2\/pages\/5734\/revisions"}],"predecessor-version":[{"id":6103,"href":"https:\/\/atauni.edu.tr\/biyoteknoloji\/wp-json\/wp\/v2\/pages\/5734\/revisions\/6103"}],"wp:attachment":[{"href":"https:\/\/atauni.edu.tr\/biyoteknoloji\/wp-json\/wp\/v2\/media?parent=5734"}],"curies":[{"name":"wp","href":"https:\/\/api.w.org\/{rel}","templated":true}]}}