{"id":5751,"date":"2021-07-13T12:50:27","date_gmt":"2021-07-13T09:50:27","guid":{"rendered":"https:\/\/portaltest.atauni.edu.tr\/bilgisayar-muhendisligi\/?page_id=5751"},"modified":"2021-08-27T15:49:39","modified_gmt":"2021-08-27T12:49:39","slug":"lisansustu-ders-listesi","status":"publish","type":"page","link":"https:\/\/atauni.edu.tr\/biyoteknoloji\/lisansustu-ders-listesi\/","title":{"rendered":"Ders Listesi"},"content":{"rendered":"\t\t<div data-elementor-type=\"wp-page\" data-elementor-id=\"5751\" class=\"elementor elementor-5751\" data-elementor-post-type=\"page\">\n\t\t\t\t\t\t<section class=\"elementor-section elementor-top-section elementor-element elementor-element-730d320 elementor-section-boxed elementor-section-height-default elementor-section-height-default\" data-id=\"730d320\" data-element_type=\"section\">\n\t\t\t\t\t\t<div class=\"elementor-container elementor-column-gap-default\">\n\t\t\t\t\t<div class=\"elementor-column elementor-col-100 elementor-top-column elementor-element elementor-element-753d0860\" data-id=\"753d0860\" data-element_type=\"column\">\n\t\t\t<div class=\"elementor-widget-wrap\">\n\t\t\t\t\t\t\t<\/div>\n\t\t<\/div>\n\t\t\t\t\t<\/div>\n\t\t<\/section>\n\t\t\t\t<section class=\"elementor-section elementor-top-section elementor-element elementor-element-9be811a elementor-section-boxed elementor-section-height-default elementor-section-height-default\" data-id=\"9be811a\" data-element_type=\"section\">\n\t\t\t\t\t\t<div class=\"elementor-container elementor-column-gap-default\">\n\t\t\t\t\t<div class=\"elementor-column elementor-col-100 elementor-top-column elementor-element elementor-element-1ed847b7\" data-id=\"1ed847b7\" data-element_type=\"column\">\n\t\t\t<div class=\"elementor-widget-wrap elementor-element-populated\">\n\t\t\t\t\t\t<div class=\"elementor-element elementor-element-4ce0d07f elementor-widget elementor-widget-heading\" data-id=\"4ce0d07f\" data-element_type=\"widget\" data-widget_type=\"heading.default\">\n\t\t\t\t<div class=\"elementor-widget-container\">\n\t\t\t\t\t<h2 class=\"elementor-heading-title elementor-size-default\">Lisans\u00fcst\u00fc Ders Listesi<\/h2>\t\t\t\t<\/div>\n\t\t\t\t<\/div>\n\t\t\t\t<div class=\"elementor-element elementor-element-63260862 elementor-widget-divider--view-line elementor-widget elementor-widget-divider\" data-id=\"63260862\" data-element_type=\"widget\" data-widget_type=\"divider.default\">\n\t\t\t\t<div class=\"elementor-widget-container\">\n\t\t\t\t\t\t\t<div class=\"elementor-divider\">\n\t\t\t<span class=\"elementor-divider-separator\">\n\t\t\t\t\t\t<\/span>\n\t\t<\/div>\n\t\t\t\t\t\t<\/div>\n\t\t\t\t<\/div>\n\t\t\t\t\t<\/div>\n\t\t<\/div>\n\t\t\t\t\t<\/div>\n\t\t<\/section>\n\t\t\t\t<section class=\"elementor-section elementor-top-section elementor-element elementor-element-6a5b7ef elementor-section-boxed elementor-section-height-default elementor-section-height-default\" data-id=\"6a5b7ef\" data-element_type=\"section\">\n\t\t\t\t\t\t<div class=\"elementor-container elementor-column-gap-default\">\n\t\t\t\t\t<div class=\"elementor-column elementor-col-100 elementor-top-column elementor-element elementor-element-ce70762\" data-id=\"ce70762\" data-element_type=\"column\">\n\t\t\t<div class=\"elementor-widget-wrap elementor-element-populated\">\n\t\t\t\t\t\t<div class=\"elementor-element elementor-element-b780842 elementor-widget elementor-widget-text-editor\" data-id=\"b780842\" data-element_type=\"widget\" data-widget_type=\"text-editor.default\">\n\t\t\t\t<div class=\"elementor-widget-container\">\n\t\t\t\t\t\t\t\t\t<html>\n<body>\n<h2>Ders Listesi<\/h2>\n<p>Atat\u00fcrk \u00dcniversitesi Biyoteknoloji b\u00f6l\u00fcm\u00fc \u00f6\u011frencileri i\u00e7in sunulan derslerin listesi a\u015fa\u011f\u0131daki gibidir:<\/p>\n<ul>\n  <li>Biyoteknoloji Temelleri<\/li>\n  <li>Molek\u00fcler Biyoloji<\/li>\n  <li>Genetik M\u00fchendisli\u011fi<\/li>\n  <li>H\u00fccre K\u00fclt\u00fcr\u00fc ve Doku M\u00fchendisli\u011fi<\/li>\n  <li>Biyoinformatik ve Biyoistatistik<\/li>\n  <li>Biyosens\u00f6rler ve Biyoelektronik<\/li>\n  <li>Nanoteknoloji ve Nanobiyoteknoloji<\/li>\n  <li>Biyokimya ve Enzimler<\/li>\n  <li>Mikrobiyoloji ve Mikrobiyal Biyoteknoloji<\/li>\n  <li>Bitki Biyoteknolojisi<\/li>\n  <li>Hayvan Biyoteknolojisi<\/li>\n  <li>Biyog\u00fcvenlik ve Biyoetik<\/li>\n  <li>Ara\u015ft\u0131rma Y\u00f6ntemleri ve \u0130statistik<\/li>\n  <li>Laboratuvar Uygulamalar\u0131<\/li>\n  <li>Staj ve Proje \u00c7al\u0131\u015fmas\u0131<\/li>\n<\/ul>\n<p>Derslerin i\u00e7eri\u011fi ve detay\u0131 \u00f6\u011frencilerin akademik dan\u0131\u015fmanlar\u0131na ba\u015fvurarak \u00f6\u011frenebileceklerdir.<\/p>\n<\/body>\n<\/html>\t\t\t\t\t\t\t\t<\/div>\n\t\t\t\t<\/div>\n\t\t\t\t\t<\/div>\n\t\t<\/div>\n\t\t\t\t\t<\/div>\n\t\t<\/section>\n\t\t\t\t<\/div>\n\t\t","protected":false},"excerpt":{"rendered":"<p>**Ders Listesi** Biyoteknoloji alan\u0131nda uzmanla\u015fmak isteyenler i\u00e7in \u00e7e\u015fitli dersler sunuyoruz. Bu dersler, biyoteknolojinin temel prensiplerinden uygulamalar\u0131na kadar geni\u015f bir yelpazeyi kaps\u0131yor. \u0130\u015fte bizimle beraber \u00f6\u011frenebilece\u011finiz baz\u0131 \u00f6nemli dersler: 1. **Biyoteknoloji Temelleri**: Biyoteknolojinin\u5386\u53f2sel geli\u015fimini, tan\u0131mlar\u0131n\u0131 ve biyoteknolojik uygulamalar\u0131n daily hayata nas\u0131l entegre edildi\u011fini \u00f6\u011frenin. 2. **Molek\u00fcler Biyoloji**: DNA, RNA, proteinlerin yap\u0131s\u0131 ve fonksiyonlar\u0131 ile bunlar\u0131n nas\u0131l [&hellip;]<\/p>\n","protected":false},"author":1,"featured_media":0,"parent":0,"menu_order":0,"comment_status":"closed","ping_status":"closed","template":"elementor_header_footer","meta":{"footnotes":""},"class_list":["post-5751","page","type-page","status-publish","hentry"],"_links":{"self":[{"href":"https:\/\/atauni.edu.tr\/biyoteknoloji\/wp-json\/wp\/v2\/pages\/5751","targetHints":{"allow":["GET"]}}],"collection":[{"href":"https:\/\/atauni.edu.tr\/biyoteknoloji\/wp-json\/wp\/v2\/pages"}],"about":[{"href":"https:\/\/atauni.edu.tr\/biyoteknoloji\/wp-json\/wp\/v2\/types\/page"}],"author":[{"embeddable":true,"href":"https:\/\/atauni.edu.tr\/biyoteknoloji\/wp-json\/wp\/v2\/users\/1"}],"replies":[{"embeddable":true,"href":"https:\/\/atauni.edu.tr\/biyoteknoloji\/wp-json\/wp\/v2\/comments?post=5751"}],"version-history":[{"count":11,"href":"https:\/\/atauni.edu.tr\/biyoteknoloji\/wp-json\/wp\/v2\/pages\/5751\/revisions"}],"predecessor-version":[{"id":6097,"href":"https:\/\/atauni.edu.tr\/biyoteknoloji\/wp-json\/wp\/v2\/pages\/5751\/revisions\/6097"}],"wp:attachment":[{"href":"https:\/\/atauni.edu.tr\/biyoteknoloji\/wp-json\/wp\/v2\/media?parent=5751"}],"curies":[{"name":"wp","href":"https:\/\/api.w.org\/{rel}","templated":true}]}}