{"id":5791,"date":"2021-07-13T13:07:15","date_gmt":"2021-07-13T10:07:15","guid":{"rendered":"https:\/\/portaltest.atauni.edu.tr\/bilgisayar-muhendisligi\/?page_id=5791"},"modified":"2021-08-27T15:49:32","modified_gmt":"2021-08-27T12:49:32","slug":"staj","status":"publish","type":"page","link":"https:\/\/atauni.edu.tr\/biyoteknoloji\/staj\/","title":{"rendered":"Staj"},"content":{"rendered":"\t\t<div data-elementor-type=\"wp-page\" data-elementor-id=\"5791\" class=\"elementor elementor-5791\" data-elementor-post-type=\"page\">\n\t\t\t\t\t\t<section class=\"elementor-section elementor-top-section elementor-element elementor-element-730d320 elementor-section-boxed elementor-section-height-default elementor-section-height-default\" data-id=\"730d320\" data-element_type=\"section\">\n\t\t\t\t\t\t<div class=\"elementor-container elementor-column-gap-default\">\n\t\t\t\t\t<div class=\"elementor-column elementor-col-100 elementor-top-column elementor-element elementor-element-753d0860\" data-id=\"753d0860\" data-element_type=\"column\">\n\t\t\t<div class=\"elementor-widget-wrap\">\n\t\t\t\t\t\t\t<\/div>\n\t\t<\/div>\n\t\t\t\t\t<\/div>\n\t\t<\/section>\n\t\t\t\t<section class=\"elementor-section elementor-top-section elementor-element elementor-element-9be811a elementor-section-boxed elementor-section-height-default elementor-section-height-default\" data-id=\"9be811a\" data-element_type=\"section\">\n\t\t\t\t\t\t<div class=\"elementor-container elementor-column-gap-default\">\n\t\t\t\t\t<div class=\"elementor-column elementor-col-100 elementor-top-column elementor-element elementor-element-1ed847b7\" data-id=\"1ed847b7\" data-element_type=\"column\">\n\t\t\t<div class=\"elementor-widget-wrap elementor-element-populated\">\n\t\t\t\t\t\t<div class=\"elementor-element elementor-element-4ce0d07f elementor-widget elementor-widget-heading\" data-id=\"4ce0d07f\" data-element_type=\"widget\" data-widget_type=\"heading.default\">\n\t\t\t\t<div class=\"elementor-widget-container\">\n\t\t\t\t\t<h2 class=\"elementor-heading-title elementor-size-default\">Staj<\/h2>\t\t\t\t<\/div>\n\t\t\t\t<\/div>\n\t\t\t\t<div class=\"elementor-element elementor-element-63260862 elementor-widget-divider--view-line elementor-widget elementor-widget-divider\" data-id=\"63260862\" data-element_type=\"widget\" data-widget_type=\"divider.default\">\n\t\t\t\t<div class=\"elementor-widget-container\">\n\t\t\t\t\t\t\t<div class=\"elementor-divider\">\n\t\t\t<span class=\"elementor-divider-separator\">\n\t\t\t\t\t\t<\/span>\n\t\t<\/div>\n\t\t\t\t\t\t<\/div>\n\t\t\t\t<\/div>\n\t\t\t\t\t<\/div>\n\t\t<\/div>\n\t\t\t\t\t<\/div>\n\t\t<\/section>\n\t\t\t\t<section class=\"elementor-section elementor-top-section elementor-element elementor-element-10e8347 elementor-section-boxed elementor-section-height-default elementor-section-height-default\" data-id=\"10e8347\" data-element_type=\"section\">\n\t\t\t\t\t\t<div class=\"elementor-container elementor-column-gap-default\">\n\t\t\t\t\t<div class=\"elementor-column elementor-col-100 elementor-top-column elementor-element elementor-element-795ab05\" data-id=\"795ab05\" data-element_type=\"column\">\n\t\t\t<div class=\"elementor-widget-wrap elementor-element-populated\">\n\t\t\t\t\t\t<div class=\"elementor-element elementor-element-4524745 elementor-widget elementor-widget-text-editor\" data-id=\"4524745\" data-element_type=\"widget\" data-widget_type=\"text-editor.default\">\n\t\t\t\t<div class=\"elementor-widget-container\">\n\t\t\t\t\t\t\t\t\t<h2>Staj<\/h2>\n<p>Biyoteknoloji b\u00f6l\u00fcm\u00fcn\u00fcn staj uygulamas\u0131, \u00f6\u011frencilerin teorik bilgileri pratikte uygulama f\u0131rsat\u0131 sunar. Bu sayede mezun olduklar\u0131nda i\u015f hayat\u0131na daha iyi haz\u0131rlanm\u0131\u015f olurlar.<\/p>\n<p>Stajyerler, laboratuvar ortam\u0131nda \u00e7e\u015fitli deney ve analizleri ger\u00e7ekle\u015ftirebilir, biyoteknoloji alan\u0131nda kullan\u0131lan ara\u00e7 ve gere\u00e7lerin kullan\u0131m\u0131 hakk\u0131nda deneyim kazan\u0131rlar. Ayn\u0131 zamanda biyoteknoloji sekt\u00f6r\u00fcn\u00fcn \u00f6nde gelen firmalar\u0131yla ba\u011flant\u0131 kurma f\u0131rsat\u0131na sahip olurlar.<\/p>\n<p>Staj s\u00fcresince \u00f6\u011frencilere, bir mentor taraf\u0131ndan rehberlik edilir ve projelere aktif olarak kat\u0131l\u0131mlar\u0131 sa\u011flan\u0131r. Bu tecr\u00fcbe, mezuniyet sonras\u0131 i\u015f ba\u015fvurular\u0131nda \u00f6nemli bir avantaj sa\u011flar.<\/p>\n<p>Biyoteknoloji staj\u0131n\u0131n amac\u0131; \u00f6\u011frencilerin e\u011fitimlerini tamamlad\u0131ktan sonra sekt\u00f6rde rahat\u00e7a adapte olmalar\u0131n\u0131 sa\u011flamak ve biyoteknoloji alan\u0131ndaki geli\u015fmeleri yak\u0131ndan takip etmelerini sa\u011flamakt\u0131r.<\/p>\t\t\t\t\t\t\t\t<\/div>\n\t\t\t\t<\/div>\n\t\t\t\t\t<\/div>\n\t\t<\/div>\n\t\t\t\t\t<\/div>\n\t\t<\/section>\n\t\t\t\t<\/div>\n\t\t","protected":false},"excerpt":{"rendered":"<p>**Staj** \u015eirketimiz, biyoteknoloji alan\u0131ndaki gen\u00e7 yetenekleri desteklemek ve sekt\u00f6rde deneyim kazanmalar\u0131n\u0131 sa\u011flamak amac\u0131yla staj programlar\u0131 d\u00fczenlemektedir. Stajyerlerimiz, \u015firketimizin deneyimli uzmanlar\u0131n\u0131n rehberli\u011finde ger\u00e7ek bir \u00e7al\u0131\u015fma ortam\u0131nda kendilerini geli\u015ftirme f\u0131rsat\u0131 bulurlar. **Staj Program\u0131n\u0131n Amac\u0131** &#8211; Biyoteknoloji alan\u0131nda e\u011fitim g\u00f6ren \u00f6\u011frencilerin teorik bilgilerini pratikte uygulamalar\u0131na olanak sa\u011flamak, &#8211; Gen\u00e7 yetenekleri sekt\u00f6re kazand\u0131rmak ve \u015firket k\u00fclt\u00fcr\u00fc ile tan\u0131\u015ft\u0131rmak, &#8211; [&hellip;]<\/p>\n","protected":false},"author":1,"featured_media":0,"parent":0,"menu_order":0,"comment_status":"closed","ping_status":"closed","template":"elementor_header_footer","meta":{"footnotes":""},"class_list":["post-5791","page","type-page","status-publish","hentry"],"_links":{"self":[{"href":"https:\/\/atauni.edu.tr\/biyoteknoloji\/wp-json\/wp\/v2\/pages\/5791","targetHints":{"allow":["GET"]}}],"collection":[{"href":"https:\/\/atauni.edu.tr\/biyoteknoloji\/wp-json\/wp\/v2\/pages"}],"about":[{"href":"https:\/\/atauni.edu.tr\/biyoteknoloji\/wp-json\/wp\/v2\/types\/page"}],"author":[{"embeddable":true,"href":"https:\/\/atauni.edu.tr\/biyoteknoloji\/wp-json\/wp\/v2\/users\/1"}],"replies":[{"embeddable":true,"href":"https:\/\/atauni.edu.tr\/biyoteknoloji\/wp-json\/wp\/v2\/comments?post=5791"}],"version-history":[{"count":8,"href":"https:\/\/atauni.edu.tr\/biyoteknoloji\/wp-json\/wp\/v2\/pages\/5791\/revisions"}],"predecessor-version":[{"id":6094,"href":"https:\/\/atauni.edu.tr\/biyoteknoloji\/wp-json\/wp\/v2\/pages\/5791\/revisions\/6094"}],"wp:attachment":[{"href":"https:\/\/atauni.edu.tr\/biyoteknoloji\/wp-json\/wp\/v2\/media?parent=5791"}],"curies":[{"name":"wp","href":"https:\/\/api.w.org\/{rel}","templated":true}]}}