{"id":5765,"date":"2021-07-13T12:56:51","date_gmt":"2021-07-13T09:56:51","guid":{"rendered":"https:\/\/portaltest.atauni.edu.tr\/bilgisayar-muhendisligi\/?page_id=5765"},"modified":"2021-08-27T15:48:18","modified_gmt":"2021-08-27T12:48:18","slug":"anabilim-dallari","status":"publish","type":"page","link":"https:\/\/atauni.edu.tr\/buro-hizmetleri-ve-sekreterlik-4\/anabilim-dallari\/","title":{"rendered":"Anabilim Dallar\u0131"},"content":{"rendered":"\t\t<div data-elementor-type=\"wp-page\" data-elementor-id=\"5765\" class=\"elementor elementor-5765\" data-elementor-post-type=\"page\">\n\t\t\t\t\t\t<section class=\"elementor-section elementor-top-section elementor-element elementor-element-730d320 elementor-section-boxed elementor-section-height-default elementor-section-height-default\" data-id=\"730d320\" data-element_type=\"section\">\n\t\t\t\t\t\t<div class=\"elementor-container elementor-column-gap-default\">\n\t\t\t\t\t<div class=\"elementor-column elementor-col-100 elementor-top-column elementor-element elementor-element-753d0860\" data-id=\"753d0860\" data-element_type=\"column\">\n\t\t\t<div class=\"elementor-widget-wrap\">\n\t\t\t\t\t\t\t<\/div>\n\t\t<\/div>\n\t\t\t\t\t<\/div>\n\t\t<\/section>\n\t\t\t\t<section class=\"elementor-section elementor-top-section elementor-element elementor-element-9be811a elementor-section-boxed elementor-section-height-default elementor-section-height-default\" data-id=\"9be811a\" data-element_type=\"section\">\n\t\t\t\t\t\t<div class=\"elementor-container elementor-column-gap-default\">\n\t\t\t\t\t<div class=\"elementor-column elementor-col-100 elementor-top-column elementor-element elementor-element-1ed847b7\" data-id=\"1ed847b7\" data-element_type=\"column\">\n\t\t\t<div class=\"elementor-widget-wrap elementor-element-populated\">\n\t\t\t\t\t\t<div class=\"elementor-element elementor-element-4ce0d07f elementor-widget elementor-widget-heading\" data-id=\"4ce0d07f\" data-element_type=\"widget\" data-widget_type=\"heading.default\">\n\t\t\t\t<div class=\"elementor-widget-container\">\n\t\t\t\t\t<h2 class=\"elementor-heading-title elementor-size-default\">Anabilim Dallar\u0131<\/h2>\t\t\t\t<\/div>\n\t\t\t\t<\/div>\n\t\t\t\t<div class=\"elementor-element elementor-element-63260862 elementor-widget-divider--view-line elementor-widget elementor-widget-divider\" data-id=\"63260862\" data-element_type=\"widget\" data-widget_type=\"divider.default\">\n\t\t\t\t<div class=\"elementor-widget-container\">\n\t\t\t\t\t\t\t<div class=\"elementor-divider\">\n\t\t\t<span class=\"elementor-divider-separator\">\n\t\t\t\t\t\t<\/span>\n\t\t<\/div>\n\t\t\t\t\t\t<\/div>\n\t\t\t\t<\/div>\n\t\t\t\t\t<\/div>\n\t\t<\/div>\n\t\t\t\t\t<\/div>\n\t\t<\/section>\n\t\t\t\t<section class=\"elementor-section elementor-top-section elementor-element elementor-element-681db8b elementor-section-boxed elementor-section-height-default elementor-section-height-default\" data-id=\"681db8b\" data-element_type=\"section\">\n\t\t\t\t\t\t<div class=\"elementor-container elementor-column-gap-default\">\n\t\t\t\t\t<div class=\"elementor-column elementor-col-100 elementor-top-column elementor-element elementor-element-ad4dac5\" data-id=\"ad4dac5\" data-element_type=\"column\">\n\t\t\t<div class=\"elementor-widget-wrap elementor-element-populated\">\n\t\t\t\t\t\t<div class=\"elementor-element elementor-element-2f96b3d elementor-widget elementor-widget-text-editor\" data-id=\"2f96b3d\" data-element_type=\"widget\" data-widget_type=\"text-editor.default\">\n\t\t\t\t<div class=\"elementor-widget-container\">\n\t\t\t\t\t\t\t\t\t<p>Anabilim dallar\u0131, \u00fcniversitelerin akademik yap\u0131lar\u0131 i\u00e7erisinde \u00f6nemli bir yer tutar. Atat\u00fcrk \u00dcniversitesi B\u00fcro Hizmetleri ve Sekreterlik b\u00f6l\u00fcm\u00fc de bu \u00e7er\u00e7evede faaliyet g\u00f6sterir.<\/p>\n<p>Bu b\u00f6l\u00fcm\u00fcn anabilim dallar\u0131, b\u00fcro y\u00f6netimi, sekreterlik hizmetleri ve ilgili alanlarda uzmanl\u0131k kazand\u0131rmay\u0131 ama\u00e7lar. \u00d6\u011frencilere, i\u015f d\u00fcnyas\u0131nda ba\u015far\u0131l\u0131 bir \u015fekilde \u00e7al\u0131\u015fabilmeleri i\u00e7in gerekli olan beceriler ve bilgiler verilir.<\/p>\n<p>Anabilim dallar\u0131 aras\u0131nda yer alan konular, b\u00fcro y\u00f6netimi ilkeleri, ofis y\u00f6netiminde hi\u1ec7u qu\u1ea3 kullan\u0131m, ileti\u015fim teknikleri, sekreterlik mesle\u011fi ve uygulamalar\u0131 gibi alanlar\u0131 i\u00e7erir. Ayr\u0131ca, \u00f6\u011frencilerin g\u00fcncel teknolojileri kullanma becerilerini geli\u015ftirmelerine y\u00f6nelik dersler de bulunur.<\/p>\n<p>Bu b\u00f6l\u00fcmde verilen e\u011fitim, \u00f6\u011frencilerin hem teorik hem de pratik a\u00e7\u0131dan zengin bir \u015fekilde yeti\u015ftirilmesini sa\u011flar. Atat\u00fcrk \u00dcniversitesi B\u00fcro Hizmetleri ve Sekreterlik b\u00f6l\u00fcm\u00fcn\u00fcn anabilim dallar\u0131, i\u015f d\u00fcnyas\u0131nda ihtiya\u00e7 duyulan nitelikli elemanlar\u0131 yeti\u015ftirmek amac\u0131yla tasarlan\u0131r.<\/p>\n<p>\u00d6\u011frenciler, ald\u0131klar\u0131 e\u011fitim sayesinde b\u00fcro ve sekreterlik hizmetlerinde uzmanla\u015f\u0131r ve mezun olduktan sonra \u00e7e\u015fitli sekt\u00f6rlerde ba\u015far\u0131l\u0131 bir \u015fekilde \u00e7al\u0131\u015fabilirler. B\u00f6l\u00fcm\u00fcn anabilim dallar\u0131n\u0131n \u00e7e\u015fitlili\u011fi, \u00f6\u011frencilerin ilgi ve yeteneklerine uygun alanlarda uzmanla\u015fmalar\u0131na olanak tan\u0131r.<\/p>\t\t\t\t\t\t\t\t<\/div>\n\t\t\t\t<\/div>\n\t\t\t\t\t<\/div>\n\t\t<\/div>\n\t\t\t\t\t<\/div>\n\t\t<\/section>\n\t\t\t\t<\/div>\n\t\t","protected":false},"excerpt":{"rendered":"<p>Anabilim Dallar\u0131 Lorem Ipsum Nedir? Lorem Ipsum, dizgi ve bask\u0131 end\u00fcstrisinde kullan\u0131lan m\u0131g\u0131r metinlerdir. Lorem Ipsum, ad\u0131 bilinmeyen bir matbaac\u0131n\u0131n bir hurufat numune kitab\u0131 olu\u015fturmak \u00fczere bir yaz\u0131 galerisini alarak kar\u0131\u015ft\u0131rd\u0131\u011f\u0131 1500&#8217;lerden beri end\u00fcstri standard\u0131 sahte metinler olarak kullan\u0131lm\u0131\u015ft\u0131r. Be\u015fy\u00fcz y\u0131l boyunca varl\u0131\u011f\u0131n\u0131 s\u00fcrd\u00fcrmekle kalmam\u0131\u015f, ayn\u0131 zamanda pek de\u011fi\u015fmeden elektronik dizgiye de s\u0131\u00e7ram\u0131\u015ft\u0131r. 1960&#8217;larda Lorem [&hellip;]<\/p>\n","protected":false},"author":1,"featured_media":0,"parent":0,"menu_order":0,"comment_status":"closed","ping_status":"closed","template":"elementor_header_footer","meta":{"footnotes":""},"class_list":["post-5765","page","type-page","status-publish","hentry"],"_links":{"self":[{"href":"https:\/\/atauni.edu.tr\/buro-hizmetleri-ve-sekreterlik-4\/wp-json\/wp\/v2\/pages\/5765","targetHints":{"allow":["GET"]}}],"collection":[{"href":"https:\/\/atauni.edu.tr\/buro-hizmetleri-ve-sekreterlik-4\/wp-json\/wp\/v2\/pages"}],"about":[{"href":"https:\/\/atauni.edu.tr\/buro-hizmetleri-ve-sekreterlik-4\/wp-json\/wp\/v2\/types\/page"}],"author":[{"embeddable":true,"href":"https:\/\/atauni.edu.tr\/buro-hizmetleri-ve-sekreterlik-4\/wp-json\/wp\/v2\/users\/1"}],"replies":[{"embeddable":true,"href":"https:\/\/atauni.edu.tr\/buro-hizmetleri-ve-sekreterlik-4\/wp-json\/wp\/v2\/comments?post=5765"}],"version-history":[{"count":8,"href":"https:\/\/atauni.edu.tr\/buro-hizmetleri-ve-sekreterlik-4\/wp-json\/wp\/v2\/pages\/5765\/revisions"}],"predecessor-version":[{"id":6082,"href":"https:\/\/atauni.edu.tr\/buro-hizmetleri-ve-sekreterlik-4\/wp-json\/wp\/v2\/pages\/5765\/revisions\/6082"}],"wp:attachment":[{"href":"https:\/\/atauni.edu.tr\/buro-hizmetleri-ve-sekreterlik-4\/wp-json\/wp\/v2\/media?parent=5765"}],"curies":[{"name":"wp","href":"https:\/\/api.w.org\/{rel}","templated":true}]}}