{"id":5638,"date":"2021-07-13T09:49:25","date_gmt":"2021-07-13T06:49:25","guid":{"rendered":"https:\/\/portaltest.atauni.edu.tr\/bilgisayar-muhendisligi\/?page_id=5638"},"modified":"2021-09-13T10:21:35","modified_gmt":"2021-09-13T07:21:35","slug":"tarihce","status":"publish","type":"page","link":"https:\/\/atauni.edu.tr\/buro-hizmetleri-ve-sekreterlik-bolumu-4\/tarihce\/","title":{"rendered":"Tarih\u00e7e"},"content":{"rendered":"\t\t<div data-elementor-type=\"wp-page\" data-elementor-id=\"5638\" class=\"elementor elementor-5638\" data-elementor-post-type=\"page\">\n\t\t\t\t\t\t<section class=\"elementor-section elementor-top-section elementor-element elementor-element-730d320 elementor-section-boxed elementor-section-height-default elementor-section-height-default\" data-id=\"730d320\" data-element_type=\"section\">\n\t\t\t\t\t\t<div class=\"elementor-container elementor-column-gap-default\">\n\t\t\t\t\t<div class=\"elementor-column elementor-col-100 elementor-top-column elementor-element elementor-element-753d0860\" data-id=\"753d0860\" data-element_type=\"column\">\n\t\t\t<div class=\"elementor-widget-wrap\">\n\t\t\t\t\t\t\t<\/div>\n\t\t<\/div>\n\t\t\t\t\t<\/div>\n\t\t<\/section>\n\t\t\t\t<section class=\"elementor-section elementor-top-section elementor-element elementor-element-9be811a elementor-section-boxed elementor-section-height-default elementor-section-height-default\" data-id=\"9be811a\" data-element_type=\"section\">\n\t\t\t\t\t\t<div class=\"elementor-container elementor-column-gap-default\">\n\t\t\t\t\t<div class=\"elementor-column elementor-col-100 elementor-top-column elementor-element elementor-element-1ed847b7\" data-id=\"1ed847b7\" data-element_type=\"column\">\n\t\t\t<div class=\"elementor-widget-wrap elementor-element-populated\">\n\t\t\t\t\t\t<div class=\"elementor-element elementor-element-4ce0d07f elementor-widget elementor-widget-heading\" data-id=\"4ce0d07f\" data-element_type=\"widget\" data-widget_type=\"heading.default\">\n\t\t\t\t<div class=\"elementor-widget-container\">\n\t\t\t\t\t<h2 class=\"elementor-heading-title elementor-size-default\">Tarih\u00e7e<\/h2>\t\t\t\t<\/div>\n\t\t\t\t<\/div>\n\t\t\t\t<div class=\"elementor-element elementor-element-63260862 elementor-widget-divider--view-line elementor-widget elementor-widget-divider\" data-id=\"63260862\" data-element_type=\"widget\" data-widget_type=\"divider.default\">\n\t\t\t\t<div class=\"elementor-widget-container\">\n\t\t\t\t\t\t\t<div class=\"elementor-divider\">\n\t\t\t<span class=\"elementor-divider-separator\">\n\t\t\t\t\t\t<\/span>\n\t\t<\/div>\n\t\t\t\t\t\t<\/div>\n\t\t\t\t<\/div>\n\t\t\t\t\t<\/div>\n\t\t<\/div>\n\t\t\t\t\t<\/div>\n\t\t<\/section>\n\t\t\t\t<section class=\"elementor-section elementor-top-section elementor-element elementor-element-681db8b elementor-section-boxed elementor-section-height-default elementor-section-height-default\" data-id=\"681db8b\" data-element_type=\"section\">\n\t\t\t\t\t\t<div class=\"elementor-container elementor-column-gap-default\">\n\t\t\t\t\t<div class=\"elementor-column elementor-col-100 elementor-top-column elementor-element elementor-element-ad4dac5\" data-id=\"ad4dac5\" data-element_type=\"column\">\n\t\t\t<div class=\"elementor-widget-wrap elementor-element-populated\">\n\t\t\t\t\t\t<div class=\"elementor-element elementor-element-2f96b3d elementor-widget elementor-widget-text-editor\" data-id=\"2f96b3d\" data-element_type=\"widget\" data-widget_type=\"text-editor.default\">\n\t\t\t\t<div class=\"elementor-widget-container\">\n\t\t\t\t\t\t\t\t\t<p>B&uuml;ro Hizmetleri ve Sekreterlik B&ouml;l&uuml;m&uuml;n&uuml;n tarih&ccedil;esi, e\u011fitim kurumlar\u0131 i&ccedil;erisindeki geli\u015fmelere paralel olarak \u015fekillenmi\u015ftir. \u0130lgili b&ouml;l&uuml;m&uuml;n kurulma amac\u0131nda, i\u015f ya\u015fam\u0131n\u0131n de\u011fi\u015fen ko\u015fullar\u0131na uyum sa\u011flayabilen ve hi\u1ec7u qu\u1ea3 bir \u015fekilde sekreterlik mesle\u011fini yerine getirebilecek nitelikli elemanlar\u0131 yeti\u015ftirme hedefi yer alm\u0131\u015ft\u0131r.<\/p>\n<p>B&ouml;l&uuml;min e\u011fitim program\u0131, b&uuml;ro y&ouml;netimi, sekreterlik teknikleri, ileti\u015fim becerileri ve i\u015f ya\u015fam\u0131na ili\u015fkin gerekli bilgi ve becerilerin kazand\u0131r\u0131lmas\u0131na odaklanm\u0131\u015ft\u0131r. Program\u0131n Amac\u0131, \u00f6\u011frencilere teorik ve pratik bilgiler vermeyi hedeflemi\u015ftir.<\/p>\n<p>Bu b&ouml;l&uuml;mde verilen e\u011fitimler sayesinde mezun olan \u00f6\u011frenciler, kamu ve &ouml;zel sekt&ouml;rdeki kurumlarda sekreterlik ve benzeri pozisyonlarda i\u015f bulma imkan\u0131na sahip olurlar. Ayr\u0131ca, kendi i\u015flerini kurmak isteyen giri\u015fimciler de bu b&ouml;l&uuml;mden mezun olarak gerekli bilgi ve becerileri kazanm\u0131\u015f olurlar.<\/p>\t\t\t\t\t\t\t\t<\/div>\n\t\t\t\t<\/div>\n\t\t\t\t\t<\/div>\n\t\t<\/div>\n\t\t\t\t\t<\/div>\n\t\t<\/section>\n\t\t\t\t<\/div>\n\t\t","protected":false},"excerpt":{"rendered":"<p>Tarih\u00e7e B\u00fcro Hizmetleri ve Sekreterlik B\u00f6l\u00fcm\u00fcm\u00fcz\u00fcn k\u00f6keni, i\u015fletmelerin ve kurulu\u015flar\u0131n ileti\u015fim ve idari s\u00fcre\u00e7lerinde etkin rol oynamaya ba\u015flayan sekreterlik mesle\u011finin ge\u00e7mi\u015fine dayan\u0131r. Ge\u00e7mi\u015fte, sekreterler genellikle temel ofis i\u015flerini y\u00fcr\u00fctme konusunda uzmanla\u015fm\u0131\u015flard\u0131r. Ancak zamanla, teknolojinin geli\u015fmesiyle birlikte b\u00fcro hizmetleri ve sekreterlik alan\u0131nda yeni beceriler ve uzmanl\u0131klar ortaya \u00e7\u0131km\u0131\u015ft\u0131r. B\u00fcro Hizmetleri ve Sekreterlik B\u00f6l\u00fcm\u00fcm\u00fcz, bu de\u011fi\u015fim s\u00fcrecinde [&hellip;]<\/p>\n","protected":false},"author":1,"featured_media":0,"parent":0,"menu_order":0,"comment_status":"closed","ping_status":"closed","template":"","meta":{"footnotes":""},"class_list":["post-5638","page","type-page","status-publish","hentry"],"_links":{"self":[{"href":"https:\/\/atauni.edu.tr\/buro-hizmetleri-ve-sekreterlik-bolumu-4\/wp-json\/wp\/v2\/pages\/5638","targetHints":{"allow":["GET"]}}],"collection":[{"href":"https:\/\/atauni.edu.tr\/buro-hizmetleri-ve-sekreterlik-bolumu-4\/wp-json\/wp\/v2\/pages"}],"about":[{"href":"https:\/\/atauni.edu.tr\/buro-hizmetleri-ve-sekreterlik-bolumu-4\/wp-json\/wp\/v2\/types\/page"}],"author":[{"embeddable":true,"href":"https:\/\/atauni.edu.tr\/buro-hizmetleri-ve-sekreterlik-bolumu-4\/wp-json\/wp\/v2\/users\/1"}],"replies":[{"embeddable":true,"href":"https:\/\/atauni.edu.tr\/buro-hizmetleri-ve-sekreterlik-bolumu-4\/wp-json\/wp\/v2\/comments?post=5638"}],"version-history":[{"count":22,"href":"https:\/\/atauni.edu.tr\/buro-hizmetleri-ve-sekreterlik-bolumu-4\/wp-json\/wp\/v2\/pages\/5638\/revisions"}],"predecessor-version":[{"id":6117,"href":"https:\/\/atauni.edu.tr\/buro-hizmetleri-ve-sekreterlik-bolumu-4\/wp-json\/wp\/v2\/pages\/5638\/revisions\/6117"}],"wp:attachment":[{"href":"https:\/\/atauni.edu.tr\/buro-hizmetleri-ve-sekreterlik-bolumu-4\/wp-json\/wp\/v2\/media?parent=5638"}],"curies":[{"name":"wp","href":"https:\/\/api.w.org\/{rel}","templated":true}]}}