{"id":5728,"date":"2021-07-13T11:33:38","date_gmt":"2021-07-13T08:33:38","guid":{"rendered":"https:\/\/portaltest.atauni.edu.tr\/bilgisayar-muhendisligi\/?page_id=5728"},"modified":"2021-08-27T15:49:46","modified_gmt":"2021-08-27T12:49:46","slug":"bolum-tanitimi","status":"publish","type":"page","link":"https:\/\/atauni.edu.tr\/buro-hizmetleri-ve-sekreterlik-bolumu-4\/bolum-tanitimi\/","title":{"rendered":"B\u00f6l\u00fcm Tan\u0131t\u0131m\u0131"},"content":{"rendered":"\t\t<div data-elementor-type=\"wp-page\" data-elementor-id=\"5728\" class=\"elementor elementor-5728\" data-elementor-post-type=\"page\">\n\t\t\t\t\t\t<section class=\"elementor-section elementor-top-section elementor-element elementor-element-730d320 elementor-section-boxed elementor-section-height-default elementor-section-height-default\" data-id=\"730d320\" data-element_type=\"section\">\n\t\t\t\t\t\t<div class=\"elementor-container elementor-column-gap-default\">\n\t\t\t\t\t<div class=\"elementor-column elementor-col-100 elementor-top-column elementor-element elementor-element-753d0860\" data-id=\"753d0860\" data-element_type=\"column\">\n\t\t\t<div class=\"elementor-widget-wrap\">\n\t\t\t\t\t\t\t<\/div>\n\t\t<\/div>\n\t\t\t\t\t<\/div>\n\t\t<\/section>\n\t\t\t\t<section class=\"elementor-section elementor-top-section elementor-element elementor-element-9be811a elementor-section-boxed elementor-section-height-default elementor-section-height-default\" data-id=\"9be811a\" data-element_type=\"section\">\n\t\t\t\t\t\t<div class=\"elementor-container elementor-column-gap-default\">\n\t\t\t\t\t<div class=\"elementor-column elementor-col-100 elementor-top-column elementor-element elementor-element-1ed847b7\" data-id=\"1ed847b7\" data-element_type=\"column\">\n\t\t\t<div class=\"elementor-widget-wrap elementor-element-populated\">\n\t\t\t\t\t\t<div class=\"elementor-element elementor-element-4ce0d07f elementor-widget elementor-widget-heading\" data-id=\"4ce0d07f\" data-element_type=\"widget\" data-widget_type=\"heading.default\">\n\t\t\t\t<div class=\"elementor-widget-container\">\n\t\t\t\t\t<h2 class=\"elementor-heading-title elementor-size-default\">B\u00f6l\u00fcm Tan\u0131t\u0131m\u0131<\/h2>\t\t\t\t<\/div>\n\t\t\t\t<\/div>\n\t\t\t\t<div class=\"elementor-element elementor-element-63260862 elementor-widget-divider--view-line elementor-widget elementor-widget-divider\" data-id=\"63260862\" data-element_type=\"widget\" data-widget_type=\"divider.default\">\n\t\t\t\t<div class=\"elementor-widget-container\">\n\t\t\t\t\t\t\t<div class=\"elementor-divider\">\n\t\t\t<span class=\"elementor-divider-separator\">\n\t\t\t\t\t\t<\/span>\n\t\t<\/div>\n\t\t\t\t\t\t<\/div>\n\t\t\t\t<\/div>\n\t\t\t\t\t<\/div>\n\t\t<\/div>\n\t\t\t\t\t<\/div>\n\t\t<\/section>\n\t\t\t\t<section class=\"elementor-section elementor-top-section elementor-element elementor-element-681db8b elementor-section-boxed elementor-section-height-default elementor-section-height-default\" data-id=\"681db8b\" data-element_type=\"section\">\n\t\t\t\t\t\t<div class=\"elementor-container elementor-column-gap-default\">\n\t\t\t\t\t<div class=\"elementor-column elementor-col-100 elementor-top-column elementor-element elementor-element-ad4dac5\" data-id=\"ad4dac5\" data-element_type=\"column\">\n\t\t\t<div class=\"elementor-widget-wrap elementor-element-populated\">\n\t\t\t\t\t\t<div class=\"elementor-element elementor-element-2f96b3d elementor-widget elementor-widget-text-editor\" data-id=\"2f96b3d\" data-element_type=\"widget\" data-widget_type=\"text-editor.default\">\n\t\t\t\t<div class=\"elementor-widget-container\">\n\t\t\t\t\t\t\t\t\t<p>B\u00fcro Hizmetleri ve Sekreterlik B\u00f6l\u00fcm\u00fc, \u00f6\u011frencilerine i\u015f d\u00fcnyas\u0131n\u0131n talep etti\u011fi becerilerle donat\u0131lm\u0131\u015f,Qualified sekreterler yeti\u015ftirmeyi ama\u00e7layan bir programd\u0131r.<\/p>\n<p>B\u00f6l\u00fcm\u00fcn m\u00fcfredat\u0131, \u00f6\u011frencilerin hem teorik hem de pratik bilgileri kazanmalar\u0131n\u0131 sa\u011flayacak \u015fekilde tasarlanm\u0131\u015ft\u0131r. Ders i\u00e7erikleri aras\u0131nda ofis y\u00f6netimi, ileti\u015fim teknikleri, belge y\u00f6netimi, sekreterlik mesle\u011fi ve protokol gibi konular yer almaktad\u0131r.<\/p>\n<p>\u00d6\u011frencilere, i\u015f hayat\u0131nda ba\u015far\u0131l\u0131 olmalar\u0131 i\u00e7in gerekli olan becerileri kazand\u0131rmak amac\u0131yla, staj ve uygulama \u00e7al\u0131\u015fmalar\u0131 da b\u00f6l\u00fcm\u00fcn m\u00fcfredat\u0131n\u0131n \u00f6nemli bir par\u00e7as\u0131n\u0131 olu\u015fturmaktad\u0131r.<\/p>\n<p>B\u00f6l\u00fcm mezunlar\u0131, kamu kurumlar\u0131nda veya \u00f6zel sekt\u00f6rde, \u00e7e\u015fitli pozisyonlarda \u00e7al\u0131\u015fabilirler. Bunlar aras\u0131nda sekreter, asistan, ofis m\u00fcd\u00fcr\u00fc veya idari i\u015fler sorumlusu gibi roller bulunmaktad\u0131r.<\/p>\n<p>Atat\u00fcrk \u00dcniversitesi B\u00fcro Hizmetleri ve Sekreterlik B\u00f6l\u00fcm\u00fc, \u00f6\u011frencilerini i\u015f d\u00fcnyas\u0131n\u0131n gereksinimlerine uygun bir \u015fekilde yeti\u015ftirmeyi hedeflemekte ve mezunlar\u0131na ba\u015far\u0131l\u0131 bir meslek ya\u015fam\u0131 i\u00e7in gerekli olan ara\u00e7lar\u0131 sa\u011flamaktad\u0131r.<\/p>\t\t\t\t\t\t\t\t<\/div>\n\t\t\t\t<\/div>\n\t\t\t\t\t<\/div>\n\t\t<\/div>\n\t\t\t\t\t<\/div>\n\t\t<\/section>\n\t\t\t\t<\/div>\n\t\t","protected":false},"excerpt":{"rendered":"<p>**B\u00f6l\u00fcm Tan\u0131t\u0131m\u0131** B\u00fcro Hizmetleri ve Sekreterlik B\u00f6l\u00fcm\u00fcm\u00fcz, \u00f6\u011frencilerini i\u015f d\u00fcnyas\u0131n\u0131n ihtiya\u00e7 duydu\u011fu nitelikli personele d\u00f6n\u00fc\u015ft\u00fcrmek amac\u0131yla kurulmu\u015ftur. B\u00f6l\u00fcm\u00fcm\u00fczde sunulan e\u011fitim program\u0131, \u00f6\u011frencilerin b\u00fcro y\u00f6netimi, sekreterlik, ileti\u015fim, organizasyon ve y\u00f6netim gibi konularda kapsaml\u0131 bir e\u011fitim almas\u0131n\u0131 sa\u011flamaktad\u0131r. B\u00f6l\u00fcm\u00fcm\u00fcz\u00fcn amac\u0131, \u00f6\u011frencilere teorik ve pratik bilgilerin yan\u0131 s\u0131ra, i\u015f d\u00fcnyas\u0131nda gerekli olan beceri ve yetenekleri kazand\u0131rmak ve onlar\u0131 [&hellip;]<\/p>\n","protected":false},"author":1,"featured_media":0,"parent":0,"menu_order":0,"comment_status":"closed","ping_status":"closed","template":"elementor_header_footer","meta":{"footnotes":""},"class_list":["post-5728","page","type-page","status-publish","hentry"],"_links":{"self":[{"href":"https:\/\/atauni.edu.tr\/buro-hizmetleri-ve-sekreterlik-bolumu-4\/wp-json\/wp\/v2\/pages\/5728","targetHints":{"allow":["GET"]}}],"collection":[{"href":"https:\/\/atauni.edu.tr\/buro-hizmetleri-ve-sekreterlik-bolumu-4\/wp-json\/wp\/v2\/pages"}],"about":[{"href":"https:\/\/atauni.edu.tr\/buro-hizmetleri-ve-sekreterlik-bolumu-4\/wp-json\/wp\/v2\/types\/page"}],"author":[{"embeddable":true,"href":"https:\/\/atauni.edu.tr\/buro-hizmetleri-ve-sekreterlik-bolumu-4\/wp-json\/wp\/v2\/users\/1"}],"replies":[{"embeddable":true,"href":"https:\/\/atauni.edu.tr\/buro-hizmetleri-ve-sekreterlik-bolumu-4\/wp-json\/wp\/v2\/comments?post=5728"}],"version-history":[{"count":8,"href":"https:\/\/atauni.edu.tr\/buro-hizmetleri-ve-sekreterlik-bolumu-4\/wp-json\/wp\/v2\/pages\/5728\/revisions"}],"predecessor-version":[{"id":6100,"href":"https:\/\/atauni.edu.tr\/buro-hizmetleri-ve-sekreterlik-bolumu-4\/wp-json\/wp\/v2\/pages\/5728\/revisions\/6100"}],"wp:attachment":[{"href":"https:\/\/atauni.edu.tr\/buro-hizmetleri-ve-sekreterlik-bolumu-4\/wp-json\/wp\/v2\/media?parent=5728"}],"curies":[{"name":"wp","href":"https:\/\/api.w.org\/{rel}","templated":true}]}}