{"id":5751,"date":"2021-07-13T12:50:27","date_gmt":"2021-07-13T09:50:27","guid":{"rendered":"https:\/\/portaltest.atauni.edu.tr\/bilgisayar-muhendisligi\/?page_id=5751"},"modified":"2021-08-27T15:49:39","modified_gmt":"2021-08-27T12:49:39","slug":"lisansustu-ders-listesi","status":"publish","type":"page","link":"https:\/\/atauni.edu.tr\/buro-hizmetleri-ve-sekreterlik-bolumu-4\/lisansustu-ders-listesi\/","title":{"rendered":"Ders Listesi"},"content":{"rendered":"\t\t<div data-elementor-type=\"wp-page\" data-elementor-id=\"5751\" class=\"elementor elementor-5751\" data-elementor-post-type=\"page\">\n\t\t\t\t\t\t<section class=\"elementor-section elementor-top-section elementor-element elementor-element-730d320 elementor-section-boxed elementor-section-height-default elementor-section-height-default\" data-id=\"730d320\" data-element_type=\"section\">\n\t\t\t\t\t\t<div class=\"elementor-container elementor-column-gap-default\">\n\t\t\t\t\t<div class=\"elementor-column elementor-col-100 elementor-top-column elementor-element elementor-element-753d0860\" data-id=\"753d0860\" data-element_type=\"column\">\n\t\t\t<div class=\"elementor-widget-wrap\">\n\t\t\t\t\t\t\t<\/div>\n\t\t<\/div>\n\t\t\t\t\t<\/div>\n\t\t<\/section>\n\t\t\t\t<section class=\"elementor-section elementor-top-section elementor-element elementor-element-9be811a elementor-section-boxed elementor-section-height-default elementor-section-height-default\" data-id=\"9be811a\" data-element_type=\"section\">\n\t\t\t\t\t\t<div class=\"elementor-container elementor-column-gap-default\">\n\t\t\t\t\t<div class=\"elementor-column elementor-col-100 elementor-top-column elementor-element elementor-element-1ed847b7\" data-id=\"1ed847b7\" data-element_type=\"column\">\n\t\t\t<div class=\"elementor-widget-wrap elementor-element-populated\">\n\t\t\t\t\t\t<div class=\"elementor-element elementor-element-4ce0d07f elementor-widget elementor-widget-heading\" data-id=\"4ce0d07f\" data-element_type=\"widget\" data-widget_type=\"heading.default\">\n\t\t\t\t<div class=\"elementor-widget-container\">\n\t\t\t\t\t<h2 class=\"elementor-heading-title elementor-size-default\">Lisans\u00fcst\u00fc Ders Listesi<\/h2>\t\t\t\t<\/div>\n\t\t\t\t<\/div>\n\t\t\t\t<div class=\"elementor-element elementor-element-63260862 elementor-widget-divider--view-line elementor-widget elementor-widget-divider\" data-id=\"63260862\" data-element_type=\"widget\" data-widget_type=\"divider.default\">\n\t\t\t\t<div class=\"elementor-widget-container\">\n\t\t\t\t\t\t\t<div class=\"elementor-divider\">\n\t\t\t<span class=\"elementor-divider-separator\">\n\t\t\t\t\t\t<\/span>\n\t\t<\/div>\n\t\t\t\t\t\t<\/div>\n\t\t\t\t<\/div>\n\t\t\t\t\t<\/div>\n\t\t<\/div>\n\t\t\t\t\t<\/div>\n\t\t<\/section>\n\t\t\t\t<section class=\"elementor-section elementor-top-section elementor-element elementor-element-6a5b7ef elementor-section-boxed elementor-section-height-default elementor-section-height-default\" data-id=\"6a5b7ef\" data-element_type=\"section\">\n\t\t\t\t\t\t<div class=\"elementor-container elementor-column-gap-default\">\n\t\t\t\t\t<div class=\"elementor-column elementor-col-100 elementor-top-column elementor-element elementor-element-ce70762\" data-id=\"ce70762\" data-element_type=\"column\">\n\t\t\t<div class=\"elementor-widget-wrap elementor-element-populated\">\n\t\t\t\t\t\t<div class=\"elementor-element elementor-element-b780842 elementor-widget elementor-widget-text-editor\" data-id=\"b780842\" data-element_type=\"widget\" data-widget_type=\"text-editor.default\">\n\t\t\t\t<div class=\"elementor-widget-container\">\n\t\t\t\t\t\t\t\t\t<html>\n<p>B\u00fcro Hizmetleri ve Sekreterlik B\u00f6l\u00fcm\u00fc, \u00f6\u011frencilere b\u00fcro y\u00f6netimi ve sekreterlik alan\u0131ndaki temel kavramlar ve beceriler hakk\u0131nda geni\u015f bir perspektif sunar. B\u00f6l\u00fcm\u00fcn ders listesi, \u00f6\u011frencilerin i\u015f d\u00fcnyas\u0131n\u0131n gereksinimlerini kar\u015f\u0131layabilecek \u015fekilde tasarlan\u0131r.<\/p>\n<p>Temel dersler aras\u0131nda ofis y\u00f6netiminde kullan\u0131lan yaz\u0131l\u0131m uygulamalar\u0131, ileti\u015fim teknikleri, organizasyon ve zaman y\u00f6netimi gibi konular bulunur. Ayr\u0131ca, \u00f6\u011frencilere i\u015f ya\u015fant\u0131s\u0131nda kar\u015f\u0131la\u015fabilecekleri sorunlar\u0131 \u00e7\u00f6z\u00fcmleme yetenekleri kazand\u0131r\u0131l\u0131r.<\/p>\n<p>Ders i\u00e7erikleri, teorik ve pratik e\u011fitim faaliyetleri ile desteklenir. \u00d6\u011frenciler, ger\u00e7ek ya\u015fam senaryolar\u0131nda becerilerini geli\u015ftirme f\u0131rsat\u0131 bulurlar. B\u00f6l\u00fcm\u00fcn amac\u0131, mezunlar\u0131n\u0131n i\u015f d\u00fcnyas\u0131na uyum sa\u011flamalar\u0131na yard\u0131mc\u0131 olmak ve onlar\u0131 ba\u015far\u0131l\u0131 birer b\u00fcro y\u00f6neticisi veya sekreter olarak yeti\u015ftirmektir.<\/p>\n<p>B\u00f6l\u00fcm\u00fcn sundu\u011fu e\u011fitim program\u0131, \u00f6\u011frencilerin ki\u015fisel ve mesleki geli\u015fimlerini te\u015fvik eder. Ayr\u0131ca, sekt\u00f6r\u00fcn \u00f6nde gelen isimlerinden konuk konu\u015fmac\u0131lar taraf\u0131ndan verilen seminerler ve at\u00f6lye \u00e7al\u0131\u015fmalar\u0131 ile desteklenir.<\/p>\n<\/html>\t\t\t\t\t\t\t\t<\/div>\n\t\t\t\t<\/div>\n\t\t\t\t\t<\/div>\n\t\t<\/div>\n\t\t\t\t\t<\/div>\n\t\t<\/section>\n\t\t\t\t<\/div>\n\t\t","protected":false},"excerpt":{"rendered":"<p>**Ders Listesi** B\u00fcro Hizmetleri ve Sekreterlik B\u00f6l\u00fcm\u00fc \u00f6\u011frencilerinin akademik ba\u015far\u0131lar\u0131n\u0131 desteklemek amac\u0131yla haz\u0131rlanan ders listesinde, b\u00f6l\u00fcm\u00fcn \u00f6\u011fretim plan\u0131nda yer alan zorunlu ve se\u00e7meli dersler bulunmaktad\u0131r. \u00d6\u011frencilerin mezuniyet ko\u015fullar\u0131n\u0131 kar\u015f\u0131layabilmesi i\u00e7in bu dersleri ba\u015far\u0131yla tamamlamalar\u0131 gerekmektedir. **1. Y\u0131l Dersleri:** &#8211; B\u00fcro Y\u00f6netimi Temelleri &#8211; \u0130leti\u015fim Becerileri &#8211; Sekreterlik ve Ofis Y\u00f6netimi &#8211; Bilgisayar Destekli \u00d6\u011fretim &#8211; [&hellip;]<\/p>\n","protected":false},"author":1,"featured_media":0,"parent":0,"menu_order":0,"comment_status":"closed","ping_status":"closed","template":"elementor_header_footer","meta":{"footnotes":""},"class_list":["post-5751","page","type-page","status-publish","hentry"],"_links":{"self":[{"href":"https:\/\/atauni.edu.tr\/buro-hizmetleri-ve-sekreterlik-bolumu-4\/wp-json\/wp\/v2\/pages\/5751","targetHints":{"allow":["GET"]}}],"collection":[{"href":"https:\/\/atauni.edu.tr\/buro-hizmetleri-ve-sekreterlik-bolumu-4\/wp-json\/wp\/v2\/pages"}],"about":[{"href":"https:\/\/atauni.edu.tr\/buro-hizmetleri-ve-sekreterlik-bolumu-4\/wp-json\/wp\/v2\/types\/page"}],"author":[{"embeddable":true,"href":"https:\/\/atauni.edu.tr\/buro-hizmetleri-ve-sekreterlik-bolumu-4\/wp-json\/wp\/v2\/users\/1"}],"replies":[{"embeddable":true,"href":"https:\/\/atauni.edu.tr\/buro-hizmetleri-ve-sekreterlik-bolumu-4\/wp-json\/wp\/v2\/comments?post=5751"}],"version-history":[{"count":11,"href":"https:\/\/atauni.edu.tr\/buro-hizmetleri-ve-sekreterlik-bolumu-4\/wp-json\/wp\/v2\/pages\/5751\/revisions"}],"predecessor-version":[{"id":6097,"href":"https:\/\/atauni.edu.tr\/buro-hizmetleri-ve-sekreterlik-bolumu-4\/wp-json\/wp\/v2\/pages\/5751\/revisions\/6097"}],"wp:attachment":[{"href":"https:\/\/atauni.edu.tr\/buro-hizmetleri-ve-sekreterlik-bolumu-4\/wp-json\/wp\/v2\/media?parent=5751"}],"curies":[{"name":"wp","href":"https:\/\/api.w.org\/{rel}","templated":true}]}}