{"id":5791,"date":"2021-07-13T13:07:15","date_gmt":"2021-07-13T10:07:15","guid":{"rendered":"https:\/\/portaltest.atauni.edu.tr\/bilgisayar-muhendisligi\/?page_id=5791"},"modified":"2021-08-27T15:49:32","modified_gmt":"2021-08-27T12:49:32","slug":"staj","status":"publish","type":"page","link":"https:\/\/atauni.edu.tr\/buro-hizmetleri-ve-sekreterlik-bolumu-4\/staj\/","title":{"rendered":"Staj"},"content":{"rendered":"\t\t<div data-elementor-type=\"wp-page\" data-elementor-id=\"5791\" class=\"elementor elementor-5791\" data-elementor-post-type=\"page\">\n\t\t\t\t\t\t<section class=\"elementor-section elementor-top-section elementor-element elementor-element-730d320 elementor-section-boxed elementor-section-height-default elementor-section-height-default\" data-id=\"730d320\" data-element_type=\"section\">\n\t\t\t\t\t\t<div class=\"elementor-container elementor-column-gap-default\">\n\t\t\t\t\t<div class=\"elementor-column elementor-col-100 elementor-top-column elementor-element elementor-element-753d0860\" data-id=\"753d0860\" data-element_type=\"column\">\n\t\t\t<div class=\"elementor-widget-wrap\">\n\t\t\t\t\t\t\t<\/div>\n\t\t<\/div>\n\t\t\t\t\t<\/div>\n\t\t<\/section>\n\t\t\t\t<section class=\"elementor-section elementor-top-section elementor-element elementor-element-9be811a elementor-section-boxed elementor-section-height-default elementor-section-height-default\" data-id=\"9be811a\" data-element_type=\"section\">\n\t\t\t\t\t\t<div class=\"elementor-container elementor-column-gap-default\">\n\t\t\t\t\t<div class=\"elementor-column elementor-col-100 elementor-top-column elementor-element elementor-element-1ed847b7\" data-id=\"1ed847b7\" data-element_type=\"column\">\n\t\t\t<div class=\"elementor-widget-wrap elementor-element-populated\">\n\t\t\t\t\t\t<div class=\"elementor-element elementor-element-4ce0d07f elementor-widget elementor-widget-heading\" data-id=\"4ce0d07f\" data-element_type=\"widget\" data-widget_type=\"heading.default\">\n\t\t\t\t<div class=\"elementor-widget-container\">\n\t\t\t\t\t<h2 class=\"elementor-heading-title elementor-size-default\">Staj<\/h2>\t\t\t\t<\/div>\n\t\t\t\t<\/div>\n\t\t\t\t<div class=\"elementor-element elementor-element-63260862 elementor-widget-divider--view-line elementor-widget elementor-widget-divider\" data-id=\"63260862\" data-element_type=\"widget\" data-widget_type=\"divider.default\">\n\t\t\t\t<div class=\"elementor-widget-container\">\n\t\t\t\t\t\t\t<div class=\"elementor-divider\">\n\t\t\t<span class=\"elementor-divider-separator\">\n\t\t\t\t\t\t<\/span>\n\t\t<\/div>\n\t\t\t\t\t\t<\/div>\n\t\t\t\t<\/div>\n\t\t\t\t\t<\/div>\n\t\t<\/div>\n\t\t\t\t\t<\/div>\n\t\t<\/section>\n\t\t\t\t<section class=\"elementor-section elementor-top-section elementor-element elementor-element-10e8347 elementor-section-boxed elementor-section-height-default elementor-section-height-default\" data-id=\"10e8347\" data-element_type=\"section\">\n\t\t\t\t\t\t<div class=\"elementor-container elementor-column-gap-default\">\n\t\t\t\t\t<div class=\"elementor-column elementor-col-100 elementor-top-column elementor-element elementor-element-795ab05\" data-id=\"795ab05\" data-element_type=\"column\">\n\t\t\t<div class=\"elementor-widget-wrap elementor-element-populated\">\n\t\t\t\t\t\t<div class=\"elementor-element elementor-element-4524745 elementor-widget elementor-widget-text-editor\" data-id=\"4524745\" data-element_type=\"widget\" data-widget_type=\"text-editor.default\">\n\t\t\t\t<div class=\"elementor-widget-container\">\n\t\t\t\t\t\t\t\t\t<html>\n<body>\n<h2>Staj<\/h2>\n<p>B\u00fcro Hizmetleri ve Sekreterlik B\u00f6l\u00fcm\u00fc \u00f6\u011frencileri, e\u011fitim ald\u0131klar\u0131 s\u00fcre zarf\u0131nda teorik bilgileri pratik olarak uygulamaya ge\u00e7irebilmek amac\u0131yla staj programlar\u0131na kat\u0131l\u0131rlar. Bu programlar, \u00f6\u011frencilerin i\u015f hayat\u0131na uyum sa\u011flamalar\u0131na ve mesleki becerilerini geli\u015ftirmelerine yard\u0131mc\u0131 olur.<\/p>\n<p>Staj Program\u0131n\u0131n Amac\u0131:<\/p>\n<ul>\n  <li>\u00d6\u011frencilerin teorik bilgilerini pratik olarak uygulamaya ge\u00e7irmelerini sa\u011flamak<\/li>\n  <li>\u0130\u015f hayat\u0131na uyum sa\u011flamalar\u0131na yard\u0131mc\u0131 olmak<\/li>\n  <li>Mesleki becerilerini geli\u015ftirmek<\/li>\n  <li>\u0130lgili sekt\u00f6rlerle i\u015f birli\u011fi i\u00e7erisinde \u00f6\u011frencilerin deneyim kazanmalar\u0131n\u0131 sa\u011flamak<\/li>\n<\/ul>\n<p>Staj S\u00fcreci:<\/p>\n<p>\u00d6\u011frenciler, stajlar\u0131n\u0131 genellikle b\u00f6l\u00fcm\u00fcn belirledi\u011fi tarihler aras\u0131nda ve ilgili kurum veya kurulu\u015flarda tamamlarlar. Staj processinde \u00f6\u011frencilerden, g\u00f6rev ald\u0131klar\u0131 s\u00fcre zarf\u0131nda edindikleri deneyimleri ve g\u00f6zlemlerini raporlamalar\u0131 beklenir.<\/p>\n<p>Staj\u0131n \u00d6grenciler \u0130\u00e7in \u00d6nemi:<\/p>\n<p>Staj, \u00f6\u011frencilerin i\u015f hayat\u0131na ad\u0131m atmadan \u00f6nce \u00f6nemli bir deneyim kazand\u0131klar\u0131 bir s\u00fcre\u00e7tir. Bu sayede, \u00f6\u011frenciler kendilerini geli\u015ftirme f\u0131rsat\u0131 bulur ve gelecekteki meslek ya\u015fant\u0131lar\u0131na y\u00f6n verecek birikime sahip olurlar.<\/p>\n<\/body>\n<\/html>\t\t\t\t\t\t\t\t<\/div>\n\t\t\t\t<\/div>\n\t\t\t\t\t<\/div>\n\t\t<\/div>\n\t\t\t\t\t<\/div>\n\t\t<\/section>\n\t\t\t\t<\/div>\n\t\t","protected":false},"excerpt":{"rendered":"<p>**Staj** B\u00fcro Hizmetleri ve Sekreterlik B\u00f6l\u00fcm\u00fc olarak, \u00f6\u011frencilerimizin teorik bilgileri pratik uygulamalarla desteklemesini \u00f6nemsiyoruz. Bu ama\u00e7la, \u00f6\u011frencilerimize staj olanaklar\u0131 sunuyoruz. Staj programlar\u0131m\u0131z, \u00f6\u011frencilerin ger\u00e7ek bir i\u015f ortam\u0131nda deneyim kazanmalar\u0131n\u0131, ileti\u015fim becerilerini geli\u015ftirmelerini ve sekt\u00f6r\u00fcn \u00f6nde gelen firmalar\u0131yla tan\u0131\u015fmalar\u0131n\u0131 sa\u011flar. **Staj\u0131n Amac\u0131** Staj\u0131n temel amac\u0131, \u00f6\u011frencilerin ald\u0131klar\u0131 e\u011fitimleri ger\u00e7ek hayatta uygulayarak experiencia kazanmalar\u0131d\u0131r. Bu sayede, \u00f6\u011frenciler [&hellip;]<\/p>\n","protected":false},"author":1,"featured_media":0,"parent":0,"menu_order":0,"comment_status":"closed","ping_status":"closed","template":"elementor_header_footer","meta":{"footnotes":""},"class_list":["post-5791","page","type-page","status-publish","hentry"],"_links":{"self":[{"href":"https:\/\/atauni.edu.tr\/buro-hizmetleri-ve-sekreterlik-bolumu-4\/wp-json\/wp\/v2\/pages\/5791","targetHints":{"allow":["GET"]}}],"collection":[{"href":"https:\/\/atauni.edu.tr\/buro-hizmetleri-ve-sekreterlik-bolumu-4\/wp-json\/wp\/v2\/pages"}],"about":[{"href":"https:\/\/atauni.edu.tr\/buro-hizmetleri-ve-sekreterlik-bolumu-4\/wp-json\/wp\/v2\/types\/page"}],"author":[{"embeddable":true,"href":"https:\/\/atauni.edu.tr\/buro-hizmetleri-ve-sekreterlik-bolumu-4\/wp-json\/wp\/v2\/users\/1"}],"replies":[{"embeddable":true,"href":"https:\/\/atauni.edu.tr\/buro-hizmetleri-ve-sekreterlik-bolumu-4\/wp-json\/wp\/v2\/comments?post=5791"}],"version-history":[{"count":8,"href":"https:\/\/atauni.edu.tr\/buro-hizmetleri-ve-sekreterlik-bolumu-4\/wp-json\/wp\/v2\/pages\/5791\/revisions"}],"predecessor-version":[{"id":6094,"href":"https:\/\/atauni.edu.tr\/buro-hizmetleri-ve-sekreterlik-bolumu-4\/wp-json\/wp\/v2\/pages\/5791\/revisions\/6094"}],"wp:attachment":[{"href":"https:\/\/atauni.edu.tr\/buro-hizmetleri-ve-sekreterlik-bolumu-4\/wp-json\/wp\/v2\/media?parent=5791"}],"curies":[{"name":"wp","href":"https:\/\/api.w.org\/{rel}","templated":true}]}}