{"id":5800,"date":"2021-07-13T13:12:45","date_gmt":"2021-07-13T10:12:45","guid":{"rendered":"https:\/\/portaltest.atauni.edu.tr\/bilgisayar-muhendisligi\/?page_id=5800"},"modified":"2021-08-27T15:49:23","modified_gmt":"2021-08-27T12:49:23","slug":"bitirme-projeleri","status":"publish","type":"page","link":"https:\/\/atauni.edu.tr\/buro-hizmetleri-ve-sekreterlik-bolumu-4\/bitirme-projeleri\/","title":{"rendered":"Bitirme Projeleri"},"content":{"rendered":"\t\t<div data-elementor-type=\"wp-page\" data-elementor-id=\"5800\" class=\"elementor elementor-5800\" data-elementor-post-type=\"page\">\n\t\t\t\t\t\t<section class=\"elementor-section elementor-top-section elementor-element elementor-element-730d320 elementor-section-boxed elementor-section-height-default elementor-section-height-default\" data-id=\"730d320\" data-element_type=\"section\">\n\t\t\t\t\t\t<div class=\"elementor-container elementor-column-gap-default\">\n\t\t\t\t\t<div class=\"elementor-column elementor-col-100 elementor-top-column elementor-element elementor-element-753d0860\" data-id=\"753d0860\" data-element_type=\"column\">\n\t\t\t<div class=\"elementor-widget-wrap\">\n\t\t\t\t\t\t\t<\/div>\n\t\t<\/div>\n\t\t\t\t\t<\/div>\n\t\t<\/section>\n\t\t\t\t<section class=\"elementor-section elementor-top-section elementor-element elementor-element-9be811a elementor-section-boxed elementor-section-height-default elementor-section-height-default\" data-id=\"9be811a\" data-element_type=\"section\">\n\t\t\t\t\t\t<div class=\"elementor-container elementor-column-gap-default\">\n\t\t\t\t\t<div class=\"elementor-column elementor-col-100 elementor-top-column elementor-element elementor-element-1ed847b7\" data-id=\"1ed847b7\" data-element_type=\"column\">\n\t\t\t<div class=\"elementor-widget-wrap elementor-element-populated\">\n\t\t\t\t\t\t<div class=\"elementor-element elementor-element-4ce0d07f elementor-widget elementor-widget-heading\" data-id=\"4ce0d07f\" data-element_type=\"widget\" data-widget_type=\"heading.default\">\n\t\t\t\t<div class=\"elementor-widget-container\">\n\t\t\t\t\t<h2 class=\"elementor-heading-title elementor-size-default\">Bitirme Projeleri<\/h2>\t\t\t\t<\/div>\n\t\t\t\t<\/div>\n\t\t\t\t<div class=\"elementor-element elementor-element-63260862 elementor-widget-divider--view-line elementor-widget elementor-widget-divider\" data-id=\"63260862\" data-element_type=\"widget\" data-widget_type=\"divider.default\">\n\t\t\t\t<div class=\"elementor-widget-container\">\n\t\t\t\t\t\t\t<div class=\"elementor-divider\">\n\t\t\t<span class=\"elementor-divider-separator\">\n\t\t\t\t\t\t<\/span>\n\t\t<\/div>\n\t\t\t\t\t\t<\/div>\n\t\t\t\t<\/div>\n\t\t\t\t\t<\/div>\n\t\t<\/div>\n\t\t\t\t\t<\/div>\n\t\t<\/section>\n\t\t\t\t<section class=\"elementor-section elementor-top-section elementor-element elementor-element-6c18d0b elementor-section-boxed elementor-section-height-default elementor-section-height-default\" data-id=\"6c18d0b\" data-element_type=\"section\">\n\t\t\t\t\t\t<div class=\"elementor-container elementor-column-gap-default\">\n\t\t\t\t\t<div class=\"elementor-column elementor-col-100 elementor-top-column elementor-element elementor-element-5a88ff5\" data-id=\"5a88ff5\" data-element_type=\"column\">\n\t\t\t<div class=\"elementor-widget-wrap elementor-element-populated\">\n\t\t\t\t\t\t<div class=\"elementor-element elementor-element-69d7a2b elementor-widget elementor-widget-accordion\" data-id=\"69d7a2b\" data-element_type=\"widget\" data-widget_type=\"accordion.default\">\n\t\t\t\t<div class=\"elementor-widget-container\">\n\t\t\t\t\t\t\t<div class=\"elementor-accordion\">\n\t\t\t\t\t\t\t<div class=\"elementor-accordion-item\">\n\t\t\t\t\t<div id=\"elementor-tab-title-1101\" class=\"elementor-tab-title\" data-tab=\"1\" role=\"button\" aria-controls=\"elementor-tab-content-1101\" aria-expanded=\"false\">\n\t\t\t\t\t\t\t\t\t\t\t\t\t<span class=\"elementor-accordion-icon elementor-accordion-icon-left\" aria-hidden=\"true\">\n\t\t\t\t\t\t\t\t\t\t\t\t\t\t\t<span class=\"elementor-accordion-icon-closed\"><i class=\"fas fa-plus\"><\/i><\/span>\n\t\t\t\t\t\t\t\t<span class=\"elementor-accordion-icon-opened\"><i class=\"fas fa-minus\"><\/i><\/span>\n\t\t\t\t\t\t\t\t\t\t\t\t\t\t<\/span>\n\t\t\t\t\t\t\t\t\t\t\t\t<a class=\"elementor-accordion-title\" tabindex=\"0\"><p>Atat\u00fcrk \u00dcniversitesi B\u00fcro Hizmetleri ve Sekreterlik B\u00f6l\u00fcm\u00fc \u00f6\u011frencilerinin mezuniyet \u015fartlar\u0131ndan biri olan bitirme projeleri, \u00f6\u011frencilerin edindikleri teorik bilgileri praktik olarak uygulamalar\u0131na imk\u00e2n tan\u0131yan \u00f6nemli bir \u00e7al\u0131\u015fma s\u00fcrecini i\u00e7erir. Bu projeler sayesinde \u00f6\u011frenciler, b\u00fcro hizmetleri ve sekreterlik alan\u0131ndaki becerilerini geli\u015ftirirler.<\/p>\n<p>Bitirme projelerinin i\u00e7eri\u011fi genellikle b\u00fcro y\u00f6netiminde hi\u1ec7u qu\u1ea3 uygulamalar, sekreterlik teknikleri, ileti\u015fim stratejileri, ofis y\u00f6netimi gibi konular\u0131 kapsar. \u00d6\u011frenciler bu projelerde bir problem veya ihtiya\u00e7 \u00fczerine odaklanarak \u00e7\u00f6z\u00fcm \u00f6nerileri geli\u015ftirirler. Projelerin haz\u0131rlanmas\u0131 ve sunulmas\u0131 s\u0131ras\u0131nda \u00f6\u011frencilerin ara\u015ft\u0131rma, analiz, ele\u015ftirel d\u00fc\u015f\u00fcnme ve sunum becerilerini kullanmalar\u0131 beklenir.<\/p>\n<p>Bitirme projeleri ayr\u0131ca \u00f6\u011frencilere i\u015f ya\u015fam\u0131na ge\u00e7i\u015fte \u00f6nemli bir deneyim kazand\u0131r\u0131r. Bu projeler arac\u0131l\u0131\u011f\u0131yla \u00f6\u011frenciler ger\u00e7ek d\u00fcnya sorunlar\u0131na \u00e7\u00f6z\u00fcm \u00fcretmenin yan\u0131 s\u0131ra tak\u0131m \u00e7al\u0131\u015fmas\u0131, zaman y\u00f6netimi, kaynak kullan\u0131m\u0131 gibi \u00f6nemli becerileri de geli\u015ftirirler. Atat\u00fcrk \u00dcniversitesi B\u00fcro Hizmetleri ve Sekreterlik B\u00f6l\u00fcm\u00fc'n\u00fcn bitirme projeleri, sekt\u00f6rle akademik \u00e7al\u0131\u015fmalar\u0131n b\u00fct\u00fcnle\u015fmesini sa\u011flaman\u0131n yan\u0131 s\u0131ra \u00f6\u011frencilerin gelecekteki meslek ya\u015famlar\u0131na da \u00f6nemli katk\u0131lar sa\u011flar.<\/p><\/a>\n\t\t\t\t\t<\/div>\n\t\t\t\t\t<div id=\"elementor-tab-content-1101\" class=\"elementor-tab-content elementor-clearfix\" data-tab=\"1\" role=\"region\" aria-labelledby=\"elementor-tab-title-1101\"><p>Atat\u00fcrk \u00dcniversitesi B\u00fcro Hizmetleri ve Sekreterlik B\u00f6l\u00fcm\u00fc \u00f6\u011frencilerinin mezuniyet \u015fartlar\u0131ndan biri olan bitirme projeleri, \u00f6\u011frencilerin edindikleri teorik bilgileri praktik olarak uygulamalar\u0131na imk\u00e2n tan\u0131yan \u00f6nemli bir \u00e7al\u0131\u015fma s\u00fcrecini i\u00e7erir. Bu projeler sayesinde \u00f6\u011frenciler, b\u00fcro hizmetleri ve sekreterlik alan\u0131ndaki becerilerini geli\u015ftirirler.<\/p>\n<p>Bitirme projelerinin i\u00e7eri\u011fi genellikle b\u00fcro y\u00f6netiminde hi\u1ec7u qu\u1ea3 uygulamalar, sekreterlik teknikleri, ileti\u015fim stratejileri, ofis y\u00f6netimi gibi konular\u0131 kapsar. \u00d6\u011frenciler bu projelerde bir problem veya ihtiya\u00e7 \u00fczerine odaklanarak \u00e7\u00f6z\u00fcm \u00f6nerileri geli\u015ftirirler. Projelerin haz\u0131rlanmas\u0131 ve sunulmas\u0131 s\u0131ras\u0131nda \u00f6\u011frencilerin ara\u015ft\u0131rma, analiz, ele\u015ftirel d\u00fc\u015f\u00fcnme ve sunum becerilerini kullanmalar\u0131 beklenir.<\/p>\n<p>Bitirme projeleri ayr\u0131ca \u00f6\u011frencilere i\u015f ya\u015fam\u0131na ge\u00e7i\u015fte \u00f6nemli bir deneyim kazand\u0131r\u0131r. Bu projeler arac\u0131l\u0131\u011f\u0131yla \u00f6\u011frenciler ger\u00e7ek d\u00fcnya sorunlar\u0131na \u00e7\u00f6z\u00fcm \u00fcretmenin yan\u0131 s\u0131ra tak\u0131m \u00e7al\u0131\u015fmas\u0131, zaman y\u00f6netimi, kaynak kullan\u0131m\u0131 gibi \u00f6nemli becerileri de geli\u015ftirirler. Atat\u00fcrk \u00dcniversitesi B\u00fcro Hizmetleri ve Sekreterlik B\u00f6l\u00fcm\u00fc&#8217;n\u00fcn bitirme projeleri, sekt\u00f6rle akademik \u00e7al\u0131\u015fmalar\u0131n b\u00fct\u00fcnle\u015fmesini sa\u011flaman\u0131n yan\u0131 s\u0131ra \u00f6\u011frencilerin gelecekteki meslek ya\u015famlar\u0131na da \u00f6nemli katk\u0131lar sa\u011flar.<\/p><\/div>\n\t\t\t\t<\/div>\n\t\t\t\t\t\t\t<div class=\"elementor-accordion-item\">\n\t\t\t\t\t<div id=\"elementor-tab-title-1102\" class=\"elementor-tab-title\" data-tab=\"2\" role=\"button\" aria-controls=\"elementor-tab-content-1102\" aria-expanded=\"false\">\n\t\t\t\t\t\t\t\t\t\t\t\t\t<span class=\"elementor-accordion-icon elementor-accordion-icon-left\" aria-hidden=\"true\">\n\t\t\t\t\t\t\t\t\t\t\t\t\t\t\t<span class=\"elementor-accordion-icon-closed\"><i class=\"fas fa-plus\"><\/i><\/span>\n\t\t\t\t\t\t\t\t<span class=\"elementor-accordion-icon-opened\"><i class=\"fas fa-minus\"><\/i><\/span>\n\t\t\t\t\t\t\t\t\t\t\t\t\t\t<\/span>\n\t\t\t\t\t\t\t\t\t\t\t\t<a class=\"elementor-accordion-title\" tabindex=\"0\"><p>Atat\u00fcrk \u00dcniversitesi B\u00fcro Hizmetleri ve Sekreterlik B\u00f6l\u00fcm\u00fc \u00f6\u011frencilerinin mezuniyet \u015fartlar\u0131ndan biri olan bitirme projeleri, \u00f6\u011frencilerin edindikleri teorik bilgileri praktik olarak uygulamalar\u0131na imk\u00e2n tan\u0131yan \u00f6nemli bir \u00e7al\u0131\u015fma s\u00fcrecini i\u00e7erir. Bu projeler sayesinde \u00f6\u011frenciler, b\u00fcro hizmetleri ve sekreterlik alan\u0131ndaki becerilerini geli\u015ftirirler.<\/p>\n<p>Bitirme projelerinin i\u00e7eri\u011fi genellikle b\u00fcro y\u00f6netiminde hi\u1ec7u qu\u1ea3 uygulamalar, sekreterlik teknikleri, ileti\u015fim stratejileri, ofis y\u00f6netimi gibi konular\u0131 kapsar. \u00d6\u011frenciler bu projelerde bir problem veya ihtiya\u00e7 \u00fczerine odaklanarak \u00e7\u00f6z\u00fcm \u00f6nerileri geli\u015ftirirler. Projelerin haz\u0131rlanmas\u0131 ve sunulmas\u0131 s\u0131ras\u0131nda \u00f6\u011frencilerin ara\u015ft\u0131rma, analiz, ele\u015ftirel d\u00fc\u015f\u00fcnme ve sunum becerilerini kullanmalar\u0131 beklenir.<\/p>\n<p>Bitirme projeleri ayr\u0131ca \u00f6\u011frencilere i\u015f ya\u015fam\u0131na ge\u00e7i\u015fte \u00f6nemli bir deneyim kazand\u0131r\u0131r. Bu projeler arac\u0131l\u0131\u011f\u0131yla \u00f6\u011frenciler ger\u00e7ek d\u00fcnya sorunlar\u0131na \u00e7\u00f6z\u00fcm \u00fcretmenin yan\u0131 s\u0131ra tak\u0131m \u00e7al\u0131\u015fmas\u0131, zaman y\u00f6netimi, kaynak kullan\u0131m\u0131 gibi \u00f6nemli becerileri de geli\u015ftirirler. Atat\u00fcrk \u00dcniversitesi B\u00fcro Hizmetleri ve Sekreterlik B\u00f6l\u00fcm\u00fc'n\u00fcn bitirme projeleri, sekt\u00f6rle akademik \u00e7al\u0131\u015fmalar\u0131n b\u00fct\u00fcnle\u015fmesini sa\u011flaman\u0131n yan\u0131 s\u0131ra \u00f6\u011frencilerin gelecekteki meslek ya\u015famlar\u0131na da \u00f6nemli katk\u0131lar sa\u011flar.<\/p><\/a>\n\t\t\t\t\t<\/div>\n\t\t\t\t\t<div id=\"elementor-tab-content-1102\" class=\"elementor-tab-content elementor-clearfix\" data-tab=\"2\" role=\"region\" aria-labelledby=\"elementor-tab-title-1102\"><p>Atat\u00fcrk \u00dcniversitesi B\u00fcro Hizmetleri ve Sekreterlik B\u00f6l\u00fcm\u00fc \u00f6\u011frencilerinin mezuniyet \u015fartlar\u0131ndan biri olan bitirme projeleri, \u00f6\u011frencilerin edindikleri teorik bilgileri praktik olarak uygulamalar\u0131na imk\u00e2n tan\u0131yan \u00f6nemli bir \u00e7al\u0131\u015fma s\u00fcrecini i\u00e7erir. Bu projeler sayesinde \u00f6\u011frenciler, b\u00fcro hizmetleri ve sekreterlik alan\u0131ndaki becerilerini geli\u015ftirirler.<\/p>\n<p>Bitirme projelerinin i\u00e7eri\u011fi genellikle b\u00fcro y\u00f6netiminde hi\u1ec7u qu\u1ea3 uygulamalar, sekreterlik teknikleri, ileti\u015fim stratejileri, ofis y\u00f6netimi gibi konular\u0131 kapsar. \u00d6\u011frenciler bu projelerde bir problem veya ihtiya\u00e7 \u00fczerine odaklanarak \u00e7\u00f6z\u00fcm \u00f6nerileri geli\u015ftirirler. Projelerin haz\u0131rlanmas\u0131 ve sunulmas\u0131 s\u0131ras\u0131nda \u00f6\u011frencilerin ara\u015ft\u0131rma, analiz, ele\u015ftirel d\u00fc\u015f\u00fcnme ve sunum becerilerini kullanmalar\u0131 beklenir.<\/p>\n<p>Bitirme projeleri ayr\u0131ca \u00f6\u011frencilere i\u015f ya\u015fam\u0131na ge\u00e7i\u015fte \u00f6nemli bir deneyim kazand\u0131r\u0131r. Bu projeler arac\u0131l\u0131\u011f\u0131yla \u00f6\u011frenciler ger\u00e7ek d\u00fcnya sorunlar\u0131na \u00e7\u00f6z\u00fcm \u00fcretmenin yan\u0131 s\u0131ra tak\u0131m \u00e7al\u0131\u015fmas\u0131, zaman y\u00f6netimi, kaynak kullan\u0131m\u0131 gibi \u00f6nemli becerileri de geli\u015ftirirler. Atat\u00fcrk \u00dcniversitesi B\u00fcro Hizmetleri ve Sekreterlik B\u00f6l\u00fcm\u00fc&#8217;n\u00fcn bitirme projeleri, sekt\u00f6rle akademik \u00e7al\u0131\u015fmalar\u0131n b\u00fct\u00fcnle\u015fmesini sa\u011flaman\u0131n yan\u0131 s\u0131ra \u00f6\u011frencilerin gelecekteki meslek ya\u015famlar\u0131na da \u00f6nemli katk\u0131lar sa\u011flar.<\/p><\/div>\n\t\t\t\t<\/div>\n\t\t\t\t\t\t\t\t<\/div>\n\t\t\t\t\t\t<\/div>\n\t\t\t\t<\/div>\n\t\t\t\t\t<\/div>\n\t\t<\/div>\n\t\t\t\t\t<\/div>\n\t\t<\/section>\n\t\t\t\t<\/div>\n\t\t","protected":false},"excerpt":{"rendered":"<p>**Bitirme Projeleri** B\u00fcro Hizmetleri ve Sekreterlik B\u00f6l\u00fcm\u00fc&#8217;nde e\u011fitim g\u00f6ren \u00f6\u011frenciler, mezuniyetleri \u00f6ncesinde bir bitirme projesi haz\u0131rlamak zorundad\u0131rlar. Bu proje, \u00f6\u011frencilerin b\u00f6l\u00fcmdeki \u00f6\u011frenimlerini peki\u015ftirmelerine ve i\u015f hayat\u0131na haz\u0131rlanmalar\u0131na yard\u0131mc\u0131 olur. Bitirme projeleri, \u00f6\u011frencilerin se\u00e7tikleri konular \u00fczerinde derinlemesine ara\u015ft\u0131rma yapmalar\u0131n\u0131 ve elde ettikleri bilgileri uygulamaya ge\u00e7irmelerini sa\u011flar. Projelerin konusu, b\u00fcro y\u00f6netimi, sekreterlik hizmetleri, ileti\u015fim, organizasyon ve benzeri [&hellip;]<\/p>\n","protected":false},"author":1,"featured_media":0,"parent":0,"menu_order":0,"comment_status":"closed","ping_status":"closed","template":"elementor_header_footer","meta":{"footnotes":""},"class_list":["post-5800","page","type-page","status-publish","hentry"],"_links":{"self":[{"href":"https:\/\/atauni.edu.tr\/buro-hizmetleri-ve-sekreterlik-bolumu-4\/wp-json\/wp\/v2\/pages\/5800","targetHints":{"allow":["GET"]}}],"collection":[{"href":"https:\/\/atauni.edu.tr\/buro-hizmetleri-ve-sekreterlik-bolumu-4\/wp-json\/wp\/v2\/pages"}],"about":[{"href":"https:\/\/atauni.edu.tr\/buro-hizmetleri-ve-sekreterlik-bolumu-4\/wp-json\/wp\/v2\/types\/page"}],"author":[{"embeddable":true,"href":"https:\/\/atauni.edu.tr\/buro-hizmetleri-ve-sekreterlik-bolumu-4\/wp-json\/wp\/v2\/users\/1"}],"replies":[{"embeddable":true,"href":"https:\/\/atauni.edu.tr\/buro-hizmetleri-ve-sekreterlik-bolumu-4\/wp-json\/wp\/v2\/comments?post=5800"}],"version-history":[{"count":11,"href":"https:\/\/atauni.edu.tr\/buro-hizmetleri-ve-sekreterlik-bolumu-4\/wp-json\/wp\/v2\/pages\/5800\/revisions"}],"predecessor-version":[{"id":6091,"href":"https:\/\/atauni.edu.tr\/buro-hizmetleri-ve-sekreterlik-bolumu-4\/wp-json\/wp\/v2\/pages\/5800\/revisions\/6091"}],"wp:attachment":[{"href":"https:\/\/atauni.edu.tr\/buro-hizmetleri-ve-sekreterlik-bolumu-4\/wp-json\/wp\/v2\/media?parent=5800"}],"curies":[{"name":"wp","href":"https:\/\/api.w.org\/{rel}","templated":true}]}}