{"id":6071,"date":"2021-08-27T15:45:02","date_gmt":"2021-08-27T12:45:02","guid":{"rendered":"http:\/\/birimler.atauni.edu.tr\/buro-hizmetleri-ve-sekreterlik-bolumu-4\/?page_id=6071"},"modified":"2021-09-13T10:22:11","modified_gmt":"2021-09-13T07:22:11","slug":"bolum-kurulu-kararlari","status":"publish","type":"page","link":"https:\/\/atauni.edu.tr\/buro-hizmetleri-ve-sekreterlik-bolumu-4\/bolum-kurulu-kararlari\/","title":{"rendered":"B\u00f6l\u00fcm Kurulu Kararlar\u0131"},"content":{"rendered":"\t\t<div data-elementor-type=\"wp-page\" data-elementor-id=\"6071\" class=\"elementor elementor-6071\" data-elementor-post-type=\"page\">\n\t\t\t\t\t\t<section class=\"elementor-section elementor-top-section elementor-element elementor-element-730d320 elementor-section-boxed elementor-section-height-default elementor-section-height-default\" data-id=\"730d320\" data-element_type=\"section\">\n\t\t\t\t\t\t<div class=\"elementor-container elementor-column-gap-default\">\n\t\t\t\t\t<div class=\"elementor-column elementor-col-100 elementor-top-column elementor-element elementor-element-753d0860\" data-id=\"753d0860\" data-element_type=\"column\">\n\t\t\t<div class=\"elementor-widget-wrap\">\n\t\t\t\t\t\t\t<\/div>\n\t\t<\/div>\n\t\t\t\t\t<\/div>\n\t\t<\/section>\n\t\t\t\t<section class=\"elementor-section elementor-top-section elementor-element elementor-element-9be811a elementor-section-boxed elementor-section-height-default elementor-section-height-default\" data-id=\"9be811a\" data-element_type=\"section\">\n\t\t\t\t\t\t<div class=\"elementor-container elementor-column-gap-default\">\n\t\t\t\t\t<div class=\"elementor-column elementor-col-100 elementor-top-column elementor-element elementor-element-1ed847b7\" data-id=\"1ed847b7\" data-element_type=\"column\">\n\t\t\t<div class=\"elementor-widget-wrap elementor-element-populated\">\n\t\t\t\t\t\t<div class=\"elementor-element elementor-element-4ce0d07f elementor-widget elementor-widget-heading\" data-id=\"4ce0d07f\" data-element_type=\"widget\" data-widget_type=\"heading.default\">\n\t\t\t\t<div class=\"elementor-widget-container\">\n\t\t\t\t\t<h2 class=\"elementor-heading-title elementor-size-default\">B\u00f6l\u00fcm Kurulu Kararlar\u0131<\/h2>\t\t\t\t<\/div>\n\t\t\t\t<\/div>\n\t\t\t\t<div class=\"elementor-element elementor-element-63260862 elementor-widget-divider--view-line elementor-widget elementor-widget-divider\" data-id=\"63260862\" data-element_type=\"widget\" data-widget_type=\"divider.default\">\n\t\t\t\t<div class=\"elementor-widget-container\">\n\t\t\t\t\t\t\t<div class=\"elementor-divider\">\n\t\t\t<span class=\"elementor-divider-separator\">\n\t\t\t\t\t\t<\/span>\n\t\t<\/div>\n\t\t\t\t\t\t<\/div>\n\t\t\t\t<\/div>\n\t\t\t\t\t<\/div>\n\t\t<\/div>\n\t\t\t\t\t<\/div>\n\t\t<\/section>\n\t\t\t\t<section class=\"elementor-section elementor-top-section elementor-element elementor-element-681db8b elementor-section-boxed elementor-section-height-default elementor-section-height-default\" data-id=\"681db8b\" data-element_type=\"section\">\n\t\t\t\t\t\t<div class=\"elementor-container elementor-column-gap-default\">\n\t\t\t\t\t<div class=\"elementor-column elementor-col-100 elementor-top-column elementor-element elementor-element-ad4dac5\" data-id=\"ad4dac5\" data-element_type=\"column\">\n\t\t\t<div class=\"elementor-widget-wrap elementor-element-populated\">\n\t\t\t\t\t\t<div class=\"elementor-element elementor-element-2f96b3d elementor-widget elementor-widget-text-editor\" data-id=\"2f96b3d\" data-element_type=\"widget\" data-widget_type=\"text-editor.default\">\n\t\t\t\t<div class=\"elementor-widget-container\">\n\t\t\t\t\t\t\t\t\t<html>\n<p>B\u00f6l\u00fcm kurulu kararlar\u0131, b\u00f6l\u00fcm\u00fcn idari ve akademik i\u015fleyi\u015fini d\u00fczenleyen wichtir. Bu kararlar, b\u00f6l\u00fcm\u00fcn ama\u00e7lar\u0131na ula\u015fabilmesi i\u00e7in gerekli olan temel direktifleri i\u00e7erir.<\/p>\n<p>Bu kararlar aras\u0131nda; \u00f6\u011frenci kabul\u00fc, ders i\u00e7erikleri, \u00f6\u011fretim y\u00f6ntemleri, s\u0131nav sistemleri, mezuniyet \u015fartlar\u0131 gibi konular yer alabilir.<\/p>\n<p>Ayr\u0131ca, b\u00f6l\u00fcm i\u00e7i ileti\u015fim, \u00f6\u011frenci ve personel de\u011ferlendirme kriterleri, ara\u015ft\u0131rma projeleri ve bunlara ayr\u0131lan b\u00fct\u00e7eler de bu kararlar\u0131n kapsam\u0131nda bulunabilir.<\/p>\n<p>Bu kararlar, b\u00f6l\u00fcm\u00fcn stratejik planlamas\u0131n\u0131 da etkileyen \u00f6nemli belgelerdir. Dolay\u0131s\u0131yla, d\u00fczenli olarak g\u00f6zden ge\u00e7irilir ve gerekli g\u00f6r\u00fcld\u00fc\u011f\u00fcnde g\u00fcncellenirler.<\/p>\n<\/html>\t\t\t\t\t\t\t\t<\/div>\n\t\t\t\t<\/div>\n\t\t\t\t\t<\/div>\n\t\t<\/div>\n\t\t\t\t\t<\/div>\n\t\t<\/section>\n\t\t\t\t<\/div>\n\t\t","protected":false},"excerpt":{"rendered":"<p>B\u00d6L\u00dcM KURULU KARARLARI B\u00fcro Hizmetleri ve Sekreterlik B\u00f6l\u00fcm\u00fc faaliyetlerini y\u00fcr\u00fctmek \u00fczere b\u00f6l\u00fcm kurulu taraf\u0131ndan al\u0131nan kararlar a\u015fa\u011f\u0131da listelenmi\u015ftir. &#8211; B\u00f6l\u00fcm\u00fcn akademik ve idari i\u015fleyi\u015fine ili\u015fkin esaslar\u0131 belirlemek, &#8211; \u00d6\u011fretim plan\u0131 ve m\u00fcfredat\u0131n\u0131 haz\u0131rlamak ve g\u00fcncellemek, &#8211; B\u00f6l\u00fcm i\u00e7i ve b\u00f6l\u00fcm d\u0131\u015f\u0131 i\u015fbirli\u011fi anla\u015fmalar\u0131 yapmak, &#8211; \u00d6\u011fretim eleman\u0131 ve other personel atamalar\u0131na ili\u015fkin i\u015flemleri y\u00fcr\u00fctmek, &#8211; [&hellip;]<\/p>\n","protected":false},"author":1,"featured_media":0,"parent":0,"menu_order":0,"comment_status":"closed","ping_status":"closed","template":"elementor_header_footer","meta":{"footnotes":""},"class_list":["post-6071","page","type-page","status-publish","hentry"],"_links":{"self":[{"href":"https:\/\/atauni.edu.tr\/buro-hizmetleri-ve-sekreterlik-bolumu-4\/wp-json\/wp\/v2\/pages\/6071","targetHints":{"allow":["GET"]}}],"collection":[{"href":"https:\/\/atauni.edu.tr\/buro-hizmetleri-ve-sekreterlik-bolumu-4\/wp-json\/wp\/v2\/pages"}],"about":[{"href":"https:\/\/atauni.edu.tr\/buro-hizmetleri-ve-sekreterlik-bolumu-4\/wp-json\/wp\/v2\/types\/page"}],"author":[{"embeddable":true,"href":"https:\/\/atauni.edu.tr\/buro-hizmetleri-ve-sekreterlik-bolumu-4\/wp-json\/wp\/v2\/users\/1"}],"replies":[{"embeddable":true,"href":"https:\/\/atauni.edu.tr\/buro-hizmetleri-ve-sekreterlik-bolumu-4\/wp-json\/wp\/v2\/comments?post=6071"}],"version-history":[{"count":7,"href":"https:\/\/atauni.edu.tr\/buro-hizmetleri-ve-sekreterlik-bolumu-4\/wp-json\/wp\/v2\/pages\/6071\/revisions"}],"predecessor-version":[{"id":6120,"href":"https:\/\/atauni.edu.tr\/buro-hizmetleri-ve-sekreterlik-bolumu-4\/wp-json\/wp\/v2\/pages\/6071\/revisions\/6120"}],"wp:attachment":[{"href":"https:\/\/atauni.edu.tr\/buro-hizmetleri-ve-sekreterlik-bolumu-4\/wp-json\/wp\/v2\/media?parent=6071"}],"curies":[{"name":"wp","href":"https:\/\/api.w.org\/{rel}","templated":true}]}}