{"id":5638,"date":"2021-07-13T09:49:25","date_gmt":"2021-07-13T06:49:25","guid":{"rendered":"https:\/\/portaltest.atauni.edu.tr\/bilgisayar-muhendisligi\/?page_id=5638"},"modified":"2021-08-27T15:48:04","modified_gmt":"2021-08-27T12:48:04","slug":"tarihce","status":"publish","type":"page","link":"https:\/\/atauni.edu.tr\/buro-hizmetleri-ve-sekreterlik\/tarihce\/","title":{"rendered":"Tarih\u00e7e"},"content":{"rendered":"\t\t<div data-elementor-type=\"wp-page\" data-elementor-id=\"5638\" class=\"elementor elementor-5638\" data-elementor-post-type=\"page\">\n\t\t\t\t\t\t<section class=\"elementor-section elementor-top-section elementor-element elementor-element-730d320 elementor-section-boxed elementor-section-height-default elementor-section-height-default\" data-id=\"730d320\" data-element_type=\"section\">\n\t\t\t\t\t\t<div class=\"elementor-container elementor-column-gap-default\">\n\t\t\t\t\t<div class=\"elementor-column elementor-col-100 elementor-top-column elementor-element elementor-element-753d0860\" data-id=\"753d0860\" data-element_type=\"column\">\n\t\t\t<div class=\"elementor-widget-wrap\">\n\t\t\t\t\t\t\t<\/div>\n\t\t<\/div>\n\t\t\t\t\t<\/div>\n\t\t<\/section>\n\t\t\t\t<section class=\"elementor-section elementor-top-section elementor-element elementor-element-9be811a elementor-section-boxed elementor-section-height-default elementor-section-height-default\" data-id=\"9be811a\" data-element_type=\"section\">\n\t\t\t\t\t\t<div class=\"elementor-container elementor-column-gap-default\">\n\t\t\t\t\t<div class=\"elementor-column elementor-col-100 elementor-top-column elementor-element elementor-element-1ed847b7\" data-id=\"1ed847b7\" data-element_type=\"column\">\n\t\t\t<div class=\"elementor-widget-wrap elementor-element-populated\">\n\t\t\t\t\t\t<div class=\"elementor-element elementor-element-4ce0d07f elementor-widget elementor-widget-heading\" data-id=\"4ce0d07f\" data-element_type=\"widget\" data-widget_type=\"heading.default\">\n\t\t\t\t<div class=\"elementor-widget-container\">\n\t\t\t\t\t<h2 class=\"elementor-heading-title elementor-size-default\">Genel Bilgi<\/h2>\t\t\t\t<\/div>\n\t\t\t\t<\/div>\n\t\t\t\t<div class=\"elementor-element elementor-element-63260862 elementor-widget-divider--view-line elementor-widget elementor-widget-divider\" data-id=\"63260862\" data-element_type=\"widget\" data-widget_type=\"divider.default\">\n\t\t\t\t<div class=\"elementor-widget-container\">\n\t\t\t\t\t\t\t<div class=\"elementor-divider\">\n\t\t\t<span class=\"elementor-divider-separator\">\n\t\t\t\t\t\t<\/span>\n\t\t<\/div>\n\t\t\t\t\t\t<\/div>\n\t\t\t\t<\/div>\n\t\t\t\t\t<\/div>\n\t\t<\/div>\n\t\t\t\t\t<\/div>\n\t\t<\/section>\n\t\t\t\t<section class=\"elementor-section elementor-top-section elementor-element elementor-element-681db8b elementor-section-boxed elementor-section-height-default elementor-section-height-default\" data-id=\"681db8b\" data-element_type=\"section\">\n\t\t\t\t\t\t<div class=\"elementor-container elementor-column-gap-default\">\n\t\t\t\t\t<div class=\"elementor-column elementor-col-100 elementor-top-column elementor-element elementor-element-ad4dac5\" data-id=\"ad4dac5\" data-element_type=\"column\">\n\t\t\t<div class=\"elementor-widget-wrap elementor-element-populated\">\n\t\t\t\t\t\t<div class=\"elementor-element elementor-element-2f96b3d elementor-widget elementor-widget-text-editor\" data-id=\"2f96b3d\" data-element_type=\"widget\" data-widget_type=\"text-editor.default\">\n\t\t\t\t<div class=\"elementor-widget-container\">\n\t\t\t\t\t\t\t\t\t<p>Atat\u00fcrk \u00dcniversitesi B\u00fcro Hizmetleri ve Sekreterlik b\u00f6l\u00fcm\u00fcn\u00fcn tarihi, \u00fcniversitenin kuruldu\u011fu d\u00f6neme kadar uzanmaktad\u0131r. B\u00f6l\u00fcm\u00fcn olu\u015fumu ve geli\u015fimi, \u00fcniversitenin b\u00fcy\u00fcmesi ve hizmete verdi\u011fi topluma olan katk\u0131lar\u0131yla paralellik g\u00f6stermektedir.<\/p>\n<p>B\u00f6l\u00fcm\u00fcn ilk kurulu\u015f ama\u00e7lar\u0131 aras\u0131nda, \u00fcniversite b\u00fcnyesindeki idari i\u015flerin y\u00fcr\u00fct\u00fclmesini kolayla\u015ft\u0131rarak akademik personelin ve \u00f6\u011frencilerin desteklenmesiyle birlikte daha verimli bir e\u011fitim ortam\u0131n\u0131n olu\u015fturulmas\u0131 yer alm\u0131\u015ft\u0131r. Bu \u00e7er\u00e7evede, sekreterlik hizmetleri, belge y\u00f6netimi, yaz\u0131\u015fmalar\u0131n y\u00fcr\u00fct\u00fclmesi gibi konularda hizmet vermek purposes\u0131yla kurulmu\u015ftur.<\/p>\n<p>Zaman i\u00e7erisinde b\u00f6l\u00fcm\u00fcn g\u00f6rev ve sorumluluklar\u0131 geni\u015flemi\u015f, yeni teknolojilerin entegrasyonu ve modern y\u00f6netim tekniklerinin uygulanmas\u0131yla birlikte daha efektif bir hizmet anlay\u0131\u015f\u0131n\u0131 benimsemi\u015ftir. B\u00f6l\u00fcm personelinin s\u00fcrekli e\u011fitim ve geli\u015fim yoluyla yeniliklere adapte olmas\u0131 sa\u011flanm\u0131\u015ft\u0131r.<\/p>\n<p>B\u00f6l\u00fcm\u00fcn faaliyetleri, sadece idari destekle s\u0131n\u0131rl\u0131 kalmam\u0131\u015f, ayr\u0131ca \u00f6\u011frencilere ve akademik personele y\u00f6nelik \u00e7e\u015fitli hizmetler sunulmu\u015ftur. Dan\u0131\u015fmanl\u0131k, y\u00f6nlendirme, organizasyonel destek gibi konularda \u00f6nemli roller \u00fcstlenmi\u015ftir.<\/p>\n<p>Atat\u00fcrk \u00dcniversitesi B\u00fcro Hizmetleri ve Sekreterlik b\u00f6l\u00fcm\u00fc, \u00fcniversite i\u00e7erisindeki i\u015fbirli\u011fi ve koordinasyonu te\u015fvik ederek daha iyi bir e\u011fitim ortam\u0131n\u0131n olu\u015fturulmas\u0131na katk\u0131da bulunmay\u0131 ama\u00e7lamaktad\u0131r. B\u00f6l\u00fcm\u00fcn gelecekte de \u00fcniversitenin vizyonuna uygun olarak geli\u015fmeye devam etmesi beklenmektedir.<\/p>\t\t\t\t\t\t\t\t<\/div>\n\t\t\t\t<\/div>\n\t\t\t\t\t<\/div>\n\t\t<\/div>\n\t\t\t\t\t<\/div>\n\t\t<\/section>\n\t\t\t\t<\/div>\n\t\t","protected":false},"excerpt":{"rendered":"<p>Genel Bilgi Lorem Ipsum Nedir? Lorem Ipsum, dizgi ve bask\u0131 end\u00fcstrisinde kullan\u0131lan m\u0131g\u0131r metinlerdir. Lorem Ipsum, ad\u0131 bilinmeyen bir matbaac\u0131n\u0131n bir hurufat numune kitab\u0131 olu\u015fturmak \u00fczere bir yaz\u0131 galerisini alarak kar\u0131\u015ft\u0131rd\u0131\u011f\u0131 1500&#8217;lerden beri end\u00fcstri standard\u0131 sahte metinler olarak kullan\u0131lm\u0131\u015ft\u0131r. Be\u015fy\u00fcz y\u0131l boyunca varl\u0131\u011f\u0131n\u0131 s\u00fcrd\u00fcrmekle kalmam\u0131\u015f, ayn\u0131 zamanda pek de\u011fi\u015fmeden elektronik dizgiye de s\u0131\u00e7ram\u0131\u015ft\u0131r. 1960&#8217;larda Lorem [&hellip;]<\/p>\n","protected":false},"author":1,"featured_media":0,"parent":0,"menu_order":0,"comment_status":"closed","ping_status":"closed","template":"","meta":{"footnotes":""},"class_list":["post-5638","page","type-page","status-publish","hentry"],"_links":{"self":[{"href":"https:\/\/atauni.edu.tr\/buro-hizmetleri-ve-sekreterlik\/wp-json\/wp\/v2\/pages\/5638","targetHints":{"allow":["GET"]}}],"collection":[{"href":"https:\/\/atauni.edu.tr\/buro-hizmetleri-ve-sekreterlik\/wp-json\/wp\/v2\/pages"}],"about":[{"href":"https:\/\/atauni.edu.tr\/buro-hizmetleri-ve-sekreterlik\/wp-json\/wp\/v2\/types\/page"}],"author":[{"embeddable":true,"href":"https:\/\/atauni.edu.tr\/buro-hizmetleri-ve-sekreterlik\/wp-json\/wp\/v2\/users\/1"}],"replies":[{"embeddable":true,"href":"https:\/\/atauni.edu.tr\/buro-hizmetleri-ve-sekreterlik\/wp-json\/wp\/v2\/comments?post=5638"}],"version-history":[{"count":19,"href":"https:\/\/atauni.edu.tr\/buro-hizmetleri-ve-sekreterlik\/wp-json\/wp\/v2\/pages\/5638\/revisions"}],"predecessor-version":[{"id":6076,"href":"https:\/\/atauni.edu.tr\/buro-hizmetleri-ve-sekreterlik\/wp-json\/wp\/v2\/pages\/5638\/revisions\/6076"}],"wp:attachment":[{"href":"https:\/\/atauni.edu.tr\/buro-hizmetleri-ve-sekreterlik\/wp-json\/wp\/v2\/media?parent=5638"}],"curies":[{"name":"wp","href":"https:\/\/api.w.org\/{rel}","templated":true}]}}