{"id":6071,"date":"2021-08-27T15:45:02","date_gmt":"2021-08-27T12:45:02","guid":{"rendered":"http:\/\/birimler.atauni.edu.tr\/buro-hizmetleri-ve-sekreterlik\/?page_id=6071"},"modified":"2021-09-13T08:23:39","modified_gmt":"2021-09-13T05:23:39","slug":"bolum-kurulu-kararlari","status":"publish","type":"page","link":"https:\/\/atauni.edu.tr\/buro-hizmetleri-ve-sekreterlik\/bolum-kurulu-kararlari\/","title":{"rendered":"B\u00f6l\u00fcm Kurulu Kararlar\u0131"},"content":{"rendered":"\t\t<div data-elementor-type=\"wp-page\" data-elementor-id=\"6071\" class=\"elementor elementor-6071\" data-elementor-post-type=\"page\">\n\t\t\t\t\t\t<section class=\"elementor-section elementor-top-section elementor-element elementor-element-730d320 elementor-section-boxed elementor-section-height-default elementor-section-height-default\" data-id=\"730d320\" data-element_type=\"section\">\n\t\t\t\t\t\t<div class=\"elementor-container elementor-column-gap-default\">\n\t\t\t\t\t<div class=\"elementor-column elementor-col-100 elementor-top-column elementor-element elementor-element-753d0860\" data-id=\"753d0860\" data-element_type=\"column\">\n\t\t\t<div class=\"elementor-widget-wrap\">\n\t\t\t\t\t\t\t<\/div>\n\t\t<\/div>\n\t\t\t\t\t<\/div>\n\t\t<\/section>\n\t\t\t\t<section class=\"elementor-section elementor-top-section elementor-element elementor-element-9be811a elementor-section-boxed elementor-section-height-default elementor-section-height-default\" data-id=\"9be811a\" data-element_type=\"section\">\n\t\t\t\t\t\t<div class=\"elementor-container elementor-column-gap-default\">\n\t\t\t\t\t<div class=\"elementor-column elementor-col-100 elementor-top-column elementor-element elementor-element-1ed847b7\" data-id=\"1ed847b7\" data-element_type=\"column\">\n\t\t\t<div class=\"elementor-widget-wrap elementor-element-populated\">\n\t\t\t\t\t\t<div class=\"elementor-element elementor-element-4ce0d07f elementor-widget elementor-widget-heading\" data-id=\"4ce0d07f\" data-element_type=\"widget\" data-widget_type=\"heading.default\">\n\t\t\t\t<div class=\"elementor-widget-container\">\n\t\t\t\t\t<h2 class=\"elementor-heading-title elementor-size-default\">Kurul Kararlar\u0131<\/h2>\t\t\t\t<\/div>\n\t\t\t\t<\/div>\n\t\t\t\t<div class=\"elementor-element elementor-element-63260862 elementor-widget-divider--view-line elementor-widget elementor-widget-divider\" data-id=\"63260862\" data-element_type=\"widget\" data-widget_type=\"divider.default\">\n\t\t\t\t<div class=\"elementor-widget-container\">\n\t\t\t\t\t\t\t<div class=\"elementor-divider\">\n\t\t\t<span class=\"elementor-divider-separator\">\n\t\t\t\t\t\t<\/span>\n\t\t<\/div>\n\t\t\t\t\t\t<\/div>\n\t\t\t\t<\/div>\n\t\t\t\t\t<\/div>\n\t\t<\/div>\n\t\t\t\t\t<\/div>\n\t\t<\/section>\n\t\t\t\t<section class=\"elementor-section elementor-top-section elementor-element elementor-element-681db8b elementor-section-boxed elementor-section-height-default elementor-section-height-default\" data-id=\"681db8b\" data-element_type=\"section\">\n\t\t\t\t\t\t<div class=\"elementor-container elementor-column-gap-default\">\n\t\t\t\t\t<div class=\"elementor-column elementor-col-100 elementor-top-column elementor-element elementor-element-ad4dac5\" data-id=\"ad4dac5\" data-element_type=\"column\">\n\t\t\t<div class=\"elementor-widget-wrap elementor-element-populated\">\n\t\t\t\t\t\t<div class=\"elementor-element elementor-element-2f96b3d elementor-widget elementor-widget-text-editor\" data-id=\"2f96b3d\" data-element_type=\"widget\" data-widget_type=\"text-editor.default\">\n\t\t\t\t<div class=\"elementor-widget-container\">\n\t\t\t\t\t\t\t\t\t<p>B\u00f6l\u00fcm Kurulu Kararlar\u0131, Atat\u00fcrk \u00dcniversitesi B\u00fcro Hizmetleri ve Sekreterlik b\u00f6l\u00fcm\u00fcn\u00fcn akademik ve idari i\u015fleyi\u015fini d\u00fczenleyen \u00f6nemli belgeleri i\u00e7erir. Bu kararlar, b\u00f6l\u00fcm\u00fcn e\u011fitim-\u00f6\u011fretim faaliyetlerinden mezun olma ko\u015fullar\u0131na kadar geni\u015f bir yelpazede konular\u0131 kapsayabilir.<\/p>\n<p>B\u00f6l\u00fcm Kurulu, genellikle b\u00f6l\u00fcm ba\u015fkan\u0131n\u0131n liderli\u011finde toplanarak e\u011fitim programlar\u0131n\u0131n g\u00fcncellenmesinden, yeni derslerin a\u00e7\u0131lmas\u0131na ve \u00f6\u011frencilerin mezuniyet \u015fartlar\u0131na kadar bir\u00e7ok konuda kararlar al\u0131r. Bu kararlar\u0131n d\u00f6k\u00fcm\u00fc, &#8216;B\u00f6l\u00fcm Kurulu Kararlar\u0131&#8217; ba\u015fl\u0131\u011f\u0131 alt\u0131nda tutulur.<\/p>\n<p>Bu kararlar sadece akademik i\u015fleyi\u015fle s\u0131n\u0131rl\u0131 kalmaz, ayn\u0131 zamanda b\u00f6l\u00fcm\u00fcn i\u00e7 d\u00fczenini ve \u00f6\u011frenci-akademisyen ili\u015fkilerini de etkileyebilir. \u00d6\u011frencilerin hak ve sorumluluklar\u0131, ders kay\u0131t s\u00fcreci, \u00f6\u011fretim eleman\u0131 atamalar\u0131 gibi konulara ili\u015fkin d\u00fczenlemeler bu kararlar kapsam\u0131nda ele al\u0131nabilir.<\/p>\n<p>Atat\u00fcrk \u00dcniversitesi B\u00fcro Hizmetleri ve Sekreterlik b\u00f6l\u00fcm\u00fcn\u00fcn web sayfas\u0131nda yer alan &#8216;B\u00f6l\u00fcm Kurulu Kararlar\u0131&#8217; sectionu, \u00f6\u011frencilerin, akademisyenlerin ve ilgili personelin bu\u91cd\u8981i bilgiler ula\u015fmas\u0131n\u0131 sa\u011flar. Bu sayede, herkes g\u00fcncel geli\u015fmelerden haberdar olabilir ve gerekli ad\u0131mlar\u0131 atabilir.<\/p>\n<p>Bu b\u00f6l\u00fcmde yay\u0131mlanan kararlar, genellikle belirli bir d\u00f6neme ait olabilece\u011fi gibi, genel ge\u00e7erlilik ta\u015f\u0131yan esaslar da i\u00e7erebilir. \u00d6\u011frencilerin mezuniyet ko\u015fullar\u0131, staj uygulamalar\u0131 veya yabanc\u0131 dil s\u0131navlar\u0131na ili\u015fkin bilgiler gibi konulara dair ayr\u0131nt\u0131lar burada bulunabilir.<\/p>\n<p>Atat\u00fcrk \u00dcniversitesi B\u00fcro Hizmetleri ve Sekreterlik b\u00f6l\u00fcm\u00fcn\u00fcn faaliyetlerini yak\u0131ndan takip etmek isteyenler, &#8216;B\u00f6l\u00fcm Kurulu Kararlar\u0131&#8217; ba\u015fl\u0131\u011f\u0131 alt\u0131nda yay\u0131mlanan bilgileri d\u00fczenli olarak incelemelidir. Bu, bireylerin hem akademik hayatlar\u0131n\u0131 hem de meslek\u00ee geli\u015fimlerini en iyi \u015fekilde planlamalar\u0131na yard\u0131mc\u0131 olacakt\u0131r.<\/p>\t\t\t\t\t\t\t\t<\/div>\n\t\t\t\t<\/div>\n\t\t\t\t\t<\/div>\n\t\t<\/div>\n\t\t\t\t\t<\/div>\n\t\t<\/section>\n\t\t\t\t<\/div>\n\t\t","protected":false},"excerpt":{"rendered":"<p>Kurul Kararlar\u0131 Lorem Ipsum Nedir? Lorem Ipsum, dizgi ve bask\u0131 end\u00fcstrisinde kullan\u0131lan m\u0131g\u0131r metinlerdir. Lorem Ipsum, ad\u0131 bilinmeyen bir matbaac\u0131n\u0131n bir hurufat numune kitab\u0131 olu\u015fturmak \u00fczere bir yaz\u0131 galerisini alarak kar\u0131\u015ft\u0131rd\u0131\u011f\u0131 1500&#8217;lerden beri end\u00fcstri standard\u0131 sahte metinler olarak kullan\u0131lm\u0131\u015ft\u0131r. Be\u015fy\u00fcz y\u0131l boyunca varl\u0131\u011f\u0131n\u0131 s\u00fcrd\u00fcrmekle kalmam\u0131\u015f, ayn\u0131 zamanda pek de\u011fi\u015fmeden elektronik dizgiye de s\u0131\u00e7ram\u0131\u015ft\u0131r. 1960&#8217;larda Lorem [&hellip;]<\/p>\n","protected":false},"author":1,"featured_media":0,"parent":0,"menu_order":0,"comment_status":"closed","ping_status":"closed","template":"elementor_header_footer","meta":{"footnotes":""},"class_list":["post-6071","page","type-page","status-publish","hentry"],"_links":{"self":[{"href":"https:\/\/atauni.edu.tr\/buro-hizmetleri-ve-sekreterlik\/wp-json\/wp\/v2\/pages\/6071","targetHints":{"allow":["GET"]}}],"collection":[{"href":"https:\/\/atauni.edu.tr\/buro-hizmetleri-ve-sekreterlik\/wp-json\/wp\/v2\/pages"}],"about":[{"href":"https:\/\/atauni.edu.tr\/buro-hizmetleri-ve-sekreterlik\/wp-json\/wp\/v2\/types\/page"}],"author":[{"embeddable":true,"href":"https:\/\/atauni.edu.tr\/buro-hizmetleri-ve-sekreterlik\/wp-json\/wp\/v2\/users\/1"}],"replies":[{"embeddable":true,"href":"https:\/\/atauni.edu.tr\/buro-hizmetleri-ve-sekreterlik\/wp-json\/wp\/v2\/comments?post=6071"}],"version-history":[{"count":7,"href":"https:\/\/atauni.edu.tr\/buro-hizmetleri-ve-sekreterlik\/wp-json\/wp\/v2\/pages\/6071\/revisions"}],"predecessor-version":[{"id":6113,"href":"https:\/\/atauni.edu.tr\/buro-hizmetleri-ve-sekreterlik\/wp-json\/wp\/v2\/pages\/6071\/revisions\/6113"}],"wp:attachment":[{"href":"https:\/\/atauni.edu.tr\/buro-hizmetleri-ve-sekreterlik\/wp-json\/wp\/v2\/media?parent=6071"}],"curies":[{"name":"wp","href":"https:\/\/api.w.org\/{rel}","templated":true}]}}