{"id":5638,"date":"2021-07-13T09:49:25","date_gmt":"2021-07-13T06:49:25","guid":{"rendered":"https:\/\/portaltest.atauni.edu.tr\/bilgisayar-muhendisligi\/?page_id=5638"},"modified":"2021-09-13T10:21:35","modified_gmt":"2021-09-13T07:21:35","slug":"tarihce","status":"publish","type":"page","link":"https:\/\/atauni.edu.tr\/buro-yonetimi-ve-sekreterlik-bolumu\/tarihce\/","title":{"rendered":"Tarih\u00e7e"},"content":{"rendered":"\t\t<div data-elementor-type=\"wp-page\" data-elementor-id=\"5638\" class=\"elementor elementor-5638\" data-elementor-post-type=\"page\">\n\t\t\t\t\t\t<section class=\"elementor-section elementor-top-section elementor-element elementor-element-730d320 elementor-section-boxed elementor-section-height-default elementor-section-height-default\" data-id=\"730d320\" data-element_type=\"section\">\n\t\t\t\t\t\t<div class=\"elementor-container elementor-column-gap-default\">\n\t\t\t\t\t<div class=\"elementor-column elementor-col-100 elementor-top-column elementor-element elementor-element-753d0860\" data-id=\"753d0860\" data-element_type=\"column\">\n\t\t\t<div class=\"elementor-widget-wrap\">\n\t\t\t\t\t\t\t<\/div>\n\t\t<\/div>\n\t\t\t\t\t<\/div>\n\t\t<\/section>\n\t\t\t\t<section class=\"elementor-section elementor-top-section elementor-element elementor-element-9be811a elementor-section-boxed elementor-section-height-default elementor-section-height-default\" data-id=\"9be811a\" data-element_type=\"section\">\n\t\t\t\t\t\t<div class=\"elementor-container elementor-column-gap-default\">\n\t\t\t\t\t<div class=\"elementor-column elementor-col-100 elementor-top-column elementor-element elementor-element-1ed847b7\" data-id=\"1ed847b7\" data-element_type=\"column\">\n\t\t\t<div class=\"elementor-widget-wrap elementor-element-populated\">\n\t\t\t\t\t\t<div class=\"elementor-element elementor-element-4ce0d07f elementor-widget elementor-widget-heading\" data-id=\"4ce0d07f\" data-element_type=\"widget\" data-widget_type=\"heading.default\">\n\t\t\t\t<div class=\"elementor-widget-container\">\n\t\t\t\t\t<h2 class=\"elementor-heading-title elementor-size-default\">Tarih\u00e7e<\/h2>\t\t\t\t<\/div>\n\t\t\t\t<\/div>\n\t\t\t\t<div class=\"elementor-element elementor-element-63260862 elementor-widget-divider--view-line elementor-widget elementor-widget-divider\" data-id=\"63260862\" data-element_type=\"widget\" data-widget_type=\"divider.default\">\n\t\t\t\t<div class=\"elementor-widget-container\">\n\t\t\t\t\t\t\t<div class=\"elementor-divider\">\n\t\t\t<span class=\"elementor-divider-separator\">\n\t\t\t\t\t\t<\/span>\n\t\t<\/div>\n\t\t\t\t\t\t<\/div>\n\t\t\t\t<\/div>\n\t\t\t\t\t<\/div>\n\t\t<\/div>\n\t\t\t\t\t<\/div>\n\t\t<\/section>\n\t\t\t\t<section class=\"elementor-section elementor-top-section elementor-element elementor-element-681db8b elementor-section-boxed elementor-section-height-default elementor-section-height-default\" data-id=\"681db8b\" data-element_type=\"section\">\n\t\t\t\t\t\t<div class=\"elementor-container elementor-column-gap-default\">\n\t\t\t\t\t<div class=\"elementor-column elementor-col-100 elementor-top-column elementor-element elementor-element-ad4dac5\" data-id=\"ad4dac5\" data-element_type=\"column\">\n\t\t\t<div class=\"elementor-widget-wrap elementor-element-populated\">\n\t\t\t\t\t\t<div class=\"elementor-element elementor-element-2f96b3d elementor-widget elementor-widget-text-editor\" data-id=\"2f96b3d\" data-element_type=\"widget\" data-widget_type=\"text-editor.default\">\n\t\t\t\t<div class=\"elementor-widget-container\">\n\t\t\t\t\t\t\t\t\t<p>Atat\u00fcrk \u00dcniversitesi B\u00fcro Y\u00f6netimi ve Sekreterlik B\u00f6l\u00fcm\u00fc, uzun y\u0131llara dayanan bir ge\u00e7mi\u015fe sahiptir. B\u00f6l\u00fcm\u00fcn kurulu\u015f amac\u0131, \u00f6\u011frencilere b\u00fcro y\u00f6netimi ve sekreterlik alan\u0131ndaki bilgi ve becerileri kazand\u0131rmak ve onlar\u0131 i\u015f hayat\u0131na haz\u0131rlamakt\u0131r.<\/p>\n<p>B\u00f6l\u00fcm\u00fcn tarih\u00e7esi, \u00fcniversitenin kuruldu\u011fu d\u00f6neme kadar uzanmaktad\u0131r. O d\u00f6nemlerde, \u00fcniversite b\u00fcnyesinde bulunan \u00e7e\u015fitli b\u00f6l\u00fcmler ve fak\u00fcltelerde b\u00fcro y\u00f6netimi ve sekreterlik e\u011fitimi verilmeye ba\u015flanm\u0131\u015ft\u0131r. Zamanla, bu e\u011fitimlerin \u00f6nemini g\u00f6ren \u00fcniversite y\u00f6netimi, ayr\u0131 bir b\u00f6l\u00fcm olarak B\u00fcro Y\u00f6netimi ve Sekreterlik B\u00f6l\u00fcm\u00fc&#8217;n\u00fc kurmaya karar vermi\u015ftir.<\/p>\n<p>Bu b\u00f6l\u00fcm\u00fcn kurulmas\u0131yla birlikte, \u00f6\u011frencilere daha uzmanla\u015fm\u0131\u015f bir e\u011fitim verilmesi ama\u00e7lanm\u0131\u015ft\u0131r. B\u00f6l\u00fcm\u00fcn a\u00e7\u0131lmas\u0131yla, b\u00fcro y\u00f6netimi ve sekreterlik alan\u0131ndaki e\u011fitimler daha da geli\u015ftirilmi\u015f ve derinle\u015ftirilmi\u015ftir. \u00d6\u011frencilere, teorik bilgiye ek olarak pratik uygulamalarla da desteklenmektedir.<\/p>\n<p>B\u00f6l\u00fcm\u00fcn tarih\u00e7esinde, bir\u00e7ok \u00f6nemli geli\u015fme ve de\u011fi\u015fim ya\u015fanm\u0131\u015ft\u0131r. E\u011fitim m\u00fcfredat\u0131n\u0131n s\u00fcrekli g\u00fcncellenmesi, yeni teknolojilerin entegre edilmesi ve i\u015f d\u00fcnyas\u0131yla kurulan g\u00fc\u00e7l\u00fc ba\u011flar, b\u00f6l\u00fcm\u00fcngrowthinda b\u00fcy\u00fck rol oynam\u0131\u015ft\u0131r. Ayr\u0131ca, \u00f6\u011fretim elemanlar\u0131n\u0131n deneyimleri ve uzmanl\u0131klar\u0131, \u00f6\u011frencilere kaliteli bir e\u011fitim sunulmas\u0131na katk\u0131da bulunmu\u015ftur.<\/p>\n<p>Bug\u00fcn itibariyle, Atat\u00fcrk \u00dcniversitesi B\u00fcro Y\u00f6netimi ve Sekreterlik B\u00f6l\u00fcm\u00fc, T\u00fcrkiye&#8217;de bu alanda \u00f6nde gelen b\u00f6l\u00fcmlerden biri olarak kabul edilmektedir. B\u00f6l\u00fcm, i\u015f d\u00fcnyas\u0131n\u0131n ihtiya\u00e7lar\u0131n\u0131 kar\u015f\u0131layabilecek, donan\u0131ml\u0131 ve yetkin \u00f6\u011frenciler yeti\u015ftirmeyi hedeflemektedir.<\/p>\t\t\t\t\t\t\t\t<\/div>\n\t\t\t\t<\/div>\n\t\t\t\t\t<\/div>\n\t\t<\/div>\n\t\t\t\t\t<\/div>\n\t\t<\/section>\n\t\t\t\t<\/div>\n\t\t","protected":false},"excerpt":{"rendered":"<p>Tarih\u00e7e Lorem Ipsum Nedir? Lorem Ipsum, dizgi ve bask\u0131 end\u00fcstrisinde kullan\u0131lan m\u0131g\u0131r metinlerdir. Lorem Ipsum, ad\u0131 bilinmeyen bir matbaac\u0131n\u0131n bir hurufat numune kitab\u0131 olu\u015fturmak \u00fczere bir yaz\u0131 galerisini alarak kar\u0131\u015ft\u0131rd\u0131\u011f\u0131 1500&#8217;lerden beri end\u00fcstri standard\u0131 sahte metinler olarak kullan\u0131lm\u0131\u015ft\u0131r. Be\u015fy\u00fcz y\u0131l boyunca varl\u0131\u011f\u0131n\u0131 s\u00fcrd\u00fcrmekle kalmam\u0131\u015f, ayn\u0131 zamanda pek de\u011fi\u015fmeden elektronik dizgiye de s\u0131\u00e7ram\u0131\u015ft\u0131r. 1960&#8217;larda Lorem Ipsum [&hellip;]<\/p>\n","protected":false},"author":1,"featured_media":0,"parent":0,"menu_order":0,"comment_status":"closed","ping_status":"closed","template":"","meta":{"footnotes":""},"class_list":["post-5638","page","type-page","status-publish","hentry"],"_links":{"self":[{"href":"https:\/\/atauni.edu.tr\/buro-yonetimi-ve-sekreterlik-bolumu\/wp-json\/wp\/v2\/pages\/5638","targetHints":{"allow":["GET"]}}],"collection":[{"href":"https:\/\/atauni.edu.tr\/buro-yonetimi-ve-sekreterlik-bolumu\/wp-json\/wp\/v2\/pages"}],"about":[{"href":"https:\/\/atauni.edu.tr\/buro-yonetimi-ve-sekreterlik-bolumu\/wp-json\/wp\/v2\/types\/page"}],"author":[{"embeddable":true,"href":"https:\/\/atauni.edu.tr\/buro-yonetimi-ve-sekreterlik-bolumu\/wp-json\/wp\/v2\/users\/1"}],"replies":[{"embeddable":true,"href":"https:\/\/atauni.edu.tr\/buro-yonetimi-ve-sekreterlik-bolumu\/wp-json\/wp\/v2\/comments?post=5638"}],"version-history":[{"count":22,"href":"https:\/\/atauni.edu.tr\/buro-yonetimi-ve-sekreterlik-bolumu\/wp-json\/wp\/v2\/pages\/5638\/revisions"}],"predecessor-version":[{"id":6117,"href":"https:\/\/atauni.edu.tr\/buro-yonetimi-ve-sekreterlik-bolumu\/wp-json\/wp\/v2\/pages\/5638\/revisions\/6117"}],"wp:attachment":[{"href":"https:\/\/atauni.edu.tr\/buro-yonetimi-ve-sekreterlik-bolumu\/wp-json\/wp\/v2\/media?parent=5638"}],"curies":[{"name":"wp","href":"https:\/\/api.w.org\/{rel}","templated":true}]}}