{"id":5800,"date":"2021-07-13T13:12:45","date_gmt":"2021-07-13T10:12:45","guid":{"rendered":"https:\/\/portaltest.atauni.edu.tr\/bilgisayar-muhendisligi\/?page_id=5800"},"modified":"2021-08-27T15:49:23","modified_gmt":"2021-08-27T12:49:23","slug":"bitirme-projeleri","status":"publish","type":"page","link":"https:\/\/atauni.edu.tr\/buro-yonetimi-ve-sekreterlik-bolumu\/bitirme-projeleri\/","title":{"rendered":"Bitirme Projeleri"},"content":{"rendered":"\t\t<div data-elementor-type=\"wp-page\" data-elementor-id=\"5800\" class=\"elementor elementor-5800\" data-elementor-post-type=\"page\">\n\t\t\t\t\t\t<section class=\"elementor-section elementor-top-section elementor-element elementor-element-730d320 elementor-section-boxed elementor-section-height-default elementor-section-height-default\" data-id=\"730d320\" data-element_type=\"section\">\n\t\t\t\t\t\t<div class=\"elementor-container elementor-column-gap-default\">\n\t\t\t\t\t<div class=\"elementor-column elementor-col-100 elementor-top-column elementor-element elementor-element-753d0860\" data-id=\"753d0860\" data-element_type=\"column\">\n\t\t\t<div class=\"elementor-widget-wrap\">\n\t\t\t\t\t\t\t<\/div>\n\t\t<\/div>\n\t\t\t\t\t<\/div>\n\t\t<\/section>\n\t\t\t\t<section class=\"elementor-section elementor-top-section elementor-element elementor-element-9be811a elementor-section-boxed elementor-section-height-default elementor-section-height-default\" data-id=\"9be811a\" data-element_type=\"section\">\n\t\t\t\t\t\t<div class=\"elementor-container elementor-column-gap-default\">\n\t\t\t\t\t<div class=\"elementor-column elementor-col-100 elementor-top-column elementor-element elementor-element-1ed847b7\" data-id=\"1ed847b7\" data-element_type=\"column\">\n\t\t\t<div class=\"elementor-widget-wrap elementor-element-populated\">\n\t\t\t\t\t\t<div class=\"elementor-element elementor-element-4ce0d07f elementor-widget elementor-widget-heading\" data-id=\"4ce0d07f\" data-element_type=\"widget\" data-widget_type=\"heading.default\">\n\t\t\t\t<div class=\"elementor-widget-container\">\n\t\t\t\t\t<h2 class=\"elementor-heading-title elementor-size-default\">Bitirme Projeleri<\/h2>\t\t\t\t<\/div>\n\t\t\t\t<\/div>\n\t\t\t\t<div class=\"elementor-element elementor-element-63260862 elementor-widget-divider--view-line elementor-widget elementor-widget-divider\" data-id=\"63260862\" data-element_type=\"widget\" data-widget_type=\"divider.default\">\n\t\t\t\t<div class=\"elementor-widget-container\">\n\t\t\t\t\t\t\t<div class=\"elementor-divider\">\n\t\t\t<span class=\"elementor-divider-separator\">\n\t\t\t\t\t\t<\/span>\n\t\t<\/div>\n\t\t\t\t\t\t<\/div>\n\t\t\t\t<\/div>\n\t\t\t\t\t<\/div>\n\t\t<\/div>\n\t\t\t\t\t<\/div>\n\t\t<\/section>\n\t\t\t\t<section class=\"elementor-section elementor-top-section elementor-element elementor-element-6c18d0b elementor-section-boxed elementor-section-height-default elementor-section-height-default\" data-id=\"6c18d0b\" data-element_type=\"section\">\n\t\t\t\t\t\t<div class=\"elementor-container elementor-column-gap-default\">\n\t\t\t\t\t<div class=\"elementor-column elementor-col-100 elementor-top-column elementor-element elementor-element-5a88ff5\" data-id=\"5a88ff5\" data-element_type=\"column\">\n\t\t\t<div class=\"elementor-widget-wrap elementor-element-populated\">\n\t\t\t\t\t\t<div class=\"elementor-element elementor-element-69d7a2b elementor-widget elementor-widget-accordion\" data-id=\"69d7a2b\" data-element_type=\"widget\" data-widget_type=\"accordion.default\">\n\t\t\t\t<div class=\"elementor-widget-container\">\n\t\t\t\t\t\t\t<div class=\"elementor-accordion\">\n\t\t\t\t\t\t\t<div class=\"elementor-accordion-item\">\n\t\t\t\t\t<div id=\"elementor-tab-title-1101\" class=\"elementor-tab-title\" data-tab=\"1\" role=\"button\" aria-controls=\"elementor-tab-content-1101\" aria-expanded=\"false\">\n\t\t\t\t\t\t\t\t\t\t\t\t\t<span class=\"elementor-accordion-icon elementor-accordion-icon-left\" aria-hidden=\"true\">\n\t\t\t\t\t\t\t\t\t\t\t\t\t\t\t<span class=\"elementor-accordion-icon-closed\"><i class=\"fas fa-plus\"><\/i><\/span>\n\t\t\t\t\t\t\t\t<span class=\"elementor-accordion-icon-opened\"><i class=\"fas fa-minus\"><\/i><\/span>\n\t\t\t\t\t\t\t\t\t\t\t\t\t\t<\/span>\n\t\t\t\t\t\t\t\t\t\t\t\t<a class=\"elementor-accordion-title\" tabindex=\"0\"><p>Atat\u00fcrk \u00dcniversitesi B\u00fcro Y\u00f6netimi ve Sekreterlik B\u00f6l\u00fcm\u00fc, \u00f6\u011frencilerin mesleki becerilerini geli\u015ftirmelerine yard\u0131mc\u0131 olmak amac\u0131yla \u00e7e\u015fitli akademik \u00e7al\u0131\u015fmalara imza at\u0131yor. B\u00f6l\u00fcm\u00fcn sundu\u011fu bitirme projeleri, \u00f6\u011frencilere sekt\u00f6r\u00fcn ihtiya\u00e7lar\u0131n\u0131 kar\u015f\u0131layabilecek \u00e7\u00f6z\u00fcmler \u00fcretme f\u0131rsat\u0131 sunuyor.<\/p>\n<p>Bitirme projelerinin konusu, b\u00fcro y\u00f6netimi ve sekreterlik alan\u0131yla ilgili \u00e7e\u015fitli konularda olabilir. Bu projelerde \u00f6\u011frenciler, ara\u015ft\u0131rma yapma, veri toplama, analiz etme ve sonu\u00e7lar\u0131 raporlama becerilerini geli\u015ftirirler. Ayr\u0131ca, \u00f6\u011frencilere projelerini sunma ve savunma f\u0131rsat\u0131 verilerek, ileti\u015fim ve sunum becerileri de peki\u015ftirilir.<\/p>\n<p>Bitirme projeleri, b\u00f6l\u00fcm\u00fcn akademik kadrosu taraf\u0131ndan rehberlik edilir ve d\u00fczenli olarak izlenir. \u00d6\u011frencilerin projelerine verdi\u011fi \u00f6nem ve titizlik, mezun olduktan sonra i\u015f ya\u015fam\u0131nda ba\u015far\u0131l\u0131 olmalar\u0131nda b\u00fcy\u00fck rol oynar.<\/p>\n<p>Bu nedenle, Atat\u00fcrk \u00dcniversitesi B\u00fcro Y\u00f6netimi ve Sekreterlik B\u00f6l\u00fcm\u00fc, \u00f6\u011frencilere akademik ve mesleki geli\u015fimleri i\u00e7in \u00f6nemli bir f\u0131rsat sunuyor. Bitirme projeleri, \u00f6\u011frencilerin bilgi ve becerilerini prati\u011fe d\u00f6kerek sekt\u00f6rde \u00f6nc\u00fc olmalar\u0131na yard\u0131mc\u0131 oluyor.<\/p><\/a>\n\t\t\t\t\t<\/div>\n\t\t\t\t\t<div id=\"elementor-tab-content-1101\" class=\"elementor-tab-content elementor-clearfix\" data-tab=\"1\" role=\"region\" aria-labelledby=\"elementor-tab-title-1101\"><p>Atat\u00fcrk \u00dcniversitesi B\u00fcro Y\u00f6netimi ve Sekreterlik B\u00f6l\u00fcm\u00fc, \u00f6\u011frencilerin mesleki becerilerini geli\u015ftirmelerine yard\u0131mc\u0131 olmak amac\u0131yla \u00e7e\u015fitli akademik \u00e7al\u0131\u015fmalara imza at\u0131yor. B\u00f6l\u00fcm\u00fcn sundu\u011fu bitirme projeleri, \u00f6\u011frencilere sekt\u00f6r\u00fcn ihtiya\u00e7lar\u0131n\u0131 kar\u015f\u0131layabilecek \u00e7\u00f6z\u00fcmler \u00fcretme f\u0131rsat\u0131 sunuyor.<\/p>\n<p>Bitirme projelerinin konusu, b\u00fcro y\u00f6netimi ve sekreterlik alan\u0131yla ilgili \u00e7e\u015fitli konularda olabilir. Bu projelerde \u00f6\u011frenciler, ara\u015ft\u0131rma yapma, veri toplama, analiz etme ve sonu\u00e7lar\u0131 raporlama becerilerini geli\u015ftirirler. Ayr\u0131ca, \u00f6\u011frencilere projelerini sunma ve savunma f\u0131rsat\u0131 verilerek, ileti\u015fim ve sunum becerileri de peki\u015ftirilir.<\/p>\n<p>Bitirme projeleri, b\u00f6l\u00fcm\u00fcn akademik kadrosu taraf\u0131ndan rehberlik edilir ve d\u00fczenli olarak izlenir. \u00d6\u011frencilerin projelerine verdi\u011fi \u00f6nem ve titizlik, mezun olduktan sonra i\u015f ya\u015fam\u0131nda ba\u015far\u0131l\u0131 olmalar\u0131nda b\u00fcy\u00fck rol oynar.<\/p>\n<p>Bu nedenle, Atat\u00fcrk \u00dcniversitesi B\u00fcro Y\u00f6netimi ve Sekreterlik B\u00f6l\u00fcm\u00fc, \u00f6\u011frencilere akademik ve mesleki geli\u015fimleri i\u00e7in \u00f6nemli bir f\u0131rsat sunuyor. Bitirme projeleri, \u00f6\u011frencilerin bilgi ve becerilerini prati\u011fe d\u00f6kerek sekt\u00f6rde \u00f6nc\u00fc olmalar\u0131na yard\u0131mc\u0131 oluyor.<\/p><\/div>\n\t\t\t\t<\/div>\n\t\t\t\t\t\t\t<div class=\"elementor-accordion-item\">\n\t\t\t\t\t<div id=\"elementor-tab-title-1102\" class=\"elementor-tab-title\" data-tab=\"2\" role=\"button\" aria-controls=\"elementor-tab-content-1102\" aria-expanded=\"false\">\n\t\t\t\t\t\t\t\t\t\t\t\t\t<span class=\"elementor-accordion-icon elementor-accordion-icon-left\" aria-hidden=\"true\">\n\t\t\t\t\t\t\t\t\t\t\t\t\t\t\t<span class=\"elementor-accordion-icon-closed\"><i class=\"fas fa-plus\"><\/i><\/span>\n\t\t\t\t\t\t\t\t<span class=\"elementor-accordion-icon-opened\"><i class=\"fas fa-minus\"><\/i><\/span>\n\t\t\t\t\t\t\t\t\t\t\t\t\t\t<\/span>\n\t\t\t\t\t\t\t\t\t\t\t\t<a class=\"elementor-accordion-title\" tabindex=\"0\"><p>Atat\u00fcrk \u00dcniversitesi B\u00fcro Y\u00f6netimi ve Sekreterlik B\u00f6l\u00fcm\u00fc, \u00f6\u011frencilerin mesleki becerilerini geli\u015ftirmelerine yard\u0131mc\u0131 olmak amac\u0131yla \u00e7e\u015fitli akademik \u00e7al\u0131\u015fmalara imza at\u0131yor. B\u00f6l\u00fcm\u00fcn sundu\u011fu bitirme projeleri, \u00f6\u011frencilere sekt\u00f6r\u00fcn ihtiya\u00e7lar\u0131n\u0131 kar\u015f\u0131layabilecek \u00e7\u00f6z\u00fcmler \u00fcretme f\u0131rsat\u0131 sunuyor.<\/p>\n<p>Bitirme projelerinin konusu, b\u00fcro y\u00f6netimi ve sekreterlik alan\u0131yla ilgili \u00e7e\u015fitli konularda olabilir. Bu projelerde \u00f6\u011frenciler, ara\u015ft\u0131rma yapma, veri toplama, analiz etme ve sonu\u00e7lar\u0131 raporlama becerilerini geli\u015ftirirler. Ayr\u0131ca, \u00f6\u011frencilere projelerini sunma ve savunma f\u0131rsat\u0131 verilerek, ileti\u015fim ve sunum becerileri de peki\u015ftirilir.<\/p>\n<p>Bitirme projeleri, b\u00f6l\u00fcm\u00fcn akademik kadrosu taraf\u0131ndan rehberlik edilir ve d\u00fczenli olarak izlenir. \u00d6\u011frencilerin projelerine verdi\u011fi \u00f6nem ve titizlik, mezun olduktan sonra i\u015f ya\u015fam\u0131nda ba\u015far\u0131l\u0131 olmalar\u0131nda b\u00fcy\u00fck rol oynar.<\/p>\n<p>Bu nedenle, Atat\u00fcrk \u00dcniversitesi B\u00fcro Y\u00f6netimi ve Sekreterlik B\u00f6l\u00fcm\u00fc, \u00f6\u011frencilere akademik ve mesleki geli\u015fimleri i\u00e7in \u00f6nemli bir f\u0131rsat sunuyor. Bitirme projeleri, \u00f6\u011frencilerin bilgi ve becerilerini prati\u011fe d\u00f6kerek sekt\u00f6rde \u00f6nc\u00fc olmalar\u0131na yard\u0131mc\u0131 oluyor.<\/p><\/a>\n\t\t\t\t\t<\/div>\n\t\t\t\t\t<div id=\"elementor-tab-content-1102\" class=\"elementor-tab-content elementor-clearfix\" data-tab=\"2\" role=\"region\" aria-labelledby=\"elementor-tab-title-1102\"><p>Atat\u00fcrk \u00dcniversitesi B\u00fcro Y\u00f6netimi ve Sekreterlik B\u00f6l\u00fcm\u00fc, \u00f6\u011frencilerin mesleki becerilerini geli\u015ftirmelerine yard\u0131mc\u0131 olmak amac\u0131yla \u00e7e\u015fitli akademik \u00e7al\u0131\u015fmalara imza at\u0131yor. B\u00f6l\u00fcm\u00fcn sundu\u011fu bitirme projeleri, \u00f6\u011frencilere sekt\u00f6r\u00fcn ihtiya\u00e7lar\u0131n\u0131 kar\u015f\u0131layabilecek \u00e7\u00f6z\u00fcmler \u00fcretme f\u0131rsat\u0131 sunuyor.<\/p>\n<p>Bitirme projelerinin konusu, b\u00fcro y\u00f6netimi ve sekreterlik alan\u0131yla ilgili \u00e7e\u015fitli konularda olabilir. Bu projelerde \u00f6\u011frenciler, ara\u015ft\u0131rma yapma, veri toplama, analiz etme ve sonu\u00e7lar\u0131 raporlama becerilerini geli\u015ftirirler. Ayr\u0131ca, \u00f6\u011frencilere projelerini sunma ve savunma f\u0131rsat\u0131 verilerek, ileti\u015fim ve sunum becerileri de peki\u015ftirilir.<\/p>\n<p>Bitirme projeleri, b\u00f6l\u00fcm\u00fcn akademik kadrosu taraf\u0131ndan rehberlik edilir ve d\u00fczenli olarak izlenir. \u00d6\u011frencilerin projelerine verdi\u011fi \u00f6nem ve titizlik, mezun olduktan sonra i\u015f ya\u015fam\u0131nda ba\u015far\u0131l\u0131 olmalar\u0131nda b\u00fcy\u00fck rol oynar.<\/p>\n<p>Bu nedenle, Atat\u00fcrk \u00dcniversitesi B\u00fcro Y\u00f6netimi ve Sekreterlik B\u00f6l\u00fcm\u00fc, \u00f6\u011frencilere akademik ve mesleki geli\u015fimleri i\u00e7in \u00f6nemli bir f\u0131rsat sunuyor. Bitirme projeleri, \u00f6\u011frencilerin bilgi ve becerilerini prati\u011fe d\u00f6kerek sekt\u00f6rde \u00f6nc\u00fc olmalar\u0131na yard\u0131mc\u0131 oluyor.<\/p><\/div>\n\t\t\t\t<\/div>\n\t\t\t\t\t\t\t\t<\/div>\n\t\t\t\t\t\t<\/div>\n\t\t\t\t<\/div>\n\t\t\t\t\t<\/div>\n\t\t<\/div>\n\t\t\t\t\t<\/div>\n\t\t<\/section>\n\t\t\t\t<\/div>\n\t\t","protected":false},"excerpt":{"rendered":"<p>Bitirme Projeleri Lorem Ipsum &#8211; 2021 Lorem Ipsum Nedir? Lorem Ipsum, dizgi ve bask\u0131 end\u00fcstrisinde kullan\u0131lan m\u0131g\u0131r metinlerdir. Lorem Ipsum, ad\u0131 bilinmeyen bir matbaac\u0131n\u0131n bir hurufat numune kitab\u0131 olu\u015fturmak \u00fczere bir yaz\u0131 galerisini alarak kar\u0131\u015ft\u0131rd\u0131\u011f\u0131 1500&#8217;lerden beri end\u00fcstri standard\u0131 sahte metinler olarak kullan\u0131lm\u0131\u015ft\u0131r. Be\u015fy\u00fcz y\u0131l boyunca varl\u0131\u011f\u0131n\u0131 s\u00fcrd\u00fcrmekle kalmam\u0131\u015f, ayn\u0131 zamanda pek de\u011fi\u015fmeden elektronik dizgiye [&hellip;]<\/p>\n","protected":false},"author":1,"featured_media":0,"parent":0,"menu_order":0,"comment_status":"closed","ping_status":"closed","template":"elementor_header_footer","meta":{"footnotes":""},"class_list":["post-5800","page","type-page","status-publish","hentry"],"_links":{"self":[{"href":"https:\/\/atauni.edu.tr\/buro-yonetimi-ve-sekreterlik-bolumu\/wp-json\/wp\/v2\/pages\/5800","targetHints":{"allow":["GET"]}}],"collection":[{"href":"https:\/\/atauni.edu.tr\/buro-yonetimi-ve-sekreterlik-bolumu\/wp-json\/wp\/v2\/pages"}],"about":[{"href":"https:\/\/atauni.edu.tr\/buro-yonetimi-ve-sekreterlik-bolumu\/wp-json\/wp\/v2\/types\/page"}],"author":[{"embeddable":true,"href":"https:\/\/atauni.edu.tr\/buro-yonetimi-ve-sekreterlik-bolumu\/wp-json\/wp\/v2\/users\/1"}],"replies":[{"embeddable":true,"href":"https:\/\/atauni.edu.tr\/buro-yonetimi-ve-sekreterlik-bolumu\/wp-json\/wp\/v2\/comments?post=5800"}],"version-history":[{"count":11,"href":"https:\/\/atauni.edu.tr\/buro-yonetimi-ve-sekreterlik-bolumu\/wp-json\/wp\/v2\/pages\/5800\/revisions"}],"predecessor-version":[{"id":6091,"href":"https:\/\/atauni.edu.tr\/buro-yonetimi-ve-sekreterlik-bolumu\/wp-json\/wp\/v2\/pages\/5800\/revisions\/6091"}],"wp:attachment":[{"href":"https:\/\/atauni.edu.tr\/buro-yonetimi-ve-sekreterlik-bolumu\/wp-json\/wp\/v2\/media?parent=5800"}],"curies":[{"name":"wp","href":"https:\/\/api.w.org\/{rel}","templated":true}]}}