{"id":6350,"date":"2022-05-12T14:07:02","date_gmt":"2022-05-12T11:07:02","guid":{"rendered":"https:\/\/birimler.atauni.edu.tr\/buz-eserler-muzesi-koordinatorlugu\/?page_id=6350"},"modified":"2022-05-12T14:55:49","modified_gmt":"2022-05-12T11:55:49","slug":"buz","status":"publish","type":"page","link":"https:\/\/atauni.edu.tr\/buz-eserler-muzesi-koordinatorlugu\/buz\/","title":{"rendered":"Buz"},"content":{"rendered":"\t\t<div data-elementor-type=\"wp-page\" data-elementor-id=\"6350\" class=\"elementor elementor-6350\" data-elementor-post-type=\"page\">\n\t\t\t\t\t\t<section class=\"elementor-section elementor-top-section elementor-element elementor-element-3befa76 elementor-section-boxed elementor-section-height-default elementor-section-height-default\" data-id=\"3befa76\" data-element_type=\"section\">\n\t\t\t\t\t\t<div class=\"elementor-container elementor-column-gap-default\">\n\t\t\t\t\t<div class=\"elementor-column elementor-col-100 elementor-top-column elementor-element elementor-element-2b2b44a\" data-id=\"2b2b44a\" data-element_type=\"column\">\n\t\t\t<div class=\"elementor-widget-wrap elementor-element-populated\">\n\t\t\t\t\t\t<div class=\"elementor-element elementor-element-5ab50c5 elementor-widget elementor-widget-heading\" data-id=\"5ab50c5\" data-element_type=\"widget\" data-widget_type=\"heading.default\">\n\t\t\t\t<div class=\"elementor-widget-container\">\n\t\t\t\t\t<h2 class=\"elementor-heading-title elementor-size-default\">Buz \u00dcretimi<\/h2>\t\t\t\t<\/div>\n\t\t\t\t<\/div>\n\t\t\t\t<div class=\"elementor-element elementor-element-2d4308d elementor-widget-divider--view-line elementor-widget elementor-widget-divider\" data-id=\"2d4308d\" data-element_type=\"widget\" data-widget_type=\"divider.default\">\n\t\t\t\t<div class=\"elementor-widget-container\">\n\t\t\t\t\t\t\t<div class=\"elementor-divider\">\n\t\t\t<span class=\"elementor-divider-separator\">\n\t\t\t\t\t\t<\/span>\n\t\t<\/div>\n\t\t\t\t\t\t<\/div>\n\t\t\t\t<\/div>\n\t\t\t\t\t<\/div>\n\t\t<\/div>\n\t\t\t\t\t<\/div>\n\t\t<\/section>\n\t\t\t\t<section class=\"elementor-section elementor-top-section elementor-element elementor-element-1e2cba5 elementor-section-boxed elementor-section-height-default elementor-section-height-default\" data-id=\"1e2cba5\" data-element_type=\"section\">\n\t\t\t\t\t\t<div class=\"elementor-container elementor-column-gap-default\">\n\t\t\t\t\t<div class=\"elementor-column elementor-col-100 elementor-top-column elementor-element elementor-element-ddf7ffd\" data-id=\"ddf7ffd\" data-element_type=\"column\">\n\t\t\t<div class=\"elementor-widget-wrap elementor-element-populated\">\n\t\t\t\t\t\t<div class=\"elementor-element elementor-element-90e4b40 elementor-widget elementor-widget-text-editor\" data-id=\"90e4b40\" data-element_type=\"widget\" data-widget_type=\"text-editor.default\">\n\t\t\t\t<div class=\"elementor-widget-container\">\n\t\t\t\t\t\t\t\t\t<p><span style=\"letter-spacing: 0.4px\">M\u00fcze b\u00fcnyesinde 8 buz \u00fcretim makinesi vard\u0131r. Buz makinelerinden 8 g\u00fcnl\u00fck \u00fcretim s\u00fcresi sonunda, maksimum 2 blok buz \u00e7\u0131kt\u0131s\u0131 al\u0131nmaktad\u0131r. Bloklar\u0131n her biri 300 kg a\u011f\u0131rl\u0131\u011f\u0131nda 100x50x50 ebatlar\u0131nda \u015feffaf buz niteli\u011finde \u00fcretilmektedir.\u00a0<\/span><\/p>\t\t\t\t\t\t\t\t<\/div>\n\t\t\t\t<\/div>\n\t\t\t\t\t<\/div>\n\t\t<\/div>\n\t\t\t\t\t<\/div>\n\t\t<\/section>\n\t\t\t\t<section class=\"elementor-section elementor-top-section elementor-element elementor-element-5fe26ad elementor-section-boxed elementor-section-height-default elementor-section-height-default\" data-id=\"5fe26ad\" data-element_type=\"section\">\n\t\t\t\t\t\t<div class=\"elementor-container elementor-column-gap-default\">\n\t\t\t\t\t<div class=\"elementor-column elementor-col-100 elementor-top-column elementor-element elementor-element-3d33251\" data-id=\"3d33251\" data-element_type=\"column\">\n\t\t\t<div class=\"elementor-widget-wrap elementor-element-populated\">\n\t\t\t\t\t\t<div class=\"elementor-element elementor-element-41a29f6 elementor--h-position-center elementor--v-position-middle elementor-arrows-position-inside elementor-pagination-position-inside elementor-widget elementor-widget-slides\" data-id=\"41a29f6\" data-element_type=\"widget\" data-settings=\"{&quot;navigation&quot;:&quot;both&quot;,&quot;autoplay&quot;:&quot;yes&quot;,&quot;pause_on_hover&quot;:&quot;yes&quot;,&quot;pause_on_interaction&quot;:&quot;yes&quot;,&quot;autoplay_speed&quot;:5000,&quot;infinite&quot;:&quot;yes&quot;,&quot;transition&quot;:&quot;slide&quot;,&quot;transition_speed&quot;:500}\" data-widget_type=\"slides.default\">\n\t\t\t\t<div class=\"elementor-widget-container\">\n\t\t\t\t\t\t\t\t\t<div class=\"elementor-swiper\">\n\t\t\t\t\t<div class=\"elementor-slides-wrapper elementor-main-swiper swiper\" role=\"region\" aria-roledescription=\"carousel\" aria-label=\"Slides\" dir=\"ltr\" data-animation=\"fadeInUp\">\n\t\t\t\t<div class=\"swiper-wrapper elementor-slides\">\n\t\t\t\t\t\t\t\t\t\t<div class=\"elementor-repeater-item-8a3286c swiper-slide\" role=\"group\" aria-roledescription=\"slide\"><div class=\"swiper-slide-bg\" role=\"img\" aria-label=\"20200711120300_IMG_0276\"><\/div><div class=\"swiper-slide-inner\" ><div class=\"swiper-slide-contents\"><\/div><\/div><\/div><div class=\"elementor-repeater-item-b8549d8 swiper-slide\" role=\"group\" aria-roledescription=\"slide\"><div class=\"swiper-slide-bg\" role=\"img\" aria-label=\"20200711120950_IMG_0300\"><\/div><div class=\"swiper-slide-inner\" ><div class=\"swiper-slide-contents\"><\/div><\/div><\/div><div class=\"elementor-repeater-item-95c2582 swiper-slide\" role=\"group\" aria-roledescription=\"slide\"><div class=\"swiper-slide-bg\" role=\"img\" aria-label=\"20200712113237_IMG_0660\"><\/div><div class=\"swiper-slide-inner\" ><div class=\"swiper-slide-contents\"><\/div><\/div><\/div><div class=\"elementor-repeater-item-6ca3609 swiper-slide\" role=\"group\" aria-roledescription=\"slide\"><div class=\"swiper-slide-bg\" role=\"img\" aria-label=\"20200712113443_IMG_0668\"><\/div><div class=\"swiper-slide-inner\" ><div class=\"swiper-slide-contents\"><\/div><\/div><\/div>\t\t\t\t<\/div>\n\t\t\t\t\t\t\t\t\t\t\t\t\t\t\t<div class=\"elementor-swiper-button elementor-swiper-button-prev\" role=\"button\" tabindex=\"0\" aria-label=\"Previous slide\">\n\t\t\t\t\t\t\t<i aria-hidden=\"true\" class=\"eicon-chevron-left\"><\/i>\t\t\t\t\t\t<\/div>\n\t\t\t\t\t\t<div class=\"elementor-swiper-button elementor-swiper-button-next\" role=\"button\" tabindex=\"0\" aria-label=\"Next slide\">\n\t\t\t\t\t\t\t<i aria-hidden=\"true\" class=\"eicon-chevron-right\"><\/i>\t\t\t\t\t\t<\/div>\n\t\t\t\t\t\t\t\t\t\t\t\t\t\t\t\t<div class=\"swiper-pagination\"><\/div>\n\t\t\t\t\t\t\t\t\t\t\t\t<\/div>\n\t\t\t\t<\/div>\n\t\t\t\t\t\t\t\t<\/div>\n\t\t\t\t<\/div>\n\t\t\t\t\t<\/div>\n\t\t<\/div>\n\t\t\t\t\t<\/div>\n\t\t<\/section>\n\t\t\t\t<section class=\"elementor-section elementor-top-section elementor-element elementor-element-e711a6b elementor-section-boxed elementor-section-height-default elementor-section-height-default\" data-id=\"e711a6b\" data-element_type=\"section\">\n\t\t\t\t\t\t<div class=\"elementor-container elementor-column-gap-default\">\n\t\t\t\t\t<div class=\"elementor-column elementor-col-100 elementor-top-column elementor-element elementor-element-c577f34\" data-id=\"c577f34\" data-element_type=\"column\">\n\t\t\t<div class=\"elementor-widget-wrap elementor-element-populated\">\n\t\t\t\t\t\t<div class=\"elementor-element elementor-element-c51bffc elementor-widget elementor-widget-text-editor\" data-id=\"c51bffc\" data-element_type=\"widget\" data-widget_type=\"text-editor.default\">\n\t\t\t\t<div class=\"elementor-widget-container\">\n\t\t\t\t\t\t\t\t\t<p>Atat\u00fcrk \u00dcniversitesi Rekt\u00f6r\u00fc Say\u0131n Prof. Dr. \u00d6mer \u00c7omakl\u0131\u2019n\u0131n \u00f6nderli\u011finde, Kalk\u0131nma Bakanl\u0131\u011f\u0131 ve KUDAKA\u2019n\u0131n\u00a0destekleriyle y\u00fcr\u00fct\u00fclen, Fairbanks, Moskova, Bristol, New York, Jeju Adas\u0131 ve Harbin gibi bir\u00e7ok d\u00fcnya kentinde bulunan buz m\u00fczelerinin T\u00fcrkiye\u2019deki ilk ve tek temsilcisi olan ve bu anlamda \u00f6nc\u00fc bir kimlik edinen Atabuz M\u00fczesi Projesi, \u00e7a\u011fda\u015f sanat\u0131n \u00f6ng\u00f6rd\u00fc\u011f\u00fc malzeme \u00e7e\u015fitlili\u011fine farkl\u0131 bir \u00f6nermeyle kat\u0131l\u0131m sa\u011flarken, sanat\u0131n ifade olanaklar\u0131n\u0131 geni\u015fleten, yeni ve benzersiz efektlerin \u00e7a\u011fr\u0131\u015f\u0131mlar\u0131n\u0131 izleyiciyle bulu\u015fturabilen, uluslararas\u0131 sanat platformunun normlar\u0131n\u0131 yakalayan yenilik\u00e7i \u00fcretimlerin adresi olmay\u0131 kendine vizyon edinmi\u015ftir. Daha resmi a\u00e7\u0131l\u0131\u015f\u0131 dahi yap\u0131lmam\u0131\u015fken buz blok \u00fcretimine ba\u015flayan ve y\u0131l\u0131n ilk \u00e7eyre\u011finde DAKAF\u201920, Paland\u00f6ken Festivali gibi \u00f6nemli bir\u00e7ok farkl\u0131 organizasyonda rol alm\u0131\u015f; \u015fehrimiz, b\u00f6lgemiz ve \u00fclkemiz \u00f6l\u00e7e\u011finde gereklili\u011fini ispatlam\u0131\u015ft\u0131r.\u00a0Kentin ulusal ve uluslararas\u0131 platformda tan\u0131n\u0131rl\u0131\u011f\u0131na katk\u0131da bulunarak turizmin canlanmas\u0131nda aktif bir akt\u00f6r olmay\u0131 ama\u00e7layan, sosyo k\u00fclt\u00fcrel ve sanatsal etkinliklerin Erzurum\u2019da ba\u015fat mek\u00e2n\u0131 olmay\u0131 hedefleyen Ata Buz M\u00fczesi, ayn\u0131 zamanda sanat e\u011fitimine de alternatif bir y\u00f6ntemi ilave etmi\u015f, yeni bir at\u00f6lye ortam\u0131n\u0131 \u00f6\u011frencilere sunmu\u015ftur. \u00d6nemli toplumsal olaylar\u0131 sanat\u0131n farkl\u0131 yorumlama bi\u00e7imleriyle harmanlayarak buza yans\u0131tmay\u0131 ilke edinen Ata Buz M\u00fczesi\u2019nin a\u00e7\u0131l\u0131\u015f\u0131, T\u00fcrk milleti i\u00e7in bir d\u00f6n\u00fcm noktas\u0131 niteli\u011fi ta\u015f\u0131yan 15 Temmuz Demokrasi ve Milli Birlik G\u00fcn\u00fc\u2019n\u00fcn 4.y\u0131ld\u00f6n\u00fcm\u00fcnde yap\u0131lm\u0131\u015f, g\u00fcn\u00fcn anlam ve \u00f6nemini anlatan 19 adet buz heykelden olu\u015fan MAAN-ICE sergisine ev sahipli\u011fi yapm\u0131\u015ft\u0131r. G\u00fczel Sanatlar Fak\u00fcltesi Dekan\u0131 Prof.Dr. Mustafa Bulat \u00f6nderli\u011finde, 20 ki\u015filik bir ekiple yakla\u015f\u0131k 2 ayl\u0131k bir \u00e7al\u0131\u015fman\u0131n \u00fcr\u00fcn\u00fc olan sergi, 15 Temmuz ruhunu mek\u00e2n\u0131n milad\u0131yla bulu\u015fturmu\u015f, izleyiciyle yap\u0131tlar\u0131 \u201cbir araya\u201d getirerek \u00e7ok y\u00f6nl\u00fc okumalara olanak tan\u0131m\u0131\u015ft\u0131r. \u00dclkenin b\u00f6l\u00fcnmez b\u00fct\u00fcnl\u00fc\u011f\u00fcne tehdit olu\u015fturan her t\u00fcrl\u00fc ter\u00f6r eylemi ve olu\u015fumlar\u0131na kar\u015f\u0131 birlikte m\u00fccadele etme refleksine sahip bir millet olabilmenin yan\u0131 s\u0131ra, bu tip hain giri\u015fimlerin \u00f6n\u00fcne sosyo k\u00fclt\u00fcrel ve sanatsal bir duru\u015fla da duvar \u00f6r\u00fclebilece\u011fini anlatmak isteyen bu sergiyle izleyiciye kap\u0131lar\u0131n\u0131 a\u00e7an Ata Buz M\u00fczesi, gelecek d\u00f6nemlerde yeni ve \u00f6nemli organizasyonlar\u0131n Erzurum\u2019daki en efektif adresi olmay\u0131 hedeflemekte, bu ba\u011flamda gelecek nesillere \u0131\u015f\u0131k tutmay\u0131 ama\u00e7lamaktad\u0131r.<\/p>\t\t\t\t\t\t\t\t<\/div>\n\t\t\t\t<\/div>\n\t\t\t\t\t<\/div>\n\t\t<\/div>\n\t\t\t\t\t<\/div>\n\t\t<\/section>\n\t\t\t\t<\/div>\n\t\t","protected":false},"excerpt":{"rendered":"<p>Buz \u00dcretimi M\u00fcze b\u00fcnyesinde 8 buz \u00fcretim makinesi vard\u0131r. Buz makinelerinden 8 g\u00fcnl\u00fck \u00fcretim s\u00fcresi sonunda, maksimum 2 blok buz \u00e7\u0131kt\u0131s\u0131 al\u0131nmaktad\u0131r. Bloklar\u0131n her biri 300 kg a\u011f\u0131rl\u0131\u011f\u0131nda 100x50x50 ebatlar\u0131nda \u015feffaf buz niteli\u011finde \u00fcretilmektedir.\u00a0 Previous Next Atat\u00fcrk \u00dcniversitesi Rekt\u00f6r\u00fc Say\u0131n Prof. Dr. \u00d6mer \u00c7omakl\u0131\u2019n\u0131n \u00f6nderli\u011finde, Kalk\u0131nma Bakanl\u0131\u011f\u0131 ve KUDAKA\u2019n\u0131n\u00a0destekleriyle y\u00fcr\u00fct\u00fclen, Fairbanks, Moskova, Bristol, New York, [&hellip;]<\/p>\n","protected":false},"author":239,"featured_media":0,"parent":0,"menu_order":0,"comment_status":"closed","ping_status":"closed","template":"","meta":{"footnotes":""},"class_list":["post-6350","page","type-page","status-publish","hentry"],"_links":{"self":[{"href":"https:\/\/atauni.edu.tr\/buz-eserler-muzesi-koordinatorlugu\/wp-json\/wp\/v2\/pages\/6350","targetHints":{"allow":["GET"]}}],"collection":[{"href":"https:\/\/atauni.edu.tr\/buz-eserler-muzesi-koordinatorlugu\/wp-json\/wp\/v2\/pages"}],"about":[{"href":"https:\/\/atauni.edu.tr\/buz-eserler-muzesi-koordinatorlugu\/wp-json\/wp\/v2\/types\/page"}],"author":[{"embeddable":true,"href":"https:\/\/atauni.edu.tr\/buz-eserler-muzesi-koordinatorlugu\/wp-json\/wp\/v2\/users\/239"}],"replies":[{"embeddable":true,"href":"https:\/\/atauni.edu.tr\/buz-eserler-muzesi-koordinatorlugu\/wp-json\/wp\/v2\/comments?post=6350"}],"version-history":[{"count":16,"href":"https:\/\/atauni.edu.tr\/buz-eserler-muzesi-koordinatorlugu\/wp-json\/wp\/v2\/pages\/6350\/revisions"}],"predecessor-version":[{"id":6413,"href":"https:\/\/atauni.edu.tr\/buz-eserler-muzesi-koordinatorlugu\/wp-json\/wp\/v2\/pages\/6350\/revisions\/6413"}],"wp:attachment":[{"href":"https:\/\/atauni.edu.tr\/buz-eserler-muzesi-koordinatorlugu\/wp-json\/wp\/v2\/media?parent=6350"}],"curies":[{"name":"wp","href":"https:\/\/api.w.org\/{rel}","templated":true}]}}