{"id":5638,"date":"2021-07-13T09:49:25","date_gmt":"2021-07-13T06:49:25","guid":{"rendered":"https:\/\/portaltest.atauni.edu.tr\/bilgisayar-muhendisligi\/?page_id=5638"},"modified":"2025-09-04T14:57:44","modified_gmt":"2025-09-04T11:57:44","slug":"tarihce","status":"publish","type":"page","link":"https:\/\/atauni.edu.tr\/cagdas-turk-lehceleri-ve-edebiyatlari\/tarihce\/","title":{"rendered":"Tarih\u00e7e"},"content":{"rendered":"\t\t<div data-elementor-type=\"wp-page\" data-elementor-id=\"5638\" class=\"elementor elementor-5638\" data-elementor-post-type=\"page\">\n\t\t\t\t\t\t<section class=\"elementor-section elementor-top-section elementor-element elementor-element-730d320 elementor-section-boxed elementor-section-height-default elementor-section-height-default\" data-id=\"730d320\" data-element_type=\"section\">\n\t\t\t\t\t\t<div class=\"elementor-container elementor-column-gap-default\">\n\t\t\t\t\t<div class=\"elementor-column elementor-col-100 elementor-top-column elementor-element elementor-element-753d0860\" data-id=\"753d0860\" data-element_type=\"column\">\n\t\t\t<div class=\"elementor-widget-wrap\">\n\t\t\t\t\t\t\t<\/div>\n\t\t<\/div>\n\t\t\t\t\t<\/div>\n\t\t<\/section>\n\t\t\t\t<section class=\"elementor-section elementor-top-section elementor-element elementor-element-9be811a elementor-section-boxed elementor-section-height-default elementor-section-height-default\" data-id=\"9be811a\" data-element_type=\"section\">\n\t\t\t\t\t\t<div class=\"elementor-container elementor-column-gap-default\">\n\t\t\t\t\t<div class=\"elementor-column elementor-col-100 elementor-top-column elementor-element elementor-element-1ed847b7\" data-id=\"1ed847b7\" data-element_type=\"column\">\n\t\t\t<div class=\"elementor-widget-wrap elementor-element-populated\">\n\t\t\t\t\t\t<div class=\"elementor-element elementor-element-4ce0d07f elementor-widget elementor-widget-heading\" data-id=\"4ce0d07f\" data-element_type=\"widget\" data-widget_type=\"heading.default\">\n\t\t\t\t<div class=\"elementor-widget-container\">\n\t\t\t\t\t<h2 class=\"elementor-heading-title elementor-size-default\">Tarih\u00e7e<\/h2>\t\t\t\t<\/div>\n\t\t\t\t<\/div>\n\t\t\t\t<div class=\"elementor-element elementor-element-63260862 elementor-widget-divider--view-line elementor-widget elementor-widget-divider\" data-id=\"63260862\" data-element_type=\"widget\" data-widget_type=\"divider.default\">\n\t\t\t\t<div class=\"elementor-widget-container\">\n\t\t\t\t\t\t\t<div class=\"elementor-divider\">\n\t\t\t<span class=\"elementor-divider-separator\">\n\t\t\t\t\t\t<\/span>\n\t\t<\/div>\n\t\t\t\t\t\t<\/div>\n\t\t\t\t<\/div>\n\t\t\t\t\t<\/div>\n\t\t<\/div>\n\t\t\t\t\t<\/div>\n\t\t<\/section>\n\t\t\t\t<section class=\"elementor-section elementor-top-section elementor-element elementor-element-681db8b elementor-section-boxed elementor-section-height-default elementor-section-height-default\" data-id=\"681db8b\" data-element_type=\"section\">\n\t\t\t\t\t\t<div class=\"elementor-container elementor-column-gap-default\">\n\t\t\t\t\t<div class=\"elementor-column elementor-col-100 elementor-top-column elementor-element elementor-element-ad4dac5\" data-id=\"ad4dac5\" data-element_type=\"column\">\n\t\t\t<div class=\"elementor-widget-wrap elementor-element-populated\">\n\t\t\t\t\t\t<div class=\"elementor-element elementor-element-2f96b3d elementor-widget elementor-widget-text-editor\" data-id=\"2f96b3d\" data-element_type=\"widget\" data-widget_type=\"text-editor.default\">\n\t\t\t\t<div class=\"elementor-widget-container\">\n\t\t\t\t\t\t\t\t\t<div><p>\u00c7a\u011fda\u015f T\u00fcrk Leh\u00e7eleri ve Edebiyatlar\u0131 B\u00f6l\u00fcm\u00fc, 1995 y\u0131l\u0131nda Edebiyat Fak\u00fcltesi b\u00fcnyesinde Prof. Dr. Bilge Seyido\u011flu taraf\u0131ndan kurulmu\u015ftur. B\u00f6l\u00fcm\u00fcn temel amac\u0131, \u00e7a\u011fda\u015f T\u00fcrk leh\u00e7eleri ve edebiyatlar\u0131 alan\u0131nda yetkin kadrolar yeti\u015ftirmektir. B\u00f6l\u00fcmde, G\u00fcney-Bat\u0131 (O\u011fuz) T\u00fcrk Leh\u00e7eleri ve Edebiyatlar\u0131, G\u00fcney-Do\u011fu (T\u00fcrkistan- Uygur) T\u00fcrk Leh\u00e7eleri ve Edebiyatlar\u0131, Kuzey-Bat\u0131 (K\u0131p\u00e7ak) T\u00fcrk Leh\u00e7eleri ve Edebiyatlar\u0131, Kuzey-Do\u011fu (Sibirya) T\u00fcrk Leh\u00e7eleri ve Edebiyatlar\u0131 ve \u00c7uva\u015f T\u00fcrk Leh\u00e7esi ve Edebiyat\u0131 olmak \u00fczere be\u015f Anabilim Dal\u0131 bulunmaktad\u0131r.<\/p><p>B\u00f6l\u00fcm\u00fcn \u00f6rg\u00fcn \u00f6\u011fretim program\u0131na ilk olarak 2008-2009 e\u011fitim-\u00f6\u011fretim y\u0131l\u0131nda \u00f6\u011frenci al\u0131nm\u0131\u015ft\u0131r. 2009-2010 e\u011fitim-\u00f6\u011fretim y\u0131l\u0131nda ise ikinci \u00f6\u011fretim program\u0131na \u00f6\u011frenci kabul edilmi\u015f olup 12 d\u00f6nem mezun verilmi\u015f ve 2023-2024 e\u011fitim-\u00f6\u011fretim y\u0131l\u0131nda son mezunlardan sonra bu program kapat\u0131lm\u0131\u015ft\u0131r. \u00c7a\u011fda\u015f T\u00fcrk Leh\u00e7eleri ve Edebiyatlar\u0131 Anabilim Dal\u0131nda 2013-2014 e\u011fitim-\u00f6\u011fretim y\u0131l\u0131ndan itibaren lisans\u00fcst\u00fc e\u011fitime de ba\u015flanm\u0131\u015ft\u0131r.<\/p><p>B\u00f6l\u00fcm, kuruldu\u011fu g\u00fcnden bu yana d\u00fczenledi\u011fi sempozyum, \u00e7al\u0131\u015ftay, panel vb. bilimsel faaliyetlerle hem T\u00fcrkiye\u2019de hem de uluslararas\u0131 d\u00fczeyde T\u00fcrkoloji \u00e7al\u0131\u015fmalar\u0131na katk\u0131 sunmu\u015f; T\u00fcrk d\u00fcnyas\u0131n\u0131n farkl\u0131 b\u00f6lgelerinden akademisyen ve \u00f6\u011frencileri bir araya getiren projelere imza atm\u0131\u015ft\u0131r.<\/p><p><img decoding=\"async\" class=\"aligncenter\" src=\"http:\/\/www.atauni.edu.tr\/uploads\/profilDosyalar\/0023bb28a86d684652469dc32c5d4f07.png\" alt=\"bolum_baskani\" \/><\/p><p>B\u00f6l\u00fcm, T\u00fcrk d\u00fcnyas\u0131yla k\u00fclt\u00fcrel ve akademik ili\u015fkileri g\u00fc\u00e7lendirmeyi, ortak bilimsel projeler geli\u015ftirmeyi hedeflemektedir. Orhun De\u011fi\u015fim Program\u0131, Erasmus Program\u0131 ve \u0130kili Anla\u015fmalar kapsam\u0131nda T\u00fcrk d\u00fcnyas\u0131n\u0131n farkl\u0131 b\u00f6lgelerindeki \u00fcniversitelerle aktif i\u015f birli\u011fi y\u00fcr\u00fctmektedir. Uluslararas\u0131 hareketlilik programlar\u0131yla \u00f6\u011fretim \u00fcyesi ve \u00f6\u011frenciler \u00e7e\u015fitli karde\u015f \u00fclkelere g\u00f6nderilerek k\u00fclt\u00fcrel ve akademik etkile\u015fimleri art\u0131r\u0131lmaktad\u0131r. Ayn\u0131 \u015fekilde karde\u015f \u00fclkelerden de \u00f6\u011fretim \u00fcyesi ve \u00f6\u011frenci kabul edilmektedir. B\u00f6l\u00fcmde \u00e7ift anadal ve yandal programlar\u0131 da mevcuttur.<\/p><p>B\u00f6l\u00fcm, 2022 y\u0131l\u0131nda FEDEK taraf\u0131ndan akredite edilmi\u015ftir. B\u00f6l\u00fcm b\u00fcnyesinde Comparative Turkish Dialects and Literatures ad\u0131nda bilimsel bir dergi \u00e7\u0131kar\u0131lmakta ve T\u00fcrk D\u00fcnyas\u0131 Kul\u00fcb\u00fc ad\u0131 alt\u0131nda bir \u00f6\u011frenci kul\u00fcb\u00fc faaliyet g\u00f6stermektedir. Kul\u00fcp faaliyetleri kapsam\u0131nda ulusal bas\u0131nda da yer bulan \u00e7ok say\u0131da \u00f6nemli k\u00fclt\u00fcrel faaliyet ger\u00e7ekle\u015ftirilmi\u015ftir. B\u00f6l\u00fcm \u00f6\u011fretim \u00fcyelerinin \u00e7abalar\u0131yla Prof. Dr. Bilge Seyido\u011flu T\u00fcrk D\u00fcnyas\u0131 K\u00fclt\u00fcr Merkezi 2025 y\u0131l\u0131nda hizmete a\u00e7\u0131lm\u0131\u015ft\u0131r.<\/p><\/div><p>B\u00f6l\u00fcmde halen 4 profes\u00f6r, 1 do\u00e7ent, 5 doktor \u00f6\u011fretim \u00fcyesi (1&#8217;i yabanc\u0131 uyruklu) ve 3 ara\u015ft\u0131rma g\u00f6revlisi bulunmaktad\u0131r.<\/p>\t\t\t\t\t\t\t\t<\/div>\n\t\t\t\t<\/div>\n\t\t\t\t\t<\/div>\n\t\t<\/div>\n\t\t\t\t\t<\/div>\n\t\t<\/section>\n\t\t\t\t<\/div>\n\t\t","protected":false},"excerpt":{"rendered":"<p>Tarih\u00e7e \u00c7a\u011fda\u015f T\u00fcrk Leh\u00e7eleri ve Edebiyatlar\u0131 B\u00f6l\u00fcm\u00fc, 1995 y\u0131l\u0131nda Edebiyat Fak\u00fcltesi b\u00fcnyesinde Prof. Dr. Bilge Seyido\u011flu taraf\u0131ndan kurulmu\u015ftur. B\u00f6l\u00fcm\u00fcn temel amac\u0131, \u00e7a\u011fda\u015f T\u00fcrk leh\u00e7eleri ve edebiyatlar\u0131 alan\u0131nda yetkin kadrolar yeti\u015ftirmektir. B\u00f6l\u00fcmde, G\u00fcney-Bat\u0131 (O\u011fuz) T\u00fcrk Leh\u00e7eleri ve Edebiyatlar\u0131, G\u00fcney-Do\u011fu (T\u00fcrkistan- Uygur) T\u00fcrk Leh\u00e7eleri ve Edebiyatlar\u0131, Kuzey-Bat\u0131 (K\u0131p\u00e7ak) T\u00fcrk Leh\u00e7eleri ve Edebiyatlar\u0131, Kuzey-Do\u011fu (Sibirya) T\u00fcrk Leh\u00e7eleri ve [&hellip;]<\/p>\n","protected":false},"author":1,"featured_media":0,"parent":0,"menu_order":0,"comment_status":"closed","ping_status":"closed","template":"","meta":{"footnotes":""},"class_list":["post-5638","page","type-page","status-publish","hentry"],"_links":{"self":[{"href":"https:\/\/atauni.edu.tr\/cagdas-turk-lehceleri-ve-edebiyatlari\/wp-json\/wp\/v2\/pages\/5638","targetHints":{"allow":["GET"]}}],"collection":[{"href":"https:\/\/atauni.edu.tr\/cagdas-turk-lehceleri-ve-edebiyatlari\/wp-json\/wp\/v2\/pages"}],"about":[{"href":"https:\/\/atauni.edu.tr\/cagdas-turk-lehceleri-ve-edebiyatlari\/wp-json\/wp\/v2\/types\/page"}],"author":[{"embeddable":true,"href":"https:\/\/atauni.edu.tr\/cagdas-turk-lehceleri-ve-edebiyatlari\/wp-json\/wp\/v2\/users\/1"}],"replies":[{"embeddable":true,"href":"https:\/\/atauni.edu.tr\/cagdas-turk-lehceleri-ve-edebiyatlari\/wp-json\/wp\/v2\/comments?post=5638"}],"version-history":[{"count":37,"href":"https:\/\/atauni.edu.tr\/cagdas-turk-lehceleri-ve-edebiyatlari\/wp-json\/wp\/v2\/pages\/5638\/revisions"}],"predecessor-version":[{"id":9126,"href":"https:\/\/atauni.edu.tr\/cagdas-turk-lehceleri-ve-edebiyatlari\/wp-json\/wp\/v2\/pages\/5638\/revisions\/9126"}],"wp:attachment":[{"href":"https:\/\/atauni.edu.tr\/cagdas-turk-lehceleri-ve-edebiyatlari\/wp-json\/wp\/v2\/media?parent=5638"}],"curies":[{"name":"wp","href":"https:\/\/api.w.org\/{rel}","templated":true}]}}