{"id":5728,"date":"2021-07-13T11:33:38","date_gmt":"2021-07-13T08:33:38","guid":{"rendered":"https:\/\/portaltest.atauni.edu.tr\/bilgisayar-muhendisligi\/?page_id=5728"},"modified":"2024-11-24T01:02:32","modified_gmt":"2024-11-23T22:02:32","slug":"bolum-tanitimi","status":"publish","type":"page","link":"https:\/\/atauni.edu.tr\/cagdas-turk-lehceleri-ve-edebiyatlari\/bolum-tanitimi\/","title":{"rendered":"B\u00f6l\u00fcm Tan\u0131t\u0131m\u0131"},"content":{"rendered":"\t\t<div data-elementor-type=\"wp-page\" data-elementor-id=\"5728\" class=\"elementor elementor-5728\" data-elementor-post-type=\"page\">\n\t\t\t\t\t\t<section class=\"elementor-section elementor-top-section elementor-element elementor-element-730d320 elementor-section-boxed elementor-section-height-default elementor-section-height-default\" data-id=\"730d320\" data-element_type=\"section\">\n\t\t\t\t\t\t<div class=\"elementor-container elementor-column-gap-default\">\n\t\t\t\t\t<div class=\"elementor-column elementor-col-100 elementor-top-column elementor-element elementor-element-753d0860\" data-id=\"753d0860\" data-element_type=\"column\">\n\t\t\t<div class=\"elementor-widget-wrap\">\n\t\t\t\t\t\t\t<\/div>\n\t\t<\/div>\n\t\t\t\t\t<\/div>\n\t\t<\/section>\n\t\t\t\t<section class=\"elementor-section elementor-top-section elementor-element elementor-element-9be811a elementor-section-boxed elementor-section-height-default elementor-section-height-default\" data-id=\"9be811a\" data-element_type=\"section\">\n\t\t\t\t\t\t<div class=\"elementor-container elementor-column-gap-default\">\n\t\t\t\t\t<div class=\"elementor-column elementor-col-100 elementor-top-column elementor-element elementor-element-1ed847b7\" data-id=\"1ed847b7\" data-element_type=\"column\">\n\t\t\t<div class=\"elementor-widget-wrap elementor-element-populated\">\n\t\t\t\t\t\t<div class=\"elementor-element elementor-element-4ce0d07f elementor-widget elementor-widget-heading\" data-id=\"4ce0d07f\" data-element_type=\"widget\" data-widget_type=\"heading.default\">\n\t\t\t\t<div class=\"elementor-widget-container\">\n\t\t\t\t\t<h2 class=\"elementor-heading-title elementor-size-default\">B\u00f6l\u00fcm Tan\u0131t\u0131m\u0131<\/h2>\t\t\t\t<\/div>\n\t\t\t\t<\/div>\n\t\t\t\t<div class=\"elementor-element elementor-element-63260862 elementor-widget-divider--view-line elementor-widget elementor-widget-divider\" data-id=\"63260862\" data-element_type=\"widget\" data-widget_type=\"divider.default\">\n\t\t\t\t<div class=\"elementor-widget-container\">\n\t\t\t\t\t\t\t<div class=\"elementor-divider\">\n\t\t\t<span class=\"elementor-divider-separator\">\n\t\t\t\t\t\t<\/span>\n\t\t<\/div>\n\t\t\t\t\t\t<\/div>\n\t\t\t\t<\/div>\n\t\t\t\t\t<\/div>\n\t\t<\/div>\n\t\t\t\t\t<\/div>\n\t\t<\/section>\n\t\t\t\t<section class=\"elementor-section elementor-top-section elementor-element elementor-element-681db8b elementor-section-boxed elementor-section-height-default elementor-section-height-default\" data-id=\"681db8b\" data-element_type=\"section\">\n\t\t\t\t\t\t<div class=\"elementor-container elementor-column-gap-default\">\n\t\t\t\t\t<div class=\"elementor-column elementor-col-100 elementor-top-column elementor-element elementor-element-ad4dac5\" data-id=\"ad4dac5\" data-element_type=\"column\">\n\t\t\t<div class=\"elementor-widget-wrap elementor-element-populated\">\n\t\t\t\t\t\t<div class=\"elementor-element elementor-element-2f96b3d elementor-widget elementor-widget-text-editor\" data-id=\"2f96b3d\" data-element_type=\"widget\" data-widget_type=\"text-editor.default\">\n\t\t\t\t<div class=\"elementor-widget-container\">\n\t\t\t\t\t\t\t\t\t<div>\n<p>B\u00f6l\u00fcmde T\u00fcrk dili, T\u00fcrk dilinin yap\u0131s\u0131, T\u00fcrk leh\u00e7eleri ve edebiyatlar\u0131, bunlar\u0131n \u00f6zellikleri ve geli\u015fimleri \u00fczerinde durulur. T\u00fcrk edebiyat\u0131n\u0131n tarihi geli\u015fimi, bug\u00fcnk\u00fc durumu ve eserleri incelenir. B\u00f6l\u00fcm mezunlar\u0131 \u00f6\u011fretmen olabilirler. \u00dcniversitelerin T\u00fcrkoloji b\u00f6l\u00fcmlerine ara\u015ft\u0131rma g\u00f6revlisi olarak atanabilirler. K\u00fclt\u00fcr Bakanl\u0131\u011f\u0131nda, ata\u015feliklerde, televizyon kanallar\u0131nda g\u00f6rev alabilirler. \u00d6zel yetene\u011fi olanlar gazete ve dergilerde yazarl\u0131k, edit\u00f6rl\u00fck yapabilirler. \u00c7a\u011fda\u015f T\u00fcrk Leh\u00e7eleri ve Edebiyatlar\u0131 B\u00f6l\u00fcm\u00fc, sosyal bilimler alan\u0131ndaki b\u00f6l\u00fcmlerin gittik\u00e7e \u00f6nem kazand\u0131\u011f\u0131 son y\u0131llarda itibar g\u00f6ren b\u00f6l\u00fcmlerden biri haline gelmi\u015ftir.&nbsp;B\u00f6l\u00fcm\u00fcn kurulu\u015f ama\u00e7lar\u0131ndan ilki ve en \u00f6nemlisi, disiplinler aras\u0131 \u00e7al\u0131\u015fmalar yapabilen, T\u00fcrkiye ve T\u00fcrk d\u00fcnyas\u0131 aras\u0131nda k\u00f6pr\u00fc vazifesi \u00fcstlenebilecek \u00e7ok say\u0131da T\u00fcrk leh\u00e7esini bilen T\u00fcrkologlar yeti\u015ftirmektir. B\u00f6l\u00fcm kalitesi gittik\u00e7e artan \u00f6\u011frenci profili ve \u00f6zel \u00fcniversitelere k\u0131yasla olduk\u00e7a zengin akademisyen kadrosu ile bunu b\u00fcy\u00fck oranda ba\u015farm\u0131\u015ft\u0131r.<\/p>\n<\/div>\t\t\t\t\t\t\t\t<\/div>\n\t\t\t\t<\/div>\n\t\t\t\t\t<\/div>\n\t\t<\/div>\n\t\t\t\t\t<\/div>\n\t\t<\/section>\n\t\t\t\t<section class=\"elementor-section elementor-top-section elementor-element elementor-element-d693228 elementor-section-boxed elementor-section-height-default elementor-section-height-default\" data-id=\"d693228\" data-element_type=\"section\">\n\t\t\t\t\t\t<div class=\"elementor-container elementor-column-gap-default\">\n\t\t\t\t\t<div class=\"elementor-column elementor-col-100 elementor-top-column elementor-element elementor-element-bb95d69\" data-id=\"bb95d69\" data-element_type=\"column\">\n\t\t\t<div class=\"elementor-widget-wrap elementor-element-populated\">\n\t\t\t\t\t\t<div class=\"elementor-element elementor-element-016a225 elementor-widget elementor-widget-video\" data-id=\"016a225\" data-element_type=\"widget\" data-settings=\"{&quot;youtube_url&quot;:&quot;https:\\\/\\\/www.youtube.com\\\/watch?v=MNwcT3TgD30&amp;ab_channel=T%C3%BCrkLeh%C3%A7eleri&quot;,&quot;video_type&quot;:&quot;youtube&quot;,&quot;controls&quot;:&quot;yes&quot;}\" data-widget_type=\"video.default\">\n\t\t\t\t<div class=\"elementor-widget-container\">\n\t\t\t\t\t\t\t<div class=\"elementor-wrapper elementor-open-inline\">\n\t\t\t<div class=\"elementor-video\"><\/div>\t\t<\/div>\n\t\t\t\t\t\t<\/div>\n\t\t\t\t<\/div>\n\t\t\t\t\t<\/div>\n\t\t<\/div>\n\t\t\t\t\t<\/div>\n\t\t<\/section>\n\t\t\t\t<\/div>\n\t\t","protected":false},"excerpt":{"rendered":"<p>B\u00f6l\u00fcm Tan\u0131t\u0131m\u0131 B\u00f6l\u00fcmde T\u00fcrk dili, T\u00fcrk dilinin yap\u0131s\u0131, T\u00fcrk leh\u00e7eleri ve edebiyatlar\u0131, bunlar\u0131n \u00f6zellikleri ve geli\u015fimleri \u00fczerinde durulur. T\u00fcrk edebiyat\u0131n\u0131n tarihi geli\u015fimi, bug\u00fcnk\u00fc durumu ve eserleri incelenir. B\u00f6l\u00fcm mezunlar\u0131 \u00f6\u011fretmen olabilirler. \u00dcniversitelerin T\u00fcrkoloji b\u00f6l\u00fcmlerine ara\u015ft\u0131rma g\u00f6revlisi olarak atanabilirler. K\u00fclt\u00fcr Bakanl\u0131\u011f\u0131nda, ata\u015feliklerde, televizyon kanallar\u0131nda g\u00f6rev alabilirler. \u00d6zel yetene\u011fi olanlar gazete ve dergilerde yazarl\u0131k, edit\u00f6rl\u00fck yapabilirler. \u00c7a\u011fda\u015f [&hellip;]<\/p>\n","protected":false},"author":1,"featured_media":0,"parent":0,"menu_order":0,"comment_status":"closed","ping_status":"closed","template":"elementor_header_footer","meta":{"footnotes":""},"class_list":["post-5728","page","type-page","status-publish","hentry"],"_links":{"self":[{"href":"https:\/\/atauni.edu.tr\/cagdas-turk-lehceleri-ve-edebiyatlari\/wp-json\/wp\/v2\/pages\/5728","targetHints":{"allow":["GET"]}}],"collection":[{"href":"https:\/\/atauni.edu.tr\/cagdas-turk-lehceleri-ve-edebiyatlari\/wp-json\/wp\/v2\/pages"}],"about":[{"href":"https:\/\/atauni.edu.tr\/cagdas-turk-lehceleri-ve-edebiyatlari\/wp-json\/wp\/v2\/types\/page"}],"author":[{"embeddable":true,"href":"https:\/\/atauni.edu.tr\/cagdas-turk-lehceleri-ve-edebiyatlari\/wp-json\/wp\/v2\/users\/1"}],"replies":[{"embeddable":true,"href":"https:\/\/atauni.edu.tr\/cagdas-turk-lehceleri-ve-edebiyatlari\/wp-json\/wp\/v2\/comments?post=5728"}],"version-history":[{"count":17,"href":"https:\/\/atauni.edu.tr\/cagdas-turk-lehceleri-ve-edebiyatlari\/wp-json\/wp\/v2\/pages\/5728\/revisions"}],"predecessor-version":[{"id":8380,"href":"https:\/\/atauni.edu.tr\/cagdas-turk-lehceleri-ve-edebiyatlari\/wp-json\/wp\/v2\/pages\/5728\/revisions\/8380"}],"wp:attachment":[{"href":"https:\/\/atauni.edu.tr\/cagdas-turk-lehceleri-ve-edebiyatlari\/wp-json\/wp\/v2\/media?parent=5728"}],"curies":[{"name":"wp","href":"https:\/\/api.w.org\/{rel}","templated":true}]}}