{"id":6171,"date":"2021-12-20T15:24:46","date_gmt":"2021-12-20T12:24:46","guid":{"rendered":"https:\/\/birimler.atauni.edu.tr\/cagdas-turk-lehceleri-ve-edebiyatlari\/?page_id=6171"},"modified":"2024-11-24T01:18:51","modified_gmt":"2024-11-23T22:18:51","slug":"bolum-baskaninin-mesaji-2","status":"publish","type":"page","link":"https:\/\/atauni.edu.tr\/cagdas-turk-lehceleri-ve-edebiyatlari\/bolum-baskaninin-mesaji-2\/","title":{"rendered":"B\u00f6l\u00fcm Ba\u015fkan\u0131n\u0131n Mesaj\u0131"},"content":{"rendered":"<h2>B\u00f6l\u00fcm Ba\u015fkan\u0131n Mesaj\u0131<\/h2>\n<p>Bizler, y\u00fczy\u0131llar boyunca yery\u00fcz\u00fcnde b\u00fcy\u00fck devletler kurmu\u015f bir ulusun \u00e7a\u011fda\u015f temsilcileriyiz. T\u00fcrk ulusu, tarihi zorunluklar nedeniyle, \u00e7ok uzun bir s\u00fcre soyda\u015flar\u0131ndan uzaklarda yeni co\u011frafyalar\u0131 kendine vatan edinmi\u015f, farkl\u0131 uluslarla y\u00fczle\u015ferek dilini, edebiyat\u0131n\u0131, sanat\u0131n\u0131 ve k\u00fclt\u00fcr\u00fcn\u00fc zenginle\u015ftirerek uygarl\u0131\u011f\u0131 temsil etmi\u015f uluslardand\u0131r. Uzak Asya\u2019dan hareketle ba\u015flayan y\u00fczlerce y\u0131ll\u0131k ayr\u0131l\u0131k ser\u00fcveninden sonra, yirminci y\u00fczy\u0131l\u0131n son \u00e7eyre\u011finden itibaren d\u00fcnyan\u0131n yeni bir yap\u0131lanmaya do\u011fru gitti\u011fi bir d\u00f6nemde, k\u00f6keni bir, ulusu bir, dili ve k\u00fclt\u00fcr\u00fc bir soyda\u015flar\u0131m\u0131zla yeniden bir yak\u0131nla\u015fma f\u0131rsat\u0131 yeniden olu\u015fmu\u015ftur.<\/p>\n<p>B\u00f6l\u00fcm\u00fcm\u00fcz, \u201c\u00c7a\u011fda\u015f T\u00fcrk Leh\u00e7eleri ve Edebiyatlar\u0131\u201d ba\u015fl\u0131\u011f\u0131yla, ayr\u0131 topraklarda, ama ayn\u0131 k\u00f6kten gelen soyda\u015flar\u0131m\u0131z\u0131n dilini, edebiyat\u0131n\u0131 gelecek ku\u015faklara aktararak T\u00fcrk soylu ku\u015faklar\u0131 yeniden ayn\u0131 k\u00fclt\u00fcr potas\u0131nda birle\u015ftirerek d\u00fcnyaya tan\u0131tma g\u00f6rev ve sorumlulu\u011funu y\u00fcklenmi\u015ftir. Ayn\u0131 k\u00fclt\u00fcrel kaynaktan beslenen T\u00fcrk soylu \u00e7a\u011fda\u015f ku\u015faklar\u0131n yeniden birbirleriyle ili\u015fki kurmas\u0131n\u0131, tarihin derinliklerinde olu\u015fmu\u015f birikimlerini k\u00fclt\u00fcrel de\u011fi\u015fim programlar\u0131 \u00e7er\u00e7evesinde payla\u015ft\u0131rarak geli\u015ftirmeyi, k\u00fclt\u00fcrel kalk\u0131nma destekleriyle T\u00fcrk ulusunun yeniden d\u00fcnya uygarl\u0131klar\u0131 aras\u0131nda yer almas\u0131n\u0131 hedef olarak belirlemi\u015ftir.<\/p>\n<p>\u00c7a\u011fda\u015f T\u00fcrk Leh\u00e7eleri ve Edebiyatlar\u0131 alan\u0131nda uzmanla\u015fm\u0131\u015f gen\u00e7 kadrolar\u0131n da bu ideallerle mesleki geli\u015fimlerini sa\u011flamalar\u0131 beklenmektedir. Her t\u00fcrl\u00fc k\u00fclt\u00fcrel donan\u0131ma sahip bireylerin, meslek ya\u015fam\u0131na kazand\u0131r\u0131lm\u0131\u015f ileri g\u00f6r\u00fc\u015fl\u00fc, a\u00e7\u0131k fikirli, ulusal kimli\u011fine kavu\u015fmu\u015f, uluslararas\u0131 ili\u015fkilerde \u00f6z g\u00fcvenini kazanm\u0131\u015f bir dinamizme ula\u015fmalar\u0131 beklenmektedir. \u00dcmidimiz, b\u00f6l\u00fcm\u00fcm\u00fczde yeti\u015ftirilmi\u015f gen\u00e7 ku\u015faklar\u0131, bilgili, bilin\u00e7li, \u00e7a\u011f\u0131n\u0131n gerektirdi\u011fi \u00f6zelliklerle donanm\u0131\u015f uygar insan kimli\u011fi kazanm\u0131\u015f gen\u00e7 bir ku\u015fak olarak g\u00f6rmektir.<\/p>\n<p>Prof. Dr. Sedat ADIG\u00dcZEL<\/p>\n","protected":false},"excerpt":{"rendered":"<p>B\u00f6l\u00fcm Ba\u015fkan\u0131n Mesaj\u0131 Bizler, y\u00fczy\u0131llar boyunca yery\u00fcz\u00fcnde b\u00fcy\u00fck devletler kurmu\u015f bir ulusun \u00e7a\u011fda\u015f temsilcileriyiz. T\u00fcrk ulusu, tarihi zorunluklar nedeniyle, \u00e7ok uzun bir s\u00fcre soyda\u015flar\u0131ndan uzaklarda yeni co\u011frafyalar\u0131 kendine vatan edinmi\u015f, farkl\u0131 uluslarla y\u00fczle\u015ferek dilini, edebiyat\u0131n\u0131, sanat\u0131n\u0131 ve k\u00fclt\u00fcr\u00fcn\u00fc zenginle\u015ftirerek uygarl\u0131\u011f\u0131 temsil etmi\u015f uluslardand\u0131r. Uzak Asya\u2019dan hareketle ba\u015flayan y\u00fczlerce y\u0131ll\u0131k ayr\u0131l\u0131k ser\u00fcveninden sonra, yirminci y\u00fczy\u0131l\u0131n son [&hellip;]<\/p>\n","protected":false},"author":83,"featured_media":0,"parent":0,"menu_order":0,"comment_status":"closed","ping_status":"closed","template":"elementor_header_footer","meta":{"footnotes":""},"class_list":["post-6171","page","type-page","status-publish","hentry"],"_links":{"self":[{"href":"https:\/\/atauni.edu.tr\/cagdas-turk-lehceleri-ve-edebiyatlari\/wp-json\/wp\/v2\/pages\/6171","targetHints":{"allow":["GET"]}}],"collection":[{"href":"https:\/\/atauni.edu.tr\/cagdas-turk-lehceleri-ve-edebiyatlari\/wp-json\/wp\/v2\/pages"}],"about":[{"href":"https:\/\/atauni.edu.tr\/cagdas-turk-lehceleri-ve-edebiyatlari\/wp-json\/wp\/v2\/types\/page"}],"author":[{"embeddable":true,"href":"https:\/\/atauni.edu.tr\/cagdas-turk-lehceleri-ve-edebiyatlari\/wp-json\/wp\/v2\/users\/83"}],"replies":[{"embeddable":true,"href":"https:\/\/atauni.edu.tr\/cagdas-turk-lehceleri-ve-edebiyatlari\/wp-json\/wp\/v2\/comments?post=6171"}],"version-history":[{"count":7,"href":"https:\/\/atauni.edu.tr\/cagdas-turk-lehceleri-ve-edebiyatlari\/wp-json\/wp\/v2\/pages\/6171\/revisions"}],"predecessor-version":[{"id":8391,"href":"https:\/\/atauni.edu.tr\/cagdas-turk-lehceleri-ve-edebiyatlari\/wp-json\/wp\/v2\/pages\/6171\/revisions\/8391"}],"wp:attachment":[{"href":"https:\/\/atauni.edu.tr\/cagdas-turk-lehceleri-ve-edebiyatlari\/wp-json\/wp\/v2\/media?parent=6171"}],"curies":[{"name":"wp","href":"https:\/\/api.w.org\/{rel}","templated":true}]}}