{"id":6723,"date":"2022-08-03T16:45:37","date_gmt":"2022-08-03T13:45:37","guid":{"rendered":"https:\/\/birimler.atauni.edu.tr\/cagdas-turk-lehceleri-ve-edebiyatlari\/?page_id=6723"},"modified":"2022-08-03T16:45:37","modified_gmt":"2022-08-03T13:45:37","slug":"ogrenci-deneyimleri","status":"publish","type":"page","link":"https:\/\/atauni.edu.tr\/cagdas-turk-lehceleri-ve-edebiyatlari\/ogrenci-deneyimleri\/","title":{"rendered":"\u00d6\u011frenci Deneyimleri"},"content":{"rendered":"\n<figure class=\"wp-block-embed is-type-video is-provider-youtube wp-block-embed-youtube wp-embed-aspect-16-9 wp-has-aspect-ratio\"><div class=\"wp-block-embed__wrapper\">\n<iframe title=\"Atat\u00fcrk \u00dcniversitesi - Edebiyat Fak\u00fcltesi \/ \u00c7a\u011fda\u015f T\u00fcrk Leh\u00e7eleri Edebiyatlar\u0131 B\u00f6l\u00fcm\u00fc\" width=\"500\" height=\"281\" src=\"https:\/\/www.youtube.com\/embed\/PFd-ngATDHE?feature=oembed&amp;wmode=opaque\"  allow=\"accelerometer; autoplay; clipboard-write; encrypted-media; gyroscope; picture-in-picture; web-share\" referrerpolicy=\"strict-origin-when-cross-origin\" allowfullscreen><\/iframe>\n<\/div><\/figure>\n\n\n\n<figure class=\"wp-block-embed is-type-video is-provider-youtube wp-block-embed-youtube wp-embed-aspect-16-9 wp-has-aspect-ratio\"><div class=\"wp-block-embed__wrapper\">\n<iframe title=\"Edebiyat Fak\u00fcltesi - \u00c7a\u011fda\u015f T\u00fcrk Leh\u00e7eleri ve Edebiyatlar\u0131 B\u00f6l\u00fcm\u00fc - Atat\u00fcrk \u00dcniversitesi (2007)\" width=\"500\" height=\"281\" src=\"https:\/\/www.youtube.com\/embed\/ATtWqW_3cLg?feature=oembed&amp;wmode=opaque\"  allow=\"accelerometer; autoplay; clipboard-write; encrypted-media; gyroscope; picture-in-picture; web-share\" referrerpolicy=\"strict-origin-when-cross-origin\" allowfullscreen><\/iframe>\n<\/div><\/figure>\n","protected":false},"excerpt":{"rendered":"","protected":false},"author":447,"featured_media":0,"parent":0,"menu_order":0,"comment_status":"closed","ping_status":"closed","template":"","meta":{"footnotes":""},"class_list":["post-6723","page","type-page","status-publish","hentry"],"_links":{"self":[{"href":"https:\/\/atauni.edu.tr\/cagdas-turk-lehceleri-ve-edebiyatlari\/wp-json\/wp\/v2\/pages\/6723","targetHints":{"allow":["GET"]}}],"collection":[{"href":"https:\/\/atauni.edu.tr\/cagdas-turk-lehceleri-ve-edebiyatlari\/wp-json\/wp\/v2\/pages"}],"about":[{"href":"https:\/\/atauni.edu.tr\/cagdas-turk-lehceleri-ve-edebiyatlari\/wp-json\/wp\/v2\/types\/page"}],"author":[{"embeddable":true,"href":"https:\/\/atauni.edu.tr\/cagdas-turk-lehceleri-ve-edebiyatlari\/wp-json\/wp\/v2\/users\/447"}],"replies":[{"embeddable":true,"href":"https:\/\/atauni.edu.tr\/cagdas-turk-lehceleri-ve-edebiyatlari\/wp-json\/wp\/v2\/comments?post=6723"}],"version-history":[{"count":1,"href":"https:\/\/atauni.edu.tr\/cagdas-turk-lehceleri-ve-edebiyatlari\/wp-json\/wp\/v2\/pages\/6723\/revisions"}],"predecessor-version":[{"id":6724,"href":"https:\/\/atauni.edu.tr\/cagdas-turk-lehceleri-ve-edebiyatlari\/wp-json\/wp\/v2\/pages\/6723\/revisions\/6724"}],"wp:attachment":[{"href":"https:\/\/atauni.edu.tr\/cagdas-turk-lehceleri-ve-edebiyatlari\/wp-json\/wp\/v2\/media?parent=6723"}],"curies":[{"name":"wp","href":"https:\/\/api.w.org\/{rel}","templated":true}]}}