{"id":6738,"date":"2022-09-08T15:02:50","date_gmt":"2022-09-08T12:02:50","guid":{"rendered":"https:\/\/birimler.atauni.edu.tr\/cagdas-turk-lehceleri-ve-edebiyatlari\/?page_id=6738"},"modified":"2024-11-24T01:52:38","modified_gmt":"2024-11-23T22:52:38","slug":"komisyonlar-2","status":"publish","type":"page","link":"https:\/\/atauni.edu.tr\/cagdas-turk-lehceleri-ve-edebiyatlari\/komisyonlar-2\/","title":{"rendered":"Komisyonlar"},"content":{"rendered":"\t\t<div data-elementor-type=\"wp-page\" data-elementor-id=\"6738\" class=\"elementor elementor-6738\" data-elementor-post-type=\"page\">\n\t\t\t\t\t\t<section class=\"elementor-section elementor-top-section elementor-element elementor-element-3357c15b elementor-section-boxed elementor-section-height-default elementor-section-height-default\" data-id=\"3357c15b\" data-element_type=\"section\">\n\t\t\t\t\t\t<div class=\"elementor-container elementor-column-gap-default\">\n\t\t\t\t\t<div class=\"elementor-column elementor-col-100 elementor-top-column elementor-element elementor-element-2a3add70\" data-id=\"2a3add70\" data-element_type=\"column\">\n\t\t\t<div class=\"elementor-widget-wrap elementor-element-populated\">\n\t\t\t\t\t\t<div class=\"elementor-element elementor-element-72ff040a elementor-widget__width-initial elementor-widget elementor-widget-text-editor\" data-id=\"72ff040a\" data-element_type=\"widget\" data-widget_type=\"text-editor.default\">\n\t\t\t\t<div class=\"elementor-widget-container\">\n\t\t\t\t\t\t\t\t\t<p><strong>B\u00f6l\u00fcm Ba\u015fkan\u0131<\/strong><br>Prof. Dr. Sedat ADIG\u00dcZEL&nbsp; &nbsp; &nbsp; &nbsp; &nbsp; &nbsp;&nbsp;<\/p>\n<p><!-- \/wp:paragraph --><!-- wp:paragraph --><\/p>\n<p><strong>B\u00f6l\u00fcm Ba\u015fkan Yard\u0131mc\u0131lar\u0131<\/strong><br>Prof. Dr. Mayramg\u00fcl DIYKANBAY<br>Dr. \u00d6\u011fr. \u00dcyesi Nursan ILDIRI<\/p>\n<p><!-- \/wp:paragraph --><!-- wp:paragraph --><\/p>\n<p><strong>Anabilim Dal\u0131 Ba\u015fkanlar\u0131<\/strong><br>Prof. Dr. Sedat ADIG\u00dcZEL (G\u00fcney-Bat\u0131 (O\u011fuz) T\u00fcrk Leh\u00e7eleri ve Edebiyatlar\u0131)<br>Prof. Dr. H\u00fcseyin BAYDEM\u0130R (G\u00fcney-Do\u011fu (T\u00fcrkistan-Uygur) T\u00fcrk Leh\u00e7eleri ve Edebiyatlar\u0131)<br>Prof. Dr. S\u00fcleyman EFEND\u0130O\u011eLU (Kuzey-Bat\u0131 (K\u0131p\u00e7ak) T\u00fcrk Leh\u00e7eleri ve Edebiyatlar\u0131)<br>Prof. Dr. Mayramg\u00fcl DIYKANBAY (Kuzey- Do\u011fu T\u00fcrk Leh\u00e7eleri ve Edebiyatlar\u0131)<br>Dr. \u00d6\u011fr. \u00dcyesi Sinan D\u0130N\u00c7 &nbsp;(\u00c7uva\u015f T\u00fcrk Leh\u00e7eleri ve Edebiyatlar\u0131)<\/p>\n<p><!-- \/wp:paragraph --><!-- wp:paragraph --><\/p>\n<p><strong>B\u00f6l\u00fcm Kurulu<\/strong><br>Prof. Dr. Sedat ADIG\u00dcZEL (G\u00fcney-Bat\u0131 (O\u011fuz) T\u00fcrk Leh\u00e7eleri ve Edebiyatlar\u0131)<br>Prof. Dr. H\u00fcseyin BAYDEM\u0130R (G\u00fcney-Do\u011fu (T\u00fcrkistan-Uygur) T\u00fcrk Leh\u00e7eleri ve Edebiyatlar\u0131)<br>Prof. Dr. S\u00fcleyman EFEND\u0130O\u011eLU&nbsp;(Kuzey-Bat\u0131 (K\u0131p\u00e7ak) T\u00fcrk Leh\u00e7eleri ve Edebiyatlar\u0131)<br>Prof. Dr. Mayramg\u00fcl DIYKANBAY (Kuzey-Do\u011fu T\u00fcrk Leh\u00e7eleri ve Edebiyatlar\u0131)<br>Dr. \u00d6\u011fr. \u00dcyesi Sinan D\u0130N\u00c7 (\u00c7uva\u015f T\u00fcrk Leh\u00e7eleri ve Edebiyatlar\u0131)<br>Dr. \u00d6\u011fr. \u00dcyesi Nursan ILDIRI (B\u00f6l\u00fcm Ba\u015fkan Yard\u0131mc\u0131s\u0131)<\/p>\n<p><!-- \/wp:paragraph --><!-- wp:paragraph --><\/p>\n<p><strong>B\u00f6l\u00fcm Akademik Kurulu<\/strong><br>\u00c7a\u011fda\u015f T\u00fcrk Leh\u00e7eleri ve Edebiyatlar\u0131 &nbsp;B\u00f6l\u00fcm\u00fc \u00d6\u011fretim \u00fcyeleri<\/p>\n<p><!-- \/wp:paragraph --><!-- wp:paragraph --><\/p>\n<p><strong>Stratejik Planlama ve Akreditasyon &nbsp;Komisyonu<br><\/strong>Prof. Dr. H\u00fcseyin BAYDEM\u0130R (Ba\u015fkan)<br>Prof. Dr. Mayramg\u00fcl DIYKANBAY (\u00dcye)<br>Dr. \u00d6\u011fr. \u00dcyesi Nursan ILDIRI (\u00dcye)<\/p>\n<p><!-- \/wp:paragraph --><!-- wp:paragraph --><\/p>\n<p><strong>\u0130leti\u015fim ve Tan\u0131t\u0131m Komisyonu<br><\/strong>Dr. \u00d6\u011fr. \u00dcyesi Moldir BULUT (Ba\u015fkan)<br>Dr. \u00d6\u011fr. \u00dcyesi Fatih EK\u0130C\u0130 (\u00dcye)<br>Dr. \u00d6\u011fr. \u00dcyesi Reyhan KARKINLI (\u00dcye)<br>Ar\u015f. G\u00f6r. Dr. Elif KO\u00c7 (\u00dcye)<br>Ar\u015f. G\u00f6r. S\u00fcmeyye Bet\u00fcl AKBULUT TAYHAN (\u00dcye)<\/p>\n<p><!-- \/wp:paragraph --><!-- wp:paragraph --><\/p>\n<p><strong>\u0130ntibak&nbsp;Komisyonu:<\/strong><br>Dr. \u00d6\u011fr \u00dcyesi Nursan ILDIRI (Ba\u015fkan) <br>Dr. \u00d6\u011fr. \u00dcyesi Moldir BULUT (\u00dcye)<br>Dr. \u00d6\u011fr. \u00dcyesi Fatih EK\u0130C\u0130 (\u00dcye)<br>Dr. \u00d6\u011fr. \u00dcyesi Reyhan KARKINLI (\u00dcye)<\/p><p>Ar\u015f. G\u00f6r. Dr. Elif KO\u00c7 (\u00dcye)<br>Ar\u015f. G\u00f6r. S\u00fcmeyye Bet\u00fcl AKBULUT TAYHAN (\u00dcye)<\/p>\n<p><\/p>\n<p><!-- \/wp:paragraph --><!-- wp:paragraph --><\/p>\n<p><strong>\u00d6\u011frenci De\u011fi\u015fim&nbsp;Programlar\u0131 Komisyonu<br><\/strong>Dr. \u00d6\u011fr. \u00dcyesi Sinan D\u0130N\u00c7 (Ba\u015fkan)<br>Dr. \u00d6\u011fr. \u00dcyesi Nursan ILDIRI (\u00dcye)<br>Dr. \u00d6\u011fr. \u00dcyesi Fatih EK\u0130C\u0130 (\u00dcye)<br>Dr. \u00d6\u011fr. \u00dcyesi Reyhan KARKINLI (\u00dcye)&nbsp; &nbsp; &nbsp; &nbsp; &nbsp; &nbsp; &nbsp; &nbsp; &nbsp; &nbsp; &nbsp; &nbsp; &nbsp; &nbsp; &nbsp; &nbsp; &nbsp; &nbsp; &nbsp; &nbsp; &nbsp; &nbsp; &nbsp; &nbsp; &nbsp; &nbsp; &nbsp; &nbsp; &nbsp; &nbsp; &nbsp; &nbsp; &nbsp; &nbsp; &nbsp; &nbsp; &nbsp; &nbsp; &nbsp; &nbsp; &nbsp; &nbsp; &nbsp; &nbsp; &nbsp; &nbsp; &nbsp; &nbsp; &nbsp; &nbsp; &nbsp; &nbsp; &nbsp; &nbsp; &nbsp; &nbsp; &nbsp; &nbsp; &nbsp; &nbsp; &nbsp; &nbsp; &nbsp; &nbsp; &nbsp; &nbsp; &nbsp; &nbsp; &nbsp; &nbsp; &nbsp; &nbsp; &nbsp; &nbsp; &nbsp; &nbsp; &nbsp; &nbsp; &nbsp; &nbsp; &nbsp; &nbsp; &nbsp; &nbsp; &nbsp; &nbsp; &nbsp; &nbsp; &nbsp; &nbsp; &nbsp; &nbsp; &nbsp;<\/p>\n<p><span style=\"color: var( --e-global-color-text );font-family: var( --e-global-typography-text-font-family ), Sans-serif;font-size: 1rem;font-weight: var( --e-global-typography-text-font-weight );letter-spacing: 0px\">Ar\u015f. G\u00f6r. Dr. Elif KO\u00c7 (\u00dcye)<\/span><\/p>\n<p><!-- \/wp:paragraph --><!-- wp:paragraph --><\/p>\n<p><strong>M\u00fcfredat \u00d6l\u00e7me&nbsp;ve De\u011ferlendirme Komisyonu<br><\/strong>Prof. Dr. Sedat ADIG\u00dcZEL (Ba\u015fkan)<br>Prof. Dr. Mayramg\u00fcl DIYKANBAY (\u00dcye)<br>Dr. \u00d6\u011fr. \u00dcyesi Nursan ILDIRI (\u00dcye)<br>Dr. \u00d6\u011fr. \u00dcyesi Moldir BULUT (\u00dcye)<br>Dr. \u00d6\u011fr. \u00dcyesi Reyhan KARKINLI (\u00dcye)<\/p>\n<p><!-- \/wp:paragraph --><!-- wp:paragraph --><\/p>\n<p><strong>\u00d6\u011frenci \u0130li\u015fkileri&nbsp;Komisyonu<br><\/strong>Do\u00e7. Dr. Recai KIZILTUN\u00c7 (Ba\u015fkan)<br>Dr. \u00d6\u011fr. \u00dcyesi Sinan D\u0130N\u00c7 (\u00dcye)<br>Dr. \u00d6\u011fr. \u00dcyesi Fatih EK\u0130C\u0130 (\u00dcye)&nbsp; &nbsp; &nbsp; &nbsp; &nbsp; &nbsp; &nbsp; &nbsp; &nbsp; &nbsp; &nbsp; &nbsp; &nbsp; &nbsp; &nbsp; &nbsp; &nbsp; &nbsp; &nbsp; &nbsp; &nbsp; &nbsp; &nbsp; &nbsp; &nbsp; &nbsp; &nbsp; &nbsp; &nbsp; &nbsp; &nbsp; &nbsp; &nbsp; &nbsp; &nbsp; &nbsp; &nbsp; &nbsp; &nbsp; &nbsp; &nbsp; &nbsp; &nbsp; &nbsp; &nbsp; &nbsp; &nbsp; &nbsp; &nbsp; &nbsp; &nbsp; &nbsp; &nbsp; &nbsp; &nbsp; &nbsp; &nbsp; &nbsp; &nbsp; &nbsp; &nbsp; &nbsp; &nbsp; &nbsp; &nbsp; &nbsp; &nbsp; &nbsp; &nbsp; &nbsp; &nbsp; &nbsp; &nbsp; &nbsp; &nbsp; &nbsp; &nbsp; &nbsp; &nbsp; &nbsp; &nbsp; &nbsp; &nbsp; &nbsp; &nbsp; &nbsp; &nbsp; &nbsp; &nbsp; &nbsp; &nbsp; &nbsp; &nbsp; &nbsp; &nbsp; &nbsp; &nbsp; &nbsp; &nbsp; &nbsp;&nbsp;<\/p>\n<p><span style=\"color: var( --e-global-color-text );font-family: var( --e-global-typography-text-font-family ), Sans-serif;font-weight: var( --e-global-typography-text-font-weight );font-size: 1rem;letter-spacing: 0px\">Dr. \u00d6\u011fr. \u00dcyesi Reyhan KARKINLI (\u00dcye)&nbsp; &nbsp; &nbsp; &nbsp; &nbsp; &nbsp; &nbsp; &nbsp; &nbsp; &nbsp; &nbsp; &nbsp; &nbsp; &nbsp; &nbsp; &nbsp; &nbsp; &nbsp; &nbsp; &nbsp; &nbsp; &nbsp; &nbsp; &nbsp; &nbsp; &nbsp; &nbsp; &nbsp; &nbsp; &nbsp; &nbsp; &nbsp; &nbsp; &nbsp; &nbsp; &nbsp; &nbsp; &nbsp; &nbsp; &nbsp; &nbsp; &nbsp; &nbsp; &nbsp; &nbsp; &nbsp; &nbsp; &nbsp; &nbsp; &nbsp; &nbsp; &nbsp; &nbsp; &nbsp; &nbsp; &nbsp; &nbsp; &nbsp; &nbsp; &nbsp; &nbsp; &nbsp; &nbsp; &nbsp; &nbsp; &nbsp; &nbsp; &nbsp; &nbsp; &nbsp; &nbsp; &nbsp; &nbsp; &nbsp; &nbsp; &nbsp; &nbsp; &nbsp; &nbsp; &nbsp; &nbsp; &nbsp; &nbsp; &nbsp; &nbsp; &nbsp; &nbsp; &nbsp; &nbsp; &nbsp; &nbsp; &nbsp; &nbsp;<\/span><\/p>\n<p><span style=\"color: var( --e-global-color-text );font-family: var( --e-global-typography-text-font-family ), Sans-serif;font-weight: var( --e-global-typography-text-font-weight );font-size: 1rem;letter-spacing: 0px\">Ar\u015f. G<\/span><span style=\"color: var( --e-global-color-text );font-family: var( --e-global-typography-text-font-family ), Sans-serif;font-weight: var( --e-global-typography-text-font-weight );font-size: 1rem;letter-spacing: 0px\">\u00f6r. Dr. Elif KO\u00c7&nbsp; &nbsp;<\/span><\/p>\n<p><span style=\"color: var( --e-global-color-text );font-family: var( --e-global-typography-text-font-family ), Sans-serif;font-size: 1rem;font-weight: var( --e-global-typography-text-font-weight );letter-spacing: 0px\">Ar\u015f. G\u00f6r. S\u00fcmeyye Bet\u00fcl AKBULUT TAYHAN (\u00dcye)<\/span><\/p>\n<p><!-- \/wp:paragraph --><!-- wp:paragraph --><\/p>\n<p><strong>E\u011fitim Komisyonu<br><\/strong>Prof. Dr. Mayramg\u00fcl DIYKANBAY (Ba\u015fkan)<br>Dr. \u00d6\u011fr. \u00dcyesi Sinan D\u0130N\u00c7 (\u00dcye)<br>Dr. \u00d6\u011fr. \u00dcyesi Nursan ILDIRI (\u00dcye)<br>Dr. \u00d6\u011fr. \u00dcyesi Fatih EK\u0130C\u0130 (\u00dcye)<br>Ar\u015f. G\u00f6r. Dr. Elif KO\u00c7 (\u00dcye)<\/p>\n<p><!-- \/wp:paragraph --><!-- wp:paragraph --><\/p>\n<p><strong>Kalite Komisyonu<\/strong><br>Prof. Dr. S\u00fcleyman EFEND\u0130O\u011eLU (Ba\u015fkan)<br>Dr. \u00d6\u011fr. \u00dcyesi Sinan D\u0130N\u00c7 (\u00dcye)<br>Dr. \u00d6\u011fr. \u00dcyesi Nursan ILDIRI (\u00dcye)<br>Ar\u015f. G\u00f6r. Dr. Elif KO\u00c7 (\u00dcye)<br>Ar\u015f. G\u00f6r. S. Bet\u00fcl AKBULUT TAYHAN (\u00dcye)<\/p>\n<p><!-- \/wp:paragraph --><!-- wp:paragraph --><\/p>\n<p><strong>Mezun \u0130zleme Komisyonu<\/strong><br>Dr. \u00d6\u011fr. \u00dcyesi Sinan D\u0130N\u00c7 (Ba\u015fkan)<br>Dr. \u00d6\u011fr. \u00dcyesi Moldir BULUT (\u00dcye)<br>Dr. \u00d6\u011fr. \u00dcyesi Fatih EK\u0130C\u0130 (\u00dcye)<br>Ar\u015f. G\u00f6r. Dr. Elif KO\u00c7 (\u00dcye)<br>Ar\u015f. G\u00f6r. S. Bet\u00fcl AKBULUT TAYHAN (\u00dcye)<\/p>\n<p><!-- \/wp:paragraph --><!-- wp:paragraph --><\/p>\n<p><strong><strong>Program De\u011ferlendirme ve M\u00fcfredat Geli\u015ftirme Komisyonu<\/strong><\/strong><br>Prof. Dr. Sedat ADIG\u00dcZEL (Ba\u015fkan)<br>Prof. Dr. Mayramg\u00fcl DIYKANBAY (\u00dcye)<br>Dr. \u00d6\u011fr. \u00dcyesi Nursan ILDIRI (\u00dcye)<br>Dr. \u00d6\u011fr. \u00dcyesi Moldir BULUT (\u00dcye)<br>Dr. \u00d6\u011fr. \u00dcyesi Reyhan KARKINLI (\u00dcye)<\/p>\n<p><!-- \/wp:paragraph --><!-- wp:paragraph --><\/p>\n<p><strong>B\u00f6l\u00fcm Akademik Te\u015fvik Ba\u015fvuru ve \u0130nceleme Komisyonu<br><\/strong>Prof. Dr. H\u00fcseyin BAYDEM\u0130R (Ba\u015fkan)<br>Prof. Dr. Sedat ADIG\u00dcZEL (\u00dcye)<br>Prof. Dr. S\u00fcleyman EFEND\u0130O\u011eLU (\u00dcye)<\/p>\n<p><!-- \/wp:paragraph --><!-- wp:paragraph --><\/p>\n<p><strong>B\u00f6l\u00fcm Akademik Performans Ba\u015fvuru ve \u0130nceleme Komisyonu<br><\/strong>Prof. Dr. H\u00fcseyin BAYDEM\u0130R (Ba\u015fkan)<br>Prof. Dr. Sedat ADIG\u00dcZEL (\u00dcye)<br>Prof. Dr. S\u00fcleyman EFEND\u0130O\u011eLU (\u00dcye)<\/p>\n<p><!-- \/wp:paragraph --><!-- wp:paragraph --><\/p>\n<p><strong>FEDEK Komisyonu<\/strong><br>Prof. Dr. H\u00fcseyin BAYDEM\u0130R (Ba\u015fkan)<br>Prof. Dr. Sedat ADIG\u00dcZEL (\u00dcye)<br>Prof. Dr. S\u00fcleyman EFEND\u0130O\u011eLU (\u00dcye)<br>Prof. Dr. Mayramg\u00fcl DIYKANBAY (\u00dcye)<br>Do\u00e7. Dr. Recai K\u0131z\u0131ltun\u00e7 (\u00dcye)<br>Dr. \u00d6\u011fr. \u00dcyesi Sinan D\u0130N\u00c7 (\u00dcye)<br>Dr. \u00d6\u011fr. \u00dcyesi Nursan ILDIRI (\u00dcye)<br>Dr. \u00d6\u011fr. \u00dcyesi Moldir BULUT (\u00dcye)<br>Dr. \u00d6\u011fr. \u00dcyesi Fatih EK\u0130C\u0130 (\u00dcye)<br>Dr. \u00d6\u011fr. \u00dcyesi Reyhan KARKINLI (\u00dcye)<br>Ar\u015f. G\u00f6r. Dr. Elif KO\u00c7 (\u00dcye)<br>Ar\u015f. G\u00f6r. S. Bet\u00fcl AKBULUT TAYHAN (\u00dcye)<\/p>\n<p><!-- \/wp:paragraph --><\/p>\t\t\t\t\t\t\t\t<\/div>\n\t\t\t\t<\/div>\n\t\t\t\t\t<\/div>\n\t\t<\/div>\n\t\t\t\t\t<\/div>\n\t\t<\/section>\n\t\t\t\t<\/div>\n\t\t","protected":false},"excerpt":{"rendered":"<p>B\u00f6l\u00fcm Ba\u015fkan\u0131Prof. Dr. Sedat ADIG\u00dcZEL&nbsp; &nbsp; &nbsp; &nbsp; &nbsp; &nbsp;&nbsp; B\u00f6l\u00fcm Ba\u015fkan Yard\u0131mc\u0131lar\u0131Prof. Dr. Mayramg\u00fcl DIYKANBAYDr. \u00d6\u011fr. \u00dcyesi Nursan ILDIRI Anabilim Dal\u0131 Ba\u015fkanlar\u0131Prof. Dr. Sedat ADIG\u00dcZEL (G\u00fcney-Bat\u0131 (O\u011fuz) T\u00fcrk Leh\u00e7eleri ve Edebiyatlar\u0131)Prof. Dr. H\u00fcseyin BAYDEM\u0130R (G\u00fcney-Do\u011fu (T\u00fcrkistan-Uygur) T\u00fcrk Leh\u00e7eleri ve Edebiyatlar\u0131)Prof. Dr. S\u00fcleyman EFEND\u0130O\u011eLU (Kuzey-Bat\u0131 (K\u0131p\u00e7ak) T\u00fcrk Leh\u00e7eleri ve Edebiyatlar\u0131)Prof. Dr. Mayramg\u00fcl DIYKANBAY (Kuzey- Do\u011fu [&hellip;]<\/p>\n","protected":false},"author":447,"featured_media":0,"parent":0,"menu_order":0,"comment_status":"closed","ping_status":"closed","template":"","meta":{"footnotes":""},"class_list":["post-6738","page","type-page","status-publish","hentry"],"_links":{"self":[{"href":"https:\/\/atauni.edu.tr\/cagdas-turk-lehceleri-ve-edebiyatlari\/wp-json\/wp\/v2\/pages\/6738","targetHints":{"allow":["GET"]}}],"collection":[{"href":"https:\/\/atauni.edu.tr\/cagdas-turk-lehceleri-ve-edebiyatlari\/wp-json\/wp\/v2\/pages"}],"about":[{"href":"https:\/\/atauni.edu.tr\/cagdas-turk-lehceleri-ve-edebiyatlari\/wp-json\/wp\/v2\/types\/page"}],"author":[{"embeddable":true,"href":"https:\/\/atauni.edu.tr\/cagdas-turk-lehceleri-ve-edebiyatlari\/wp-json\/wp\/v2\/users\/447"}],"replies":[{"embeddable":true,"href":"https:\/\/atauni.edu.tr\/cagdas-turk-lehceleri-ve-edebiyatlari\/wp-json\/wp\/v2\/comments?post=6738"}],"version-history":[{"count":25,"href":"https:\/\/atauni.edu.tr\/cagdas-turk-lehceleri-ve-edebiyatlari\/wp-json\/wp\/v2\/pages\/6738\/revisions"}],"predecessor-version":[{"id":8406,"href":"https:\/\/atauni.edu.tr\/cagdas-turk-lehceleri-ve-edebiyatlari\/wp-json\/wp\/v2\/pages\/6738\/revisions\/8406"}],"wp:attachment":[{"href":"https:\/\/atauni.edu.tr\/cagdas-turk-lehceleri-ve-edebiyatlari\/wp-json\/wp\/v2\/media?parent=6738"}],"curies":[{"name":"wp","href":"https:\/\/api.w.org\/{rel}","templated":true}]}}