{"id":6753,"date":"2022-09-19T14:54:24","date_gmt":"2022-09-19T11:54:24","guid":{"rendered":"https:\/\/birimler.atauni.edu.tr\/cagdas-turk-lehceleri-ve-edebiyatlari\/?page_id=6753"},"modified":"2025-11-24T00:37:44","modified_gmt":"2025-11-23T21:37:44","slug":"ders-listesi","status":"publish","type":"page","link":"https:\/\/atauni.edu.tr\/cagdas-turk-lehceleri-ve-edebiyatlari\/ders-listesi\/","title":{"rendered":"Ders Listesi"},"content":{"rendered":"\n<div data-wp-interactive=\"core\/file\" class=\"wp-block-file\"><object data-wp-bind--hidden=\"!state.hasPdfPreview\" hidden class=\"wp-block-file__embed\" data=\"https:\/\/birimler.atauni.edu.tr\/cagdas-turk-lehceleri-ve-edebiyatlari\/wp-content\/uploads\/sites\/94\/2025\/11\/2025-2026-MUFREDAT-C\u0327AG\u0306DAS\u0327-TU\u0308RK-LEHC\u0327ELERI\u0307-VE-EDEBI\u0307YATLARI.pdf\" type=\"application\/pdf\" style=\"width:100%;height:600px\" aria-label=\"2025-2026 M\u00dcFREDAT- C\u0327AG\u0306DAS\u0327 TU\u0308RK LEHC\u0327ELERI\u0307 VE EDEBI\u0307YATLARI g\u00f6m\u00fcs\u00fc.\"><\/object><a id=\"wp-block-file--media-2ea18ee2-fd53-48cf-b456-0ad5f93294cd\" href=\"https:\/\/birimler.atauni.edu.tr\/cagdas-turk-lehceleri-ve-edebiyatlari\/wp-content\/uploads\/sites\/94\/2025\/11\/2025-2026-MUFREDAT-C\u0327AG\u0306DAS\u0327-TU\u0308RK-LEHC\u0327ELERI\u0307-VE-EDEBI\u0307YATLARI.pdf\">2025-2026 M\u00dcFREDAT- C\u0327AG\u0306DAS\u0327 TU\u0308RK LEHC\u0327ELERI\u0307 VE EDEBI\u0307YATLARI<\/a><a href=\"https:\/\/birimler.atauni.edu.tr\/cagdas-turk-lehceleri-ve-edebiyatlari\/wp-content\/uploads\/sites\/94\/2025\/11\/2025-2026-MUFREDAT-C\u0327AG\u0306DAS\u0327-TU\u0308RK-LEHC\u0327ELERI\u0307-VE-EDEBI\u0307YATLARI.pdf\" class=\"wp-block-file__button wp-element-button\" download aria-describedby=\"wp-block-file--media-2ea18ee2-fd53-48cf-b456-0ad5f93294cd\">\u0130ndir<\/a><\/div>\n","protected":false},"excerpt":{"rendered":"","protected":false},"author":447,"featured_media":0,"parent":0,"menu_order":0,"comment_status":"closed","ping_status":"closed","template":"","meta":{"footnotes":""},"class_list":["post-6753","page","type-page","status-publish","hentry"],"_links":{"self":[{"href":"https:\/\/atauni.edu.tr\/cagdas-turk-lehceleri-ve-edebiyatlari\/wp-json\/wp\/v2\/pages\/6753","targetHints":{"allow":["GET"]}}],"collection":[{"href":"https:\/\/atauni.edu.tr\/cagdas-turk-lehceleri-ve-edebiyatlari\/wp-json\/wp\/v2\/pages"}],"about":[{"href":"https:\/\/atauni.edu.tr\/cagdas-turk-lehceleri-ve-edebiyatlari\/wp-json\/wp\/v2\/types\/page"}],"author":[{"embeddable":true,"href":"https:\/\/atauni.edu.tr\/cagdas-turk-lehceleri-ve-edebiyatlari\/wp-json\/wp\/v2\/users\/447"}],"replies":[{"embeddable":true,"href":"https:\/\/atauni.edu.tr\/cagdas-turk-lehceleri-ve-edebiyatlari\/wp-json\/wp\/v2\/comments?post=6753"}],"version-history":[{"count":9,"href":"https:\/\/atauni.edu.tr\/cagdas-turk-lehceleri-ve-edebiyatlari\/wp-json\/wp\/v2\/pages\/6753\/revisions"}],"predecessor-version":[{"id":9375,"href":"https:\/\/atauni.edu.tr\/cagdas-turk-lehceleri-ve-edebiyatlari\/wp-json\/wp\/v2\/pages\/6753\/revisions\/9375"}],"wp:attachment":[{"href":"https:\/\/atauni.edu.tr\/cagdas-turk-lehceleri-ve-edebiyatlari\/wp-json\/wp\/v2\/media?parent=6753"}],"curies":[{"name":"wp","href":"https:\/\/api.w.org\/{rel}","templated":true}]}}