{"id":7091,"date":"2023-02-08T13:50:08","date_gmt":"2023-02-08T10:50:08","guid":{"rendered":"https:\/\/birimler.atauni.edu.tr\/cagdas-turk-lehceleri-ve-edebiyatlari\/?page_id=7091"},"modified":"2025-07-01T16:52:03","modified_gmt":"2025-07-01T13:52:03","slug":"memnuniyet-anketleri","status":"publish","type":"page","link":"https:\/\/atauni.edu.tr\/cagdas-turk-lehceleri-ve-edebiyatlari\/memnuniyet-anketleri\/","title":{"rendered":"Memnuniyet Anketleri"},"content":{"rendered":"\t\t<div data-elementor-type=\"wp-page\" data-elementor-id=\"7091\" class=\"elementor elementor-7091\" data-elementor-post-type=\"page\">\n\t\t\t\t\t\t<section class=\"elementor-section elementor-top-section elementor-element elementor-element-6b39d224 elementor-section-boxed elementor-section-height-default elementor-section-height-default\" data-id=\"6b39d224\" data-element_type=\"section\">\n\t\t\t\t\t\t<div class=\"elementor-container elementor-column-gap-default\">\n\t\t\t\t\t<div class=\"elementor-column elementor-col-100 elementor-top-column elementor-element elementor-element-581cb764\" data-id=\"581cb764\" data-element_type=\"column\">\n\t\t\t<div class=\"elementor-widget-wrap elementor-element-populated\">\n\t\t\t\t\t\t<div class=\"elementor-element elementor-element-63973709 elementor-widget elementor-widget-text-editor\" data-id=\"63973709\" data-element_type=\"widget\" data-widget_type=\"text-editor.default\">\n\t\t\t\t<div class=\"elementor-widget-container\">\n\t\t\t\t\t\t\t\t\t<p><a href=\"https:\/\/forms.gle\/tU3vLK1bnjyjHnF47\" target=\"_blank\" rel=\"noreferrer noopener\">\u00d6\u011frenci Memnuniyet Anketi<\/a><\/p>\n<p><!-- \/wp:paragraph --><!-- wp:paragraph --><\/p>\n<p><a href=\"https:\/\/forms.gle\/FLYqfvDVxsLSLtSW8\" target=\"_blank\" rel=\"noreferrer noopener\">Mezun Memnuniyet Anketi<\/a><\/p>\n<p><a href=\"https:\/\/birimler.atauni.edu.tr\/cagdas-turk-lehceleri-ve-edebiyatlari\/2024-25-ogrenci-memnuniyet-anket-sonuclari\/\" rel=\"attachment wp-att-9006\">2024-25 \u00d6\u011frenci Memnuniyet Anket Sonu\u00e7lar\u0131<\/a><\/p>\n<p><a href=\"https:\/\/birimler.atauni.edu.tr\/cagdas-turk-lehceleri-ve-edebiyatlari\/2024-25-mezun-anket-sonuclari-1-2\/\" rel=\"attachment wp-att-9019\">2024-25 Mezun Anket Sonu\u00e7lar\u0131<\/a><\/p>\n<p style=\"text-align: left\"><a href=\"https:\/\/birimler.atauni.edu.tr\/cagdas-turk-lehceleri-ve-edebiyatlari\/edebiyat-fakultesi-birim-bazli-orantasyon-anket-sonuclari\/\" rel=\"attachment wp-att-8995\">Edebiyat Fak\u00fcltesi Birim Bazl\u0131 Orantasyon Anket Sonu\u00e7lar\u0131<\/a><\/p>\n<p>\u00a0<\/p>\n<p><!-- \/wp:paragraph --><!-- wp:paragraph --><\/p>\n<p><!-- \/wp:paragraph --><\/p>\t\t\t\t\t\t\t\t<\/div>\n\t\t\t\t<\/div>\n\t\t\t\t\t<\/div>\n\t\t<\/div>\n\t\t\t\t\t<\/div>\n\t\t<\/section>\n\t\t\t\t<\/div>\n\t\t","protected":false},"excerpt":{"rendered":"<p>\u00d6\u011frenci Memnuniyet Anketi Mezun Memnuniyet Anketi 2024-25 \u00d6\u011frenci Memnuniyet Anket Sonu\u00e7lar\u0131 2024-25 Mezun Anket Sonu\u00e7lar\u0131 Edebiyat Fak\u00fcltesi Birim Bazl\u0131 Orantasyon Anket Sonu\u00e7lar\u0131 \u00a0<\/p>\n","protected":false},"author":447,"featured_media":0,"parent":0,"menu_order":0,"comment_status":"closed","ping_status":"closed","template":"","meta":{"footnotes":""},"class_list":["post-7091","page","type-page","status-publish","hentry"],"_links":{"self":[{"href":"https:\/\/atauni.edu.tr\/cagdas-turk-lehceleri-ve-edebiyatlari\/wp-json\/wp\/v2\/pages\/7091","targetHints":{"allow":["GET"]}}],"collection":[{"href":"https:\/\/atauni.edu.tr\/cagdas-turk-lehceleri-ve-edebiyatlari\/wp-json\/wp\/v2\/pages"}],"about":[{"href":"https:\/\/atauni.edu.tr\/cagdas-turk-lehceleri-ve-edebiyatlari\/wp-json\/wp\/v2\/types\/page"}],"author":[{"embeddable":true,"href":"https:\/\/atauni.edu.tr\/cagdas-turk-lehceleri-ve-edebiyatlari\/wp-json\/wp\/v2\/users\/447"}],"replies":[{"embeddable":true,"href":"https:\/\/atauni.edu.tr\/cagdas-turk-lehceleri-ve-edebiyatlari\/wp-json\/wp\/v2\/comments?post=7091"}],"version-history":[{"count":21,"href":"https:\/\/atauni.edu.tr\/cagdas-turk-lehceleri-ve-edebiyatlari\/wp-json\/wp\/v2\/pages\/7091\/revisions"}],"predecessor-version":[{"id":9022,"href":"https:\/\/atauni.edu.tr\/cagdas-turk-lehceleri-ve-edebiyatlari\/wp-json\/wp\/v2\/pages\/7091\/revisions\/9022"}],"wp:attachment":[{"href":"https:\/\/atauni.edu.tr\/cagdas-turk-lehceleri-ve-edebiyatlari\/wp-json\/wp\/v2\/media?parent=7091"}],"curies":[{"name":"wp","href":"https:\/\/api.w.org\/{rel}","templated":true}]}}