{"id":7674,"date":"2024-02-29T17:54:08","date_gmt":"2024-02-29T14:54:08","guid":{"rendered":"https:\/\/birimler.atauni.edu.tr\/cagdas-turk-lehceleri-ve-edebiyatlari\/?page_id=7674"},"modified":"2024-11-24T01:16:47","modified_gmt":"2024-11-23T22:16:47","slug":"anabilim-dallari-2","status":"publish","type":"page","link":"https:\/\/atauni.edu.tr\/cagdas-turk-lehceleri-ve-edebiyatlari\/anabilim-dallari-2\/","title":{"rendered":"Anabilim Dallar\u0131"},"content":{"rendered":"\t\t<div data-elementor-type=\"wp-page\" data-elementor-id=\"7674\" class=\"elementor elementor-7674\" data-elementor-post-type=\"page\">\n\t\t\t\t\t\t<section class=\"elementor-section elementor-top-section elementor-element elementor-element-730d320 elementor-section-boxed elementor-section-height-default elementor-section-height-default\" data-id=\"730d320\" data-element_type=\"section\">\n\t\t\t\t\t\t<div class=\"elementor-container elementor-column-gap-default\">\n\t\t\t\t\t<div class=\"elementor-column elementor-col-100 elementor-top-column elementor-element elementor-element-753d0860\" data-id=\"753d0860\" data-element_type=\"column\">\n\t\t\t<div class=\"elementor-widget-wrap\">\n\t\t\t\t\t\t\t<\/div>\n\t\t<\/div>\n\t\t\t\t\t<\/div>\n\t\t<\/section>\n\t\t\t\t<section class=\"elementor-section elementor-top-section elementor-element elementor-element-9be811a elementor-section-boxed elementor-section-height-default elementor-section-height-default\" data-id=\"9be811a\" data-element_type=\"section\">\n\t\t\t\t\t\t<div class=\"elementor-container elementor-column-gap-default\">\n\t\t\t\t\t<div class=\"elementor-column elementor-col-100 elementor-top-column elementor-element elementor-element-1ed847b7\" data-id=\"1ed847b7\" data-element_type=\"column\">\n\t\t\t<div class=\"elementor-widget-wrap elementor-element-populated\">\n\t\t\t\t\t\t<div class=\"elementor-element elementor-element-4ce0d07f elementor-widget elementor-widget-heading\" data-id=\"4ce0d07f\" data-element_type=\"widget\" data-widget_type=\"heading.default\">\n\t\t\t\t<div class=\"elementor-widget-container\">\n\t\t\t\t\t<h2 class=\"elementor-heading-title elementor-size-default\">Anabilim Dallar\u0131<\/h2>\t\t\t\t<\/div>\n\t\t\t\t<\/div>\n\t\t\t\t<div class=\"elementor-element elementor-element-63260862 elementor-widget-divider--view-line elementor-widget elementor-widget-divider\" data-id=\"63260862\" data-element_type=\"widget\" data-widget_type=\"divider.default\">\n\t\t\t\t<div class=\"elementor-widget-container\">\n\t\t\t\t\t\t\t<div class=\"elementor-divider\">\n\t\t\t<span class=\"elementor-divider-separator\">\n\t\t\t\t\t\t<\/span>\n\t\t<\/div>\n\t\t\t\t\t\t<\/div>\n\t\t\t\t<\/div>\n\t\t\t\t\t<\/div>\n\t\t<\/div>\n\t\t\t\t\t<\/div>\n\t\t<\/section>\n\t\t\t\t<section class=\"elementor-section elementor-top-section elementor-element elementor-element-681db8b elementor-section-boxed elementor-section-height-default elementor-section-height-default\" data-id=\"681db8b\" data-element_type=\"section\">\n\t\t\t\t\t\t<div class=\"elementor-container elementor-column-gap-default\">\n\t\t\t\t\t<div class=\"elementor-column elementor-col-100 elementor-top-column elementor-element elementor-element-ad4dac5\" data-id=\"ad4dac5\" data-element_type=\"column\">\n\t\t\t<div class=\"elementor-widget-wrap elementor-element-populated\">\n\t\t\t\t\t\t<div class=\"elementor-element elementor-element-2f96b3d elementor-widget elementor-widget-text-editor\" data-id=\"2f96b3d\" data-element_type=\"widget\" data-widget_type=\"text-editor.default\">\n\t\t\t\t<div class=\"elementor-widget-container\">\n\t\t\t\t\t\t\t\t\t<p><span style=\"font-weight: bolder\">G\u00fcney-Do\u011fu (T\u00fcrkistan-Uygur) T\u00fcrk Leh\u00e7eleri ve Edebiyatlar\u0131 Ana Bilim Dal\u0131<\/span><\/p>\n<p><a href=\"https:\/\/avesis.atauni.edu.tr\/hbaydemir\" target=\"_blank\" rel=\"noopener\">Prof. Dr. H\u00fcseyin BAYDEM\u0130R&nbsp;<\/a>(Ana Bilim Dal\u0131 Ba\u015fkan\u0131)&nbsp;<\/p><p><a href=\"http:\/\/avesis.atauni.edu.tr\/recai.kiziltunc\" style=\"font-family: var( --e-global-typography-text-font-family ), Sans-serif;font-weight: var( --e-global-typography-text-font-weight );font-size: 1rem;letter-spacing: 0px\">Do\u00e7. Dr.&nbsp;Recai KIZILTUN\u00c7<\/a><\/p>\n<p><a href=\"http:\/\/avesis.atauni.edu.tr\/nursan.aslan\">Dr. \u00d6\u011fr. \u00dcyesi Nursan ILDIRI<\/a><\/p>\n<p><strong style=\"color: var( --e-global-color-text );font-family: var( --e-global-typography-text-font-family ), Sans-serif;letter-spacing: 0px\">G\u00fcney-Bat\u0131 (O\u011fuz) T\u00fcrk Leh\u00e7eleri ve Edebiyatlar\u0131 Ana Bilim Dal\u0131<\/strong><\/p>\n<p><a href=\"http:\/\/avesis.atauni.edu.tr\/sadiguzel\">Prof. Dr. Sedat ADIG\u00dcZEL<\/a><strong>&nbsp;<\/strong>(Ana Bilim Dal\u0131 Ba\u015fkan\u0131) (B\u00f6l\u00fcm Ba\u015fkan\u0131)<\/p>\n<p><a href=\"http:\/\/avesis.atauni.edu.tr\/sinan.dinc\">Dr. \u00d6\u011fr. \u00dcyesi Sinan D\u0130N\u00c7<\/a><\/p>\n<p><a href=\"http:\/\/avesis.atauni.edu.tr\/elif.kolikpinar\">Ar\u015f. G\u00f6r. Dr. Elif KO\u00c7<\/a><\/p>\n<p><a href=\"http:\/\/avesis.atauni.edu.tr\/betul.tayhan\">Ar\u015f. G\u00f6r. S\u00fcmeyye Bet\u00fcl AKBULUT TAYHAN<\/a><\/p>\n<p><strong><br>Kuzey-Bat\u0131 (K\u0131p\u00e7ak) T\u00fcrk Leh\u00e7eleri ve Edebiyatlar\u0131 Ana Bilim Dal\u0131<\/strong><\/p>\n<p><a href=\"http:\/\/avesis.atauni.edu.tr\/sefendioglu\">Prof. Dr. S\u00fcleyman EFEND\u0130O\u011eLU<\/a>&nbsp;(Ana Bilim Dal\u0131 Ba\u015fkan\u0131)<strong><br><\/strong><\/p>\n<p><a href=\"http:\/\/avesis.atauni.edu.tr\/mayramgul.diykanbayeva\">Prof. Dr. Mayramg\u00fcl DIYKANBAY<\/a><\/p>\n<p><a href=\"http:\/\/avesis.atauni.edu.tr\/fatih.ekici\">Dr. \u00d6\u011fr. \u00dcyesi Fatih EK\u0130C\u0130<\/a><\/p>\n<p><a href=\"http:\/\/avesis.atauni.edu.tr\/moldir.ilgisheva\">Dr. \u00d6\u011fr. \u00dcyesi Mold\u0131r BULUT&nbsp;<\/a><\/p>\n<p><a href=\"http:\/\/avesis.atauni.edu.tr\/reyhan.karkinli\">Dr. \u00d6\u011fr. \u00dcyesi Reyhan KARKINLI<\/a><\/p>\n<p><strong><br>Kuzey-Do\u011fu (Sibirya) T\u00fcrk Leh\u00e7eleri ve Edebiyatlar\u0131 Ana Bilim Dal\u0131<\/strong><\/p>\n<p><a href=\"http:\/\/avesis.atauni.edu.tr\/mayramgul.diykanbayeva\">Prof. Dr. Mayramg\u00fcl DIYKANBAY<\/a> (Ana Bilim Dal\u0131 Ba\u015fkan\u0131)<\/p>\n<p>Ar\u015f. G\u00f6r. Ay\u015fenur KAPLAN<\/p>\n<p><strong style=\"color: var( --e-global-color-text );font-family: var( --e-global-typography-text-font-family ), Sans-serif;letter-spacing: 0px\">\u00c7uva\u015f T\u00fcrk Leh\u00e7eleri ve Edebiyatlar\u0131 Ana Bilim Dal\u0131<\/strong><\/p>\n<p><a href=\"http:\/\/avesis.atauni.edu.tr\/sinan.dinc\">Dr. \u00d6\u011fr. \u00dcyesi Sinan D\u0130N\u00c7 <\/a>(Ana Bilim Dal\u0131 Ba\u015fkan\u0131)<\/p>\t\t\t\t\t\t\t\t<\/div>\n\t\t\t\t<\/div>\n\t\t\t\t\t<\/div>\n\t\t<\/div>\n\t\t\t\t\t<\/div>\n\t\t<\/section>\n\t\t\t\t<\/div>\n\t\t","protected":false},"excerpt":{"rendered":"<p>Anabilim Dallar\u0131 G\u00fcney-Do\u011fu (T\u00fcrkistan-Uygur) T\u00fcrk Leh\u00e7eleri ve Edebiyatlar\u0131 Ana Bilim Dal\u0131 Prof. Dr. H\u00fcseyin BAYDEM\u0130R&nbsp;(Ana Bilim Dal\u0131 Ba\u015fkan\u0131)&nbsp; Do\u00e7. Dr.&nbsp;Recai KIZILTUN\u00c7 Dr. \u00d6\u011fr. \u00dcyesi Nursan ILDIRI G\u00fcney-Bat\u0131 (O\u011fuz) T\u00fcrk Leh\u00e7eleri ve Edebiyatlar\u0131 Ana Bilim Dal\u0131 Prof. Dr. Sedat ADIG\u00dcZEL&nbsp;(Ana Bilim Dal\u0131 Ba\u015fkan\u0131) (B\u00f6l\u00fcm Ba\u015fkan\u0131) Dr. \u00d6\u011fr. \u00dcyesi Sinan D\u0130N\u00c7 Ar\u015f. G\u00f6r. Dr. Elif KO\u00c7 Ar\u015f. [&hellip;]<\/p>\n","protected":false},"author":447,"featured_media":0,"parent":0,"menu_order":0,"comment_status":"closed","ping_status":"closed","template":"elementor_header_footer","meta":{"footnotes":""},"class_list":["post-7674","page","type-page","status-publish","hentry"],"_links":{"self":[{"href":"https:\/\/atauni.edu.tr\/cagdas-turk-lehceleri-ve-edebiyatlari\/wp-json\/wp\/v2\/pages\/7674","targetHints":{"allow":["GET"]}}],"collection":[{"href":"https:\/\/atauni.edu.tr\/cagdas-turk-lehceleri-ve-edebiyatlari\/wp-json\/wp\/v2\/pages"}],"about":[{"href":"https:\/\/atauni.edu.tr\/cagdas-turk-lehceleri-ve-edebiyatlari\/wp-json\/wp\/v2\/types\/page"}],"author":[{"embeddable":true,"href":"https:\/\/atauni.edu.tr\/cagdas-turk-lehceleri-ve-edebiyatlari\/wp-json\/wp\/v2\/users\/447"}],"replies":[{"embeddable":true,"href":"https:\/\/atauni.edu.tr\/cagdas-turk-lehceleri-ve-edebiyatlari\/wp-json\/wp\/v2\/comments?post=7674"}],"version-history":[{"count":12,"href":"https:\/\/atauni.edu.tr\/cagdas-turk-lehceleri-ve-edebiyatlari\/wp-json\/wp\/v2\/pages\/7674\/revisions"}],"predecessor-version":[{"id":8389,"href":"https:\/\/atauni.edu.tr\/cagdas-turk-lehceleri-ve-edebiyatlari\/wp-json\/wp\/v2\/pages\/7674\/revisions\/8389"}],"wp:attachment":[{"href":"https:\/\/atauni.edu.tr\/cagdas-turk-lehceleri-ve-edebiyatlari\/wp-json\/wp\/v2\/media?parent=7674"}],"curies":[{"name":"wp","href":"https:\/\/api.w.org\/{rel}","templated":true}]}}