{"id":8952,"date":"2025-06-25T14:39:10","date_gmt":"2025-06-25T11:39:10","guid":{"rendered":"https:\/\/birimler.atauni.edu.tr\/cagdas-turk-lehceleri-ve-edebiyatlari\/?page_id=8952"},"modified":"2025-11-21T16:24:21","modified_gmt":"2025-11-21T13:24:21","slug":"etkinlikler","status":"publish","type":"page","link":"https:\/\/atauni.edu.tr\/cagdas-turk-lehceleri-ve-edebiyatlari\/etkinlikler\/","title":{"rendered":"Etkinlikler"},"content":{"rendered":"\t\t<div data-elementor-type=\"wp-page\" data-elementor-id=\"8952\" class=\"elementor elementor-8952\" data-elementor-post-type=\"page\">\n\t\t\t\t\t\t<section class=\"elementor-section elementor-top-section elementor-element elementor-element-2d54fcf1 elementor-section-boxed elementor-section-height-default elementor-section-height-default\" data-id=\"2d54fcf1\" data-element_type=\"section\">\n\t\t\t\t\t\t<div class=\"elementor-container elementor-column-gap-default\">\n\t\t\t\t\t<div class=\"elementor-column elementor-col-100 elementor-top-column elementor-element elementor-element-7298ba91\" data-id=\"7298ba91\" data-element_type=\"column\">\n\t\t\t<div class=\"elementor-widget-wrap elementor-element-populated\">\n\t\t\t\t\t\t<div class=\"elementor-element elementor-element-77f1fa77 elementor-widget elementor-widget-text-editor\" data-id=\"77f1fa77\" data-element_type=\"widget\" data-widget_type=\"text-editor.default\">\n\t\t\t\t<div class=\"elementor-widget-container\">\n\t\t\t\t\t\t\t\t\t<form method=\"get\" class=\"row g-3\" style=\"margin-bottom: 20px;\">\n<div class=\"col-md-3\"><input type=\"text\" name=\"etkinlik_ara\" class=\"form-control\" placeholder=\"Etkinlik ara...\" value=\"\"><\/div>\n<div class=\"col-md-3\"><input type=\"date\" name=\"baslangic_tarihi\" class=\"form-control\" value=\"\"><\/div>\n<div class=\"col-md-3\"><input type=\"date\" name=\"bitis_tarihi\" class=\"form-control\" value=\"\"><\/div>\n<div class=\"col-md-3\"><button type=\"submit\" class=\"btn btn-secondary w-50\">Filtrele<\/button><\/div>\n<\/form>\n<div class=\"etkinlikler-grid-container\" style=\"display: grid; grid-template-columns: repeat(3, 1fr); gap: 20px;\">\n<div class=\"etkinlik-grid-item\">\n<div class=\"etkinlik-thumbnail\"><img fetchpriority=\"high\" decoding=\"async\" width=\"300\" height=\"300\" src=\"https:\/\/atauni.edu.tr\/cagdas-turk-lehceleri-ve-edebiyatlari\/wp-content\/uploads\/sites\/94\/2026\/02\/resize-1-300x300.jpeg\" class=\"img-fluid wp-post-image\" alt=\"\" srcset=\"https:\/\/atauni.edu.tr\/cagdas-turk-lehceleri-ve-edebiyatlari\/wp-content\/uploads\/sites\/94\/2026\/02\/resize-1-300x300.jpeg 300w, https:\/\/atauni.edu.tr\/cagdas-turk-lehceleri-ve-edebiyatlari\/wp-content\/uploads\/sites\/94\/2026\/02\/resize-1-150x150.jpeg 150w, https:\/\/atauni.edu.tr\/cagdas-turk-lehceleri-ve-edebiyatlari\/wp-content\/uploads\/sites\/94\/2026\/02\/resize-1.jpeg 450w\" sizes=\"(max-width: 300px) 100vw, 300px\" \/><\/div>\n<div class=\"etkinlik-datee\"><span class=\"day\">20<\/span><span class=\"month\">\u015eubat<\/span><span class=\"year\">2026<\/span><\/div>\n<p><a href=\"https:\/\/atauni.edu.tr\/cagdas-turk-lehceleri-ve-edebiyatlari\/2026\/02\/20\/turk-dilinin-zenginligi-konulu-konferans-yogun-ilgi-gordu\/\" class=\"etkinlik-titlee\">T\u00dcRK D\u0130L\u0130N\u0130N ZENG\u0130NL\u0130\u011e\u0130 KONULU KONFERANS YO\u011eUN \u0130LG\u0130 G\u00d6RD\u00dc<\/a><\/div>\n<div class=\"etkinlik-grid-item\">\n<div class=\"etkinlik-thumbnail\"><img decoding=\"async\" width=\"215\" height=\"300\" src=\"https:\/\/atauni.edu.tr\/cagdas-turk-lehceleri-ve-edebiyatlari\/wp-content\/uploads\/sites\/94\/2025\/12\/WhatsApp-Image-2025-12-24-at-14.14.30-1-215x300.jpeg\" class=\"img-fluid wp-post-image\" alt=\"\" srcset=\"https:\/\/atauni.edu.tr\/cagdas-turk-lehceleri-ve-edebiyatlari\/wp-content\/uploads\/sites\/94\/2025\/12\/WhatsApp-Image-2025-12-24-at-14.14.30-1-215x300.jpeg 215w, https:\/\/atauni.edu.tr\/cagdas-turk-lehceleri-ve-edebiyatlari\/wp-content\/uploads\/sites\/94\/2025\/12\/WhatsApp-Image-2025-12-24-at-14.14.30-1-732x1024.jpeg 732w, https:\/\/atauni.edu.tr\/cagdas-turk-lehceleri-ve-edebiyatlari\/wp-content\/uploads\/sites\/94\/2025\/12\/WhatsApp-Image-2025-12-24-at-14.14.30-1-768x1074.jpeg 768w, https:\/\/atauni.edu.tr\/cagdas-turk-lehceleri-ve-edebiyatlari\/wp-content\/uploads\/sites\/94\/2025\/12\/WhatsApp-Image-2025-12-24-at-14.14.30-1-1098x1536.jpeg 1098w, https:\/\/atauni.edu.tr\/cagdas-turk-lehceleri-ve-edebiyatlari\/wp-content\/uploads\/sites\/94\/2025\/12\/WhatsApp-Image-2025-12-24-at-14.14.30-1-429x600.jpeg 429w, https:\/\/atauni.edu.tr\/cagdas-turk-lehceleri-ve-edebiyatlari\/wp-content\/uploads\/sites\/94\/2025\/12\/WhatsApp-Image-2025-12-24-at-14.14.30-1-400x560.jpeg 400w, https:\/\/atauni.edu.tr\/cagdas-turk-lehceleri-ve-edebiyatlari\/wp-content\/uploads\/sites\/94\/2025\/12\/WhatsApp-Image-2025-12-24-at-14.14.30-1.jpeg 1144w\" sizes=\"(max-width: 215px) 100vw, 215px\" \/><\/div>\n<div class=\"etkinlik-datee\"><span class=\"day\">25<\/span><span class=\"month\">Aral\u0131k<\/span><span class=\"year\">2025<\/span><\/div>\n<p><a href=\"https:\/\/atauni.edu.tr\/cagdas-turk-lehceleri-ve-edebiyatlari\/2025\/12\/25\/erzurum-teknik-universitesi-genc-ofis-ve-turk-dunyasi-kulubunun-is-birligiyle-dogu-turkistan-konulu-bir-program-duzenledi\/\" class=\"etkinlik-titlee\">Erzurum Teknik \u00dcniversitesi Gen\u00e7 Ofis ve T\u00fcrk D\u00fcnyas\u0131 Kul\u00fcb\u00fcn\u00fcn \u0130\u015f Birli\u011fiyle \u201cDo\u011fu T\u00fcrkistan\u201d Konulu Bir Program D\u00fczenledi<\/a><\/div>\n<div class=\"etkinlik-grid-item\">\n<div class=\"etkinlik-thumbnail\"><img decoding=\"async\" width=\"212\" height=\"300\" src=\"https:\/\/atauni.edu.tr\/cagdas-turk-lehceleri-ve-edebiyatlari\/wp-content\/uploads\/sites\/94\/2025\/12\/WhatsApp-Image-2025-12-22-at-15.30.28-4-1-212x300.jpeg\" class=\"img-fluid wp-post-image\" alt=\"\" srcset=\"https:\/\/atauni.edu.tr\/cagdas-turk-lehceleri-ve-edebiyatlari\/wp-content\/uploads\/sites\/94\/2025\/12\/WhatsApp-Image-2025-12-22-at-15.30.28-4-1-212x300.jpeg 212w, https:\/\/atauni.edu.tr\/cagdas-turk-lehceleri-ve-edebiyatlari\/wp-content\/uploads\/sites\/94\/2025\/12\/WhatsApp-Image-2025-12-22-at-15.30.28-4-1-724x1024.jpeg 724w, https:\/\/atauni.edu.tr\/cagdas-turk-lehceleri-ve-edebiyatlari\/wp-content\/uploads\/sites\/94\/2025\/12\/WhatsApp-Image-2025-12-22-at-15.30.28-4-1-768x1086.jpeg 768w, https:\/\/atauni.edu.tr\/cagdas-turk-lehceleri-ve-edebiyatlari\/wp-content\/uploads\/sites\/94\/2025\/12\/WhatsApp-Image-2025-12-22-at-15.30.28-4-1-1086x1536.jpeg 1086w, https:\/\/atauni.edu.tr\/cagdas-turk-lehceleri-ve-edebiyatlari\/wp-content\/uploads\/sites\/94\/2025\/12\/WhatsApp-Image-2025-12-22-at-15.30.28-4-1-424x600.jpeg 424w, https:\/\/atauni.edu.tr\/cagdas-turk-lehceleri-ve-edebiyatlari\/wp-content\/uploads\/sites\/94\/2025\/12\/WhatsApp-Image-2025-12-22-at-15.30.28-4-1-396x560.jpeg 396w, https:\/\/atauni.edu.tr\/cagdas-turk-lehceleri-ve-edebiyatlari\/wp-content\/uploads\/sites\/94\/2025\/12\/WhatsApp-Image-2025-12-22-at-15.30.28-4-1.jpeg 1131w\" sizes=\"(max-width: 212px) 100vw, 212px\" \/><\/div>\n<div class=\"etkinlik-datee\"><span class=\"day\">22<\/span><span class=\"month\">Aral\u0131k<\/span><span class=\"year\">2025<\/span><\/div>\n<p><a href=\"https:\/\/atauni.edu.tr\/cagdas-turk-lehceleri-ve-edebiyatlari\/2025\/12\/22\/doc-dr-cumali-sabanov-tarafindan-ozbekce-ve-turkiye-turkcesi-arasinda-aktarim-sorunlari-ve-cozum-onerileri-baslikli-bir-seminer-gerceklestirildi\/\" class=\"etkinlik-titlee\">Do\u00e7. Dr. Cumali \u015eabanov Taraf\u0131ndan \u201c\u00d6zbek\u00e7e ve T\u00fcrkiye T\u00fcrk\u00e7esi Aras\u0131nda Aktar\u0131m Sorunlar\u0131 ve \u00c7\u00f6z\u00fcm \u00d6nerileri\u201d Ba\u015fl\u0131kl\u0131 Bir Seminer Ger\u00e7ekle\u015ftirildi<\/a><\/div>\n<div class=\"etkinlik-grid-item\">\n<div class=\"etkinlik-thumbnail\"><img loading=\"lazy\" decoding=\"async\" width=\"212\" height=\"300\" src=\"https:\/\/atauni.edu.tr\/cagdas-turk-lehceleri-ve-edebiyatlari\/wp-content\/uploads\/sites\/94\/2025\/12\/WhatsApp-Image-2025-12-22-at-15.22.56-212x300.jpeg\" class=\"img-fluid wp-post-image\" alt=\"\" srcset=\"https:\/\/atauni.edu.tr\/cagdas-turk-lehceleri-ve-edebiyatlari\/wp-content\/uploads\/sites\/94\/2025\/12\/WhatsApp-Image-2025-12-22-at-15.22.56-212x300.jpeg 212w, https:\/\/atauni.edu.tr\/cagdas-turk-lehceleri-ve-edebiyatlari\/wp-content\/uploads\/sites\/94\/2025\/12\/WhatsApp-Image-2025-12-22-at-15.22.56-725x1024.jpeg 725w, https:\/\/atauni.edu.tr\/cagdas-turk-lehceleri-ve-edebiyatlari\/wp-content\/uploads\/sites\/94\/2025\/12\/WhatsApp-Image-2025-12-22-at-15.22.56-768x1084.jpeg 768w, https:\/\/atauni.edu.tr\/cagdas-turk-lehceleri-ve-edebiyatlari\/wp-content\/uploads\/sites\/94\/2025\/12\/WhatsApp-Image-2025-12-22-at-15.22.56-425x600.jpeg 425w, https:\/\/atauni.edu.tr\/cagdas-turk-lehceleri-ve-edebiyatlari\/wp-content\/uploads\/sites\/94\/2025\/12\/WhatsApp-Image-2025-12-22-at-15.22.56-397x560.jpeg 397w, https:\/\/atauni.edu.tr\/cagdas-turk-lehceleri-ve-edebiyatlari\/wp-content\/uploads\/sites\/94\/2025\/12\/WhatsApp-Image-2025-12-22-at-15.22.56.jpeg 1080w\" sizes=\"(max-width: 212px) 100vw, 212px\" \/><\/div>\n<div class=\"etkinlik-datee\"><span class=\"day\">22<\/span><span class=\"month\">Aral\u0131k<\/span><span class=\"year\">2025<\/span><\/div>\n<p><a href=\"https:\/\/atauni.edu.tr\/cagdas-turk-lehceleri-ve-edebiyatlari\/2025\/12\/22\/prof-dr-huseyin-baydemir-taskentteki-uluslararasi-sempozyumda-bildiri-sundu\/\" class=\"etkinlik-titlee\">PROF. DR. H\u00dcSEY\u0130N BAYDEM\u0130R TA\u015eKENT\u2019TEK\u0130 ULUSLARARASI SEMPOZYUMDA B\u0130LD\u0130R\u0130 SUNDU<\/a><\/div>\n<div class=\"etkinlik-grid-item\">\n<div class=\"etkinlik-thumbnail\"><img loading=\"lazy\" decoding=\"async\" width=\"260\" height=\"300\" src=\"https:\/\/atauni.edu.tr\/cagdas-turk-lehceleri-ve-edebiyatlari\/wp-content\/uploads\/sites\/94\/2025\/12\/WhatsApp-Image-2025-12-02-at-08.07.22-1-1-260x300.jpeg\" class=\"img-fluid wp-post-image\" alt=\"\" srcset=\"https:\/\/atauni.edu.tr\/cagdas-turk-lehceleri-ve-edebiyatlari\/wp-content\/uploads\/sites\/94\/2025\/12\/WhatsApp-Image-2025-12-02-at-08.07.22-1-1-260x300.jpeg 260w, https:\/\/atauni.edu.tr\/cagdas-turk-lehceleri-ve-edebiyatlari\/wp-content\/uploads\/sites\/94\/2025\/12\/WhatsApp-Image-2025-12-02-at-08.07.22-1-1-887x1024.jpeg 887w, https:\/\/atauni.edu.tr\/cagdas-turk-lehceleri-ve-edebiyatlari\/wp-content\/uploads\/sites\/94\/2025\/12\/WhatsApp-Image-2025-12-02-at-08.07.22-1-1-768x886.jpeg 768w, https:\/\/atauni.edu.tr\/cagdas-turk-lehceleri-ve-edebiyatlari\/wp-content\/uploads\/sites\/94\/2025\/12\/WhatsApp-Image-2025-12-02-at-08.07.22-1-1-1331x1536.jpeg 1331w, https:\/\/atauni.edu.tr\/cagdas-turk-lehceleri-ve-edebiyatlari\/wp-content\/uploads\/sites\/94\/2025\/12\/WhatsApp-Image-2025-12-02-at-08.07.22-1-1-1775x2048.jpeg 1775w, https:\/\/atauni.edu.tr\/cagdas-turk-lehceleri-ve-edebiyatlari\/wp-content\/uploads\/sites\/94\/2025\/12\/WhatsApp-Image-2025-12-02-at-08.07.22-1-1-520x600.jpeg 520w, https:\/\/atauni.edu.tr\/cagdas-turk-lehceleri-ve-edebiyatlari\/wp-content\/uploads\/sites\/94\/2025\/12\/WhatsApp-Image-2025-12-02-at-08.07.22-1-1-485x560.jpeg 485w\" sizes=\"(max-width: 260px) 100vw, 260px\" \/><\/div>\n<div class=\"etkinlik-datee\"><span class=\"day\">02<\/span><span class=\"month\">Aral\u0131k<\/span><span class=\"year\">2025<\/span><\/div>\n<p><a href=\"https:\/\/atauni.edu.tr\/cagdas-turk-lehceleri-ve-edebiyatlari\/2025\/12\/02\/turk-dunyasi-kulubunden-tarih-ve-kultur-dolu-ahlat-gezisi\/\" class=\"etkinlik-titlee\">T\u00fcrk D\u00fcnyas\u0131 Kul\u00fcb\u00fcnden Tarih ve K\u00fclt\u00fcr Dolu Ahlat Gezisi!<\/a><\/div>\n<div class=\"etkinlik-grid-item\">\n<div class=\"etkinlik-thumbnail\"><img loading=\"lazy\" decoding=\"async\" width=\"300\" height=\"169\" src=\"https:\/\/atauni.edu.tr\/cagdas-turk-lehceleri-ve-edebiyatlari\/wp-content\/uploads\/sites\/94\/2025\/11\/WhatsApp-Image-2025-11-26-at-22.03.32-2-1-300x169.jpeg\" class=\"img-fluid wp-post-image\" alt=\"\" srcset=\"https:\/\/atauni.edu.tr\/cagdas-turk-lehceleri-ve-edebiyatlari\/wp-content\/uploads\/sites\/94\/2025\/11\/WhatsApp-Image-2025-11-26-at-22.03.32-2-1-300x169.jpeg 300w, https:\/\/atauni.edu.tr\/cagdas-turk-lehceleri-ve-edebiyatlari\/wp-content\/uploads\/sites\/94\/2025\/11\/WhatsApp-Image-2025-11-26-at-22.03.32-2-1-1024x576.jpeg 1024w, https:\/\/atauni.edu.tr\/cagdas-turk-lehceleri-ve-edebiyatlari\/wp-content\/uploads\/sites\/94\/2025\/11\/WhatsApp-Image-2025-11-26-at-22.03.32-2-1-768x432.jpeg 768w, https:\/\/atauni.edu.tr\/cagdas-turk-lehceleri-ve-edebiyatlari\/wp-content\/uploads\/sites\/94\/2025\/11\/WhatsApp-Image-2025-11-26-at-22.03.32-2-1-1536x864.jpeg 1536w, https:\/\/atauni.edu.tr\/cagdas-turk-lehceleri-ve-edebiyatlari\/wp-content\/uploads\/sites\/94\/2025\/11\/WhatsApp-Image-2025-11-26-at-22.03.32-2-1-2048x1152.jpeg 2048w, https:\/\/atauni.edu.tr\/cagdas-turk-lehceleri-ve-edebiyatlari\/wp-content\/uploads\/sites\/94\/2025\/11\/WhatsApp-Image-2025-11-26-at-22.03.32-2-1-600x338.jpeg 600w, https:\/\/atauni.edu.tr\/cagdas-turk-lehceleri-ve-edebiyatlari\/wp-content\/uploads\/sites\/94\/2025\/11\/WhatsApp-Image-2025-11-26-at-22.03.32-2-1-560x315.jpeg 560w\" sizes=\"(max-width: 300px) 100vw, 300px\" \/><\/div>\n<div class=\"etkinlik-datee\"><span class=\"day\">27<\/span><span class=\"month\">Kas\u0131m<\/span><span class=\"year\">2025<\/span><\/div>\n<p><a href=\"https:\/\/atauni.edu.tr\/cagdas-turk-lehceleri-ve-edebiyatlari\/2025\/11\/27\/bir-millet-alti-sehir-turk-dunyasinda-maneviyat-ve-medeniyet-izleri-adli-bir-panel-gerceklestirildi\/\" class=\"etkinlik-titlee\">\u201cBir Millet Alt\u0131 \u015eehir: T\u00fcrk D\u00fcnyas\u0131nda Maneviyat ve Medeniyet \u0130zleri\u201d Adl\u0131 Bir Panel Ger\u00e7ekle\u015ftirildi<\/a><\/div>\n<div class=\"etkinlik-grid-item\">\n<div class=\"etkinlik-thumbnail\"><img loading=\"lazy\" decoding=\"async\" width=\"300\" height=\"169\" src=\"https:\/\/atauni.edu.tr\/cagdas-turk-lehceleri-ve-edebiyatlari\/wp-content\/uploads\/sites\/94\/2025\/11\/WhatsApp-Image-2025-11-10-at-10.03.25-6-300x169.jpeg\" class=\"img-fluid wp-post-image\" alt=\"\" srcset=\"https:\/\/atauni.edu.tr\/cagdas-turk-lehceleri-ve-edebiyatlari\/wp-content\/uploads\/sites\/94\/2025\/11\/WhatsApp-Image-2025-11-10-at-10.03.25-6-300x169.jpeg 300w, https:\/\/atauni.edu.tr\/cagdas-turk-lehceleri-ve-edebiyatlari\/wp-content\/uploads\/sites\/94\/2025\/11\/WhatsApp-Image-2025-11-10-at-10.03.25-6-1024x576.jpeg 1024w, https:\/\/atauni.edu.tr\/cagdas-turk-lehceleri-ve-edebiyatlari\/wp-content\/uploads\/sites\/94\/2025\/11\/WhatsApp-Image-2025-11-10-at-10.03.25-6-768x432.jpeg 768w, https:\/\/atauni.edu.tr\/cagdas-turk-lehceleri-ve-edebiyatlari\/wp-content\/uploads\/sites\/94\/2025\/11\/WhatsApp-Image-2025-11-10-at-10.03.25-6-1536x864.jpeg 1536w, https:\/\/atauni.edu.tr\/cagdas-turk-lehceleri-ve-edebiyatlari\/wp-content\/uploads\/sites\/94\/2025\/11\/WhatsApp-Image-2025-11-10-at-10.03.25-6-600x338.jpeg 600w, https:\/\/atauni.edu.tr\/cagdas-turk-lehceleri-ve-edebiyatlari\/wp-content\/uploads\/sites\/94\/2025\/11\/WhatsApp-Image-2025-11-10-at-10.03.25-6-560x315.jpeg 560w, https:\/\/atauni.edu.tr\/cagdas-turk-lehceleri-ve-edebiyatlari\/wp-content\/uploads\/sites\/94\/2025\/11\/WhatsApp-Image-2025-11-10-at-10.03.25-6.jpeg 1600w\" sizes=\"(max-width: 300px) 100vw, 300px\" \/><\/div>\n<div class=\"etkinlik-datee\"><span class=\"day\">10<\/span><span class=\"month\">Kas\u0131m<\/span><span class=\"year\">2025<\/span><\/div>\n<p><a href=\"https:\/\/atauni.edu.tr\/cagdas-turk-lehceleri-ve-edebiyatlari\/2025\/11\/10\/turk-dunyasi-kulubu-azerbaycan-bagimsizlik-gunu-programina-katildi\/\" class=\"etkinlik-titlee\">T\u00fcrk D\u00fcnyas\u0131 Kul\u00fcb\u00fc Azerbaycan Ba\u011f\u0131ms\u0131zl\u0131k G\u00fcn\u00fc Program\u0131na Kat\u0131ld\u0131<\/a><\/div>\n<div class=\"etkinlik-grid-item\">\n<div class=\"etkinlik-thumbnail\"><img loading=\"lazy\" decoding=\"async\" width=\"300\" height=\"169\" src=\"https:\/\/atauni.edu.tr\/cagdas-turk-lehceleri-ve-edebiyatlari\/wp-content\/uploads\/sites\/94\/2025\/11\/WhatsApp-Image-2025-11-03-at-14.51.10-1-1-300x169.jpeg\" class=\"img-fluid wp-post-image\" alt=\"\" srcset=\"https:\/\/atauni.edu.tr\/cagdas-turk-lehceleri-ve-edebiyatlari\/wp-content\/uploads\/sites\/94\/2025\/11\/WhatsApp-Image-2025-11-03-at-14.51.10-1-1-300x169.jpeg 300w, https:\/\/atauni.edu.tr\/cagdas-turk-lehceleri-ve-edebiyatlari\/wp-content\/uploads\/sites\/94\/2025\/11\/WhatsApp-Image-2025-11-03-at-14.51.10-1-1-1024x575.jpeg 1024w, https:\/\/atauni.edu.tr\/cagdas-turk-lehceleri-ve-edebiyatlari\/wp-content\/uploads\/sites\/94\/2025\/11\/WhatsApp-Image-2025-11-03-at-14.51.10-1-1-768x431.jpeg 768w, https:\/\/atauni.edu.tr\/cagdas-turk-lehceleri-ve-edebiyatlari\/wp-content\/uploads\/sites\/94\/2025\/11\/WhatsApp-Image-2025-11-03-at-14.51.10-1-1-600x337.jpeg 600w, https:\/\/atauni.edu.tr\/cagdas-turk-lehceleri-ve-edebiyatlari\/wp-content\/uploads\/sites\/94\/2025\/11\/WhatsApp-Image-2025-11-03-at-14.51.10-1-1-560x315.jpeg 560w, https:\/\/atauni.edu.tr\/cagdas-turk-lehceleri-ve-edebiyatlari\/wp-content\/uploads\/sites\/94\/2025\/11\/WhatsApp-Image-2025-11-03-at-14.51.10-1-1.jpeg 1280w\" sizes=\"(max-width: 300px) 100vw, 300px\" \/><\/div>\n<div class=\"etkinlik-datee\"><span class=\"day\">03<\/span><span class=\"month\">Kas\u0131m<\/span><span class=\"year\">2025<\/span><\/div>\n<p><a href=\"https:\/\/atauni.edu.tr\/cagdas-turk-lehceleri-ve-edebiyatlari\/2025\/11\/03\/prof-dr-huseyin-baydemire-2025-yili-ozbekceye-hizmet-odulu-verildi\/\" class=\"etkinlik-titlee\">PROF. DR. H\u00dcSEY\u0130N BAYDEM\u0130R\u2019E 2025 YILI \u00d6ZBEK\u00c7EYE H\u0130ZMET \u00d6D\u00dcL\u00dc VER\u0130LD\u0130<\/a><\/div>\n<div class=\"etkinlik-grid-item\">\n<div class=\"etkinlik-thumbnail\"><img loading=\"lazy\" decoding=\"async\" width=\"300\" height=\"200\" src=\"https:\/\/atauni.edu.tr\/cagdas-turk-lehceleri-ve-edebiyatlari\/wp-content\/uploads\/sites\/94\/2025\/11\/ozzz-300x200.jpeg\" class=\"img-fluid wp-post-image\" alt=\"\" srcset=\"https:\/\/atauni.edu.tr\/cagdas-turk-lehceleri-ve-edebiyatlari\/wp-content\/uploads\/sites\/94\/2025\/11\/ozzz-300x200.jpeg 300w, https:\/\/atauni.edu.tr\/cagdas-turk-lehceleri-ve-edebiyatlari\/wp-content\/uploads\/sites\/94\/2025\/11\/ozzz-560x373.jpeg 560w, https:\/\/atauni.edu.tr\/cagdas-turk-lehceleri-ve-edebiyatlari\/wp-content\/uploads\/sites\/94\/2025\/11\/ozzz.jpeg 600w\" sizes=\"(max-width: 300px) 100vw, 300px\" \/><\/div>\n<div class=\"etkinlik-datee\"><span class=\"day\">03<\/span><span class=\"month\">Kas\u0131m<\/span><span class=\"year\">2025<\/span><\/div>\n<p><a href=\"https:\/\/atauni.edu.tr\/cagdas-turk-lehceleri-ve-edebiyatlari\/2025\/11\/03\/bolumumuz-ogretim-uyeleri-ozbekistanda-bir-kisim-bilimsel-ve-sosyal-faaliyetlere-katildilar\/\" class=\"etkinlik-titlee\">B\u00d6L\u00dcM\u00dcM\u00dcZ \u00d6\u011eRET\u0130M \u00dcYELER\u0130 \u00d6ZBEK\u0130STAN\u2019DA B\u0130R KISIM B\u0130L\u0130MSEL VE SOSYAL FAAL\u0130YETLERE KATILDILAR<\/a><\/div>\n<\/div>\n<div class=\"pagination\" style=\"margin-top: 20px;\"><span aria-current=\"page\" class=\"page-numbers current\">1<\/span><br \/>\n<a class=\"page-numbers\" href=\"https:\/\/atauni.edu.tr\/cagdas-turk-lehceleri-ve-edebiyatlari\/wp-json\/wp\/v2\/pages\/8952\/page\/2\/\">2<\/a><br \/>\n<a class=\"next page-numbers\" href=\"https:\/\/atauni.edu.tr\/cagdas-turk-lehceleri-ve-edebiyatlari\/wp-json\/wp\/v2\/pages\/8952\/page\/2\/\">Sonraki &raquo;<\/a><\/div><\/p>\n\n<p>\u00a0<\/p>\n\t\t\t\t\t\t\t\t<\/div>\n\t\t\t\t<\/div>\n\t\t\t\t\t<\/div>\n\t\t<\/div>\n\t\t\t\t\t<\/div>\n\t\t<\/section>\n\t\t\t\t<\/div>\n\t\t","protected":false},"excerpt":{"rendered":"<p>\u00a0<\/p>\n","protected":false},"author":8,"featured_media":0,"parent":0,"menu_order":0,"comment_status":"closed","ping_status":"closed","template":"","meta":{"footnotes":""},"class_list":["post-8952","page","type-page","status-publish","hentry"],"_links":{"self":[{"href":"https:\/\/atauni.edu.tr\/cagdas-turk-lehceleri-ve-edebiyatlari\/wp-json\/wp\/v2\/pages\/8952","targetHints":{"allow":["GET"]}}],"collection":[{"href":"https:\/\/atauni.edu.tr\/cagdas-turk-lehceleri-ve-edebiyatlari\/wp-json\/wp\/v2\/pages"}],"about":[{"href":"https:\/\/atauni.edu.tr\/cagdas-turk-lehceleri-ve-edebiyatlari\/wp-json\/wp\/v2\/types\/page"}],"author":[{"embeddable":true,"href":"https:\/\/atauni.edu.tr\/cagdas-turk-lehceleri-ve-edebiyatlari\/wp-json\/wp\/v2\/users\/8"}],"replies":[{"embeddable":true,"href":"https:\/\/atauni.edu.tr\/cagdas-turk-lehceleri-ve-edebiyatlari\/wp-json\/wp\/v2\/comments?post=8952"}],"version-history":[{"count":5,"href":"https:\/\/atauni.edu.tr\/cagdas-turk-lehceleri-ve-edebiyatlari\/wp-json\/wp\/v2\/pages\/8952\/revisions"}],"predecessor-version":[{"id":9350,"href":"https:\/\/atauni.edu.tr\/cagdas-turk-lehceleri-ve-edebiyatlari\/wp-json\/wp\/v2\/pages\/8952\/revisions\/9350"}],"wp:attachment":[{"href":"https:\/\/atauni.edu.tr\/cagdas-turk-lehceleri-ve-edebiyatlari\/wp-json\/wp\/v2\/media?parent=8952"}],"curies":[{"name":"wp","href":"https:\/\/api.w.org\/{rel}","templated":true}]}}