{"id":8954,"date":"2025-06-25T14:39:49","date_gmt":"2025-06-25T11:39:49","guid":{"rendered":"https:\/\/birimler.atauni.edu.tr\/cagdas-turk-lehceleri-ve-edebiyatlari\/?page_id=8954"},"modified":"2025-07-30T11:19:24","modified_gmt":"2025-07-30T08:19:24","slug":"haberler","status":"publish","type":"page","link":"https:\/\/atauni.edu.tr\/cagdas-turk-lehceleri-ve-edebiyatlari\/haberler\/","title":{"rendered":"Haberler"},"content":{"rendered":"<form method=\"get\" class=\"row g-3\" style=\"margin-bottom: 20px;\"><div class=\"col-md-3\"><input type=\"text\" name=\"haber_ara\" class=\"form-control\" placeholder=\"Haber ara...\" value=\"\"><\/div><div class=\"col-md-3\"><input type=\"date\" name=\"baslangic_tarihi\" class=\"form-control\" value=\"\"><\/div><div class=\"col-md-3\"><input type=\"date\" name=\"bitis_tarihi\" class=\"form-control\" value=\"\"><\/div><div class=\"col-md-3\"><button type=\"submit\" class=\"btn btn-secondary w-50\">Filtrele<\/button><\/div><\/form><ul class=\"kategori-yazilari-liste\"><li style=\"display: flex; margin-bottom: 10px; align-items: center;\"><div class=\"post-thumbnail\" style=\"margin-right: 15px;\"><a href=\"https:\/\/atauni.edu.tr\/cagdas-turk-lehceleri-ve-edebiyatlari\/2026\/01\/28\/atama-duyurusu-4\/\"><img decoding=\"async\" width=\"150\" height=\"150\" src=\"https:\/\/atauni.edu.tr\/cagdas-turk-lehceleri-ve-edebiyatlari\/wp-content\/uploads\/sites\/94\/2026\/01\/WhatsApp-Image-2026-01-28-at-12.50.14-1-150x150.jpeg\" class=\"attachment-thumbnail size-thumbnail wp-post-image\" alt=\"\" \/><\/a><\/div><div class=\"post-content\" style=\"flex-grow: 1;\"><span class=\"post-date habertarih\" style=\"display: block; font-weight: bold; margin-bottom: 5px;\">28 Ocak 2026<\/span><a class=\"haberbaslik\" href=\"https:\/\/atauni.edu.tr\/cagdas-turk-lehceleri-ve-edebiyatlari\/2026\/01\/28\/atama-duyurusu-4\/\">Atama Duyurusu<\/a><\/div><\/li><li style=\"display: flex; margin-bottom: 10px; align-items: center;\"><div class=\"post-thumbnail\" style=\"margin-right: 15px;\"><a href=\"https:\/\/atauni.edu.tr\/cagdas-turk-lehceleri-ve-edebiyatlari\/2025\/12\/15\/fedek-degerlendirme-toplantisi-yapildi\/\"><img decoding=\"async\" width=\"150\" height=\"150\" src=\"https:\/\/atauni.edu.tr\/cagdas-turk-lehceleri-ve-edebiyatlari\/wp-content\/uploads\/sites\/94\/2025\/12\/WhatsApp-Image-2025-12-12-at-14.07.46-2-2-150x150.jpeg\" class=\"attachment-thumbnail size-thumbnail wp-post-image\" alt=\"\" \/><\/a><\/div><div class=\"post-content\" style=\"flex-grow: 1;\"><span class=\"post-date habertarih\" style=\"display: block; font-weight: bold; margin-bottom: 5px;\">15 Aral\u0131k 2025<\/span><a class=\"haberbaslik\" href=\"https:\/\/atauni.edu.tr\/cagdas-turk-lehceleri-ve-edebiyatlari\/2025\/12\/15\/fedek-degerlendirme-toplantisi-yapildi\/\">FEDEK De\u011ferlendirme Toplant\u0131s\u0131 Yap\u0131ld\u0131<\/a><\/div><\/li><li style=\"display: flex; margin-bottom: 10px; align-items: center;\"><div class=\"post-thumbnail\" style=\"margin-right: 15px;\"><a href=\"https:\/\/atauni.edu.tr\/cagdas-turk-lehceleri-ve-edebiyatlari\/2025\/12\/12\/cagdas-turk-lehceleri-ve-edebiyatlari-bolumunde-erasmus-bilgilendirme-toplantisi-gerceklestirildi\/\"><img decoding=\"async\" width=\"150\" height=\"150\" src=\"https:\/\/atauni.edu.tr\/cagdas-turk-lehceleri-ve-edebiyatlari\/wp-content\/uploads\/sites\/94\/2025\/12\/WhatsApp-Image-2025-12-05-at-15.52.59-150x150.jpeg\" class=\"attachment-thumbnail size-thumbnail wp-post-image\" alt=\"\" \/><\/a><\/div><div class=\"post-content\" style=\"flex-grow: 1;\"><span class=\"post-date habertarih\" style=\"display: block; font-weight: bold; margin-bottom: 5px;\">12 Aral\u0131k 2025<\/span><a class=\"haberbaslik\" href=\"https:\/\/atauni.edu.tr\/cagdas-turk-lehceleri-ve-edebiyatlari\/2025\/12\/12\/cagdas-turk-lehceleri-ve-edebiyatlari-bolumunde-erasmus-bilgilendirme-toplantisi-gerceklestirildi\/\">\u00c7a\u011fda\u015f T\u00fcrk Leh\u00e7eleri ve Edebiyatlar\u0131 B\u00f6l\u00fcm\u00fcnde Erasmus Bilgilendirme Toplant\u0131s\u0131 Ger\u00e7ekle\u015ftirildi<\/a><\/div><\/li><li style=\"display: flex; margin-bottom: 10px; align-items: center;\"><div class=\"post-thumbnail\" style=\"margin-right: 15px;\"><a href=\"https:\/\/atauni.edu.tr\/cagdas-turk-lehceleri-ve-edebiyatlari\/2025\/11\/24\/comparative-turkish-dialects-and-literatures-dergisinin-8-sayisi-yayimlandi\/\"><img loading=\"lazy\" decoding=\"async\" width=\"150\" height=\"150\" src=\"https:\/\/atauni.edu.tr\/cagdas-turk-lehceleri-ve-edebiyatlari\/wp-content\/uploads\/sites\/94\/2021\/07\/Duyuru-150x150.jpg\" class=\"attachment-thumbnail size-thumbnail wp-post-image\" alt=\"\" \/><\/a><\/div><div class=\"post-content\" style=\"flex-grow: 1;\"><span class=\"post-date habertarih\" style=\"display: block; font-weight: bold; margin-bottom: 5px;\">24 Kas\u0131m 2025<\/span><a class=\"haberbaslik\" href=\"https:\/\/atauni.edu.tr\/cagdas-turk-lehceleri-ve-edebiyatlari\/2025\/11\/24\/comparative-turkish-dialects-and-literatures-dergisinin-8-sayisi-yayimlandi\/\">Comparative Turkish Dialects and Literatures Dergisinin 8. Say\u0131s\u0131 Yay\u0131mland\u0131<\/a><\/div><\/li><li style=\"display: flex; margin-bottom: 10px; align-items: center;\"><div class=\"post-thumbnail\" style=\"margin-right: 15px;\"><a href=\"https:\/\/atauni.edu.tr\/cagdas-turk-lehceleri-ve-edebiyatlari\/2025\/11\/10\/turk-dunyasi-kulubunden-yeni-donem-planlama-toplantisi\/\"><img loading=\"lazy\" decoding=\"async\" width=\"150\" height=\"150\" src=\"https:\/\/atauni.edu.tr\/cagdas-turk-lehceleri-ve-edebiyatlari\/wp-content\/uploads\/sites\/94\/2025\/11\/WhatsApp-Image-2025-11-10-at-10.03.24-150x150.jpeg\" class=\"attachment-thumbnail size-thumbnail wp-post-image\" alt=\"\" \/><\/a><\/div><div class=\"post-content\" style=\"flex-grow: 1;\"><span class=\"post-date habertarih\" style=\"display: block; font-weight: bold; margin-bottom: 5px;\">10 Kas\u0131m 2025<\/span><a class=\"haberbaslik\" href=\"https:\/\/atauni.edu.tr\/cagdas-turk-lehceleri-ve-edebiyatlari\/2025\/11\/10\/turk-dunyasi-kulubunden-yeni-donem-planlama-toplantisi\/\">T\u00fcrk D\u00fcnyas\u0131 Kul\u00fcb\u00fcnden Yeni D\u00f6nem Planlama Toplant\u0131s\u0131<\/a><\/div><\/li><li style=\"display: flex; margin-bottom: 10px; align-items: center;\"><div class=\"post-thumbnail\" style=\"margin-right: 15px;\"><a href=\"https:\/\/atauni.edu.tr\/cagdas-turk-lehceleri-ve-edebiyatlari\/2025\/11\/05\/turk-dunyasi-kulubunun-unides-basarisi\/\"><img loading=\"lazy\" decoding=\"async\" width=\"150\" height=\"150\" src=\"https:\/\/atauni.edu.tr\/cagdas-turk-lehceleri-ve-edebiyatlari\/wp-content\/uploads\/sites\/94\/2021\/07\/Duyuru-150x150.jpg\" class=\"attachment-thumbnail size-thumbnail wp-post-image\" alt=\"\" \/><\/a><\/div><div class=\"post-content\" style=\"flex-grow: 1;\"><span class=\"post-date habertarih\" style=\"display: block; font-weight: bold; margin-bottom: 5px;\">5 Kas\u0131m 2025<\/span><a class=\"haberbaslik\" href=\"https:\/\/atauni.edu.tr\/cagdas-turk-lehceleri-ve-edebiyatlari\/2025\/11\/05\/turk-dunyasi-kulubunun-unides-basarisi\/\">T\u00fcrk D\u00fcnyas\u0131 Kul\u00fcb\u00fcn\u00fcn UN\u0130DES Ba\u015far\u0131s\u0131<\/a><\/div><\/li><li style=\"display: flex; margin-bottom: 10px; align-items: center;\"><div class=\"post-thumbnail\" style=\"margin-right: 15px;\"><a href=\"https:\/\/atauni.edu.tr\/cagdas-turk-lehceleri-ve-edebiyatlari\/2025\/11\/05\/kars-baskonsolosu-sayin-zamin-aliyevin-cagdas-turk-lehceleri-ve-edebiyatlari-bolumunu-ziyaret-etti\/\"><img loading=\"lazy\" decoding=\"async\" width=\"150\" height=\"150\" src=\"https:\/\/atauni.edu.tr\/cagdas-turk-lehceleri-ve-edebiyatlari\/wp-content\/uploads\/sites\/94\/2025\/11\/WhatsApp-Image-2025-11-04-at-20.06.56-5-150x150.jpeg\" class=\"attachment-thumbnail size-thumbnail wp-post-image\" alt=\"\" \/><\/a><\/div><div class=\"post-content\" style=\"flex-grow: 1;\"><span class=\"post-date habertarih\" style=\"display: block; font-weight: bold; margin-bottom: 5px;\">5 Kas\u0131m 2025<\/span><a class=\"haberbaslik\" href=\"https:\/\/atauni.edu.tr\/cagdas-turk-lehceleri-ve-edebiyatlari\/2025\/11\/05\/kars-baskonsolosu-sayin-zamin-aliyevin-cagdas-turk-lehceleri-ve-edebiyatlari-bolumunu-ziyaret-etti\/\">Kars Ba\u015fkonsolosu Say\u0131n Zamin Aliyev \u00c7a\u011fda\u015f T\u00fcrk Leh\u00e7eleri ve Edebiyatlar\u0131 B\u00f6l\u00fcm\u00fcn\u00fc Ziyaret Etti<\/a><\/div><\/li><\/ul>\n\n\n\n<p><\/p>\n","protected":false},"excerpt":{"rendered":"","protected":false},"author":8,"featured_media":0,"parent":0,"menu_order":0,"comment_status":"closed","ping_status":"closed","template":"","meta":{"footnotes":""},"class_list":["post-8954","page","type-page","status-publish","hentry"],"_links":{"self":[{"href":"https:\/\/atauni.edu.tr\/cagdas-turk-lehceleri-ve-edebiyatlari\/wp-json\/wp\/v2\/pages\/8954","targetHints":{"allow":["GET"]}}],"collection":[{"href":"https:\/\/atauni.edu.tr\/cagdas-turk-lehceleri-ve-edebiyatlari\/wp-json\/wp\/v2\/pages"}],"about":[{"href":"https:\/\/atauni.edu.tr\/cagdas-turk-lehceleri-ve-edebiyatlari\/wp-json\/wp\/v2\/types\/page"}],"author":[{"embeddable":true,"href":"https:\/\/atauni.edu.tr\/cagdas-turk-lehceleri-ve-edebiyatlari\/wp-json\/wp\/v2\/users\/8"}],"replies":[{"embeddable":true,"href":"https:\/\/atauni.edu.tr\/cagdas-turk-lehceleri-ve-edebiyatlari\/wp-json\/wp\/v2\/comments?post=8954"}],"version-history":[{"count":2,"href":"https:\/\/atauni.edu.tr\/cagdas-turk-lehceleri-ve-edebiyatlari\/wp-json\/wp\/v2\/pages\/8954\/revisions"}],"predecessor-version":[{"id":9082,"href":"https:\/\/atauni.edu.tr\/cagdas-turk-lehceleri-ve-edebiyatlari\/wp-json\/wp\/v2\/pages\/8954\/revisions\/9082"}],"wp:attachment":[{"href":"https:\/\/atauni.edu.tr\/cagdas-turk-lehceleri-ve-edebiyatlari\/wp-json\/wp\/v2\/media?parent=8954"}],"curies":[{"name":"wp","href":"https:\/\/api.w.org\/{rel}","templated":true}]}}