{"id":5638,"date":"2021-07-13T09:49:25","date_gmt":"2021-07-13T06:49:25","guid":{"rendered":"https:\/\/portaltest.atauni.edu.tr\/bilgisayar-muhendisligi\/?page_id=5638"},"modified":"2022-11-17T15:51:57","modified_gmt":"2022-11-17T12:51:57","slug":"tarihce","status":"publish","type":"page","link":"https:\/\/atauni.edu.tr\/calisma-ekonomisi-ve-endustri-iliskileri-bolumu-1\/tarihce\/","title":{"rendered":"Tarih\u00e7e"},"content":{"rendered":"\t\t<div data-elementor-type=\"wp-page\" data-elementor-id=\"5638\" class=\"elementor elementor-5638\" data-elementor-post-type=\"page\">\n\t\t\t\t\t\t<section class=\"elementor-section elementor-top-section elementor-element elementor-element-730d320 elementor-section-boxed elementor-section-height-default elementor-section-height-default\" data-id=\"730d320\" data-element_type=\"section\">\n\t\t\t\t\t\t<div class=\"elementor-container elementor-column-gap-default\">\n\t\t\t\t\t<div class=\"elementor-column elementor-col-100 elementor-top-column elementor-element elementor-element-753d0860\" data-id=\"753d0860\" data-element_type=\"column\">\n\t\t\t<div class=\"elementor-widget-wrap\">\n\t\t\t\t\t\t\t<\/div>\n\t\t<\/div>\n\t\t\t\t\t<\/div>\n\t\t<\/section>\n\t\t\t\t<section class=\"elementor-section elementor-top-section elementor-element elementor-element-9be811a elementor-section-boxed elementor-section-height-default elementor-section-height-default\" data-id=\"9be811a\" data-element_type=\"section\">\n\t\t\t\t\t\t<div class=\"elementor-container elementor-column-gap-default\">\n\t\t\t\t\t<div class=\"elementor-column elementor-col-100 elementor-top-column elementor-element elementor-element-1ed847b7\" data-id=\"1ed847b7\" data-element_type=\"column\">\n\t\t\t<div class=\"elementor-widget-wrap elementor-element-populated\">\n\t\t\t\t\t\t<div class=\"elementor-element elementor-element-4ce0d07f elementor-widget elementor-widget-heading\" data-id=\"4ce0d07f\" data-element_type=\"widget\" data-widget_type=\"heading.default\">\n\t\t\t\t<div class=\"elementor-widget-container\">\n\t\t\t\t\t<h2 class=\"elementor-heading-title elementor-size-default\">Tarih\u00e7e<\/h2>\t\t\t\t<\/div>\n\t\t\t\t<\/div>\n\t\t\t\t<div class=\"elementor-element elementor-element-63260862 elementor-widget-divider--view-line elementor-widget elementor-widget-divider\" data-id=\"63260862\" data-element_type=\"widget\" data-widget_type=\"divider.default\">\n\t\t\t\t<div class=\"elementor-widget-container\">\n\t\t\t\t\t\t\t<div class=\"elementor-divider\">\n\t\t\t<span class=\"elementor-divider-separator\">\n\t\t\t\t\t\t<\/span>\n\t\t<\/div>\n\t\t\t\t\t\t<\/div>\n\t\t\t\t<\/div>\n\t\t\t\t\t<\/div>\n\t\t<\/div>\n\t\t\t\t\t<\/div>\n\t\t<\/section>\n\t\t\t\t<section class=\"elementor-section elementor-top-section elementor-element elementor-element-681db8b elementor-section-boxed elementor-section-height-default elementor-section-height-default\" data-id=\"681db8b\" data-element_type=\"section\">\n\t\t\t\t\t\t<div class=\"elementor-container elementor-column-gap-default\">\n\t\t\t\t\t<div class=\"elementor-column elementor-col-100 elementor-top-column elementor-element elementor-element-ad4dac5\" data-id=\"ad4dac5\" data-element_type=\"column\">\n\t\t\t<div class=\"elementor-widget-wrap elementor-element-populated\">\n\t\t\t\t\t\t<div class=\"elementor-element elementor-element-2f96b3d elementor-widget elementor-widget-text-editor\" data-id=\"2f96b3d\" data-element_type=\"widget\" data-widget_type=\"text-editor.default\">\n\t\t\t\t<div class=\"elementor-widget-container\">\n\t\t\t\t\t\t\t\t\t<p>Atat\u00fcrk \u00dcniversitesi, \u0130ktisadi ve \u0130dari Bilimler Fak\u00fcltesi, \u00c7al\u0131\u015fma Ekonomisi ve End\u00fcstri \u0130li\u015fkileri (\u00c7EE\u0130) b\u00f6l\u00fcm\u00fc\u00a02009 y\u0131l\u0131nda kurulmu\u015ftur. \u00c7EE\u0130 ad\u0131 alt\u0131nda kurulan\u00a0b\u00f6l\u00fcm 4 y\u0131ll\u0131k lisans program\u0131 olarak 2010 y\u0131l\u0131nda \u00f6\u011frenci kabul\u00fcne ba\u015flam\u0131\u015ft\u0131r. \u00c7EE\u0130 b\u00f6l\u00fcm\u00fc, ayn\u0131\u00a0zamanda, Atat\u00fcrk \u00dcniversitesi Sosyal Bilimler Enstit\u00fcs\u00fc b\u00fcnyesinde 2013 y\u0131l\u0131nda y\u00fcksek lisans ve 2017 y\u0131l\u0131nda doktora \u00f6\u011frencisi al\u0131m\u0131na ba\u015flam\u0131\u015f ve halen lisans\u00fcst\u00fc d\u00fczeyde de \u00f6\u011frenim faaliyetlerini y\u00fcr\u00fctmektedir<\/p>\t\t\t\t\t\t\t\t<\/div>\n\t\t\t\t<\/div>\n\t\t\t\t\t<\/div>\n\t\t<\/div>\n\t\t\t\t\t<\/div>\n\t\t<\/section>\n\t\t\t\t<section class=\"elementor-section elementor-top-section elementor-element elementor-element-9d4f115 elementor-section-boxed elementor-section-height-default elementor-section-height-default\" data-id=\"9d4f115\" data-element_type=\"section\">\n\t\t\t\t\t\t<div class=\"elementor-container elementor-column-gap-default\">\n\t\t\t\t\t<div class=\"elementor-column elementor-col-100 elementor-top-column elementor-element elementor-element-54457a3\" data-id=\"54457a3\" data-element_type=\"column\">\n\t\t\t<div class=\"elementor-widget-wrap elementor-element-populated\">\n\t\t\t\t\t\t<div class=\"elementor-element elementor-element-e1ca425 elementor-widget elementor-widget-spacer\" data-id=\"e1ca425\" data-element_type=\"widget\" data-widget_type=\"spacer.default\">\n\t\t\t\t<div class=\"elementor-widget-container\">\n\t\t\t\t\t\t\t<div class=\"elementor-spacer\">\n\t\t\t<div class=\"elementor-spacer-inner\"><\/div>\n\t\t<\/div>\n\t\t\t\t\t\t<\/div>\n\t\t\t\t<\/div>\n\t\t\t\t\t<\/div>\n\t\t<\/div>\n\t\t\t\t\t<\/div>\n\t\t<\/section>\n\t\t\t\t<\/div>\n\t\t","protected":false},"excerpt":{"rendered":"<p>Tarih\u00e7e Atat\u00fcrk \u00dcniversitesi, \u0130ktisadi ve \u0130dari Bilimler Fak\u00fcltesi, \u00c7al\u0131\u015fma Ekonomisi ve End\u00fcstri \u0130li\u015fkileri (\u00c7EE\u0130) b\u00f6l\u00fcm\u00fc\u00a02009 y\u0131l\u0131nda kurulmu\u015ftur. \u00c7EE\u0130 ad\u0131 alt\u0131nda kurulan\u00a0b\u00f6l\u00fcm 4 y\u0131ll\u0131k lisans program\u0131 olarak 2010 y\u0131l\u0131nda \u00f6\u011frenci kabul\u00fcne ba\u015flam\u0131\u015ft\u0131r. \u00c7EE\u0130 b\u00f6l\u00fcm\u00fc, ayn\u0131\u00a0zamanda, Atat\u00fcrk \u00dcniversitesi Sosyal Bilimler Enstit\u00fcs\u00fc b\u00fcnyesinde 2013 y\u0131l\u0131nda y\u00fcksek lisans ve 2017 y\u0131l\u0131nda doktora \u00f6\u011frencisi al\u0131m\u0131na ba\u015flam\u0131\u015f ve halen lisans\u00fcst\u00fc d\u00fczeyde [&hellip;]<\/p>\n","protected":false},"author":1,"featured_media":0,"parent":0,"menu_order":0,"comment_status":"closed","ping_status":"closed","template":"","meta":{"footnotes":""},"class_list":["post-5638","page","type-page","status-publish","hentry"],"_links":{"self":[{"href":"https:\/\/atauni.edu.tr\/calisma-ekonomisi-ve-endustri-iliskileri-bolumu-1\/wp-json\/wp\/v2\/pages\/5638","targetHints":{"allow":["GET"]}}],"collection":[{"href":"https:\/\/atauni.edu.tr\/calisma-ekonomisi-ve-endustri-iliskileri-bolumu-1\/wp-json\/wp\/v2\/pages"}],"about":[{"href":"https:\/\/atauni.edu.tr\/calisma-ekonomisi-ve-endustri-iliskileri-bolumu-1\/wp-json\/wp\/v2\/types\/page"}],"author":[{"embeddable":true,"href":"https:\/\/atauni.edu.tr\/calisma-ekonomisi-ve-endustri-iliskileri-bolumu-1\/wp-json\/wp\/v2\/users\/1"}],"replies":[{"embeddable":true,"href":"https:\/\/atauni.edu.tr\/calisma-ekonomisi-ve-endustri-iliskileri-bolumu-1\/wp-json\/wp\/v2\/comments?post=5638"}],"version-history":[{"count":28,"href":"https:\/\/atauni.edu.tr\/calisma-ekonomisi-ve-endustri-iliskileri-bolumu-1\/wp-json\/wp\/v2\/pages\/5638\/revisions"}],"predecessor-version":[{"id":6318,"href":"https:\/\/atauni.edu.tr\/calisma-ekonomisi-ve-endustri-iliskileri-bolumu-1\/wp-json\/wp\/v2\/pages\/5638\/revisions\/6318"}],"wp:attachment":[{"href":"https:\/\/atauni.edu.tr\/calisma-ekonomisi-ve-endustri-iliskileri-bolumu-1\/wp-json\/wp\/v2\/media?parent=5638"}],"curies":[{"name":"wp","href":"https:\/\/api.w.org\/{rel}","templated":true}]}}