{"id":5728,"date":"2021-07-13T11:33:38","date_gmt":"2021-07-13T08:33:38","guid":{"rendered":"https:\/\/portaltest.atauni.edu.tr\/bilgisayar-muhendisligi\/?page_id=5728"},"modified":"2023-11-30T11:20:10","modified_gmt":"2023-11-30T08:20:10","slug":"bolum-tanitimi","status":"publish","type":"page","link":"https:\/\/atauni.edu.tr\/calisma-ekonomisi-ve-endustri-iliskileri-bolumu-1\/bolum-tanitimi\/","title":{"rendered":"B\u00f6l\u00fcm Tan\u0131t\u0131m\u0131"},"content":{"rendered":"\t\t<div data-elementor-type=\"wp-page\" data-elementor-id=\"5728\" class=\"elementor elementor-5728\" data-elementor-post-type=\"page\">\n\t\t\t\t\t\t<section class=\"elementor-section elementor-top-section elementor-element elementor-element-730d320 elementor-section-boxed elementor-section-height-default elementor-section-height-default\" data-id=\"730d320\" data-element_type=\"section\">\n\t\t\t\t\t\t<div class=\"elementor-container elementor-column-gap-default\">\n\t\t\t\t\t<div class=\"elementor-column elementor-col-100 elementor-top-column elementor-element elementor-element-753d0860\" data-id=\"753d0860\" data-element_type=\"column\">\n\t\t\t<div class=\"elementor-widget-wrap\">\n\t\t\t\t\t\t\t<\/div>\n\t\t<\/div>\n\t\t\t\t\t<\/div>\n\t\t<\/section>\n\t\t\t\t<section class=\"elementor-section elementor-top-section elementor-element elementor-element-9be811a elementor-section-boxed elementor-section-height-default elementor-section-height-default\" data-id=\"9be811a\" data-element_type=\"section\">\n\t\t\t\t\t\t<div class=\"elementor-container elementor-column-gap-default\">\n\t\t\t\t\t<div class=\"elementor-column elementor-col-100 elementor-top-column elementor-element elementor-element-1ed847b7\" data-id=\"1ed847b7\" data-element_type=\"column\">\n\t\t\t<div class=\"elementor-widget-wrap elementor-element-populated\">\n\t\t\t\t\t\t<div class=\"elementor-element elementor-element-4ce0d07f elementor-widget elementor-widget-heading\" data-id=\"4ce0d07f\" data-element_type=\"widget\" data-widget_type=\"heading.default\">\n\t\t\t\t<div class=\"elementor-widget-container\">\n\t\t\t\t\t<h2 class=\"elementor-heading-title elementor-size-default\">B\u00f6l\u00fcm Tan\u0131t\u0131m\u0131<\/h2>\t\t\t\t<\/div>\n\t\t\t\t<\/div>\n\t\t\t\t<div class=\"elementor-element elementor-element-63260862 elementor-widget-divider--view-line elementor-widget elementor-widget-divider\" data-id=\"63260862\" data-element_type=\"widget\" data-widget_type=\"divider.default\">\n\t\t\t\t<div class=\"elementor-widget-container\">\n\t\t\t\t\t\t\t<div class=\"elementor-divider\">\n\t\t\t<span class=\"elementor-divider-separator\">\n\t\t\t\t\t\t<\/span>\n\t\t<\/div>\n\t\t\t\t\t\t<\/div>\n\t\t\t\t<\/div>\n\t\t\t\t\t<\/div>\n\t\t<\/div>\n\t\t\t\t\t<\/div>\n\t\t<\/section>\n\t\t\t\t<section class=\"elementor-section elementor-top-section elementor-element elementor-element-86a2cbd elementor-section-boxed elementor-section-height-default elementor-section-height-default\" data-id=\"86a2cbd\" data-element_type=\"section\">\n\t\t\t\t\t\t<div class=\"elementor-container elementor-column-gap-default\">\n\t\t\t\t\t<div class=\"elementor-column elementor-col-100 elementor-top-column elementor-element elementor-element-48759f8\" data-id=\"48759f8\" data-element_type=\"column\">\n\t\t\t<div class=\"elementor-widget-wrap elementor-element-populated\">\n\t\t\t\t\t\t<div class=\"elementor-element elementor-element-a5bfd4d elementor-widget elementor-widget-text-editor\" data-id=\"a5bfd4d\" data-element_type=\"widget\" data-widget_type=\"text-editor.default\">\n\t\t\t\t<div class=\"elementor-widget-container\">\n\t\t\t\t\t\t\t\t\t<p>\u00c7al\u0131\u015fma Ekonomisi ve End\u00fcstri \u0130li\u015fkileri (\u00c7EE\u0130) b\u00f6l\u00fcm\u00fc, \u00e7al\u0131\u015fma hayat\u0131n\u0131 inceleyen ve sosyal politikalar \u00fcreten disiplinler aras\u0131 akademik bir programd\u0131r.<\/p><p>\u00c7EE\u0130 E\u015fit A\u011f\u0131rl\u0131k puan t\u00fcr\u00fcnden tercih edilebilen 4 y\u0131ll\u0131k bir lisans program\u0131d\u0131r.<\/p><p>\u00c7EE\u0130 mezunlar\u0131 i\u00e7in i\u015f hayat\u0131 ba\u015flad\u0131\u011f\u0131 andan itibaren \u00e7al\u0131\u015fma imk\u00e2n\u0131 bulabilecekleri alanlar olduk\u00e7a fazlad\u0131r. Mezunlar;<\/p><ul><li>Sosyal G\u00fcvenlik Kurumu<\/li><li>Aile ve Sosyal Hizmetler M\u00fcd\u00fcrl\u00fckleri<\/li><li>\u015eirketlerin \u0130nsan Kaynaklar\u0131 Departmanlar\u0131<\/li><li>Sendikalar<\/li><li>Belediyeler<\/li><li>\u0130\u015eKUR<\/li><li>Bankac\u0131l\u0131k ve Finans Kurulu\u015flar\u0131<\/li><li>Denetim Firmalar\u0131<\/li><\/ul><p>ba\u015fta olmak \u00fczere bir\u00e7ok kurum ve kurulu\u015fta i\u015f bulabilirler. Gerek denet\u00e7i, m\u00fcfetti\u015f, gerekse i\u015f geli\u015ftirme uzman\u0131 olarak da istihdam f\u0131rsatlar\u0131 s\u00f6z konusu. \u00d6zel sekt\u00f6r\u00fcn haricinde \u00c7al\u0131\u015fma ve Sosyal G\u00fcvenlik Bakanl\u0131\u011f\u0131na ba\u011fl\u0131 kurulu\u015flarda da \u00e7al\u0131\u015fma f\u0131rsat\u0131 bulabilirler.<\/p><p>B\u00f6l\u00fcm Tan\u0131t\u0131m Videosu:<a href=\"https:\/\/www.facebook.com\/atauni1957\/videos\/atat%C3%BCrk-%C3%BCniversitesi-iktisadi-ve-idari-bilimler-fak%C3%BCltesi-%C3%A7al%C4%B1%C5%9Fma-ekonomisi-ve-e\/467004537458097\/?locale=tr_TR\">https:\/\/www.facebook.com\/atauni1957\/videos\/atat%C3%BCrk-%C3%BCniversitesi-iktisadi-ve-idari-bilimler-fak%C3%BCltesi-%C3%A7al%C4%B1%C5%9Fma-ekonomisi-ve-e\/467004537458097\/?locale=tr_TR<\/a>\u00a0<\/p><p>\u00a0<\/p>\t\t\t\t\t\t\t\t<\/div>\n\t\t\t\t<\/div>\n\t\t\t\t\t<\/div>\n\t\t<\/div>\n\t\t\t\t\t<\/div>\n\t\t<\/section>\n\t\t\t\t<\/div>\n\t\t","protected":false},"excerpt":{"rendered":"<p>B\u00f6l\u00fcm Tan\u0131t\u0131m\u0131 \u00c7al\u0131\u015fma Ekonomisi ve End\u00fcstri \u0130li\u015fkileri (\u00c7EE\u0130) b\u00f6l\u00fcm\u00fc, \u00e7al\u0131\u015fma hayat\u0131n\u0131 inceleyen ve sosyal politikalar \u00fcreten disiplinler aras\u0131 akademik bir programd\u0131r. \u00c7EE\u0130 E\u015fit A\u011f\u0131rl\u0131k puan t\u00fcr\u00fcnden tercih edilebilen 4 y\u0131ll\u0131k bir lisans program\u0131d\u0131r. \u00c7EE\u0130 mezunlar\u0131 i\u00e7in i\u015f hayat\u0131 ba\u015flad\u0131\u011f\u0131 andan itibaren \u00e7al\u0131\u015fma imk\u00e2n\u0131 bulabilecekleri alanlar olduk\u00e7a fazlad\u0131r. Mezunlar; Sosyal G\u00fcvenlik Kurumu Aile ve Sosyal Hizmetler [&hellip;]<\/p>\n","protected":false},"author":1,"featured_media":0,"parent":0,"menu_order":0,"comment_status":"closed","ping_status":"closed","template":"elementor_header_footer","meta":{"footnotes":""},"class_list":["post-5728","page","type-page","status-publish","hentry"],"_links":{"self":[{"href":"https:\/\/atauni.edu.tr\/calisma-ekonomisi-ve-endustri-iliskileri-bolumu-1\/wp-json\/wp\/v2\/pages\/5728","targetHints":{"allow":["GET"]}}],"collection":[{"href":"https:\/\/atauni.edu.tr\/calisma-ekonomisi-ve-endustri-iliskileri-bolumu-1\/wp-json\/wp\/v2\/pages"}],"about":[{"href":"https:\/\/atauni.edu.tr\/calisma-ekonomisi-ve-endustri-iliskileri-bolumu-1\/wp-json\/wp\/v2\/types\/page"}],"author":[{"embeddable":true,"href":"https:\/\/atauni.edu.tr\/calisma-ekonomisi-ve-endustri-iliskileri-bolumu-1\/wp-json\/wp\/v2\/users\/1"}],"replies":[{"embeddable":true,"href":"https:\/\/atauni.edu.tr\/calisma-ekonomisi-ve-endustri-iliskileri-bolumu-1\/wp-json\/wp\/v2\/comments?post=5728"}],"version-history":[{"count":23,"href":"https:\/\/atauni.edu.tr\/calisma-ekonomisi-ve-endustri-iliskileri-bolumu-1\/wp-json\/wp\/v2\/pages\/5728\/revisions"}],"predecessor-version":[{"id":6744,"href":"https:\/\/atauni.edu.tr\/calisma-ekonomisi-ve-endustri-iliskileri-bolumu-1\/wp-json\/wp\/v2\/pages\/5728\/revisions\/6744"}],"wp:attachment":[{"href":"https:\/\/atauni.edu.tr\/calisma-ekonomisi-ve-endustri-iliskileri-bolumu-1\/wp-json\/wp\/v2\/media?parent=5728"}],"curies":[{"name":"wp","href":"https:\/\/api.w.org\/{rel}","templated":true}]}}