{"id":5791,"date":"2021-07-13T13:07:15","date_gmt":"2021-07-13T10:07:15","guid":{"rendered":"https:\/\/portaltest.atauni.edu.tr\/bilgisayar-muhendisligi\/?page_id=5791"},"modified":"2026-04-13T14:20:15","modified_gmt":"2026-04-13T11:20:15","slug":"staj","status":"publish","type":"page","link":"https:\/\/atauni.edu.tr\/calisma-ekonomisi-ve-endustri-iliskileri-bolumu-1\/staj\/","title":{"rendered":"Staj"},"content":{"rendered":"\t\t<div data-elementor-type=\"wp-page\" data-elementor-id=\"5791\" class=\"elementor elementor-5791\" data-elementor-post-type=\"page\">\n\t\t\t\t\t\t<section class=\"elementor-section elementor-top-section elementor-element elementor-element-730d320 elementor-section-boxed elementor-section-height-default elementor-section-height-default\" data-id=\"730d320\" data-element_type=\"section\">\n\t\t\t\t\t\t<div class=\"elementor-container elementor-column-gap-default\">\n\t\t\t\t\t<div class=\"elementor-column elementor-col-100 elementor-top-column elementor-element elementor-element-753d0860\" data-id=\"753d0860\" data-element_type=\"column\">\n\t\t\t<div class=\"elementor-widget-wrap elementor-element-populated\">\n\t\t\t\t\t\t<div class=\"elementor-element elementor-element-4586f3a elementor-widget elementor-widget-heading\" data-id=\"4586f3a\" data-element_type=\"widget\" data-widget_type=\"heading.default\">\n\t\t\t\t<div class=\"elementor-widget-container\">\n\t\t\t\t\t<h2 class=\"elementor-heading-title elementor-size-default\">Genel Bilgiler<\/h2>\t\t\t\t<\/div>\n\t\t\t\t<\/div>\n\t\t\t\t<section class=\"elementor-section elementor-inner-section elementor-element elementor-element-e8661c3 elementor-section-boxed elementor-section-height-default elementor-section-height-default\" data-id=\"e8661c3\" data-element_type=\"section\">\n\t\t\t\t\t\t<div class=\"elementor-container elementor-column-gap-default\">\n\t\t\t\t\t<div class=\"elementor-column elementor-col-100 elementor-inner-column elementor-element elementor-element-1176572\" data-id=\"1176572\" data-element_type=\"column\">\n\t\t\t<div class=\"elementor-widget-wrap elementor-element-populated\">\n\t\t\t\t\t\t<div class=\"elementor-element elementor-element-15ef7f5 elementor-widget elementor-widget-text-editor\" data-id=\"15ef7f5\" data-element_type=\"widget\" data-widget_type=\"text-editor.default\">\n\t\t\t\t<div class=\"elementor-widget-container\">\n\t\t\t\t\t\t\t\t\t<p class=\"MsoNormal\">De\u011ferli \u00d6\u011frencilerimiz,<\/p><p class=\"MsoNormal\">2022-2023 e\u011fitim \u00f6\u011fretim y\u0131l\u0131nda uygulanan yeni m\u00fcfredat\u0131m\u0131z ile birlikte STAJ imkan\u0131 sizlere se\u00e7meli ders olarak verilmi\u015ftir.<\/p><p>4. yar\u0131y\u0131l ve 6. yar\u0131y\u0131llarda STAJ dersini (sadece 1 d\u00f6nem se\u00e7ebilirsiniz) se\u00e7erek 6 AKTS\u2019lik (2 se\u00e7meli ders) ders y\u00fck\u00fcn\u00fc tamamlam\u0131\u015f olursunuz.<\/p><p>Staj Komisyonuna ili\u015fkin bilgiler a\u015fa\u011f\u0131da belirtilmi\u015ftir.<\/p><p><b>Staj Komisyonu Ba\u015fkan\u0131<\/b>\u00a0:<\/p><p class=\"MsoNormal\">Say\u0131n Prof. Dr. Fatih KARCIO\u011eLU<b> <\/b><\/p><p class=\"MsoNormal\"><b>Staj Komisyonu \u00dcyeleri<\/b>\u00a0:<\/p><p class=\"MsoNormal\">Say\u0131n Do\u00e7. Dr. Serkan NAKT\u0130YOK<br \/>Say\u0131n Do\u00e7. Dr. Seda KAYAPALI YILDIRIM<br \/>Say\u0131n Ar\u015f. G\u00f6r. Dr. Olcay BESN\u0130L\u0130 MEM\u0130\u015e<\/p><p class=\"MsoNormal\">\u00c7al\u0131\u015fma Ekonomisi ve End\u00fcstri \u0130li\u015fkileri Lisans Program\u0131nda staj, \u00f6\u011frencilerin teorik bilgi birikimlerini uygulama ortam\u0131nda geli\u015ftirmelerini, sekt\u00f6r\u00fc tan\u0131malar\u0131n\u0131 ve mesleki deneyim kazanmalar\u0131n\u0131 ama\u00e7layan iste\u011fe ba\u011fl\u0131 bir uygulamal\u0131 e\u011fitim bile\u015fenidir. Staj uygulamalar\u0131, Atat\u00fcrk \u00dcniversitesi Uygulamal\u0131 E\u011fitimler Y\u00f6nergesi\u2019ne dayal\u0131 olarak haz\u0131rlanan \u201c\u0130ktisadi ve \u0130dari Bilimler Fak\u00fcltesi Staj Uygulama Esaslar\u0131\u201d \u00e7er\u00e7evesinde y\u00fcr\u00fct\u00fclmektedir. Program kapsam\u0131nda staj dersi 6 AKTS olarak tan\u0131mlanm\u0131\u015f olup \u00f6\u011frenciler 4. veya 6. yar\u0131y\u0131lda bir kez staj yapmakla y\u00fck\u00fcml\u00fcd\u00fcr. Staj s\u00fcresi 20 i\u015f g\u00fcn\u00fcd\u00fcr ve devam zorunludur. Staj, kamu veya \u00f6zel sekt\u00f6r kurulu\u015flar\u0131nda, b\u00f6l\u00fcm program yeterlilikleri ile uyumlu i\u015fyerlerinde ger\u00e7ekle\u015ftirilmektedir. Staj s\u00fcreci ayr\u0131nt\u0131l\u0131 bir i\u015f ak\u0131\u015f\u0131 ile tan\u0131mlanm\u0131\u015f ve hem yaz\u0131l\u0131 esaslar hem de g\u00f6rsel yol haritas\u0131 ile \u00f6\u011frencilere\u00a0<a href=\"https:\/\/atauni.edu.tr\/isletme-bolumu\/staj\/\">web sayfas\u0131nda<\/a>\u00a0duyurulmu\u015ftur.<\/p><p>S\u00fcre\u00e7 a\u015fa\u011f\u0131daki a\u015famalardan olu\u015fmaktad\u0131r:<\/p><ul><li>\u00d6\u011frencinin staj yerini belirlemesi ve \u00f6n g\u00f6r\u00fc\u015fmeleri yapmas\u0131<\/li><li>Staj ba\u015flang\u0131\u00e7 tarihinden en az 30 g\u00fcn \u00f6nce B\u00f6l\u00fcm Staj Komisyonuna bilgi vermesi<\/li><li>En ge\u00e7 20 g\u00fcn \u00f6nce \u00d6\u011frenci Bilgi Sistemi (OBS) \u00fczerinden ba\u015fvuru i\u015flemlerini ba\u015flatmas\u0131<\/li><li>Onayl\u0131 Staj Ba\u015fvuru Formu ve Taahh\u00fctname\u2019nin komisyona teslim edilmesi<\/li><li>B\u00f6l\u00fcm Staj Komisyonu \u00f6n de\u011ferlendirmesi<\/li><li>Fak\u00fclte ve SKS onay s\u00fcre\u00e7lerinin tamamlanmas\u0131<\/li><li>SGK i\u015flemlerinin ger\u00e7ekle\u015ftirilmesi<\/li><\/ul><p>Ba\u015fvurular eksik veya hatal\u0131 olmas\u0131 halinde sistem \u00fczerinden reddedilmekte ve gerek\u00e7eli bildirim yap\u0131lmaktad\u0131r (<a href=\"https:\/\/atauni.edu.tr\/isletme-bolumu\/staj\/\">\u00d6\u011frenciler-i\u00e7in-Staj-Yol-Haritas\u0131<\/a>). Bu yap\u0131, ba\u015fvuru-kabul s\u00fcrecinin \u015feffaf, izlenebilir ve kay\u0131t alt\u0131na al\u0131nm\u0131\u015f oldu\u011funu g\u00f6stermektedir.<\/p><ul><li>Staj s\u00fcrecinde izleme ve de\u011ferlendirme \u00e7ok boyutlu olarak y\u00fcr\u00fct\u00fclmektedir:<\/li><li>Staj Defteri (g\u00fcnl\u00fck\/haftal\u0131k faaliyet raporu)<\/li><li>Staj De\u011ferlendirme Formu (i\u015fveren taraf\u0131ndan doldurulan performans de\u011ferlendirmesi)<\/li><li>B\u00f6l\u00fcm Staj Komisyonu incelemesi<\/li><li>M\u00fclakat de\u011ferlendirmesi<\/li><\/ul><p>Staj dosyalar\u0131, staj tamamland\u0131ktan sonra Ders Bilgi Sistemine (DBS) y\u00fcklenmekte ve fiziksel belgeler Fak\u00fclte Belge Y\u00f6netim Ofisine teslim edilmektedir. De\u011ferlendirme s\u00fcrecinde puanlama \u015fu a\u011f\u0131rl\u0131klara g\u00f6re yap\u0131lmaktad\u0131r.<\/p><ul><li>\u0130\u015fveren de\u011ferlendirmesi: %20<\/li><li>Staj dosyas\u0131 ve defter d\u00fczeni: %40<\/li><li>M\u00fclakat: %40<\/li><\/ul><p>Ba\u015far\u0131s\u0131z olan \u00f6\u011frenciler staj\u0131 yeniden yapmak zorundad\u0131r. Bu uygulama, staj\u0131n formalite de\u011fil \u00f6l\u00e7me-de\u011ferlendirmeye dayal\u0131 bir \u00f6\u011frenme \u00e7\u0131kt\u0131s\u0131 bile\u015feni oldu\u011funu g\u00f6stermektedir.<\/p><p>Staj, \u00d6\u011frenci Bilgi Sistemi \u00fczerinden kay\u0131t alt\u0131na al\u0131nmakta ve harf notu ile de\u011ferlendirilerek transkripte i\u015flenmektedir. Bu durum staj\u0131n izlenebilirli\u011fini ve akademik b\u00fct\u00fcnl\u00fc\u011f\u00fcn\u00fc g\u00fc\u00e7lendirmektedir.<\/p><p>Ayr\u0131ca:<\/p><ul><li>SGK i\u015flemleri SKS taraf\u0131ndan y\u00fcr\u00fct\u00fclmekte,<\/li><li>Staj belgeleri ar\u015fivlenmektedir.<\/li><\/ul><p>Bu yap\u0131 \u00f6\u011frencilerin stajdan yararlanma d\u00fczeyinin sistematik bi\u00e7imde takip edildi\u011fini g\u00f6stermektedir.<\/p><p>Staj\u0131n etkinli\u011fi a\u015fa\u011f\u0131daki kanallar \u00fczerinden de\u011ferlendirilmektedir:<\/p><ul><li>\u0130\u015fveren taraf\u0131ndan doldurulan performans formlar\u0131<\/li><li>\u00a0B\u00f6l\u00fcm Staj Komisyonu m\u00fclakatlar\u0131<\/li><li>\u00d6\u011frenci itiraz ve geri bildirim mekanizmas\u0131<\/li><li>Staj sonu\u00e7lar\u0131na ili\u015fkin kurul de\u011ferlendirmeleri<\/li><\/ul><p>Staj de\u011ferlendirme sonu\u00e7lar\u0131 ilan edilmekte ve 5 i\u015f g\u00fcn\u00fc i\u00e7inde itiraz hakk\u0131 tan\u0131nmaktad\u0131r. Bu durum s\u00fcrecin hesap verebilir ve geri bildirim temelli y\u00fcr\u00fct\u00fcld\u00fc\u011f\u00fcn\u00fc g\u00f6stermektedir.<\/p><p class=\"MsoNormal\">\u00a0<\/p>\t\t\t\t\t\t\t\t<\/div>\n\t\t\t\t<\/div>\n\t\t\t\t\t<\/div>\n\t\t<\/div>\n\t\t\t\t\t<\/div>\n\t\t<\/section>\n\t\t\t\t\t<\/div>\n\t\t<\/div>\n\t\t\t\t\t<\/div>\n\t\t<\/section>\n\t\t\t\t<section class=\"elementor-section elementor-top-section elementor-element elementor-element-543fcd1 elementor-section-boxed elementor-section-height-default elementor-section-height-default\" data-id=\"543fcd1\" data-element_type=\"section\">\n\t\t\t\t\t\t<div class=\"elementor-container elementor-column-gap-default\">\n\t\t\t\t\t<div class=\"elementor-column elementor-col-100 elementor-top-column elementor-element elementor-element-95bf467\" data-id=\"95bf467\" data-element_type=\"column\">\n\t\t\t<div class=\"elementor-widget-wrap elementor-element-populated\">\n\t\t\t\t\t\t<div class=\"elementor-element elementor-element-b151b2e elementor-widget elementor-widget-heading\" data-id=\"b151b2e\" data-element_type=\"widget\" data-widget_type=\"heading.default\">\n\t\t\t\t<div class=\"elementor-widget-container\">\n\t\t\t\t\t<h2 class=\"elementor-heading-title elementor-size-default\">Staj Y\u00f6nergesi<\/h2>\t\t\t\t<\/div>\n\t\t\t\t<\/div>\n\t\t\t\t<div class=\"elementor-element elementor-element-46f50cc elementor-widget-divider--view-line elementor-widget elementor-widget-divider\" data-id=\"46f50cc\" data-element_type=\"widget\" data-widget_type=\"divider.default\">\n\t\t\t\t<div class=\"elementor-widget-container\">\n\t\t\t\t\t\t\t<div class=\"elementor-divider\">\n\t\t\t<span class=\"elementor-divider-separator\">\n\t\t\t\t\t\t<\/span>\n\t\t<\/div>\n\t\t\t\t\t\t<\/div>\n\t\t\t\t<\/div>\n\t\t\t\t\t<\/div>\n\t\t<\/div>\n\t\t\t\t\t<\/div>\n\t\t<\/section>\n\t\t\t\t<section class=\"elementor-section elementor-top-section elementor-element elementor-element-f4b69e2 elementor-section-boxed elementor-section-height-default elementor-section-height-default\" data-id=\"f4b69e2\" data-element_type=\"section\">\n\t\t\t\t\t\t<div class=\"elementor-container elementor-column-gap-default\">\n\t\t\t\t\t<div class=\"elementor-column elementor-col-100 elementor-top-column elementor-element elementor-element-8ce9938\" data-id=\"8ce9938\" data-element_type=\"column\">\n\t\t\t<div class=\"elementor-widget-wrap elementor-element-populated\">\n\t\t\t\t\t\t<div class=\"elementor-element elementor-element-83254f1 elementor-widget elementor-widget-pdf_viewer\" data-id=\"83254f1\" data-element_type=\"widget\" data-widget_type=\"pdf_viewer.default\">\n\t\t\t\t<div class=\"elementor-widget-container\">\n\t\t\t\t\t<iframe src=\"https:\/\/docs.google.com\/viewer?url=https:\/\/atauni.edu.tr\/calisma-ekonomisi-ve-endustri-iliskileri-bolumu-1\/wp-content\/uploads\/sites\/771\/2026\/04\/iibf-staj-uygulama-esaslari.pdf&amp;embedded=true\" style=\"display: block; margin-left: auto; margin-right: auto; width: 880px; height: 875px;\" frameborder=\"1\" marginheight=\"0px\" marginwidth=\"0px\" allowfullscreen><\/iframe>\t\t\t\t<\/div>\n\t\t\t\t<\/div>\n\t\t\t\t\t<\/div>\n\t\t<\/div>\n\t\t\t\t\t<\/div>\n\t\t<\/section>\n\t\t\t\t<\/div>\n\t\t","protected":false},"excerpt":{"rendered":"<p>Genel Bilgiler De\u011ferli \u00d6\u011frencilerimiz, 2022-2023 e\u011fitim \u00f6\u011fretim y\u0131l\u0131nda uygulanan yeni m\u00fcfredat\u0131m\u0131z ile birlikte STAJ imkan\u0131 sizlere se\u00e7meli ders olarak verilmi\u015ftir. 4. yar\u0131y\u0131l ve 6. yar\u0131y\u0131llarda STAJ dersini (sadece 1 d\u00f6nem se\u00e7ebilirsiniz) se\u00e7erek 6 AKTS\u2019lik (2 se\u00e7meli ders) ders y\u00fck\u00fcn\u00fc tamamlam\u0131\u015f olursunuz. Staj Komisyonuna ili\u015fkin bilgiler a\u015fa\u011f\u0131da belirtilmi\u015ftir. Staj Komisyonu Ba\u015fkan\u0131\u00a0: Say\u0131n Prof. Dr. Fatih KARCIO\u011eLU [&hellip;]<\/p>\n","protected":false},"author":1,"featured_media":0,"parent":0,"menu_order":0,"comment_status":"closed","ping_status":"closed","template":"elementor_header_footer","meta":{"footnotes":""},"class_list":["post-5791","page","type-page","status-publish","hentry"],"_links":{"self":[{"href":"https:\/\/atauni.edu.tr\/calisma-ekonomisi-ve-endustri-iliskileri-bolumu-1\/wp-json\/wp\/v2\/pages\/5791","targetHints":{"allow":["GET"]}}],"collection":[{"href":"https:\/\/atauni.edu.tr\/calisma-ekonomisi-ve-endustri-iliskileri-bolumu-1\/wp-json\/wp\/v2\/pages"}],"about":[{"href":"https:\/\/atauni.edu.tr\/calisma-ekonomisi-ve-endustri-iliskileri-bolumu-1\/wp-json\/wp\/v2\/types\/page"}],"author":[{"embeddable":true,"href":"https:\/\/atauni.edu.tr\/calisma-ekonomisi-ve-endustri-iliskileri-bolumu-1\/wp-json\/wp\/v2\/users\/1"}],"replies":[{"embeddable":true,"href":"https:\/\/atauni.edu.tr\/calisma-ekonomisi-ve-endustri-iliskileri-bolumu-1\/wp-json\/wp\/v2\/comments?post=5791"}],"version-history":[{"count":35,"href":"https:\/\/atauni.edu.tr\/calisma-ekonomisi-ve-endustri-iliskileri-bolumu-1\/wp-json\/wp\/v2\/pages\/5791\/revisions"}],"predecessor-version":[{"id":7392,"href":"https:\/\/atauni.edu.tr\/calisma-ekonomisi-ve-endustri-iliskileri-bolumu-1\/wp-json\/wp\/v2\/pages\/5791\/revisions\/7392"}],"wp:attachment":[{"href":"https:\/\/atauni.edu.tr\/calisma-ekonomisi-ve-endustri-iliskileri-bolumu-1\/wp-json\/wp\/v2\/media?parent=5791"}],"curies":[{"name":"wp","href":"https:\/\/api.w.org\/{rel}","templated":true}]}}