{"id":6596,"date":"2023-08-23T15:13:33","date_gmt":"2023-08-23T12:13:33","guid":{"rendered":"https:\/\/birimler.atauni.edu.tr\/calisma-ekonomisi-ve-endustri-iliskileri-bolumu-1\/?page_id=6596"},"modified":"2026-04-13T13:12:28","modified_gmt":"2026-04-13T10:12:28","slug":"program-egitim-amaclari","status":"publish","type":"page","link":"https:\/\/atauni.edu.tr\/calisma-ekonomisi-ve-endustri-iliskileri-bolumu-1\/program-egitim-amaclari\/","title":{"rendered":"Program E\u011fitim Ama\u00e7lar\u0131"},"content":{"rendered":"\t\t<div data-elementor-type=\"wp-page\" data-elementor-id=\"6596\" class=\"elementor elementor-6596\" data-elementor-post-type=\"page\">\n\t\t\t\t\t\t<section class=\"elementor-section elementor-top-section elementor-element elementor-element-5e87fccf elementor-section-boxed elementor-section-height-default elementor-section-height-default\" data-id=\"5e87fccf\" data-element_type=\"section\">\n\t\t\t\t\t\t<div class=\"elementor-container elementor-column-gap-default\">\n\t\t\t\t\t<div class=\"elementor-column elementor-col-100 elementor-top-column elementor-element elementor-element-432d069e\" data-id=\"432d069e\" data-element_type=\"column\">\n\t\t\t<div class=\"elementor-widget-wrap elementor-element-populated\">\n\t\t\t\t\t\t<div class=\"elementor-element elementor-element-28de4203 elementor-widget elementor-widget-text-editor\" data-id=\"28de4203\" data-element_type=\"widget\" data-widget_type=\"text-editor.default\">\n\t\t\t\t<div class=\"elementor-widget-container\">\n\t\t\t\t\t\t\t\t\t<ol>\n<li style=\"list-style-type: none\">\n<ol><\/ol>\n<\/li>\n<\/ol>\n<ol>\n<li style=\"list-style-type: none\">\n<\/li>\n\n<\/ol><div><div><b>PEA1. \u00c7al\u0131\u015fma ekonomisi, end\u00fcstri ili\u015fkileri, i\u015f ve sosyal g\u00fcvenlik hukuku, sosyal politika ve insan kaynaklar\u0131 alanlar\u0131nda ulusal ve uluslararas\u0131 d\u00fczeylerde kuramsal ve uygulamal\u0131 bilgilere sahip olan ve bunlar\u0131 kamu\/\u00f6zel sekt\u00f6rde \u00e7al\u0131\u015fma hayat\u0131nda kullanabilecek mezunlar yeti\u015ftirmek.<\/b><\/div><div><b>PEA2. \u0130htiya\u00e7 duydu\u011fu bilgiye nas\u0131l ula\u015faca\u011f\u0131n\u0131 ve bunu nas\u0131l kullanaca\u011f\u0131n\u0131 bilen, disiplinler aras\u0131 bak\u0131\u015f a\u00e7\u0131s\u0131na sahip mezunlar yeti\u015ftirmek.<\/b><\/div><div><b>PEA3. \u00dclkenin toplumsal ve iktisadi sorunlar\u0131n\u0131 uluslararas\u0131 genel kabul g\u00f6ren normlar \u00e7er\u00e7evesinde sorgulayabilen, yorumlayabilen ve \u00e7\u00f6z\u00fcm \u00f6nerileri sunabilen mezunlar yeti\u015ftirmek.<\/b><\/div><div><b>PEA4. \u00c7al\u0131\u015fma hayat\u0131na ili\u015fkin olay ve olgular\u0131 ele\u015ftirel, analitik d\u00fc\u015f\u00fcnce \u00e7er\u00e7evesinde de\u011ferlendiren, projelendiren, politika \u00f6nerileri geli\u015ftiren ve mesleki yabanc\u0131 dil bilgisini kullanabilen mezunlar yeti\u015ftirmek.<\/b><\/div><div><b>PEA5. Kendini tan\u0131yan, yeteneklerini bilen, bireysel kariyer plan\u0131 yapabilen, ayn\u0131 zamanda \u00e7evresindeki nitelikli ve yetenekli insan kayna\u011f\u0131n\u0131 de\u011fere d\u00f6n\u00fc\u015ft\u00fcren, s\u00fcrekli geli\u015fme arzu ve gayreti i\u00e7inde olan mezunlar yeti\u015ftirmek.<\/b><\/div><\/div>\n<p><\/p>\n<ol>\n<li style=\"list-style-type: none\">&nbsp;<\/li>\n<\/ol>\n<p><\/p>\n<ol>\n<li style=\"list-style-type: none\">&nbsp;<\/li>\n<\/ol>\n<ol>\n<li style=\"list-style-type: none\">&nbsp;<\/li>\n<\/ol>\n<p><\/p>\n<p><!-- \/wp:list --><\/p>\t\t\t\t\t\t\t\t<\/div>\n\t\t\t\t<\/div>\n\t\t\t\t\t<\/div>\n\t\t<\/div>\n\t\t\t\t\t<\/div>\n\t\t<\/section>\n\t\t\t\t<\/div>\n\t\t","protected":false},"excerpt":{"rendered":"","protected":false},"author":512,"featured_media":0,"parent":0,"menu_order":0,"comment_status":"closed","ping_status":"closed","template":"","meta":{"footnotes":""},"class_list":["post-6596","page","type-page","status-publish","hentry"],"_links":{"self":[{"href":"https:\/\/atauni.edu.tr\/calisma-ekonomisi-ve-endustri-iliskileri-bolumu-1\/wp-json\/wp\/v2\/pages\/6596","targetHints":{"allow":["GET"]}}],"collection":[{"href":"https:\/\/atauni.edu.tr\/calisma-ekonomisi-ve-endustri-iliskileri-bolumu-1\/wp-json\/wp\/v2\/pages"}],"about":[{"href":"https:\/\/atauni.edu.tr\/calisma-ekonomisi-ve-endustri-iliskileri-bolumu-1\/wp-json\/wp\/v2\/types\/page"}],"author":[{"embeddable":true,"href":"https:\/\/atauni.edu.tr\/calisma-ekonomisi-ve-endustri-iliskileri-bolumu-1\/wp-json\/wp\/v2\/users\/512"}],"replies":[{"embeddable":true,"href":"https:\/\/atauni.edu.tr\/calisma-ekonomisi-ve-endustri-iliskileri-bolumu-1\/wp-json\/wp\/v2\/comments?post=6596"}],"version-history":[{"count":19,"href":"https:\/\/atauni.edu.tr\/calisma-ekonomisi-ve-endustri-iliskileri-bolumu-1\/wp-json\/wp\/v2\/pages\/6596\/revisions"}],"predecessor-version":[{"id":7333,"href":"https:\/\/atauni.edu.tr\/calisma-ekonomisi-ve-endustri-iliskileri-bolumu-1\/wp-json\/wp\/v2\/pages\/6596\/revisions\/7333"}],"wp:attachment":[{"href":"https:\/\/atauni.edu.tr\/calisma-ekonomisi-ve-endustri-iliskileri-bolumu-1\/wp-json\/wp\/v2\/media?parent=6596"}],"curies":[{"name":"wp","href":"https:\/\/api.w.org\/{rel}","templated":true}]}}