{"id":6786,"date":"2023-12-01T16:26:15","date_gmt":"2023-12-01T13:26:15","guid":{"rendered":"https:\/\/birimler.atauni.edu.tr\/calisma-ekonomisi-ve-endustri-iliskileri-bolumu-1\/?page_id=6786"},"modified":"2023-12-01T16:28:48","modified_gmt":"2023-12-01T13:28:48","slug":"program-ogretim-ciktilari","status":"publish","type":"page","link":"https:\/\/atauni.edu.tr\/calisma-ekonomisi-ve-endustri-iliskileri-bolumu-1\/program-ogretim-ciktilari\/","title":{"rendered":"Program \u00d6\u011fretim \u00c7\u0131kt\u0131lar\u0131"},"content":{"rendered":"\t\t<div data-elementor-type=\"wp-page\" data-elementor-id=\"6786\" class=\"elementor elementor-6786\" data-elementor-post-type=\"page\">\n\t\t\t\t\t\t<section class=\"elementor-section elementor-top-section elementor-element elementor-element-174947a elementor-section-boxed elementor-section-height-default elementor-section-height-default\" data-id=\"174947a\" data-element_type=\"section\">\n\t\t\t\t\t\t<div class=\"elementor-container elementor-column-gap-default\">\n\t\t\t\t\t<div class=\"elementor-column elementor-col-100 elementor-top-column elementor-element elementor-element-fe3c1de\" data-id=\"fe3c1de\" data-element_type=\"column\">\n\t\t\t<div class=\"elementor-widget-wrap elementor-element-populated\">\n\t\t\t\t\t\t<div class=\"elementor-element elementor-element-f3e9510 elementor-widget elementor-widget-text-editor\" data-id=\"f3e9510\" data-element_type=\"widget\" data-widget_type=\"text-editor.default\">\n\t\t\t\t<div class=\"elementor-widget-container\">\n\t\t\t\t\t\t\t\t\t<p><strong>P\u00c71. Programda ald\u0131\u011f\u0131 alanla ilgili kuramsal ve uygulamal\u0131 bilgilere yeterli \u00f6l\u00e7\u00fcde sahip olma, sahip oldu\u011fu bilgileri e\u011fitim ve i\u015f alan\u0131nda kullanabilme.<\/strong><\/p><p><strong>P\u00c72. Alan\u0131nda edindi\u011fi bilgi, beceri ve yetkinlikleri kullanarak meseleleri tan\u0131mlama, veri toplama, de\u011ferlendirme, analiz etme, yorumlama ve \u00e7\u00f6z\u00fcm \u00f6nerisi geli\u015ftirebilme.<\/strong><\/p><p><strong>P\u00c73. \u00d6\u011frenme teknikleri ve bilgiye ula\u015fma konusunda program\u0131n kazand\u0131rd\u0131\u011f\u0131 birikimle alan\u0131yla ilgili farkl\u0131 bilgi kaynaklar\u0131na eri\u015fip say\u0131sal analiz ve ara\u015ft\u0131rma yapabilme.<\/strong><\/p><p><strong>P\u00c74. Disiplin-i\u00e7i, \u00e7ok disiplinli veya \u00e7ok k\u00fclt\u00fcrl\u00fc gruplarda \u00e7al\u0131\u015fabilme ve bireysel \u00e7al\u0131\u015fabilme.<\/strong><\/p><p><strong>P\u00c75. \u00d6\u011frenim dilinde yaz\u0131l\u0131 ve s\u00f6zl\u00fc ileti\u015fim kurabilme, en az 1 yabanc\u0131 dil bilgisine sahip olabilme.<\/strong><\/p><p><strong>P\u00c76. Ahlaki de\u011ferler ve mesleki sorumluluk bilinci ile hareket edebilme. Bu ba\u011flamda programda ald\u0131\u011f\u0131 teorik bilgiler \u0131\u015f\u0131\u011f\u0131nda uygulamalar\u0131 etik \u00e7er\u00e7evede de\u011ferlendirebilme yetene\u011fine sahip olma.<\/strong><\/p><p><strong>P\u00c77. Alan uygulamalar\u0131n\u0131n, evrensel ve toplumsal etkileri ve hukuki sonu\u00e7lar\u0131n\u0131 bilme. Programda verilen di\u011fer derslerle birlikte hukuk derslerindeki bilgilerini alan uygulamalar\u0131n\u0131n hukuki \u00e7er\u00e7evesinin belirlenmesinde etkin kullanabilme.<\/strong><\/p><p><strong>P\u00c78. Kalite bilincine sahip, giri\u015fimci, \u00e7evreye duyarl\u0131, \u00f6zg\u00fcvenli, yeniliklere a\u00e7\u0131k, kazand\u0131\u011f\u0131 yetkinliklerle toplumsal katk\u0131 sunabilecek ya\u015fam boyu \u00f6\u011frenme davran\u0131\u015f\u0131na sahip olabilme<\/strong><\/p>\t\t\t\t\t\t\t\t<\/div>\n\t\t\t\t<\/div>\n\t\t\t\t\t<\/div>\n\t\t<\/div>\n\t\t\t\t\t<\/div>\n\t\t<\/section>\n\t\t\t\t<\/div>\n\t\t","protected":false},"excerpt":{"rendered":"<p>P\u00c71. Programda ald\u0131\u011f\u0131 alanla ilgili kuramsal ve uygulamal\u0131 bilgilere yeterli \u00f6l\u00e7\u00fcde sahip olma, sahip oldu\u011fu bilgileri e\u011fitim ve i\u015f alan\u0131nda kullanabilme. P\u00c72. Alan\u0131nda edindi\u011fi bilgi, beceri ve yetkinlikleri kullanarak meseleleri tan\u0131mlama, veri toplama, de\u011ferlendirme, analiz etme, yorumlama ve \u00e7\u00f6z\u00fcm \u00f6nerisi geli\u015ftirebilme. P\u00c73. \u00d6\u011frenme teknikleri ve bilgiye ula\u015fma konusunda program\u0131n kazand\u0131rd\u0131\u011f\u0131 birikimle alan\u0131yla ilgili farkl\u0131 bilgi [&hellip;]<\/p>\n","protected":false},"author":512,"featured_media":0,"parent":0,"menu_order":0,"comment_status":"closed","ping_status":"closed","template":"","meta":{"footnotes":""},"class_list":["post-6786","page","type-page","status-publish","hentry"],"_links":{"self":[{"href":"https:\/\/atauni.edu.tr\/calisma-ekonomisi-ve-endustri-iliskileri-bolumu-1\/wp-json\/wp\/v2\/pages\/6786","targetHints":{"allow":["GET"]}}],"collection":[{"href":"https:\/\/atauni.edu.tr\/calisma-ekonomisi-ve-endustri-iliskileri-bolumu-1\/wp-json\/wp\/v2\/pages"}],"about":[{"href":"https:\/\/atauni.edu.tr\/calisma-ekonomisi-ve-endustri-iliskileri-bolumu-1\/wp-json\/wp\/v2\/types\/page"}],"author":[{"embeddable":true,"href":"https:\/\/atauni.edu.tr\/calisma-ekonomisi-ve-endustri-iliskileri-bolumu-1\/wp-json\/wp\/v2\/users\/512"}],"replies":[{"embeddable":true,"href":"https:\/\/atauni.edu.tr\/calisma-ekonomisi-ve-endustri-iliskileri-bolumu-1\/wp-json\/wp\/v2\/comments?post=6786"}],"version-history":[{"count":7,"href":"https:\/\/atauni.edu.tr\/calisma-ekonomisi-ve-endustri-iliskileri-bolumu-1\/wp-json\/wp\/v2\/pages\/6786\/revisions"}],"predecessor-version":[{"id":6794,"href":"https:\/\/atauni.edu.tr\/calisma-ekonomisi-ve-endustri-iliskileri-bolumu-1\/wp-json\/wp\/v2\/pages\/6786\/revisions\/6794"}],"wp:attachment":[{"href":"https:\/\/atauni.edu.tr\/calisma-ekonomisi-ve-endustri-iliskileri-bolumu-1\/wp-json\/wp\/v2\/media?parent=6786"}],"curies":[{"name":"wp","href":"https:\/\/api.w.org\/{rel}","templated":true}]}}