{"id":6798,"date":"2023-12-18T11:18:03","date_gmt":"2023-12-18T08:18:03","guid":{"rendered":"https:\/\/birimler.atauni.edu.tr\/calisma-ekonomisi-ve-endustri-iliskileri-bolumu-1\/?page_id=6798"},"modified":"2026-04-13T13:20:41","modified_gmt":"2026-04-13T10:20:41","slug":"programa-ozgu-olcutler","status":"publish","type":"page","link":"https:\/\/atauni.edu.tr\/calisma-ekonomisi-ve-endustri-iliskileri-bolumu-1\/programa-ozgu-olcutler\/","title":{"rendered":"Programa \u00d6zg\u00fc \u00d6l\u00e7\u00fctler"},"content":{"rendered":"\t\t<div data-elementor-type=\"wp-page\" data-elementor-id=\"6798\" class=\"elementor elementor-6798\" data-elementor-post-type=\"page\">\n\t\t\t\t\t\t<section class=\"elementor-section elementor-top-section elementor-element elementor-element-d8e27cd elementor-section-boxed elementor-section-height-default elementor-section-height-default\" data-id=\"d8e27cd\" data-element_type=\"section\">\n\t\t\t\t\t\t<div class=\"elementor-container elementor-column-gap-default\">\n\t\t\t\t\t<div class=\"elementor-column elementor-col-100 elementor-top-column elementor-element elementor-element-1b948a9\" data-id=\"1b948a9\" data-element_type=\"column\">\n\t\t\t<div class=\"elementor-widget-wrap elementor-element-populated\">\n\t\t\t\t\t\t<div class=\"elementor-element elementor-element-2890d7b elementor-widget elementor-widget-text-editor\" data-id=\"2890d7b\" data-element_type=\"widget\" data-widget_type=\"text-editor.default\">\n\t\t\t\t<div class=\"elementor-widget-container\">\n\t\t\t\t\t\t\t\t\t<p><strong>P\u00d6\u00d61. \u00c7al\u0131\u015fma ekonomisi alanlar\u0131nda ulusal ve uluslararas\u0131 d\u00fczeyde kuramsal ve uygulamal\u0131 bilgileri edindirmek.<\/strong><\/p><p><strong>P\u00d6\u00d62. End\u00fcstri ili\u015fkileri alanlar\u0131nda ulusal ve uluslararas\u0131 d\u00fczeylerde kuramsal ve uygulamal\u0131 bilgileri edindirmek.<\/strong><\/p><p><strong>P\u00d6\u00d63. \u0130\u015f ve sosyal g\u00fcvenlik hukuku alanlar\u0131nda ulusal ve uluslararas\u0131 d\u00fczeylerde kuramsal ve uygulamal\u0131 bilgileri edindirmek<\/strong><br \/><strong>P\u00d6\u00d64. Sosyal politika alanlar\u0131nda ulusal ve uluslararas\u0131 d\u00fczeylerde kuramsal ve uygulamal\u0131 bilgileri edindirmek<\/strong><br \/><strong>P\u00d6\u00d65. \u0130nsan kaynaklar\u0131 alanlar\u0131nda ulusal ve uluslararas\u0131 d\u00fczeylerde kuramsal ve uygulamal\u0131 bilgileri edindirmek<\/strong><br \/><strong>P\u00d6\u00d66. Bilimsel bilgiye nas\u0131l ula\u015faca\u011f\u0131n\u0131 ve bunu nas\u0131l kullanaca\u011f\u0131n\u0131 bilen, disiplinler aras\u0131 bak\u0131\u015f a\u00e7\u0131s\u0131na sahip mezunlar yeti\u015ftirmek<\/strong><br \/><strong>P\u00d6\u00d67. \u00dclkenin toplumsal ve iktisadi sorunlar\u0131n\u0131 uluslararas\u0131 genel kabul g\u00f6ren normlar \u00e7er\u00e7evesinde sorgulayabilen, yorumlayabilen ve \u00e7\u00f6z\u00fcm \u00f6nerileri sunabilen mezunlar yeti\u015ftirmek<\/strong><br \/><strong>P\u00d6\u00d68. \u00c7al\u0131\u015fma hayat\u0131na ili\u015fkin olay ve olgular\u0131 ele\u015ftirel, analitik d\u00fc\u015f\u00fcnce \u00e7er\u00e7evesinde de\u011ferlendiren, projelendiren, politika \u00f6nerileri geli\u015ftiren ve mesleki yabanc\u0131 dil bilgisini kullanabilen mezunlar yeti\u015ftirmek<\/strong><br \/><strong>P\u00d6\u00d69. Kendini tan\u0131yan, yeteneklerini bilen, bireysel kariyer plan\u0131 yapabilen, ayn\u0131 zamanda \u00e7evresindeki nitelikli ve yetenekli insan kayna\u011f\u0131n\u0131 de\u011fere d\u00f6n\u00fc\u015ft\u00fcren, s\u00fcrekli geli\u015fme arzu ve gayreti i\u00e7inde olan mezunlar yeti\u015ftirmek.<\/strong><\/p>\t\t\t\t\t\t\t\t<\/div>\n\t\t\t\t<\/div>\n\t\t\t\t\t<\/div>\n\t\t<\/div>\n\t\t\t\t\t<\/div>\n\t\t<\/section>\n\t\t\t\t<\/div>\n\t\t","protected":false},"excerpt":{"rendered":"<p>P\u00d6\u00d61. \u00c7al\u0131\u015fma ekonomisi alanlar\u0131nda ulusal ve uluslararas\u0131 d\u00fczeyde kuramsal ve uygulamal\u0131 bilgileri edindirmek. P\u00d6\u00d62. End\u00fcstri ili\u015fkileri alanlar\u0131nda ulusal ve uluslararas\u0131 d\u00fczeylerde kuramsal ve uygulamal\u0131 bilgileri edindirmek. P\u00d6\u00d63. \u0130\u015f ve sosyal g\u00fcvenlik hukuku alanlar\u0131nda ulusal ve uluslararas\u0131 d\u00fczeylerde kuramsal ve uygulamal\u0131 bilgileri edindirmekP\u00d6\u00d64. Sosyal politika alanlar\u0131nda ulusal ve uluslararas\u0131 d\u00fczeylerde kuramsal ve uygulamal\u0131 bilgileri edindirmekP\u00d6\u00d65. \u0130nsan [&hellip;]<\/p>\n","protected":false},"author":512,"featured_media":0,"parent":0,"menu_order":0,"comment_status":"closed","ping_status":"closed","template":"","meta":{"footnotes":""},"class_list":["post-6798","page","type-page","status-publish","hentry"],"_links":{"self":[{"href":"https:\/\/atauni.edu.tr\/calisma-ekonomisi-ve-endustri-iliskileri-bolumu-1\/wp-json\/wp\/v2\/pages\/6798","targetHints":{"allow":["GET"]}}],"collection":[{"href":"https:\/\/atauni.edu.tr\/calisma-ekonomisi-ve-endustri-iliskileri-bolumu-1\/wp-json\/wp\/v2\/pages"}],"about":[{"href":"https:\/\/atauni.edu.tr\/calisma-ekonomisi-ve-endustri-iliskileri-bolumu-1\/wp-json\/wp\/v2\/types\/page"}],"author":[{"embeddable":true,"href":"https:\/\/atauni.edu.tr\/calisma-ekonomisi-ve-endustri-iliskileri-bolumu-1\/wp-json\/wp\/v2\/users\/512"}],"replies":[{"embeddable":true,"href":"https:\/\/atauni.edu.tr\/calisma-ekonomisi-ve-endustri-iliskileri-bolumu-1\/wp-json\/wp\/v2\/comments?post=6798"}],"version-history":[{"count":7,"href":"https:\/\/atauni.edu.tr\/calisma-ekonomisi-ve-endustri-iliskileri-bolumu-1\/wp-json\/wp\/v2\/pages\/6798\/revisions"}],"predecessor-version":[{"id":7342,"href":"https:\/\/atauni.edu.tr\/calisma-ekonomisi-ve-endustri-iliskileri-bolumu-1\/wp-json\/wp\/v2\/pages\/6798\/revisions\/7342"}],"wp:attachment":[{"href":"https:\/\/atauni.edu.tr\/calisma-ekonomisi-ve-endustri-iliskileri-bolumu-1\/wp-json\/wp\/v2\/media?parent=6798"}],"curies":[{"name":"wp","href":"https:\/\/api.w.org\/{rel}","templated":true}]}}