{"id":7156,"date":"2025-08-12T14:05:30","date_gmt":"2025-08-12T11:05:30","guid":{"rendered":"https:\/\/birimler.atauni.edu.tr\/calisma-ekonomisi-ve-endustri-iliskileri-bolumu-1\/?page_id=7156"},"modified":"2025-08-12T14:05:30","modified_gmt":"2025-08-12T11:05:30","slug":"duyurular","status":"publish","type":"page","link":"https:\/\/atauni.edu.tr\/calisma-ekonomisi-ve-endustri-iliskileri-bolumu-1\/duyurular\/","title":{"rendered":"Duyurular"},"content":{"rendered":"<form method=\"get\" class=\"row g-3\" style=\"margin-bottom: 20px;\"><div class=\"col-md-3\"><input type=\"text\" name=\"Duyuru_ara\" class=\"form-control\" placeholder=\"Duyuru ara...\" value=\"\"><\/div><div class=\"col-md-3\"><input type=\"date\" name=\"baslangic_tarihi\" class=\"form-control\" value=\"\"><\/div><div class=\"col-md-3\"><input type=\"date\" name=\"bitis_tarihi\" class=\"form-control\" value=\"\"><\/div><div class=\"col-md-3\"><button type=\"submit\" class=\"btn btn-secondary w-50\">Filtrele<\/button><\/div><\/form><ul class=\"kategori-yazilari-liste\"><li style=\"display: flex; margin-bottom: 10px; align-items: center;\"><div class=\"post-content\" style=\"flex-grow: 1;\"><span class=\"post-date Duyurutarih\" style=\"display: block; font-weight: bold; margin-bottom: 5px;\">17 Aral\u0131k 2025<\/span><a class=\"Duyurubaslik\" href=\"https:\/\/atauni.edu.tr\/calisma-ekonomisi-ve-endustri-iliskileri-bolumu-1\/2025\/12\/17\/bolumumuzde-egitim-komisyonu-kurulmustur\/\">B\u00f6l\u00fcm\u00fcm\u00fczde &#8220;E\u011fitim Komisyonu&#8221; kurulmu\u015ftur.<\/a><\/div><\/li><li style=\"display: flex; margin-bottom: 10px; align-items: center;\"><div class=\"post-content\" style=\"flex-grow: 1;\"><span class=\"post-date Duyurutarih\" style=\"display: block; font-weight: bold; margin-bottom: 5px;\">17 Aral\u0131k 2025<\/span><a class=\"Duyurubaslik\" href=\"https:\/\/atauni.edu.tr\/calisma-ekonomisi-ve-endustri-iliskileri-bolumu-1\/2025\/12\/17\/bolumumuzde-sinav-degerlendirme-komisyonu-kurulmustur\/\">B\u00f6l\u00fcm\u00fcm\u00fczde &#8220;S\u0131nav De\u011ferlendirme Komisyonu&#8221; kurulmu\u015ftur.<\/a><\/div><\/li><li style=\"display: flex; margin-bottom: 10px; align-items: center;\"><div class=\"post-content\" style=\"flex-grow: 1;\"><span class=\"post-date Duyurutarih\" style=\"display: block; font-weight: bold; margin-bottom: 5px;\">26 Ekim 2025<\/span><a class=\"Duyurubaslik\" href=\"https:\/\/atauni.edu.tr\/calisma-ekonomisi-ve-endustri-iliskileri-bolumu-1\/2025\/10\/26\/fakultemizde-tubitak-2209-a-universite-ogrencileri-arastirma-projeleri-destekleme-programi-bilgilendirme-paneli-duzenlenecektir\/\">Fak\u00fcltemizde T\u00dcB\u0130TAK 2209-A \u00dcniversite \u00d6\u011frencileri Ara\u015ft\u0131rma Projeleri Destekleme Program\u0131 Bilgilendirme Paneli D\u00fczenlenecektir.<\/a><\/div><\/li><li style=\"display: flex; margin-bottom: 10px; align-items: center;\"><div class=\"post-content\" style=\"flex-grow: 1;\"><span class=\"post-date Duyurutarih\" style=\"display: block; font-weight: bold; margin-bottom: 5px;\">25 Eyl\u00fcl 2025<\/span><a class=\"Duyurubaslik\" href=\"https:\/\/atauni.edu.tr\/calisma-ekonomisi-ve-endustri-iliskileri-bolumu-1\/2025\/09\/25\/oryantasyon-programi\/\">Oryantasyon Program\u0131<\/a><\/div><\/li><\/ul>\n\n\n\n<p><\/p>\n","protected":false},"excerpt":{"rendered":"","protected":false},"author":1,"featured_media":0,"parent":0,"menu_order":0,"comment_status":"closed","ping_status":"closed","template":"","meta":{"footnotes":""},"class_list":["post-7156","page","type-page","status-publish","hentry"],"_links":{"self":[{"href":"https:\/\/atauni.edu.tr\/calisma-ekonomisi-ve-endustri-iliskileri-bolumu-1\/wp-json\/wp\/v2\/pages\/7156","targetHints":{"allow":["GET"]}}],"collection":[{"href":"https:\/\/atauni.edu.tr\/calisma-ekonomisi-ve-endustri-iliskileri-bolumu-1\/wp-json\/wp\/v2\/pages"}],"about":[{"href":"https:\/\/atauni.edu.tr\/calisma-ekonomisi-ve-endustri-iliskileri-bolumu-1\/wp-json\/wp\/v2\/types\/page"}],"author":[{"embeddable":true,"href":"https:\/\/atauni.edu.tr\/calisma-ekonomisi-ve-endustri-iliskileri-bolumu-1\/wp-json\/wp\/v2\/users\/1"}],"replies":[{"embeddable":true,"href":"https:\/\/atauni.edu.tr\/calisma-ekonomisi-ve-endustri-iliskileri-bolumu-1\/wp-json\/wp\/v2\/comments?post=7156"}],"version-history":[{"count":1,"href":"https:\/\/atauni.edu.tr\/calisma-ekonomisi-ve-endustri-iliskileri-bolumu-1\/wp-json\/wp\/v2\/pages\/7156\/revisions"}],"predecessor-version":[{"id":7159,"href":"https:\/\/atauni.edu.tr\/calisma-ekonomisi-ve-endustri-iliskileri-bolumu-1\/wp-json\/wp\/v2\/pages\/7156\/revisions\/7159"}],"wp:attachment":[{"href":"https:\/\/atauni.edu.tr\/calisma-ekonomisi-ve-endustri-iliskileri-bolumu-1\/wp-json\/wp\/v2\/media?parent=7156"}],"curies":[{"name":"wp","href":"https:\/\/api.w.org\/{rel}","templated":true}]}}