{"id":7402,"date":"2026-04-25T16:21:21","date_gmt":"2026-04-25T13:21:21","guid":{"rendered":"https:\/\/atauni.edu.tr\/calisma-ekonomisi-ve-endustri-iliskileri-bolumu-1\/?page_id=7402"},"modified":"2026-04-25T16:25:57","modified_gmt":"2026-04-25T13:25:57","slug":"yatay-ve-dikey-gecis","status":"publish","type":"page","link":"https:\/\/atauni.edu.tr\/calisma-ekonomisi-ve-endustri-iliskileri-bolumu-1\/yatay-ve-dikey-gecis\/","title":{"rendered":"Yatay Ge\u00e7i\u015f, \u00c7ift Anadal ve Yandal"},"content":{"rendered":"\n<p>Atat\u00fcrk \u00dcniversitesi \u00c7al\u0131\u015fma Ekonomisi ve End\u00fcstri \u0130li\u015fkileri B\u00f6l\u00fcm\u00fc\u2019nde yatay ge\u00e7i\u015f, \u00e7ift anadal ve yandal ba\u015fvurular\u0131; ilgili Y\u00fcksek\u00f6\u011fretim Kurulu mevzuat\u0131 ve \u00dcniversitemiz Senatosu taraf\u0131ndan kabul edilen uygulama esaslar\u0131 \u00e7er\u00e7evesinde y\u00fcr\u00fct\u00fclmektedir.<\/p>\n\n\n\n<p>&nbsp;YATAY GE\u00c7\u0130\u015e<\/p>\n\n\n\n<p>Yatay ge\u00e7i\u015f; bir y\u00fcksek\u00f6\u011fretim kurumunda kay\u0131tl\u0131 \u00f6\u011frencinin, belirlenen \u015fartlar\u0131 sa\u011flamas\u0131 halinde ayn\u0131 d\u00fczeydeki e\u015fde\u011fer diploma program\u0131na ge\u00e7i\u015f yapabilmesini ifade eder.<\/p>\n\n\n\n<p>Ba\u015fvuru S\u00fcreci ve Temel \u015eartlar<\/p>\n\n\n\n<ul class=\"wp-block-list\">\n<li>Ba\u015fvurular yaln\u0131zca akademik takvimde ilan edilen tarihlerde yap\u0131l\u0131r.<\/li>\n\n\n\n<li>Kurum i\u00e7i ve kurumlar aras\u0131 yatay ge\u00e7i\u015f m\u00fcmk\u00fcnd\u00fcr.<\/li>\n\n\n\n<li>Ba\u015fvurular ilgili y\u00f6netim kurulu taraf\u0131ndan de\u011ferlendirilir.<\/li>\n\n\n\n<li>Kurumlar aras\u0131 ge\u00e7i\u015flerde \u00f6\u011frencinin t\u00fcm derslerini alm\u0131\u015f ve ba\u015farm\u0131\u015f olmas\u0131 ve AGNO\u2019sunun en az 2.40 olmas\u0131 gerekir.<\/li>\n\n\n\n<li>De\u011ferlendirme genel olarak AGNO esas al\u0131narak yap\u0131l\u0131r.<\/li>\n\n\n\n<li>Ge\u00e7i\u015fi kabul edilen \u00f6\u011frenciler i\u00e7in ders muafiyeti ve intibak i\u015flemleri yap\u0131l\u0131r.<\/li>\n\n\n\n<li>Sonu\u00e7lar ilgili birimin internet sayfas\u0131nda ilan edilir ve ilan tebli\u011f h\u00fckm\u00fcndedir.<\/li>\n<\/ul>\n\n\n\n<p>&nbsp;\u00c7\u0130FT ANADAL PROGRAMI (\u00c7AP)<\/p>\n\n\n\n<p>\u00c7ift Anadal Program\u0131; \u00fcst\u00fcn ba\u015far\u0131 g\u00f6steren \u00f6\u011frencilerin ikinci bir lisans program\u0131nda e\u011fitim alarak&nbsp;<strong>iki ayr\u0131 diploma<\/strong>&nbsp;sahibi olmalar\u0131n\u0131 sa\u011flayan programd\u0131r.<\/p>\n\n\n\n<p>Ba\u015fvuru Ko\u015fullar\u0131<\/p>\n\n\n\n<ul class=\"wp-block-list\">\n<li>En erken 3. yar\u0131y\u0131l ba\u015f\u0131nda ba\u015fvuru yap\u0131labilir.<\/li>\n\n\n\n<li>\u00d6\u011frencinin anadal program\u0131ndaki t\u00fcm dersleri ba\u015far\u0131yla tamamlam\u0131\u015f olmas\u0131 gerekir.<\/li>\n\n\n\n<li>AGNO\u2019nun en az\u00a0<strong>2.80<\/strong>\u00a0olmas\u0131 gerekir.<\/li>\n\n\n\n<li>\u00d6\u011frencinin anadal program\u0131ndaki ba\u015far\u0131 s\u0131ralamas\u0131nda ilk %20 i\u00e7inde yer almas\u0131 gerekir.<\/li>\n\n\n\n<li>Kontenjanlar ilgili kurul taraf\u0131ndan belirlenir ve ilan edilir.<\/li>\n<\/ul>\n\n\n\n<p>Program\u0131n \u0130\u015fleyi\u015fi<\/p>\n\n\n\n<ul class=\"wp-block-list\">\n<li>\u00c7AP \u00f6\u011frencileri belirlenen ikinci anadal derslerini almak ve ba\u015farmak zorundad\u0131r.<\/li>\n\n\n\n<li>\u00c7AP i\u00e7in ayr\u0131 not d\u00f6k\u00fcm belgesi d\u00fczenlenir.<\/li>\n\n\n\n<li>\u00c7AP program\u0131ndaki AGNO\u2019nun mezuniyet i\u00e7in en az 2.80 olmas\u0131 gerekir.<\/li>\n\n\n\n<li>\u00d6\u011frenci, anadal program\u0131ndan mezun olmadan ikinci anadal diplomas\u0131 alamaz.<\/li>\n<\/ul>\n\n\n\n<p>&nbsp;YANDAL PROGRAMI<\/p>\n\n\n\n<p>Yandal program\u0131; \u00f6\u011frencilerin ilgi duyduklar\u0131 ba\u015fka bir alanda belirli say\u0131da ders alarak&nbsp;<strong>yandal sertifikas\u0131<\/strong>&nbsp;elde etmelerini sa\u011flayan programd\u0131r.<\/p>\n\n\n\n<p>Ba\u015fvuru Ko\u015fullar\u0131<\/p>\n\n\n\n<ul class=\"wp-block-list\">\n<li>En erken 3., en ge\u00e7 6. yar\u0131y\u0131l ba\u015f\u0131nda ba\u015fvuru yap\u0131labilir.<\/li>\n\n\n\n<li>\u00d6\u011frencinin t\u00fcm kredili dersleri ba\u015far\u0131yla tamamlam\u0131\u015f olmas\u0131 gerekir.<\/li>\n\n\n\n<li>AGNO\u2019nun en az\u00a0<strong>2.50<\/strong>\u00a0olmas\u0131 gerekir.<\/li>\n\n\n\n<li>Ba\u015fvurular ilgili y\u00f6netim kurullar\u0131 taraf\u0131ndan de\u011ferlendirilir.<\/li>\n<\/ul>\n\n\n\n<p>Devam ve Mezuniyet<\/p>\n\n\n\n<ul class=\"wp-block-list\">\n<li>Yandala devam i\u00e7in anadal AGNO\u2019sunun en az 2.40 olmas\u0131 gerekir.<\/li>\n\n\n\n<li>Anadal mezuniyet hakk\u0131 elde eden ve yandal program\u0131n\u0131 en az 2.00 ortalama ile tamamlayan \u00f6\u011frenciye yandal sertifikas\u0131 verilir.<\/li>\n\n\n\n<li>Bu belge diploma yerine ge\u00e7mez.<\/li>\n<\/ul>\n\n\n\n<div data-wp-interactive=\"core\/file\" class=\"wp-block-file\"><object data-wp-bind--hidden=\"!state.hasPdfPreview\" hidden class=\"wp-block-file__embed\" data=\"https:\/\/atauni.edu.tr\/calisma-ekonomisi-ve-endustri-iliskileri-bolumu-1\/wp-content\/uploads\/sites\/771\/2026\/04\/ciftanadal-yandal-uygulama-esaslari.pdf\" type=\"application\/pdf\" style=\"width:100%;height:600px\" aria-label=\"ciftanadal-yandal-uygulama-esaslari g\u00f6m\u00fcs\u00fc.\"><\/object><a id=\"wp-block-file--media-799fcf8d-129f-4688-ac11-1e7f04d6edc3\" href=\"https:\/\/atauni.edu.tr\/calisma-ekonomisi-ve-endustri-iliskileri-bolumu-1\/wp-content\/uploads\/sites\/771\/2026\/04\/ciftanadal-yandal-uygulama-esaslari.pdf\">ciftanadal-yandal-uygulama-esaslari<\/a><a href=\"https:\/\/atauni.edu.tr\/calisma-ekonomisi-ve-endustri-iliskileri-bolumu-1\/wp-content\/uploads\/sites\/771\/2026\/04\/ciftanadal-yandal-uygulama-esaslari.pdf\" class=\"wp-block-file__button wp-element-button\" download aria-describedby=\"wp-block-file--media-799fcf8d-129f-4688-ac11-1e7f04d6edc3\">\u0130ndir<\/a><\/div>\n","protected":false},"excerpt":{"rendered":"<p>Atat\u00fcrk \u00dcniversitesi \u00c7al\u0131\u015fma Ekonomisi ve End\u00fcstri \u0130li\u015fkileri B\u00f6l\u00fcm\u00fc\u2019nde yatay ge\u00e7i\u015f, \u00e7ift anadal ve yandal ba\u015fvurular\u0131; ilgili Y\u00fcksek\u00f6\u011fretim Kurulu mevzuat\u0131 ve \u00dcniversitemiz Senatosu taraf\u0131ndan kabul edilen uygulama esaslar\u0131 \u00e7er\u00e7evesinde y\u00fcr\u00fct\u00fclmektedir. &nbsp;YATAY GE\u00c7\u0130\u015e Yatay ge\u00e7i\u015f; bir y\u00fcksek\u00f6\u011fretim kurumunda kay\u0131tl\u0131 \u00f6\u011frencinin, belirlenen \u015fartlar\u0131 sa\u011flamas\u0131 halinde ayn\u0131 d\u00fczeydeki e\u015fde\u011fer diploma program\u0131na ge\u00e7i\u015f yapabilmesini ifade eder. Ba\u015fvuru S\u00fcreci ve Temel [&hellip;]<\/p>\n","protected":false},"author":622,"featured_media":0,"parent":0,"menu_order":0,"comment_status":"closed","ping_status":"closed","template":"","meta":{"footnotes":""},"class_list":["post-7402","page","type-page","status-publish","hentry"],"_links":{"self":[{"href":"https:\/\/atauni.edu.tr\/calisma-ekonomisi-ve-endustri-iliskileri-bolumu-1\/wp-json\/wp\/v2\/pages\/7402","targetHints":{"allow":["GET"]}}],"collection":[{"href":"https:\/\/atauni.edu.tr\/calisma-ekonomisi-ve-endustri-iliskileri-bolumu-1\/wp-json\/wp\/v2\/pages"}],"about":[{"href":"https:\/\/atauni.edu.tr\/calisma-ekonomisi-ve-endustri-iliskileri-bolumu-1\/wp-json\/wp\/v2\/types\/page"}],"author":[{"embeddable":true,"href":"https:\/\/atauni.edu.tr\/calisma-ekonomisi-ve-endustri-iliskileri-bolumu-1\/wp-json\/wp\/v2\/users\/622"}],"replies":[{"embeddable":true,"href":"https:\/\/atauni.edu.tr\/calisma-ekonomisi-ve-endustri-iliskileri-bolumu-1\/wp-json\/wp\/v2\/comments?post=7402"}],"version-history":[{"count":4,"href":"https:\/\/atauni.edu.tr\/calisma-ekonomisi-ve-endustri-iliskileri-bolumu-1\/wp-json\/wp\/v2\/pages\/7402\/revisions"}],"predecessor-version":[{"id":7421,"href":"https:\/\/atauni.edu.tr\/calisma-ekonomisi-ve-endustri-iliskileri-bolumu-1\/wp-json\/wp\/v2\/pages\/7402\/revisions\/7421"}],"wp:attachment":[{"href":"https:\/\/atauni.edu.tr\/calisma-ekonomisi-ve-endustri-iliskileri-bolumu-1\/wp-json\/wp\/v2\/media?parent=7402"}],"curies":[{"name":"wp","href":"https:\/\/api.w.org\/{rel}","templated":true}]}}