{"id":5638,"date":"2021-07-13T09:49:25","date_gmt":"2021-07-13T06:49:25","guid":{"rendered":"https:\/\/portaltest.atauni.edu.tr\/bilgisayar-muhendisligi\/?page_id=5638"},"modified":"2022-05-25T13:15:29","modified_gmt":"2022-05-25T10:15:29","slug":"tarihce","status":"publish","type":"page","link":"https:\/\/atauni.edu.tr\/cerrahi-tip-bilimleri\/tarihce\/","title":{"rendered":"Tarih\u00e7e"},"content":{"rendered":"\t\t<div data-elementor-type=\"wp-page\" data-elementor-id=\"5638\" class=\"elementor elementor-5638\" data-elementor-post-type=\"page\">\n\t\t\t\t\t\t<section class=\"elementor-section elementor-top-section elementor-element elementor-element-9be811a elementor-section-boxed elementor-section-height-default elementor-section-height-default\" data-id=\"9be811a\" data-element_type=\"section\">\n\t\t\t\t\t\t<div class=\"elementor-container elementor-column-gap-default\">\n\t\t\t\t\t<div class=\"elementor-column elementor-col-100 elementor-top-column elementor-element elementor-element-1ed847b7\" data-id=\"1ed847b7\" data-element_type=\"column\">\n\t\t\t<div class=\"elementor-widget-wrap elementor-element-populated\">\n\t\t\t\t\t\t<div class=\"elementor-element elementor-element-4ce0d07f elementor-widget elementor-widget-heading\" data-id=\"4ce0d07f\" data-element_type=\"widget\" data-widget_type=\"heading.default\">\n\t\t\t\t<div class=\"elementor-widget-container\">\n\t\t\t\t\t<h2 class=\"elementor-heading-title elementor-size-default\">Tarih\u00e7e<\/h2>\t\t\t\t<\/div>\n\t\t\t\t<\/div>\n\t\t\t\t<div class=\"elementor-element elementor-element-63260862 elementor-widget-divider--view-line elementor-widget elementor-widget-divider\" data-id=\"63260862\" data-element_type=\"widget\" data-widget_type=\"divider.default\">\n\t\t\t\t<div class=\"elementor-widget-container\">\n\t\t\t\t\t\t\t<div class=\"elementor-divider\">\n\t\t\t<span class=\"elementor-divider-separator\">\n\t\t\t\t\t\t<\/span>\n\t\t<\/div>\n\t\t\t\t\t\t<\/div>\n\t\t\t\t<\/div>\n\t\t\t\t\t<\/div>\n\t\t<\/div>\n\t\t\t\t\t<\/div>\n\t\t<\/section>\n\t\t\t\t<section class=\"elementor-section elementor-top-section elementor-element elementor-element-681db8b elementor-section-boxed elementor-section-height-default elementor-section-height-default\" data-id=\"681db8b\" data-element_type=\"section\">\n\t\t\t\t\t\t<div class=\"elementor-container elementor-column-gap-default\">\n\t\t\t\t\t<div class=\"elementor-column elementor-col-100 elementor-top-column elementor-element elementor-element-ad4dac5\" data-id=\"ad4dac5\" data-element_type=\"column\">\n\t\t\t<div class=\"elementor-widget-wrap elementor-element-populated\">\n\t\t\t\t\t\t<div class=\"elementor-element elementor-element-2f96b3d elementor-widget elementor-widget-text-editor\" data-id=\"2f96b3d\" data-element_type=\"widget\" data-widget_type=\"text-editor.default\">\n\t\t\t\t<div class=\"elementor-widget-container\">\n\t\t\t\t\t\t\t\t\t<p>Hekimlik pozitif bir bilim dal\u0131 olarak tan\u0131mlansa da, Hipokrat\u0131n, hekimli\u011fi bir sanat olarak de\u011ferlendirmesi ve bu mesle\u011fin insanl\u0131\u011f\u0131n a\u011fr\u0131lar\u0131n\u0131 dindirme, ac\u0131lar\u0131na \u00e7are bulma sanat\u0131 olarak alg\u0131lanmas\u0131 aras\u0131ndaki m\u00fckemmel birliktelik, mesle\u011fin uygulanmas\u0131nda bilgi, sevgi ve ho\u015fg\u00f6r\u00fc yan\u0131nda bir sanatk\u00e2r duyarl\u0131l\u0131\u011f\u0131 ve inceli\u011finin olmas\u0131 gerekti\u011fini ortaya koymaktad\u0131r.<\/p><p>Bu anlay\u0131\u015fla, Atat\u00fcrk \u00dcniversitesi T\u0131p Fak\u00fcltesi Cerrahi T\u0131p Bilimleri B\u00f6l\u00fcm\u00fc, s\u00fcrekli yenilenen kadrolar\u0131yla,\u00a0 akademik ve sa\u011fl\u0131k hizmeti \u00e7al\u0131\u015fmalar\u0131n\u0131 s\u00fcrd\u00fcr\u00fclmektedir. Cerrahi T\u0131p Bilimleri B\u00f6l\u00fcm\u00fc, 1962 y\u0131l\u0131nda kurulup, 1966 y\u0131l\u0131nda e\u011fitime ba\u015flayan Atat\u00fcrk \u00dcniversitesi T\u0131p Fak\u00fcltesi b\u00fcnyesinde 13 anabilim dal\u0131, 5 bilim dal\u0131 ile hizmet vermektedir. \u00c7e\u015fitli nedenlerle ayr\u0131lan \u00f6\u011fretim \u00fcyeleri yan\u0131nda, dinamik bir yenilenme ve geli\u015fme s\u00fcreci i\u00e7erisinde bulunan b\u00f6l\u00fcmde Ekim 2014 itibar\u0131yla \u00f6\u011fretim \u00fcyesi say\u0131s\u0131 75 tir.<\/p><p>Halen Yakutiye Ara\u015ft\u0131rma Hastaneleri hizmet binas\u0131nda faaliyetlerini s\u00fcrd\u00fcrmekte olan anabilim ve bilim dallar\u0131m\u0131z, Hastanemizin alm\u0131\u015f oldu\u011fu ISO 9001, 14001, 18001, 22000 kalite belgelerinin de bu konularda itikleyici bir g\u00fcce sahip olacaklar\u0131 d\u00fc\u015f\u00fcn\u00fclmektedir.<\/p><p>Prof. Dr. Orhan KARSAN<\/p><p>Cerrahi T\u0131p Bilimleri B\u00f6l\u00fcm Ba\u015fkan\u0131<\/p>\t\t\t\t\t\t\t\t<\/div>\n\t\t\t\t<\/div>\n\t\t\t\t\t<\/div>\n\t\t<\/div>\n\t\t\t\t\t<\/div>\n\t\t<\/section>\n\t\t\t\t<\/div>\n\t\t","protected":false},"excerpt":{"rendered":"<p>Tarih\u00e7e Hekimlik pozitif bir bilim dal\u0131 olarak tan\u0131mlansa da, Hipokrat\u0131n, hekimli\u011fi bir sanat olarak de\u011ferlendirmesi ve bu mesle\u011fin insanl\u0131\u011f\u0131n a\u011fr\u0131lar\u0131n\u0131 dindirme, ac\u0131lar\u0131na \u00e7are bulma sanat\u0131 olarak alg\u0131lanmas\u0131 aras\u0131ndaki m\u00fckemmel birliktelik, mesle\u011fin uygulanmas\u0131nda bilgi, sevgi ve ho\u015fg\u00f6r\u00fc yan\u0131nda bir sanatk\u00e2r duyarl\u0131l\u0131\u011f\u0131 ve inceli\u011finin olmas\u0131 gerekti\u011fini ortaya koymaktad\u0131r. Bu anlay\u0131\u015fla, Atat\u00fcrk \u00dcniversitesi T\u0131p Fak\u00fcltesi Cerrahi T\u0131p Bilimleri [&hellip;]<\/p>\n","protected":false},"author":1,"featured_media":0,"parent":0,"menu_order":0,"comment_status":"closed","ping_status":"closed","template":"","meta":{"footnotes":""},"class_list":["post-5638","page","type-page","status-publish","hentry"],"_links":{"self":[{"href":"https:\/\/atauni.edu.tr\/cerrahi-tip-bilimleri\/wp-json\/wp\/v2\/pages\/5638","targetHints":{"allow":["GET"]}}],"collection":[{"href":"https:\/\/atauni.edu.tr\/cerrahi-tip-bilimleri\/wp-json\/wp\/v2\/pages"}],"about":[{"href":"https:\/\/atauni.edu.tr\/cerrahi-tip-bilimleri\/wp-json\/wp\/v2\/types\/page"}],"author":[{"embeddable":true,"href":"https:\/\/atauni.edu.tr\/cerrahi-tip-bilimleri\/wp-json\/wp\/v2\/users\/1"}],"replies":[{"embeddable":true,"href":"https:\/\/atauni.edu.tr\/cerrahi-tip-bilimleri\/wp-json\/wp\/v2\/comments?post=5638"}],"version-history":[{"count":34,"href":"https:\/\/atauni.edu.tr\/cerrahi-tip-bilimleri\/wp-json\/wp\/v2\/pages\/5638\/revisions"}],"predecessor-version":[{"id":6242,"href":"https:\/\/atauni.edu.tr\/cerrahi-tip-bilimleri\/wp-json\/wp\/v2\/pages\/5638\/revisions\/6242"}],"wp:attachment":[{"href":"https:\/\/atauni.edu.tr\/cerrahi-tip-bilimleri\/wp-json\/wp\/v2\/media?parent=5638"}],"curies":[{"name":"wp","href":"https:\/\/api.w.org\/{rel}","templated":true}]}}