{"id":5682,"date":"2021-07-13T10:10:01","date_gmt":"2021-07-13T07:10:01","guid":{"rendered":"https:\/\/portaltest.atauni.edu.tr\/bilgisayar-muhendisligi\/?page_id=5682"},"modified":"2022-05-25T13:07:36","modified_gmt":"2022-05-25T10:07:36","slug":"misyon-vizyon-ve-temel-degerler","status":"publish","type":"page","link":"https:\/\/atauni.edu.tr\/cerrahi-tip-bilimleri\/misyon-vizyon-ve-temel-degerler\/","title":{"rendered":"Misyon, Vizyon ve Temel De\u011ferler"},"content":{"rendered":"\t\t<div data-elementor-type=\"wp-page\" data-elementor-id=\"5682\" class=\"elementor elementor-5682\" data-elementor-post-type=\"page\">\n\t\t\t\t\t\t<section class=\"elementor-section elementor-top-section elementor-element elementor-element-9be811a elementor-section-boxed elementor-section-height-default elementor-section-height-default\" data-id=\"9be811a\" data-element_type=\"section\">\n\t\t\t\t\t\t<div class=\"elementor-container elementor-column-gap-default\">\n\t\t\t\t\t<div class=\"elementor-column elementor-col-100 elementor-top-column elementor-element elementor-element-1ed847b7\" data-id=\"1ed847b7\" data-element_type=\"column\">\n\t\t\t<div class=\"elementor-widget-wrap elementor-element-populated\">\n\t\t\t\t\t\t<div class=\"elementor-element elementor-element-4ce0d07f elementor-widget elementor-widget-heading\" data-id=\"4ce0d07f\" data-element_type=\"widget\" data-widget_type=\"heading.default\">\n\t\t\t\t<div class=\"elementor-widget-container\">\n\t\t\t\t\t<h2 class=\"elementor-heading-title elementor-size-default\">Misyon, Vizyon ve Temel De\u011ferler<\/h2>\t\t\t\t<\/div>\n\t\t\t\t<\/div>\n\t\t\t\t<div class=\"elementor-element elementor-element-63260862 elementor-widget-divider--view-line elementor-widget elementor-widget-divider\" data-id=\"63260862\" data-element_type=\"widget\" data-widget_type=\"divider.default\">\n\t\t\t\t<div class=\"elementor-widget-container\">\n\t\t\t\t\t\t\t<div class=\"elementor-divider\">\n\t\t\t<span class=\"elementor-divider-separator\">\n\t\t\t\t\t\t<\/span>\n\t\t<\/div>\n\t\t\t\t\t\t<\/div>\n\t\t\t\t<\/div>\n\t\t\t\t\t<\/div>\n\t\t<\/div>\n\t\t\t\t\t<\/div>\n\t\t<\/section>\n\t\t\t\t<section class=\"elementor-section elementor-top-section elementor-element elementor-element-681db8b elementor-section-boxed elementor-section-height-default elementor-section-height-default\" data-id=\"681db8b\" data-element_type=\"section\">\n\t\t\t\t\t\t<div class=\"elementor-container elementor-column-gap-default\">\n\t\t\t\t\t<div class=\"elementor-column elementor-col-100 elementor-top-column elementor-element elementor-element-ad4dac5\" data-id=\"ad4dac5\" data-element_type=\"column\">\n\t\t\t<div class=\"elementor-widget-wrap elementor-element-populated\">\n\t\t\t\t\t\t<div class=\"elementor-element elementor-element-2f96b3d elementor-widget elementor-widget-text-editor\" data-id=\"2f96b3d\" data-element_type=\"widget\" data-widget_type=\"text-editor.default\">\n\t\t\t\t<div class=\"elementor-widget-container\">\n\t\t\t\t\t\t\t\t\t<p>1981 y\u0131l\u0131nda y\u00fcr\u00fcrl\u00fc\u011fe giren 2547 say\u0131l\u0131 Y\u00fcksek\u00f6\u011fretim Kanunu ile yap\u0131lan de\u011fi\u015fiklikler sonucunda T\u0131p Fak\u00fcltelerinde 3 b\u00f6l\u00fcm (Temel T\u0131p Bilimleri, Dahili T\u0131p Bilimleri ve Cerrahi T\u0131p Bilimleri b\u00f6l\u00fcmleri) ve eski k\u00fcrs\u00fclerin yerine bu b\u00f6l\u00fcmlere ba\u011fl\u0131 anabilim dallar\u0131, bunlar\u0131n alt\u0131nda\u00a0 da birer ileri uzmanl\u0131k dal\u0131 niteli\u011findeki bilim dallar\u0131 olu\u015fturulmu\u015ftur.\u00a0 Buna g\u00f6re Atat\u00fcrk \u00dcniversitesi T\u0131p Fak\u00fcltesi b\u00fcnyesinde 2014 y\u0131l\u0131 itibariyle Cerrahi T\u0131p Bilimleri B\u00f6l\u00fcm Ba\u015fkanl\u0131\u011f\u0131na ba\u011fl\u0131 13 anabilim dal\u0131, bunlara ba\u011fl\u0131 5 bilim dal\u0131 olmak \u00fczere toplam\u00a0 18 birim bulunmaktad\u0131r.<\/p><p><strong>Atat\u00fcrk \u00dcniversitesi T\u0131p Fak\u00fcltesi Cerrahi T\u0131p Bilimleri B\u00f6l\u00fcm Ba\u015fkanl\u0131\u011f\u0131,\u00a0 fak\u00fcltemizin misyon ve vizyonuna uygun olarak; <\/strong><em>Evrensel de\u011ferleri temel alarak yapt\u0131\u011f\u0131 e\u011fitim, \u00f6\u011fretim ve ara\u015ft\u0131rma faaliyetleriyle her alanda yetkin, yarat\u0131c\u0131, giri\u015fimci, ahlaki de\u011fer ve toplumsal sorumluluk sahibi \u00fcst\u00fcn nitelikli bireyler yeti\u015ftirmeyi, verdi\u011fi sa\u011fl\u0131k hizmetleri ile de bireylerimizin ya\u015fam kalitesini ve sa\u011fl\u0131k standard\u0131n\u0131 y\u00fckseltecek hizmetler sunmay\u0131 g\u00f6rev edinmi\u015ftir.<\/em><\/p><p><strong>Ortaya koydu\u011fu misyon ve vizyon \u00e7er\u00e7evesinde,<\/strong> <em>b\u00f6lgesine, \u00fclkesine ve evrensel bilime katk\u0131da bulunacak \u015fekilde kurumsal kimli\u011fini g\u00fc\u00e7lendirmede hizmet ve kalite odakl\u0131 \u00e7al\u0131\u015fmalar\u0131n\u0131 art\u0131rarak s\u00fcrd\u00fcrmektir.<\/em>\u00a0<\/p>\t\t\t\t\t\t\t\t<\/div>\n\t\t\t\t<\/div>\n\t\t\t\t\t<\/div>\n\t\t<\/div>\n\t\t\t\t\t<\/div>\n\t\t<\/section>\n\t\t\t\t<\/div>\n\t\t","protected":false},"excerpt":{"rendered":"<p>Misyon, Vizyon ve Temel De\u011ferler 1981 y\u0131l\u0131nda y\u00fcr\u00fcrl\u00fc\u011fe giren 2547 say\u0131l\u0131 Y\u00fcksek\u00f6\u011fretim Kanunu ile yap\u0131lan de\u011fi\u015fiklikler sonucunda T\u0131p Fak\u00fcltelerinde 3 b\u00f6l\u00fcm (Temel T\u0131p Bilimleri, Dahili T\u0131p Bilimleri ve Cerrahi T\u0131p Bilimleri b\u00f6l\u00fcmleri) ve eski k\u00fcrs\u00fclerin yerine bu b\u00f6l\u00fcmlere ba\u011fl\u0131 anabilim dallar\u0131, bunlar\u0131n alt\u0131nda\u00a0 da birer ileri uzmanl\u0131k dal\u0131 niteli\u011findeki bilim dallar\u0131 olu\u015fturulmu\u015ftur.\u00a0 Buna g\u00f6re Atat\u00fcrk [&hellip;]<\/p>\n","protected":false},"author":1,"featured_media":0,"parent":0,"menu_order":0,"comment_status":"closed","ping_status":"closed","template":"elementor_header_footer","meta":{"footnotes":""},"class_list":["post-5682","page","type-page","status-publish","hentry"],"_links":{"self":[{"href":"https:\/\/atauni.edu.tr\/cerrahi-tip-bilimleri\/wp-json\/wp\/v2\/pages\/5682","targetHints":{"allow":["GET"]}}],"collection":[{"href":"https:\/\/atauni.edu.tr\/cerrahi-tip-bilimleri\/wp-json\/wp\/v2\/pages"}],"about":[{"href":"https:\/\/atauni.edu.tr\/cerrahi-tip-bilimleri\/wp-json\/wp\/v2\/types\/page"}],"author":[{"embeddable":true,"href":"https:\/\/atauni.edu.tr\/cerrahi-tip-bilimleri\/wp-json\/wp\/v2\/users\/1"}],"replies":[{"embeddable":true,"href":"https:\/\/atauni.edu.tr\/cerrahi-tip-bilimleri\/wp-json\/wp\/v2\/comments?post=5682"}],"version-history":[{"count":14,"href":"https:\/\/atauni.edu.tr\/cerrahi-tip-bilimleri\/wp-json\/wp\/v2\/pages\/5682\/revisions"}],"predecessor-version":[{"id":6230,"href":"https:\/\/atauni.edu.tr\/cerrahi-tip-bilimleri\/wp-json\/wp\/v2\/pages\/5682\/revisions\/6230"}],"wp:attachment":[{"href":"https:\/\/atauni.edu.tr\/cerrahi-tip-bilimleri\/wp-json\/wp\/v2\/media?parent=5682"}],"curies":[{"name":"wp","href":"https:\/\/api.w.org\/{rel}","templated":true}]}}