{"id":5765,"date":"2021-07-13T12:56:51","date_gmt":"2021-07-13T09:56:51","guid":{"rendered":"https:\/\/portaltest.atauni.edu.tr\/bilgisayar-muhendisligi\/?page_id=5765"},"modified":"2022-05-25T12:57:09","modified_gmt":"2022-05-25T09:57:09","slug":"anabilim-dallari","status":"publish","type":"page","link":"https:\/\/atauni.edu.tr\/cerrahi-tip-bilimleri\/anabilim-dallari\/","title":{"rendered":"Anabilim Dallar\u0131"},"content":{"rendered":"\t\t<div data-elementor-type=\"wp-page\" data-elementor-id=\"5765\" class=\"elementor elementor-5765\" data-elementor-post-type=\"page\">\n\t\t\t\t\t\t<section class=\"elementor-section elementor-top-section elementor-element elementor-element-730d320 elementor-section-boxed elementor-section-height-default elementor-section-height-default\" data-id=\"730d320\" data-element_type=\"section\">\n\t\t\t\t\t\t<div class=\"elementor-container elementor-column-gap-default\">\n\t\t\t\t\t<div class=\"elementor-column elementor-col-100 elementor-top-column elementor-element elementor-element-753d0860\" data-id=\"753d0860\" data-element_type=\"column\">\n\t\t\t<div class=\"elementor-widget-wrap\">\n\t\t\t\t\t\t\t<\/div>\n\t\t<\/div>\n\t\t\t\t\t<\/div>\n\t\t<\/section>\n\t\t\t\t<section class=\"elementor-section elementor-top-section elementor-element elementor-element-9be811a elementor-section-boxed elementor-section-height-default elementor-section-height-default\" data-id=\"9be811a\" data-element_type=\"section\">\n\t\t\t\t\t\t<div class=\"elementor-container elementor-column-gap-default\">\n\t\t\t\t\t<div class=\"elementor-column elementor-col-100 elementor-top-column elementor-element elementor-element-1ed847b7\" data-id=\"1ed847b7\" data-element_type=\"column\">\n\t\t\t<div class=\"elementor-widget-wrap elementor-element-populated\">\n\t\t\t\t\t\t<div class=\"elementor-element elementor-element-4ce0d07f elementor-widget elementor-widget-heading\" data-id=\"4ce0d07f\" data-element_type=\"widget\" data-widget_type=\"heading.default\">\n\t\t\t\t<div class=\"elementor-widget-container\">\n\t\t\t\t\t<h2 class=\"elementor-heading-title elementor-size-default\">Anabilim Dallar\u0131<\/h2>\t\t\t\t<\/div>\n\t\t\t\t<\/div>\n\t\t\t\t<div class=\"elementor-element elementor-element-63260862 elementor-widget-divider--view-line elementor-widget elementor-widget-divider\" data-id=\"63260862\" data-element_type=\"widget\" data-widget_type=\"divider.default\">\n\t\t\t\t<div class=\"elementor-widget-container\">\n\t\t\t\t\t\t\t<div class=\"elementor-divider\">\n\t\t\t<span class=\"elementor-divider-separator\">\n\t\t\t\t\t\t<\/span>\n\t\t<\/div>\n\t\t\t\t\t\t<\/div>\n\t\t\t\t<\/div>\n\t\t\t\t\t<\/div>\n\t\t<\/div>\n\t\t\t\t\t<\/div>\n\t\t<\/section>\n\t\t\t\t<section class=\"elementor-section elementor-top-section elementor-element elementor-element-681db8b elementor-section-boxed elementor-section-height-default elementor-section-height-default\" data-id=\"681db8b\" data-element_type=\"section\">\n\t\t\t\t\t\t<div class=\"elementor-container elementor-column-gap-default\">\n\t\t\t\t\t<div class=\"elementor-column elementor-col-100 elementor-top-column elementor-element elementor-element-ad4dac5\" data-id=\"ad4dac5\" data-element_type=\"column\">\n\t\t\t<div class=\"elementor-widget-wrap elementor-element-populated\">\n\t\t\t\t\t\t<div class=\"elementor-element elementor-element-2f96b3d elementor-widget elementor-widget-text-editor\" data-id=\"2f96b3d\" data-element_type=\"widget\" data-widget_type=\"text-editor.default\">\n\t\t\t\t<div class=\"elementor-widget-container\">\n\t\t\t\t\t\t\t\t\t<p><a class=\"tablo1\" href=\"https:\/\/birimler.atauni.edu.tr\/anesteziyoloji-ve-reanimasyon\">Anesteziyoloji ve Reanimasyon<\/a><\/p><p><a class=\"tablo1 tablo-bg\" href=\"https:\/\/birimler.atauni.edu.tr\/beyin-ve-sinir-cerrahisi\">Beyin ve Sinir Cerrahisi<\/a><\/p><p><a class=\"tablo1\" href=\"https:\/\/birimler.atauni.edu.tr\/cocuk-cerrahisi\">\u00c7ocuk Cerrahisi<\/a><\/p><p><a class=\"tablo1 tablo-bg\" href=\"https:\/\/birimler.atauni.edu.tr\/genel-cerrahi\">Genel Cerrahi<\/a><\/p><p><a class=\"tablo1\" href=\"https:\/\/birimler.atauni.edu.tr\/gogus-cerrahisi\">G\u00f6\u011f\u00fcs Cerrahisi<\/a><\/p><p><a class=\"tablo1 tablo-bg\" href=\"https:\/\/birimler.atauni.edu.tr\/goz-hastaliklari\">G\u00f6z Hastal\u0131klar\u0131<\/a><\/p><p><a class=\"tablo1\" href=\"https:\/\/birimler.atauni.edu.tr\/kadin-hastaliklari-ve-dogum\">Kad\u0131n Hastal\u0131klar\u0131 ve Do\u011fum<\/a><\/p><p><a class=\"tablo1 tablo-bg\" href=\"https:\/\/birimler.atauni.edu.tr\/kalp-ve-damar-cerrahisi\">Kalp ve Damar Cerrahisi<\/a><\/p><p><a class=\"tablo1\" href=\"https:\/\/birimler.atauni.edu.tr\/kulak-burun-ve-bogaz-hastaliklari\">Kulak, Burun ve Bo\u011faz Hastal\u0131klar\u0131<\/a><\/p><p><a class=\"tablo1 tablo-bg\" href=\"https:\/\/birimler.atauni.edu.tr\/ortopedi-ve-travmatoloji\">Ortopedi ve Travmatoloji<\/a><\/p><p><a class=\"tablo1\" href=\"https:\/\/birimler.atauni.edu.tr\/plastik-rekonstruktif-ve-estetik-cerrahi\">Plastik, Rekonstr\u00fcktif ve Estetik Cerrahi<\/a><\/p><p><a class=\"tablo1 tablo-bg\" href=\"https:\/\/birimler.atauni.edu.tr\/tibbi-patoloji\">T\u0131bbi Patoloji<\/a><\/p><p><a class=\"tablo1\" href=\"https:\/\/birimler.atauni.edu.tr\/uroloji\">\u00dcroloji<\/a><\/p>\t\t\t\t\t\t\t\t<\/div>\n\t\t\t\t<\/div>\n\t\t\t\t\t<\/div>\n\t\t<\/div>\n\t\t\t\t\t<\/div>\n\t\t<\/section>\n\t\t\t\t<\/div>\n\t\t","protected":false},"excerpt":{"rendered":"<p>Anabilim Dallar\u0131 Anesteziyoloji ve Reanimasyon Beyin ve Sinir Cerrahisi \u00c7ocuk Cerrahisi Genel Cerrahi G\u00f6\u011f\u00fcs Cerrahisi G\u00f6z Hastal\u0131klar\u0131 Kad\u0131n Hastal\u0131klar\u0131 ve Do\u011fum Kalp ve Damar Cerrahisi Kulak, Burun ve Bo\u011faz Hastal\u0131klar\u0131 Ortopedi ve Travmatoloji Plastik, Rekonstr\u00fcktif ve Estetik Cerrahi T\u0131bbi Patoloji \u00dcroloji<\/p>\n","protected":false},"author":1,"featured_media":0,"parent":0,"menu_order":0,"comment_status":"closed","ping_status":"closed","template":"elementor_header_footer","meta":{"footnotes":""},"class_list":["post-5765","page","type-page","status-publish","hentry"],"_links":{"self":[{"href":"https:\/\/atauni.edu.tr\/cerrahi-tip-bilimleri\/wp-json\/wp\/v2\/pages\/5765","targetHints":{"allow":["GET"]}}],"collection":[{"href":"https:\/\/atauni.edu.tr\/cerrahi-tip-bilimleri\/wp-json\/wp\/v2\/pages"}],"about":[{"href":"https:\/\/atauni.edu.tr\/cerrahi-tip-bilimleri\/wp-json\/wp\/v2\/types\/page"}],"author":[{"embeddable":true,"href":"https:\/\/atauni.edu.tr\/cerrahi-tip-bilimleri\/wp-json\/wp\/v2\/users\/1"}],"replies":[{"embeddable":true,"href":"https:\/\/atauni.edu.tr\/cerrahi-tip-bilimleri\/wp-json\/wp\/v2\/comments?post=5765"}],"version-history":[{"count":14,"href":"https:\/\/atauni.edu.tr\/cerrahi-tip-bilimleri\/wp-json\/wp\/v2\/pages\/5765\/revisions"}],"predecessor-version":[{"id":6227,"href":"https:\/\/atauni.edu.tr\/cerrahi-tip-bilimleri\/wp-json\/wp\/v2\/pages\/5765\/revisions\/6227"}],"wp:attachment":[{"href":"https:\/\/atauni.edu.tr\/cerrahi-tip-bilimleri\/wp-json\/wp\/v2\/media?parent=5765"}],"curies":[{"name":"wp","href":"https:\/\/api.w.org\/{rel}","templated":true}]}}