{"id":5638,"date":"2021-07-13T09:49:25","date_gmt":"2021-07-13T06:49:25","guid":{"rendered":"https:\/\/portaltest.atauni.edu.tr\/bilgisayar-muhendisligi\/?page_id=5638"},"modified":"2025-08-28T16:24:45","modified_gmt":"2025-08-28T13:24:45","slug":"tarihce","status":"publish","type":"page","link":"https:\/\/atauni.edu.tr\/cevre-muhendisligi\/tarihce\/","title":{"rendered":"Tarih\u00e7e"},"content":{"rendered":"\t\t<div data-elementor-type=\"wp-page\" data-elementor-id=\"5638\" class=\"elementor elementor-5638\" data-elementor-post-type=\"page\">\n\t\t\t\t\t\t<section class=\"elementor-section elementor-top-section elementor-element elementor-element-4b432c0 elementor-section-boxed elementor-section-height-default elementor-section-height-default\" data-id=\"4b432c0\" data-element_type=\"section\">\n\t\t\t\t\t\t<div class=\"elementor-container elementor-column-gap-default\">\n\t\t\t\t\t<div class=\"elementor-column elementor-col-100 elementor-top-column elementor-element elementor-element-04d11c8\" data-id=\"04d11c8\" data-element_type=\"column\">\n\t\t\t<div class=\"elementor-widget-wrap elementor-element-populated\">\n\t\t\t\t\t\t<div class=\"elementor-element elementor-element-a107426 elementor-widget elementor-widget-heading\" data-id=\"a107426\" data-element_type=\"widget\" data-widget_type=\"heading.default\">\n\t\t\t\t<div class=\"elementor-widget-container\">\n\t\t\t\t\t<h2 class=\"elementor-heading-title elementor-size-default\">Tarih\u00e7e<\/h2>\t\t\t\t<\/div>\n\t\t\t\t<\/div>\n\t\t\t\t<div class=\"elementor-element elementor-element-26c4b7f elementor-widget-divider--view-line elementor-widget elementor-widget-divider\" data-id=\"26c4b7f\" data-element_type=\"widget\" data-widget_type=\"divider.default\">\n\t\t\t\t<div class=\"elementor-widget-container\">\n\t\t\t\t\t\t\t<div class=\"elementor-divider\">\n\t\t\t<span class=\"elementor-divider-separator\">\n\t\t\t\t\t\t<\/span>\n\t\t<\/div>\n\t\t\t\t\t\t<\/div>\n\t\t\t\t<\/div>\n\t\t\t\t\t<\/div>\n\t\t<\/div>\n\t\t\t\t\t<\/div>\n\t\t<\/section>\n\t\t\t\t<section class=\"elementor-section elementor-top-section elementor-element elementor-element-7ce6ad3 elementor-section-boxed elementor-section-height-default elementor-section-height-default\" data-id=\"7ce6ad3\" data-element_type=\"section\">\n\t\t\t\t\t\t<div class=\"elementor-container elementor-column-gap-default\">\n\t\t\t\t\t<div class=\"elementor-column elementor-col-100 elementor-top-column elementor-element elementor-element-572c0c1\" data-id=\"572c0c1\" data-element_type=\"column\">\n\t\t\t<div class=\"elementor-widget-wrap elementor-element-populated\">\n\t\t\t\t\t\t<div class=\"elementor-element elementor-element-d5227d3 elementor-widget elementor-widget-text-editor\" data-id=\"d5227d3\" data-element_type=\"widget\" data-widget_type=\"text-editor.default\">\n\t\t\t\t<div class=\"elementor-widget-container\">\n\t\t\t\t\t\t\t\t\t<p>1985 y\u0131l\u0131nda kurulan Erzurum Atat\u00fcrk \u00dcniversitesi \u00c7evre M\u00fchendisli\u011fi B\u00f6l\u00fcm\u00fcnde, kuruldu\u011fu d\u00f6nemde 1 Do\u00e7. Dr., 1 \u00d6\u011fretim Eleman\u0131, 5 Ara\u015ft\u0131rma g\u00f6revlisi ve 1 Uzman personel bulunmaktayd\u0131. 1986 y\u0131l\u0131ndan 1995 y\u0131l\u0131na kadar 1 Prof. Dr. ve 3 Yrd. Do\u00e7. Dr. ile akademik ve bilimsel faaliyetlerine devam eden \u00c7evre M\u00fchendisli\u011fi B\u00f6l\u00fcm\u00fc, sonraki y\u0131llarda eleman y\u00f6n\u00fcnden g\u00fc\u00e7lenmi\u015f ve bug\u00fcn 13 Profes\u00f6r, 3 Do\u00e7. Dr, 2 Dr.\u00d6\u011fr.\u00dcyesi, 2 Ara\u015ft\u0131rma G\u00f6revlisi, 1 tekniker, 1 teknisyen ve 1 idari personel kadrosu ile lisans, y\u00fcksek lisans ve doktora d\u00fczeyinde e\u011fitim ve \u00f6\u011fretimine devam etmektedir. Atat\u00fcrk \u00dcniversitesi \u00c7evre M\u00fchendisli\u011fi B\u00f6l\u00fcm\u00fcnde Lisans ve Lisans \u00dcst\u00fc e\u011fitimde kullan\u0131lmak \u00fczere 8 ayr\u0131 laboratuar bulunmaktad\u0131r. Bu laboratuarlarda \u00e7ok \u00e7e\u015fitli su ve at\u0131ksu analizleri yap\u0131labilmekte ve \u00e7e\u015fitli bilimsel ara\u015ft\u0131rmalar s\u00fcrd\u00fcr\u00fclmektedir. Laboratuarlar\u0131m\u0131z hava, su ve toprak kirlili\u011fi parametrelerini analiz edecek klasik veya modern ara\u015ft\u0131rma ara\u00e7 ve gere\u00e7leriyle donat\u0131lm\u0131\u015f, ayr\u0131ca bir k\u0131sm\u0131 haz\u0131r ele al\u0131nm\u0131\u015f,bir k\u0131sm\u0131 da ara\u015ft\u0131rmac\u0131lar\u0131m\u0131z taraf\u0131ndan geli\u015fitrilmi\u015f \u00e7ok \u00e7e\u015fitli reakt\u00f6rlerle g\u00fc\u00e7lendirilmi\u015fitir. B\u00f6l\u00fcm\u00fcm\u00fczde ba\u015fta Atat\u00fcrk \u00dcniversitesi Ara\u015ft\u0131rma Fonu ve TUB\u0130TAK\u2019dan al\u0131nan \u00e7e\u015fitli projeler ba\u015far\u0131yla y\u00fcr\u00fct\u00fclmektedir.<\/p>\t\t\t\t\t\t\t\t<\/div>\n\t\t\t\t<\/div>\n\t\t\t\t\t<\/div>\n\t\t<\/div>\n\t\t\t\t\t<\/div>\n\t\t<\/section>\n\t\t\t\t<\/div>\n\t\t","protected":false},"excerpt":{"rendered":"<p>Tarih\u00e7e 1985 y\u0131l\u0131nda kurulan Erzurum Atat\u00fcrk \u00dcniversitesi \u00c7evre M\u00fchendisli\u011fi B\u00f6l\u00fcm\u00fcnde, kuruldu\u011fu d\u00f6nemde 1 Do\u00e7. Dr., 1 \u00d6\u011fretim Eleman\u0131, 5 Ara\u015ft\u0131rma g\u00f6revlisi ve 1 Uzman personel bulunmaktayd\u0131. 1986 y\u0131l\u0131ndan 1995 y\u0131l\u0131na kadar 1 Prof. Dr. ve 3 Yrd. Do\u00e7. Dr. ile akademik ve bilimsel faaliyetlerine devam eden \u00c7evre M\u00fchendisli\u011fi B\u00f6l\u00fcm\u00fc, sonraki y\u0131llarda eleman y\u00f6n\u00fcnden g\u00fc\u00e7lenmi\u015f ve [&hellip;]<\/p>\n","protected":false},"author":1,"featured_media":0,"parent":0,"menu_order":0,"comment_status":"closed","ping_status":"closed","template":"","meta":{"footnotes":""},"class_list":["post-5638","page","type-page","status-publish","hentry"],"_links":{"self":[{"href":"https:\/\/atauni.edu.tr\/cevre-muhendisligi\/wp-json\/wp\/v2\/pages\/5638","targetHints":{"allow":["GET"]}}],"collection":[{"href":"https:\/\/atauni.edu.tr\/cevre-muhendisligi\/wp-json\/wp\/v2\/pages"}],"about":[{"href":"https:\/\/atauni.edu.tr\/cevre-muhendisligi\/wp-json\/wp\/v2\/types\/page"}],"author":[{"embeddable":true,"href":"https:\/\/atauni.edu.tr\/cevre-muhendisligi\/wp-json\/wp\/v2\/users\/1"}],"replies":[{"embeddable":true,"href":"https:\/\/atauni.edu.tr\/cevre-muhendisligi\/wp-json\/wp\/v2\/comments?post=5638"}],"version-history":[{"count":58,"href":"https:\/\/atauni.edu.tr\/cevre-muhendisligi\/wp-json\/wp\/v2\/pages\/5638\/revisions"}],"predecessor-version":[{"id":7968,"href":"https:\/\/atauni.edu.tr\/cevre-muhendisligi\/wp-json\/wp\/v2\/pages\/5638\/revisions\/7968"}],"wp:attachment":[{"href":"https:\/\/atauni.edu.tr\/cevre-muhendisligi\/wp-json\/wp\/v2\/media?parent=5638"}],"curies":[{"name":"wp","href":"https:\/\/api.w.org\/{rel}","templated":true}]}}